{"id":4832,"date":"2020-04-08T09:48:42","date_gmt":"2020-04-08T09:48:42","guid":{"rendered":"https:\/\/beyondsuncare.org\/?page_id=4832"},"modified":"2025-12-17T15:44:29","modified_gmt":"2025-12-17T15:44:29","slug":"transparence","status":"publish","type":"page","link":"https:\/\/beyondsuncare.org\/fr\/transparence\/","title":{"rendered":"Transparence"},"content":{"rendered":"<h2><span style=\"color: #33332a;\">RAPPORTS<\/span><\/h2>\n<ul>\n<li><span style=\"color: #2b2b29;\">Rapport annuel 2019<\/span>\n<ul>\n<li><a href=\"https:\/\/beyondsuncare.org\/wp-content\/uploads\/2020\/04\/Memoria-Beyond-2019.pdf\" target=\"_blank\" rel=\"noopener noreferrer\">Version espagnole<\/a><\/li>\n<li><a href=\"https:\/\/beyondsuncare.org\/wp-content\/uploads\/2020\/04\/Annual-report-Beyond-Suncare-2019.pdf\" target=\"_blank\" rel=\"noopener noreferrer\">Version anglaise<\/a><\/li>\n<\/ul>\n<\/li>\n<li>Rapport annuel 2020\n<ul>\n<li><a href=\"https:\/\/beyondsuncare.org\/wp-content\/uploads\/2021\/09\/Informe2020Beyond-1.pdf\" target=\"_blank\" rel=\"noopener\">Version espagnole<\/a><\/li>\n<li><a href=\"https:\/\/beyondsuncare.org\/wp-content\/uploads\/2021\/10\/AnnualReport2020Beyond.pdf\" target=\"_blank\" rel=\"noopener\">Version anglaise<\/a><\/li>\n<\/ul>\n<\/li>\n<li>Rapport annuel 2021\n<ul>\n<li><a href=\"https:\/\/beyondsuncare.org\/wp-content\/uploads\/2022\/11\/BeyondSuncare_Informe-Anual_2021_compressed.pdf\" target=\"_blank\" rel=\"noopener\">Version espagnole<\/a><\/li>\n<li><a href=\"https:\/\/beyondsuncare.org\/wp-content\/uploads\/2022\/12\/BYNDSun_Annual-Report_EN-2021.pdf\" target=\"_blank\" rel=\"noopener\">Version anglaise<\/a><\/li>\n<\/ul>\n<\/li>\n<li>Rapport annuel 2022\n<ul>\n<li><a href=\"https:\/\/beyondsuncare.org\/wp-content\/uploads\/2023\/10\/BeyondSuncare_Informe-Anual_2022_compressed.pdf\" target=\"_blank\" rel=\"noopener\">Version espagnole<\/a><\/li>\n<li><a href=\"https:\/\/beyondsuncare.org\/wp-content\/uploads\/2023\/11\/BeyondSuncare_Informe-Anual_2022_eng_compressed.pdf\" target=\"_blank\" rel=\"noopener\">Version anglaise<\/a><\/li>\n<\/ul>\n<\/li>\n<li>Rapport annuel 2023\n<ul>\n<li><a href=\"https:\/\/beyondsuncare.org\/wp-content\/uploads\/2024\/09\/BYNDSun_MemoriaAnual-2023_final.pdf\" target=\"_blank\" rel=\"noopener\">Version espagnole<\/a><\/li>\n<li><a href=\"https:\/\/beyondsuncare.org\/wp-content\/uploads\/2024\/10\/BYND_AnnualReport2023_ENG.pdf\" target=\"_blank\" rel=\"noopener\">Version anglaise<\/a><\/li>\n<\/ul>\n<\/li>\n<\/ul>\n<hr \/>\n<h2><span style=\"color: #33332a;\">AUDITS<\/span><\/h2>\n<ul>\n<li><a href=\"https:\/\/beyondsuncare.org\/wp-content\/uploads\/2020\/11\/Beyond_Informe-Auditor%C3%ADa-y-CCAA-2018.pdf\"><span style=\"color: #2b2b29;\">Audit 2018 (version espagnole)<\/span><\/a><\/li>\n<li><a href=\"https:\/\/beyondsuncare.org\/wp-content\/uploads\/2020\/11\/Beyond_Informe-Auditor%C3%ADa-y-CCAA-2019.pdf\">Audit 2019 ( version espagnole)<\/a><\/li>\n<li><a href=\"https:\/\/beyondsuncare.org\/wp-content\/uploads\/2022\/07\/Informe-de-Auditoria-y-CCAA-2020-Beyond-Suncare.pdf\" target=\"_blank\" rel=\"noopener\">Audit 2020 (version espagnole)<\/a><\/li>\n<li><a href=\"https:\/\/beyondsuncare.org\/wp-content\/uploads\/2022\/12\/Informe-de-Auditoria-y-CCAA-2021-Beyond-Suncare.pdf\" target=\"_blank\" rel=\"noopener\">Audit 2021 (version espagnole)<\/a><\/li>\n<li><a href=\"https:\/\/beyondsuncare.org\/wp-content\/uploads\/2024\/02\/Informe-de-Auditoria-2022-junto-con-CCAA-Beyond-Suncare.pdf\" target=\"_blank\" rel=\"noopener\">Audit 2022 (version espagnole)<\/a><\/li>\n<li><a href=\"https:\/\/beyondsuncare.org\/wp-content\/uploads\/2025\/12\/Informe-Auditoria_BEYOND-SUNCARE-2023-junto-con-CCAA.pdf\" target=\"_blank\" rel=\"noopener\">Audit 2023 (version espagnole)<\/a><\/li>\n<\/ul>\n<hr \/>\n<h2>RAPPORTS DE TRANSPARENCE<\/h2>\n<ul>\n<li><a href=\"https:\/\/beyondsuncare.org\/wp-content\/uploads\/2020\/04\/INFORME-TRANSPARENCIA-beyond_22.04.2020.pdf\" target=\"_blank\" rel=\"noopener noreferrer\">2019 (version espagnole)<\/a><\/li>\n<li><a href=\"https:\/\/beyondsuncare.org\/wp-content\/uploads\/2021\/08\/INFORME-TRANSPARENCIA-beyond_2020.pdf\" target=\"_blank\" rel=\"noopener noreferrer\">2020 (version espagnole)<\/a><\/li>\n<li><a href=\"https:\/\/beyondsuncare.org\/wp-content\/uploads\/2022\/11\/INFORME-TRANSPARENCIA-BEYOND-DEF_MSV.pdf\">2021(version espagnole)<\/a><\/li>\n<li><a href=\"https:\/\/beyondsuncare.org\/wp-content\/uploads\/2024\/05\/INFORME-TRANSPARENCIA-BEYOND-SUNCARE-2022.pdf\" target=\"_blank\" rel=\"noopener\">2022 (version espagnole)<\/a><\/li>\n<\/ul>\n<hr \/>\n<h2>AUTRES DOCUMENTS<\/h2>\n<ul>\n<li><a href=\"https:\/\/beyondsuncare.org\/fr\/codigo-etico-y-de-conducta-beyond-suncare_2020-1-2\/\" target=\"_blank\" rel=\"noopener\">Code d&rsquo;\u00e9thique<\/a><\/li>\n<li><a href=\"https:\/\/beyondsuncare.org\/wp-content\/uploads\/2021\/10\/ESTATUTOS-BEYOND-CARE_2018_con-sello-registro.pdf\">constitution de l&rsquo;ONG (version espagnole)<\/a><\/li>\n<li><a href=\"https:\/\/beyondsuncare.org\/wp-content\/uploads\/2023\/04\/Plan-voluntariado-Beyond-Suncare_2023.pdf\" target=\"_blank\" rel=\"noopener\">Programme de b\u00e9n\u00e9volat<\/a> (version espagnole)<\/li>\n<li><a href=\"https:\/\/beyondsuncare.org\/wp-content\/uploads\/2022\/12\/Plan-Igualdad-Beyond-Suncare.pdf\" target=\"_blank\" rel=\"noopener\">Plan d&rsquo;\u00e9galit\u00e9 (version espagnole)<\/a><\/li>\n<li><a href=\"https:\/\/beyondsuncare.org\/wp-content\/uploads\/2023\/02\/Plan-Estrategico-beyond_2023-2027_final.pdf\" target=\"_blank\" rel=\"noopener\">Plan strat\u00e9gique 2023-27 (version espagnole)<\/a><\/li>\n<li><a href=\"https:\/\/beyondsuncare.org\/wp-content\/uploads\/2023\/10\/Plan-Covid-19_2023-2027.pdf\" target=\"_blank\" rel=\"noopener\">Plan COVID-19 (version espagnole)<\/a><\/li>\n<\/ul>\n","protected":false},"excerpt":{"rendered":"<p>RAPPORTS Rapport annuel 2019 Version espagnole Version anglaise Rapport annuel 2020 Version espagnole Version anglaise Rapport annuel 2021 Version espagnole Version anglaise Rapport annuel 2022 Version espagnole Version anglaise Rapport<\/p>\n","protected":false},"author":5,"featured_media":0,"parent":0,"menu_order":0,"comment_status":"closed","ping_status":"closed","template":"","meta":{"give_campaign_id":0,"footnotes":""},"class_list":["post-4832","page","type-page","status-publish","hentry"],"yoast_head":"<title>Transparence - Beyond suncare<\/title>\n<meta name=\"robots\" content=\"index, follow, max-snippet:-1, max-image-preview:large, max-video-preview:-1\" \/>\n<link rel=\"canonical\" href=\"https:\/\/beyondsuncare.org\/fr\/transparence\/\" \/>\n<meta property=\"og:locale\" content=\"fr_FR\" \/>\n<meta property=\"og:type\" content=\"article\" \/>\n<meta property=\"og:title\" content=\"Transparence - Beyond suncare\" \/>\n<meta property=\"og:description\" content=\"RAPPORTS Rapport annuel 2019 Version espagnole Version anglaise Rapport annuel 2020 Version espagnole Version anglaise Rapport annuel 2021 Version espagnole Version anglaise Rapport annuel 2022 Version espagnole Version anglaise Rapport\" \/>\n<meta property=\"og:url\" content=\"https:\/\/beyondsuncare.org\/fr\/transparence\/\" \/>\n<meta property=\"og:site_name\" content=\"Beyond suncare\" \/>\n<meta property=\"article:publisher\" content=\"https:\/\/www.facebook.com\/beyondsuncare\" \/>\n<meta property=\"article:modified_time\" content=\"2025-12-17T15:44:29+00:00\" \/>\n<meta name=\"twitter:card\" content=\"summary_large_image\" \/>\n<meta name=\"twitter:site\" content=\"@beyondsuncare\" \/>\n<meta name=\"twitter:label1\" content=\"Dur\u00e9e de lecture estim\u00e9e\" \/>\n\t<meta name=\"twitter:data1\" content=\"1 minute\" \/>\n<script type=\"application\/ld+json\" class=\"yoast-schema-graph\">{\"@context\":\"https:\/\/schema.org\",\"@graph\":[{\"@type\":\"WebPage\",\"@id\":\"https:\/\/beyondsuncare.org\/fr\/transparence\/\",\"url\":\"https:\/\/beyondsuncare.org\/fr\/transparence\/\",\"name\":\"Transparence - Beyond suncare\",\"isPartOf\":{\"@id\":\"https:\/\/beyondsuncare.org\/fr\/#website\"},\"datePublished\":\"2020-04-08T09:48:42+00:00\",\"dateModified\":\"2025-12-17T15:44:29+00:00\",\"breadcrumb\":{\"@id\":\"https:\/\/beyondsuncare.org\/fr\/transparence\/#breadcrumb\"},\"inLanguage\":\"fr-FR\",\"potentialAction\":[{\"@type\":\"ReadAction\",\"target\":[\"https:\/\/beyondsuncare.org\/fr\/transparence\/\"]}]},{\"@type\":\"BreadcrumbList\",\"@id\":\"https:\/\/beyondsuncare.org\/fr\/transparence\/#breadcrumb\",\"itemListElement\":[{\"@type\":\"ListItem\",\"position\":1,\"name\":\"Portada\",\"item\":\"https:\/\/beyondsuncare.org\/fr\/\"},{\"@type\":\"ListItem\",\"position\":2,\"name\":\"Transparence\"}]},{\"@type\":\"WebSite\",\"@id\":\"https:\/\/beyondsuncare.org\/fr\/#website\",\"url\":\"https:\/\/beyondsuncare.org\/fr\/\",\"name\":\"Beyond suncare\",\"description\":\"Desde hace m\u00e1s de 10 a\u00f1os trabajamos cada d\u00eda para asegurar que todas las personas con albinismo vivan protegidas frente al c\u00e1ncer de piel y todo tipo de discriminaci\u00f3n\",\"publisher\":{\"@id\":\"https:\/\/beyondsuncare.org\/fr\/#organization\"},\"potentialAction\":[{\"@type\":\"SearchAction\",\"target\":{\"@type\":\"EntryPoint\",\"urlTemplate\":\"https:\/\/beyondsuncare.org\/fr\/?s={search_term_string}\"},\"query-input\":{\"@type\":\"PropertyValueSpecification\",\"valueRequired\":true,\"valueName\":\"search_term_string\"}}],\"inLanguage\":\"fr-FR\"},{\"@type\":\"Organization\",\"@id\":\"https:\/\/beyondsuncare.org\/fr\/#organization\",\"name\":\"Beyond Suncare\",\"url\":\"https:\/\/beyondsuncare.org\/fr\/\",\"logo\":{\"@type\":\"ImageObject\",\"inLanguage\":\"fr-FR\",\"@id\":\"https:\/\/beyondsuncare.org\/fr\/#\/schema\/logo\/image\/\",\"url\":\"https:\/\/beyondsuncare.org\/wp-content\/uploads\/2019\/04\/beyond-suncare-fondo-transparente.png\",\"contentUrl\":\"https:\/\/beyondsuncare.org\/wp-content\/uploads\/2019\/04\/beyond-suncare-fondo-transparente.png\",\"width\":218,\"height\":80,\"caption\":\"Beyond Suncare\"},\"image\":{\"@id\":\"https:\/\/beyondsuncare.org\/fr\/#\/schema\/logo\/image\/\"},\"sameAs\":[\"https:\/\/www.facebook.com\/beyondsuncare\",\"https:\/\/x.com\/beyondsuncare\",\"https:\/\/www.instagram.com\/beyond_suncare\/\",\"https:\/\/www.linkedin.com\/company\/beyond-suncare\/\"]}]}<\/script>","yoast_head_json":{"title":"Transparence - Beyond suncare","robots":{"index":"index","follow":"follow","max-snippet":"max-snippet:-1","max-image-preview":"max-image-preview:large","max-video-preview":"max-video-preview:-1"},"canonical":"https:\/\/beyondsuncare.org\/fr\/transparence\/","og_locale":"fr_FR","og_type":"article","og_title":"Transparence - Beyond suncare","og_description":"RAPPORTS Rapport annuel 2019 Version espagnole Version anglaise Rapport annuel 2020 Version espagnole Version anglaise Rapport annuel 2021 Version espagnole Version anglaise Rapport annuel 2022 Version espagnole Version anglaise Rapport","og_url":"https:\/\/beyondsuncare.org\/fr\/transparence\/","og_site_name":"Beyond suncare","article_publisher":"https:\/\/www.facebook.com\/beyondsuncare","article_modified_time":"2025-12-17T15:44:29+00:00","twitter_card":"summary_large_image","twitter_site":"@beyondsuncare","twitter_misc":{"Dur\u00e9e de lecture estim\u00e9e":"1 minute"},"schema":{"@context":"https:\/\/schema.org","@graph":[{"@type":"WebPage","@id":"https:\/\/beyondsuncare.org\/fr\/transparence\/","url":"https:\/\/beyondsuncare.org\/fr\/transparence\/","name":"Transparence - Beyond suncare","isPartOf":{"@id":"https:\/\/beyondsuncare.org\/fr\/#website"},"datePublished":"2020-04-08T09:48:42+00:00","dateModified":"2025-12-17T15:44:29+00:00","breadcrumb":{"@id":"https:\/\/beyondsuncare.org\/fr\/transparence\/#breadcrumb"},"inLanguage":"fr-FR","potentialAction":[{"@type":"ReadAction","target":["https:\/\/beyondsuncare.org\/fr\/transparence\/"]}]},{"@type":"BreadcrumbList","@id":"https:\/\/beyondsuncare.org\/fr\/transparence\/#breadcrumb","itemListElement":[{"@type":"ListItem","position":1,"name":"Portada","item":"https:\/\/beyondsuncare.org\/fr\/"},{"@type":"ListItem","position":2,"name":"Transparence"}]},{"@type":"WebSite","@id":"https:\/\/beyondsuncare.org\/fr\/#website","url":"https:\/\/beyondsuncare.org\/fr\/","name":"Beyond suncare","description":"Desde hace m\u00e1s de 10 a\u00f1os trabajamos cada d\u00eda para asegurar que todas las personas con albinismo vivan protegidas frente al c\u00e1ncer de piel y todo tipo de discriminaci\u00f3n","publisher":{"@id":"https:\/\/beyondsuncare.org\/fr\/#organization"},"potentialAction":[{"@type":"SearchAction","target":{"@type":"EntryPoint","urlTemplate":"https:\/\/beyondsuncare.org\/fr\/?s={search_term_string}"},"query-input":{"@type":"PropertyValueSpecification","valueRequired":true,"valueName":"search_term_string"}}],"inLanguage":"fr-FR"},{"@type":"Organization","@id":"https:\/\/beyondsuncare.org\/fr\/#organization","name":"Beyond Suncare","url":"https:\/\/beyondsuncare.org\/fr\/","logo":{"@type":"ImageObject","inLanguage":"fr-FR","@id":"https:\/\/beyondsuncare.org\/fr\/#\/schema\/logo\/image\/","url":"https:\/\/beyondsuncare.org\/wp-content\/uploads\/2019\/04\/beyond-suncare-fondo-transparente.png","contentUrl":"https:\/\/beyondsuncare.org\/wp-content\/uploads\/2019\/04\/beyond-suncare-fondo-transparente.png","width":218,"height":80,"caption":"Beyond Suncare"},"image":{"@id":"https:\/\/beyondsuncare.org\/fr\/#\/schema\/logo\/image\/"},"sameAs":["https:\/\/www.facebook.com\/beyondsuncare","https:\/\/x.com\/beyondsuncare","https:\/\/www.instagram.com\/beyond_suncare\/","https:\/\/www.linkedin.com\/company\/beyond-suncare\/"]}]}},"campaignId":"","_links":{"self":[{"href":"https:\/\/beyondsuncare.org\/fr\/wp-json\/wp\/v2\/pages\/4832","targetHints":{"allow":["GET"]}}],"collection":[{"href":"https:\/\/beyondsuncare.org\/fr\/wp-json\/wp\/v2\/pages"}],"about":[{"href":"https:\/\/beyondsuncare.org\/fr\/wp-json\/wp\/v2\/types\/page"}],"author":[{"embeddable":true,"href":"https:\/\/beyondsuncare.org\/fr\/wp-json\/wp\/v2\/users\/5"}],"replies":[{"embeddable":true,"href":"https:\/\/beyondsuncare.org\/fr\/wp-json\/wp\/v2\/comments?post=4832"}],"version-history":[{"count":33,"href":"https:\/\/beyondsuncare.org\/fr\/wp-json\/wp\/v2\/pages\/4832\/revisions"}],"predecessor-version":[{"id":8736,"href":"https:\/\/beyondsuncare.org\/fr\/wp-json\/wp\/v2\/pages\/4832\/revisions\/8736"}],"wp:attachment":[{"href":"https:\/\/beyondsuncare.org\/fr\/wp-json\/wp\/v2\/media?parent=4832"}],"curies":[{"name":"wp","href":"https:\/\/api.w.org\/{rel}","templated":true}]}}