{"id":4383,"date":"2019-06-04T10:56:21","date_gmt":"2019-06-04T10:56:21","guid":{"rendered":"https:\/\/beyondsuncare.org\/politica-privacidad\/"},"modified":"2019-07-15T17:00:46","modified_gmt":"2019-07-15T17:00:46","slug":"politique-de-confidentialite","status":"publish","type":"page","link":"https:\/\/beyondsuncare.org\/fr\/politique-de-confidentialite\/","title":{"rendered":"Politique de confidentialit\u00e9"},"content":{"rendered":"<p>[vc_row][vc_column][dfd_spacer screen_wide_spacer_size=\u00a0\u00bb40&Prime; screen_normal_resolution=\u00a0\u00bb1024&Prime; screen_tablet_resolution=\u00a0\u00bb800&Prime; screen_mobile_resolution=\u00a0\u00bb480&Prime;][dfd_heading subtitle=\u00a0\u00bb\u00a0\u00bb delimiter_settings=\u00a0\u00bbdelimiter_style:solid|delimiter_width:80|delimiter_height:3&Prime; undefined=\u00a0\u00bb\u00a0\u00bb title_font_options=\u00a0\u00bbtag:h2&Prime; subtitle_font_options=\u00a0\u00bbtag:div\u00a0\u00bb tutorials=\u00a0\u00bb\u00a0\u00bb]VOS DONN\u00c9ES PERSONNELLES[\/dfd_heading][dfd_spacer screen_wide_spacer_size=\u00a0\u00bb20&Prime; screen_normal_resolution=\u00a0\u00bb1024&Prime; screen_tablet_resolution=\u00a0\u00bb800&Prime; screen_mobile_resolution=\u00a0\u00bb480&Prime;][vc_column_text]<\/p>\n<ol>\n<li><strong> RESPONSABLE DU TRAITEMENT DE VOS DONNEES<\/strong><\/li>\n<\/ol>\n<p>Le responsable du traitement de vos donn\u00e9es personnelles est la Beyond Suncare Association (ci-apr\u00e8s d\u00e9nomm\u00e9e \u00ab\u00a0BSC\u00a0\u00bb), dont l&rsquo;adresse est c \/ Docteur Fleming, 44, 5\u00ba, 28036, Madrid, Espagne, entit\u00e9 avec le CIF B87795183 et enregistr\u00e9e au num\u00e9ro 613136 au Registre national des associations d&rsquo;Espagne.<\/p>\n<p>En cas de doute ou de consultation sur tout aspect relatif \u00e0 votre vie priv\u00e9e, vous pouvez le communiquer \u00e0 notre adresse postale ou \u00e0 l&rsquo;adresse \u00e9lectronique info@beyondsuncare.org<\/p>\n<ol start=\"2\">\n<li><strong>COMMENT NOUS AVONS OBTENU VOS DONN\u00c9ES<\/strong><\/li>\n<\/ol>\n<p>Si nous n&rsquo;avons pas encore \u00e9t\u00e9 mis en relation, nous obtenons vos donn\u00e9es personnelles via ce formulaire et nous les traiterons avec les donn\u00e9es que vous avez fournies au cours de votre relation avec nous.<\/p>\n<p>Si nous avons d\u00e9j\u00e0 eu une relation avec vous, nous avons obtenu les donn\u00e9es par le biais de relations pr\u00e9c\u00e9dentes que vous avez entretenues avec BSC ou en raison des relations que vous avez actuellement avec notre entit\u00e9, en raison de votre statut de membre ou de partenaire, vous avez fait un donateur, particip\u00e9 \u00e0 l\u2019une de nos campagnes ou demand\u00e9 que nous vous communiquions des informations sur nos activit\u00e9s, nos campagnes et nos initiatives.<\/p>\n<ol start=\"3\">\n<li><strong> QUELLES DONN\u00c9ES PERSONNELLES TRAITONS-NOUS, ET POURQUOI?<\/strong><\/li>\n<\/ol>\n<p><strong><em>3.1. SI VOUS \u00caTES UNE PERSONNE PHYSIQUE<\/em><\/strong><\/p>\n<p><strong>QUELLES DONN\u00c9ES PERSONNELLES TRAITEZ-VOUS?<br \/>\n<\/strong><\/p>\n<p>Les donn\u00e9es que nous traiterons aux fins l\u00e9gitimes d\u00e9crites ci-dessous sont les suivantes:<\/p>\n<p>&#8211; Donn\u00e9es n\u00e9cessaires au maintien de la relation avec vous: nom, pr\u00e9nom, date de naissance, langue de pr\u00e9f\u00e9rence, email, t\u00e9l\u00e9phone, contribution financi\u00e8re, NIF \/ NIE.<\/p>\n<p>&#8211; Si cela est n\u00e9cessaire en raison de la nature de nos relations avec vous, nous pouvons traiter les autres informations que vous nous avez volontairement fournies: sexe, adresse postale, coordonn\u00e9es bancaires, profession, informations que vous nous avez fournies pour le volontariat, propre image.<\/p>\n<p>Nous vous informons \u00e9galement que nous traiterons les donn\u00e9es suppl\u00e9mentaires que vous nous fournirez volontairement lors des relations et interactions futures que vous entretiendrez avec BSC, y compris celles que vous contribuerez via des r\u00e9seaux sociaux, des plates-formes ou des applications. Ces donn\u00e9es d\u00e9pendent de vos propres param\u00e8tres de confidentialit\u00e9, de l&rsquo;utilisation du r\u00e9seau social, des plates-formes ou applications, ainsi que des r\u00e8gles de confidentialit\u00e9 de chaque r\u00e9seau social, plate-forme ou application. Nous vous recommandons donc de les lire attentivement avant de nous les communiquer. donn\u00e9es via ces r\u00e9seaux sociaux, plateformes ou applications.<\/p>\n<p><strong>CE QUE NOUS TRAITONS VOS DONN\u00c9ES PERSONNELLES<\/strong><\/p>\n<p>\u00c9tablir avec vous une relation de collaboration qui permette d&rsquo;atteindre nos objectifs fondamentaux d&rsquo;\u0153uvrer \u00e0 l&rsquo;am\u00e9lioration de la qualit\u00e9 de vie des personnes atteintes d&rsquo;albinisme et de maladies n\u00e9glig\u00e9es, principalement celles qui sont pers\u00e9cut\u00e9es et menac\u00e9es d&rsquo;exclusion; nous traitons les donn\u00e9es de nos partenaires, donateurs, volontaires et autres qui ont demand\u00e9 des informations sur notre travail pour les activit\u00e9s sp\u00e9cifiques suivantes:<\/p>\n<p>&#8211; Envoyez des informations sur Beyond Suncare par SMS, t\u00e9l\u00e9phone, courrier postal, email ou messagerie instantan\u00e9e.<\/p>\n<p>&#8211; Demander des dons, augmenter les quotas et d\u2019autres types de participation (campagnes d\u2019inscription, etc.) et g\u00e9rer la collecte desdits dons.<\/p>\n<p>&#8211; Envoyer l&rsquo;attestation fiscale au moment o\u00f9 BSC est d\u00e9clar\u00e9e Public Utility Association<\/p>\n<p>&#8211; R\u00e9pondez \u00e0 vos questions lorsque vous nous contactez.<\/p>\n<p>&#8211; vous inviter \u00e0 des \u00e9v\u00e9nements ou des \u00e9v\u00e9nements que nous organisons.<\/p>\n<p>&#8211; R\u00e9aliser des enqu\u00eates de satisfaction ou organiser des r\u00e9unions pour mener des \u00e9tudes de march\u00e9 ou des concours.<\/p>\n<p>&#8211; G\u00e9rer la relation avec vous.<\/p>\n<p>&#8211; R\u00e9aliser des enqu\u00eates de satisfaction.<\/p>\n<p>&#8211; G\u00e9rer l&rsquo;activit\u00e9 de promotion et de collecte de fonds que vous organisez en faveur de notre organisation.<\/p>\n<p>&#8211; Pr\u00e9parez des profils, avec les informations que vous avez fournies directement, que vous avez rendues publiques ou qui sont accessibles au public, afin de garantir la gestion ad\u00e9quate des activit\u00e9s susmentionn\u00e9es. L\u2019\u00e9laboration de profils n\u2019est en aucun cas utilis\u00e9e pour l\u2019adoption de d\u00e9cisions automatis\u00e9es ayant des effets juridiques ou autres pouvant vous affecter: dans tous nos processus de prise de d\u00e9cision, des personnes sont impliqu\u00e9es.<\/p>\n<p>De plus, nous traitons \u00e9galement vos donn\u00e9es pour l&rsquo;envoi, m\u00eame par voie \u00e9lectronique, de communications concernant des activit\u00e9s, campagnes et initiatives de nature similaire \u00e0 celles auxquelles vous avez particip\u00e9 pr\u00e9c\u00e9demment ou pour lesquelles vous avez demand\u00e9 des informations ou adress\u00e9 toute demande \u00e0 nos partenaires. entit\u00e9.<\/p>\n<p>Vous pouvez vous opposer \u00e0 recevoir ce type de communication, maintenant ou \u00e0 tout autre moment, en envoyant un courrier \u00e0 notre adresse postale ou un courrier \u00e9lectronique \u00e0 l&rsquo;adresse \u00e9lectronique info@beyondsuncare.org.<\/p>\n<p><strong>POURQUOI LA RAISON NOUS POUVONS TRAITER VOS DONN\u00c9ES PERSONNELLES<\/strong><\/p>\n<p>Le traitement de vos donn\u00e9es personnelles, en relation avec le maintien de votre relation avec BSC en tant que partenaire, donateur, volontaire ou personne demandant des informations sur nos activit\u00e9s, est l\u00e9gitim\u00e9 le cas \u00e9ch\u00e9ant pour respecter les obligations d\u00e9coulant de cette relation ou pour y r\u00e9pondre \u00e0 une telle demande d&rsquo;information.<\/p>\n<p>Le traitement de vos donn\u00e9es personnelles pour envoyer des informations sur des activit\u00e9s, campagnes ou initiatives de BSC similaires \u00e0 celles auxquelles vous avez particip\u00e9 correspond \u00e0 votre consentement pr\u00e9alable, qui peut \u00eatre r\u00e9voqu\u00e9 \u00e0 tout moment \u00e0 l&rsquo;adresse info@beyondsuncare.org.<\/p>\n<p>Le traitement de vos donn\u00e9es personnelles pour le volontariat est n\u00e9cessaire, conform\u00e9ment \u00e0 la r\u00e9glementation en vigueur sur le volontariat.<\/p>\n<p><strong><em>3.2. SI VOUS AGISSEZ EN REPR\u00c9SENTATION D&rsquo;UNE ENTREPRISE<\/em><\/strong><\/p>\n<p><strong>QUELLES DONN\u00c9ES PERSONNELLES TRAITEZ-VOUS?<\/strong><\/p>\n<p>Les donn\u00e9es que nous traiterons aux fins l\u00e9gitimes d\u00e9crites ci-dessous se limitent aux donn\u00e9es de contact de votre entreprise relatives \u00e0 la soci\u00e9t\u00e9, \u00e0 l\u2019entit\u00e9 ou \u00e0 l\u2019organisation pour laquelle vous travaillez ou avec lesquelles vous collaborez.<\/p>\n<p><strong>CE QUE NOUS TRAITONS VOS DONN\u00c9ES PERSONNELLES<\/strong><\/p>\n<p>Nous traitons vos donn\u00e9es de contact d&rsquo;entreprise dans le but exclusif de pouvoir entretenir les relations commerciales, contractuelles ou de collaboration que BSC entretient avec la soci\u00e9t\u00e9, l&rsquo;entit\u00e9 ou l&rsquo;organisation pour laquelle vous travaillez ou avec qui vous collaborez.<\/p>\n<p>De plus, nous traitons \u00e9galement vos donn\u00e9es pour l&rsquo;envoi, y compris par voie \u00e9lectronique, de communications relatives \u00e0 des activit\u00e9s, campagnes et initiatives de nature similaire \u00e0 celles auxquelles vous avez d\u00e9j\u00e0 particip\u00e9 ou pour lesquelles vous avez demand\u00e9 des informations ou adress\u00e9 toute demande \u00e0 nos partenaires. entit\u00e9.<\/p>\n<p>Vous pouvez vous opposer \u00e0 recevoir ce type de communication maintenant ou \u00e0 tout autre moment en envoyant un courrier \u00e9lectronique \u00e0 info@beyondsuncare.org ou en envoyant une demande \u00e0 notre adresse postale.<\/p>\n<p><strong>POURQUOI LA RAISON NOUS POUVONS TRAITER VOS DONN\u00c9ES PERSONNELLES<\/strong><\/p>\n<p>Le traitement de vos donn\u00e9es de contact d&rsquo;entreprise li\u00e9 au maintien des relations de BSC avec la soci\u00e9t\u00e9, l&rsquo;entit\u00e9 ou l&rsquo;organisation pour laquelle vous travaillez ou avec laquelle vous collaborez r\u00e9pond \u00e0 un int\u00e9r\u00eat l\u00e9gitime de notre entit\u00e9, express\u00e9ment reconnu par les r\u00e8gles de confidentialit\u00e9.<\/p>\n<p>Le traitement de vos donn\u00e9es personnelles pour l&rsquo;envoi d&rsquo;informations sur des activit\u00e9s, campagnes ou initiatives BSC similaires \u00e0 celles auxquelles vous avez particip\u00e9 d\u00e9pend de votre consentement pr\u00e9alable, lequel peut \u00eatre r\u00e9voqu\u00e9 \u00e0 tout moment \u00e0 l&rsquo;adresse info@beyondsuncare.org.<\/p>\n<ol start=\"5\">\n<li><strong>POURQUOI ET POURQUOI NOUS POUVONS FOURNIR VOS DONN\u00c9ES \u00c0 DES TIERS?<br \/>\n<\/strong><\/li>\n<\/ol>\n<p>Vos donn\u00e9es peuvent \u00eatre transf\u00e9r\u00e9es aux destinataires indiqu\u00e9s ci-dessous et pour les raisons suivantes:<\/p>\n<p>&#8211; Les administrations publiques, pour le respect des obligations l\u00e9gales auxquelles BSC est soumise en raison de son activit\u00e9.<\/p>\n<p>&#8211; Des tiers, lorsque cela est n\u00e9cessaire pour respecter les obligations d\u00e9coulant des campagnes, activit\u00e9s et initiatives auxquelles vous participez volontairement (par exemple, entit\u00e9s bancaires et fournisseurs de passerelles de paiement).<\/p>\n<p>&#8211; Fournisseurs, lorsqu&rsquo;ils ont besoin d&rsquo;acc\u00e9der \u00e0 vos donn\u00e9es pour la fourniture des services que BSC a contract\u00e9s avec eux et avec lesquels BSC a sign\u00e9 les contrats de confidentialit\u00e9 et de traitement des donn\u00e9es personnelles requis et requis par la r\u00e9glementation pour prot\u00e9ger leur vie priv\u00e9e (par exemple: , imprimantes).<\/p>\n<p>Si, \u00e0 l&rsquo;avenir, BSC attribue d&rsquo;autres donn\u00e9es \u00e0 caract\u00e8re personnel, nous vous en informerons dans les meilleurs d\u00e9lais.<\/p>\n<ol start=\"6\">\n<li><strong> TRANSFERTS INTERNATIONAUX DE DONN\u00c9ES<\/strong><\/li>\n<\/ol>\n<p>BSC a sous-trait\u00e9 des services aupr\u00e8s de fournisseurs de technologies dans des pays ne disposant pas d&rsquo;une r\u00e9glementation \u00e9quivalente \u00e0 la r\u00e9glementation europ\u00e9enne (\u00ab\u00a0pays tiers\u00a0\u00bb). Ces fournisseurs ont sign\u00e9 avec BSC les contrats de confidentialit\u00e9 et de traitement de donn\u00e9es requis par la r\u00e9glementation pour les fournisseurs situ\u00e9s dans des pays tiers, en appliquant les garanties n\u00e9cessaires pour pr\u00e9server leur vie priv\u00e9e.<\/p>\n<p>Si vous souhaitez plus d&rsquo;informations sur les garanties de confidentialit\u00e9, vous pouvez nous contacter via les adresses postale et \u00e9lectronique indiqu\u00e9es ci-dessus.<\/p>\n<ol start=\"7\">\n<li><strong>POURQUOI NOUS CONSERVERONS VOS DONN\u00c9ES<\/strong><\/li>\n<\/ol>\n<p>Vos donn\u00e9es personnelles seront conserv\u00e9es tant que votre relation avec BSC sera maintenue et, apr\u00e8s la r\u00e9siliation de cette relation pour quelque raison que ce soit, pendant les d\u00e9lais de prescription l\u00e9gaux applicables. Dans ce cas, ils seront trait\u00e9s dans le seul but de prouver le respect de nos obligations l\u00e9gales et \/ ou contractuelles. Une fois ces d\u00e9lais \u00e9coul\u00e9s, vos donn\u00e9es seront supprim\u00e9es ou anonymis\u00e9es.<\/p>\n<p>Si vous \u00eates mineur et utilisez l&rsquo;un de nos sites Web ou participez \u00e0 l&rsquo;une de nos campagnes, veuillez ne pas nous envoyer d&rsquo;informations personnelles \u00e0 propos de vous ou de votre famille sans l&rsquo;autorisation pr\u00e9alable de vos parents ou tuteurs. Nous exhortons vos parents ou tuteurs \u00e0 nous contacter \u00e0 info@beyondsuncare.org et \u00e0 nous demander de supprimer ces informations.<\/p>\n<ol start=\"8\">\n<li><strong>QUELS SONT VOS DROITS?<\/strong><\/li>\n<\/ol>\n<p>Vous pouvez exercer vos droits d&rsquo;acc\u00e8s, de rectification, de suppression, de portabilit\u00e9, de limitation et \/ ou d&rsquo;opposition au traitement par les adresses postale et \u00e9lectronique indiqu\u00e9es, en pr\u00e9cisant le droit que vous souhaitez exercer ainsi qu&rsquo;une photocopie de votre pi\u00e8ce d&rsquo;identit\u00e9.<\/p>\n<p>De plus, si vous estimez que le traitement de vos donn\u00e9es personnelles contrevient \u00e0 la r\u00e9glementation ou \u00e0 vos droits \u00e0 la vie priv\u00e9e, vous pouvez d\u00e9poser une r\u00e9clamation:<\/p>\n<p>&#8211; \u00e0 BSC, dans les directions postales et \u00e9lectroniques indiqu\u00e9es.<\/p>\n<p>&#8211; aupr\u00e8s de l&rsquo;Agence espagnole de protection des donn\u00e9es, par l&rsquo;interm\u00e9diaire de son si\u00e8ge \u00e9lectronique ou \u00e0 votre adresse postale.[\/vc_column_text][dfd_spacer screen_wide_spacer_size=\u00a0\u00bb40&Prime; screen_normal_resolution=\u00a0\u00bb1024&Prime; screen_tablet_resolution=\u00a0\u00bb800&Prime; screen_mobile_resolution=\u00a0\u00bb480&Prime;][\/vc_column][\/vc_row]<\/p>\n","protected":false},"excerpt":{"rendered":"<p>[vc_row][vc_column][dfd_spacer screen_wide_spacer_size=\u00a0\u00bb40&Prime; screen_normal_resolution=\u00a0\u00bb1024&Prime; screen_tablet_resolution=\u00a0\u00bb800&Prime; screen_mobile_resolution=\u00a0\u00bb480&Prime;][dfd_heading subtitle=\u00a0\u00bb\u00a0\u00bb delimiter_settings=\u00a0\u00bbdelimiter_style:solid|delimiter_width:80|delimiter_height:3&Prime; undefined=\u00a0\u00bb\u00a0\u00bb title_font_options=\u00a0\u00bbtag:h2&Prime; subtitle_font_options=\u00a0\u00bbtag:div\u00a0\u00bb tutorials=\u00a0\u00bb\u00a0\u00bb]VOS DONN\u00c9ES PERSONNELLES[\/dfd_heading][dfd_spacer screen_wide_spacer_size=\u00a0\u00bb20&Prime; screen_normal_resolution=\u00a0\u00bb1024&Prime; screen_tablet_resolution=\u00a0\u00bb800&Prime; screen_mobile_resolution=\u00a0\u00bb480&Prime;][vc_column_text] RESPONSABLE DU TRAITEMENT DE VOS DONNEES Le responsable du traitement de vos donn\u00e9es<\/p>\n","protected":false},"author":3,"featured_media":0,"parent":0,"menu_order":0,"comment_status":"closed","ping_status":"closed","template":"tmp-page.php","meta":{"give_campaign_id":0,"footnotes":""},"class_list":["post-4383","page","type-page","status-publish","hentry"],"yoast_head":"<title>Politique de confidentialit\u00e9 - Beyond suncare<\/title>\n<meta name=\"robots\" content=\"noindex, follow\" \/>\n<meta property=\"og:locale\" content=\"fr_FR\" \/>\n<meta property=\"og:type\" content=\"article\" \/>\n<meta property=\"og:title\" content=\"Politique de confidentialit\u00e9 - Beyond suncare\" \/>\n<meta property=\"og:description\" content=\"[vc_row][vc_column][dfd_spacer screen_wide_spacer_size=\u00a0\u00bb40&Prime; screen_normal_resolution=\u00a0\u00bb1024&Prime; screen_tablet_resolution=\u00a0\u00bb800&Prime; screen_mobile_resolution=\u00a0\u00bb480&Prime;][dfd_heading subtitle=\u00a0\u00bb\u00a0\u00bb delimiter_settings=\u00a0\u00bbdelimiter_style:solid|delimiter_width:80|delimiter_height:3&Prime; undefined=\u00a0\u00bb\u00a0\u00bb title_font_options=\u00a0\u00bbtag:h2&Prime; subtitle_font_options=\u00a0\u00bbtag:div\u00a0\u00bb tutorials=\u00a0\u00bb\u00a0\u00bb]VOS DONN\u00c9ES PERSONNELLES[\/dfd_heading][dfd_spacer screen_wide_spacer_size=\u00a0\u00bb20&Prime; screen_normal_resolution=\u00a0\u00bb1024&Prime; screen_tablet_resolution=\u00a0\u00bb800&Prime; screen_mobile_resolution=\u00a0\u00bb480&Prime;][vc_column_text] RESPONSABLE DU TRAITEMENT DE VOS DONNEES Le responsable du traitement de vos donn\u00e9es\" \/>\n<meta property=\"og:url\" content=\"https:\/\/beyondsuncare.org\/fr\/politique-de-confidentialite\/\" \/>\n<meta property=\"og:site_name\" content=\"Beyond suncare\" \/>\n<meta property=\"article:publisher\" content=\"https:\/\/www.facebook.com\/beyondsuncare\" \/>\n<meta property=\"article:modified_time\" content=\"2019-07-15T17:00:46+00:00\" \/>\n<meta name=\"twitter:card\" content=\"summary_large_image\" \/>\n<meta name=\"twitter:site\" content=\"@beyondsuncare\" \/>\n<meta name=\"twitter:label1\" content=\"Dur\u00e9e de lecture estim\u00e9e\" \/>\n\t<meta name=\"twitter:data1\" content=\"9 minutes\" \/>\n<script type=\"application\/ld+json\" class=\"yoast-schema-graph\">{\"@context\":\"https:\/\/schema.org\",\"@graph\":[{\"@type\":\"WebPage\",\"@id\":\"https:\/\/beyondsuncare.org\/fr\/politique-de-confidentialite\/\",\"url\":\"https:\/\/beyondsuncare.org\/fr\/politique-de-confidentialite\/\",\"name\":\"Politique de confidentialit\u00e9 - Beyond suncare\",\"isPartOf\":{\"@id\":\"https:\/\/beyondsuncare.org\/fr\/#website\"},\"datePublished\":\"2019-06-04T10:56:21+00:00\",\"dateModified\":\"2019-07-15T17:00:46+00:00\",\"breadcrumb\":{\"@id\":\"https:\/\/beyondsuncare.org\/fr\/politique-de-confidentialite\/#breadcrumb\"},\"inLanguage\":\"fr-FR\",\"potentialAction\":[{\"@type\":\"ReadAction\",\"target\":[\"https:\/\/beyondsuncare.org\/fr\/politique-de-confidentialite\/\"]}]},{\"@type\":\"BreadcrumbList\",\"@id\":\"https:\/\/beyondsuncare.org\/fr\/politique-de-confidentialite\/#breadcrumb\",\"itemListElement\":[{\"@type\":\"ListItem\",\"position\":1,\"name\":\"Portada\",\"item\":\"https:\/\/beyondsuncare.org\/fr\/\"},{\"@type\":\"ListItem\",\"position\":2,\"name\":\"Politique de confidentialit\u00e9\"}]},{\"@type\":\"WebSite\",\"@id\":\"https:\/\/beyondsuncare.org\/fr\/#website\",\"url\":\"https:\/\/beyondsuncare.org\/fr\/\",\"name\":\"Beyond suncare\",\"description\":\"Desde hace m\u00e1s de 10 a\u00f1os trabajamos cada d\u00eda para asegurar que todas las personas con albinismo vivan protegidas frente al c\u00e1ncer de piel y todo tipo de discriminaci\u00f3n\",\"publisher\":{\"@id\":\"https:\/\/beyondsuncare.org\/fr\/#organization\"},\"potentialAction\":[{\"@type\":\"SearchAction\",\"target\":{\"@type\":\"EntryPoint\",\"urlTemplate\":\"https:\/\/beyondsuncare.org\/fr\/?s={search_term_string}\"},\"query-input\":{\"@type\":\"PropertyValueSpecification\",\"valueRequired\":true,\"valueName\":\"search_term_string\"}}],\"inLanguage\":\"fr-FR\"},{\"@type\":\"Organization\",\"@id\":\"https:\/\/beyondsuncare.org\/fr\/#organization\",\"name\":\"Beyond Suncare\",\"url\":\"https:\/\/beyondsuncare.org\/fr\/\",\"logo\":{\"@type\":\"ImageObject\",\"inLanguage\":\"fr-FR\",\"@id\":\"https:\/\/beyondsuncare.org\/fr\/#\/schema\/logo\/image\/\",\"url\":\"https:\/\/beyondsuncare.org\/wp-content\/uploads\/2019\/04\/beyond-suncare-fondo-transparente.png\",\"contentUrl\":\"https:\/\/beyondsuncare.org\/wp-content\/uploads\/2019\/04\/beyond-suncare-fondo-transparente.png\",\"width\":218,\"height\":80,\"caption\":\"Beyond Suncare\"},\"image\":{\"@id\":\"https:\/\/beyondsuncare.org\/fr\/#\/schema\/logo\/image\/\"},\"sameAs\":[\"https:\/\/www.facebook.com\/beyondsuncare\",\"https:\/\/x.com\/beyondsuncare\",\"https:\/\/www.instagram.com\/beyond_suncare\/\",\"https:\/\/www.linkedin.com\/company\/beyond-suncare\/\"]}]}<\/script>","yoast_head_json":{"title":"Politique de confidentialit\u00e9 - Beyond suncare","robots":{"index":"noindex","follow":"follow"},"og_locale":"fr_FR","og_type":"article","og_title":"Politique de confidentialit\u00e9 - Beyond suncare","og_description":"[vc_row][vc_column][dfd_spacer screen_wide_spacer_size=\u00a0\u00bb40&Prime; screen_normal_resolution=\u00a0\u00bb1024&Prime; screen_tablet_resolution=\u00a0\u00bb800&Prime; screen_mobile_resolution=\u00a0\u00bb480&Prime;][dfd_heading subtitle=\u00a0\u00bb\u00a0\u00bb delimiter_settings=\u00a0\u00bbdelimiter_style:solid|delimiter_width:80|delimiter_height:3&Prime; undefined=\u00a0\u00bb\u00a0\u00bb title_font_options=\u00a0\u00bbtag:h2&Prime; subtitle_font_options=\u00a0\u00bbtag:div\u00a0\u00bb tutorials=\u00a0\u00bb\u00a0\u00bb]VOS DONN\u00c9ES PERSONNELLES[\/dfd_heading][dfd_spacer screen_wide_spacer_size=\u00a0\u00bb20&Prime; screen_normal_resolution=\u00a0\u00bb1024&Prime; screen_tablet_resolution=\u00a0\u00bb800&Prime; screen_mobile_resolution=\u00a0\u00bb480&Prime;][vc_column_text] RESPONSABLE DU TRAITEMENT DE VOS DONNEES Le responsable du traitement de vos donn\u00e9es","og_url":"https:\/\/beyondsuncare.org\/fr\/politique-de-confidentialite\/","og_site_name":"Beyond suncare","article_publisher":"https:\/\/www.facebook.com\/beyondsuncare","article_modified_time":"2019-07-15T17:00:46+00:00","twitter_card":"summary_large_image","twitter_site":"@beyondsuncare","twitter_misc":{"Dur\u00e9e de lecture estim\u00e9e":"9 minutes"},"schema":{"@context":"https:\/\/schema.org","@graph":[{"@type":"WebPage","@id":"https:\/\/beyondsuncare.org\/fr\/politique-de-confidentialite\/","url":"https:\/\/beyondsuncare.org\/fr\/politique-de-confidentialite\/","name":"Politique de confidentialit\u00e9 - Beyond suncare","isPartOf":{"@id":"https:\/\/beyondsuncare.org\/fr\/#website"},"datePublished":"2019-06-04T10:56:21+00:00","dateModified":"2019-07-15T17:00:46+00:00","breadcrumb":{"@id":"https:\/\/beyondsuncare.org\/fr\/politique-de-confidentialite\/#breadcrumb"},"inLanguage":"fr-FR","potentialAction":[{"@type":"ReadAction","target":["https:\/\/beyondsuncare.org\/fr\/politique-de-confidentialite\/"]}]},{"@type":"BreadcrumbList","@id":"https:\/\/beyondsuncare.org\/fr\/politique-de-confidentialite\/#breadcrumb","itemListElement":[{"@type":"ListItem","position":1,"name":"Portada","item":"https:\/\/beyondsuncare.org\/fr\/"},{"@type":"ListItem","position":2,"name":"Politique de confidentialit\u00e9"}]},{"@type":"WebSite","@id":"https:\/\/beyondsuncare.org\/fr\/#website","url":"https:\/\/beyondsuncare.org\/fr\/","name":"Beyond suncare","description":"Desde hace m\u00e1s de 10 a\u00f1os trabajamos cada d\u00eda para asegurar que todas las personas con albinismo vivan protegidas frente al c\u00e1ncer de piel y todo tipo de discriminaci\u00f3n","publisher":{"@id":"https:\/\/beyondsuncare.org\/fr\/#organization"},"potentialAction":[{"@type":"SearchAction","target":{"@type":"EntryPoint","urlTemplate":"https:\/\/beyondsuncare.org\/fr\/?s={search_term_string}"},"query-input":{"@type":"PropertyValueSpecification","valueRequired":true,"valueName":"search_term_string"}}],"inLanguage":"fr-FR"},{"@type":"Organization","@id":"https:\/\/beyondsuncare.org\/fr\/#organization","name":"Beyond Suncare","url":"https:\/\/beyondsuncare.org\/fr\/","logo":{"@type":"ImageObject","inLanguage":"fr-FR","@id":"https:\/\/beyondsuncare.org\/fr\/#\/schema\/logo\/image\/","url":"https:\/\/beyondsuncare.org\/wp-content\/uploads\/2019\/04\/beyond-suncare-fondo-transparente.png","contentUrl":"https:\/\/beyondsuncare.org\/wp-content\/uploads\/2019\/04\/beyond-suncare-fondo-transparente.png","width":218,"height":80,"caption":"Beyond Suncare"},"image":{"@id":"https:\/\/beyondsuncare.org\/fr\/#\/schema\/logo\/image\/"},"sameAs":["https:\/\/www.facebook.com\/beyondsuncare","https:\/\/x.com\/beyondsuncare","https:\/\/www.instagram.com\/beyond_suncare\/","https:\/\/www.linkedin.com\/company\/beyond-suncare\/"]}]}},"campaignId":"","_links":{"self":[{"href":"https:\/\/beyondsuncare.org\/fr\/wp-json\/wp\/v2\/pages\/4383","targetHints":{"allow":["GET"]}}],"collection":[{"href":"https:\/\/beyondsuncare.org\/fr\/wp-json\/wp\/v2\/pages"}],"about":[{"href":"https:\/\/beyondsuncare.org\/fr\/wp-json\/wp\/v2\/types\/page"}],"author":[{"embeddable":true,"href":"https:\/\/beyondsuncare.org\/fr\/wp-json\/wp\/v2\/users\/3"}],"replies":[{"embeddable":true,"href":"https:\/\/beyondsuncare.org\/fr\/wp-json\/wp\/v2\/comments?post=4383"}],"version-history":[{"count":3,"href":"https:\/\/beyondsuncare.org\/fr\/wp-json\/wp\/v2\/pages\/4383\/revisions"}],"predecessor-version":[{"id":4397,"href":"https:\/\/beyondsuncare.org\/fr\/wp-json\/wp\/v2\/pages\/4383\/revisions\/4397"}],"wp:attachment":[{"href":"https:\/\/beyondsuncare.org\/fr\/wp-json\/wp\/v2\/media?parent=4383"}],"curies":[{"name":"wp","href":"https:\/\/api.w.org\/{rel}","templated":true}]}}