{"id":4381,"date":"2019-06-12T15:46:46","date_gmt":"2019-06-12T15:46:46","guid":{"rendered":"https:\/\/beyondsuncare.org\/politica-cookies\/"},"modified":"2019-07-16T16:54:23","modified_gmt":"2019-07-16T16:54:23","slug":"politique-de-cookie","status":"publish","type":"page","link":"https:\/\/beyondsuncare.org\/fr\/politique-de-cookie\/","title":{"rendered":"politique de cookies"},"content":{"rendered":"<p>[vc_row][vc_column css=\u00a0\u00bb.vc_custom_1560354584291{padding-right: 20px !important;padding-left: 20px !important;}\u00a0\u00bb col_shadow=\u00a0\u00bbbox_shadow_enable:disable|shadow_horizontal:0|shadow_vertical:15|shadow_blur:50|shadow_spread:0|box_shadow_color:rgba(0%2C0%2C0%2C0.35)\u00a0\u00bb col_shadow_hover=\u00a0\u00bbbox_shadow_enable:disable|shadow_horizontal:0|shadow_vertical:15|shadow_blur:50|shadow_spread:0|box_shadow_color:rgba(0%2C0%2C0%2C0.35)\u00a0\u00bb][dfd_spacer screen_wide_spacer_size=\u00a0\u00bb40&Prime; screen_normal_resolution=\u00a0\u00bb1024&Prime; screen_tablet_resolution=\u00a0\u00bb800&Prime; screen_mobile_resolution=\u00a0\u00bb480&Prime;][dfd_heading subtitle=\u00a0\u00bb\u00a0\u00bb delimiter_settings=\u00a0\u00bbdelimiter_style:solid|delimiter_width:80|delimiter_height:3&Prime; undefined=\u00a0\u00bb\u00a0\u00bb title_font_options=\u00a0\u00bbtag:h2&Prime; subtitle_font_options=\u00a0\u00bbtag:div\u00a0\u00bb tutorials=\u00a0\u00bb\u00a0\u00bb]POLITIQUE DE COOKIES[\/dfd_heading][dfd_spacer screen_wide_spacer_size=\u00a0\u00bb20&Prime; screen_normal_resolution=\u00a0\u00bb1024&Prime; screen_tablet_resolution=\u00a0\u00bb800&Prime; screen_mobile_resolution=\u00a0\u00bb480&Prime;][vc_column_text]<\/p>\n<ol>\n<li>D\u00e9finition et fonctions des cookies.<\/li>\n<\/ol>\n<p>Un cookie est un fichier t\u00e9l\u00e9charg\u00e9 sur l&rsquo;ordinateur de l&rsquo;utilisateur lors de l&rsquo;acc\u00e8s \u00e0 certains sites Web. Les cookies permettent, entre autres, au site Web de stocker et de r\u00e9cup\u00e9rer des informations sur les habitudes de navigation de l&rsquo;utilisateur ou de son \u00e9quipement et, en fonction des informations qu&rsquo;ils contiennent et de la mani\u00e8re dont ils utilisent leur \u00e9quipement, ils peuvent \u00eatre utilis\u00e9s pour reconna\u00eetre l&rsquo;utilisateur.<\/p>\n<ol start=\"2\">\n<li>Types de cookies pouvant \u00eatre utilis\u00e9s par ce site Web.<\/li>\n<\/ol>\n<ul>\n<li>Cookies propres: Il s&rsquo;agit de ceux qui sont envoy\u00e9s \u00e0 l&rsquo;\u00e9quipement terminal de l&rsquo;utilisateur \u00e0 partir d&rsquo;un ordinateur ou d&rsquo;un domaine g\u00e9r\u00e9 par le propri\u00e9taire et \u00e0 partir desquels le service demand\u00e9 par l&rsquo;utilisateur est fourni.<\/li>\n<li>Cookies tiers: Il s&rsquo;agit de ceux qui sont envoy\u00e9s \u00e0 l&rsquo;\u00e9quipement terminal de l&rsquo;utilisateur \u00e0 partir d&rsquo;un ordinateur ou d&rsquo;un domaine qui n&rsquo;est pas g\u00e9r\u00e9 par le propri\u00e9taire, mais par une autre entit\u00e9 qui traite les donn\u00e9es obtenues \u00e0 l&rsquo;aide des cookies.<\/li>\n<li>Cookies de session: Il s&rsquo;agit d&rsquo;un type de cookies con\u00e7u pour collecter et stocker des donn\u00e9es lorsque l&rsquo;utilisateur acc\u00e8de \u00e0 un site Web.<\/li>\n<li>Cookies persistants: Il s&rsquo;agit d&rsquo;un type de cookies dans lequel les donn\u00e9es sont stock\u00e9es dans le terminal. Ils peuvent \u00eatre consult\u00e9s et trait\u00e9s pendant une p\u00e9riode d\u00e9finie par la personne responsable du cookie, pouvant aller de quelques minutes \u00e0 plusieurs ann\u00e9es.<\/li>\n<li>Cookies d&rsquo;analyse: Ceux qui sont bien trait\u00e9s par le propri\u00e9taire ou par des tiers permettent de quantifier le nombre d&rsquo;utilisateurs et d&rsquo;effectuer ainsi la mesure et l&rsquo;analyse statistique de l&rsquo;utilisation faite par les utilisateurs du service offert. Pour cela, sa navigation est analys\u00e9e afin d&rsquo;am\u00e9liorer l&rsquo;offre de produits ou services offerts.<\/li>\n<li>Cookies publicitaires: sont ceux qui permettent la gestion, de la mani\u00e8re la plus efficace possible, des espaces publicitaires que, le cas \u00e9ch\u00e9ant, le Propri\u00e9taire a inclus dans le site Web, l&rsquo;application ou la plateforme \u00e0 partir desquels le service demand\u00e9 est fourni, en fonction de crit\u00e8res. contenu modifi\u00e9 ou fr\u00e9quence d&rsquo;affichage des annonces.<\/li>\n<li>Les cookies de publicit\u00e9 comportementale: sont ceux qui permettent la gestion, de la mani\u00e8re la plus efficace possible, des espaces publicitaires que le propri\u00e9taire a inclus, le cas \u00e9ch\u00e9ant, sur le site Web, l&rsquo;application ou la plate-forme \u00e0 partir desquels le service demand\u00e9 est fourni. Ces cookies stockent des informations sur le comportement des utilisateurs, obtenues par l&rsquo;observation continue de leurs habitudes de navigation, ce qui permet de d\u00e9velopper un profil sp\u00e9cifique pour afficher des publicit\u00e9s bas\u00e9es sur ces profils. Il est \u00e9galement possible que lors de la visite d\u2019un site Web ou lors de l\u2019ouverture d\u2019un courrier \u00e9lectronique contenant une publicit\u00e9 ou une promotion concernant les produits ou services offerts, un cookie soit install\u00e9 dans le navigateur afin de montrer ult\u00e9rieurement les publicit\u00e9s li\u00e9es \u00e0 la recherche effectu\u00e9e, d\u00e9velopper un contr\u00f4le des annonces en fonction, par exemple, du nombre de fois qu&rsquo;elles sont vues, de leur emplacement, de l&rsquo;heure \u00e0 laquelle elles sont vues, etc.<\/li>\n<\/ul>\n<ol start=\"3\">\n<li>R\u00e9vocation et suppression de cookies.<\/li>\n<\/ol>\n<p>L&rsquo;utilisateur peut autoriser, bloquer ou supprimer les cookies install\u00e9s sur l&rsquo;ordinateur en configurant les options du navigateur install\u00e9. Dans le cas o\u00f9 cela ne permettrait pas l&rsquo;installation de cookies sur votre navigateur, il est possible que vous ne puissiez acc\u00e9der \u00e0 aucune des sections du site. . Vous pouvez trouver des informations sur la configuration des cookies en fonction du navigateur utilis\u00e9 dans les liens suivants (liens valides vers la date de publication de ce texte)<\/p>\n<p>Pour plus d&rsquo;informations sur la proc\u00e9dure \u00e0 suivre pour bloquer l&rsquo;utilisation de cookies dans <strong>Explorer<\/strong> <a href=\"https:\/\/support.microsoft.com\/es-es\/help\/17442\/windows-internet-explorer-delete-manage-cookies\" target=\"_blank\" rel=\"noopener noreferrer\">https:\/\/support.microsoft.com\/es-es\/help\/17442\/windows-internet-explorer-delete-manage-cookies<\/a><\/p>\n<p>Pour plus d&rsquo;informations sur la proc\u00e9dure \u00e0 suivre pour bloquer l&rsquo;utilisation de cookies dans <strong>Chrome<\/strong> <a href=\"http:\/\/support.google.com\/chrome\/bin\/answer.py?hl=es&amp;answer=95647\" target=\"_blank\" rel=\"noopener noreferrer\">http:\/\/support.google.com\/chrome\/bin\/answer.py?hl=es&amp;answer=95647<\/a><\/p>\n<p>Pour plus d&rsquo;informations sur la proc\u00e9dure \u00e0 suivre pour bloquer l&rsquo;utilisation de cookies dans <strong>Firefox<\/strong> <a href=\"http:\/\/support.mozilla.org\/es\/kb\/habilitar-y-deshabilitar-cookies-que-los-sitios-we\" target=\"_blank\" rel=\"noopener noreferrer\">http:\/\/support.mozilla.org\/es\/kb\/habilitar-y-deshabilitar-cookies-que-los-sitios-we<\/a><\/p>\n<p>Pour plus d&rsquo;informations sur la proc\u00e9dure \u00e0 suivre pour bloquer l&rsquo;utilisation de cookies dans <strong>Safari<\/strong> <a href=\"https:\/\/support.apple.com\/kb\/PH19214?viewlocale=es_ES&amp;locale=es_ES\" target=\"_blank\" rel=\"noopener noreferrer\">https:\/\/support.apple.com\/kb\/PH19214?viewlocale=es_ES&amp;locale=es_ES<\/a><\/p>\n<p>Pour plus d&rsquo;informations sur la proc\u00e9dure \u00e0 suivre pour bloquer l&rsquo;utilisation de cookies dans <strong>Android <\/strong><a href=\"http:\/\/support.google.com\/android\/?hl=es\" target=\"_blank\" rel=\"noopener noreferrer\">http:\/\/support.google.com\/android\/?hl=es<\/a><\/p>\n<p>Pour plus d&rsquo;informations sur la proc\u00e9dure \u00e0 suivre pour bloquer l&rsquo;utilisation de cookies dans <strong>Windows Phone <\/strong><a href=\"http:\/\/www.windowsphone.com\/es-ES\/how-to\/wp7\/web\/changing-privacy-and-other-browser-settings\" target=\"_blank\" rel=\"noopener noreferrer\">http:\/\/www.windowsphone.com\/es-ES\/how-to\/wp7\/web\/changing-privacy-and-other-browser-settings<\/a><\/p>\n<ol start=\"4\">\n<li>Tiers fournisseurs de services.<\/li>\n<\/ol>\n<p>En particulier, les tiers avec lesquels un service a \u00e9t\u00e9 g\u00e9r\u00e9 et pour lesquels l&rsquo;utilisation de cookies est n\u00e9cessaire sont:<\/p>\n<table width=\"0\">\n<tbody>\n<tr>\n<td width=\"80\">\n<p><strong>Nom du fournisseur <\/strong><\/p>\n<p><strong>\u00a0<\/strong><\/td>\n<td width=\"100\"><strong>But du cookie<\/strong><\/td>\n<td width=\"196\">\n<p><strong>Description du but du cookie<\/strong><\/p>\n<p><strong>\u00a0<\/strong><\/td>\n<td width=\"336\">\n<p><strong>Si vous souhaitez plus d&rsquo;informations sur l&rsquo;utilisation<\/strong><\/p>\n<p><strong>\u00a0<\/strong><\/td>\n<\/tr>\n<tr>\n<td width=\"80\">Google Analytics<\/td>\n<td width=\"100\">Web Analytics<\/td>\n<td width=\"196\">tatistiques sur les visites du site Web<\/td>\n<td width=\"336\"><a href=\"http:\/\/www.google.es\/intl\/es\/analytics\/\">http:\/\/www.google.es\/intl\/es\/analytics\/<\/a><\/td>\n<\/tr>\n<\/tbody>\n<\/table>\n<p>&nbsp;<\/p>\n<p>Le propri\u00e9taire d\u00e9cline toute responsabilit\u00e9 concernant le contenu et la v\u00e9racit\u00e9 des informations et des politiques de confidentialit\u00e9 relatives aux cookies tiers.<\/p>\n<p>Pour plus d&rsquo;informations sur l&rsquo;utilisation de cookies sur ce site Web, l&rsquo;utilisateur peut en faire la demande via le formulaire de contact ou via info@beyondsuncare.org.<\/p>\n<p>Cette politique a \u00e9t\u00e9 modifi\u00e9e \u00e0 ce jour le 13 juin 2018.<\/p>\n<ol start=\"5\">\n<li>Web Analytics &#8211; Google Analytics<\/li>\n<\/ol>\n<p>Ce site Web peut utiliser Google Analytics, un outil d&rsquo;analyse Web fourni par Google Inc., dont le si\u00e8ge social est situ\u00e9 au 1600 Amphitheatre Parkway, \u00e0 Mountain View (Californie), CA 94043, \u00c9tats-Unis (\u00abGoogle\u00bb). Cet outil permet au propri\u00e9taire de conna\u00eetre le degr\u00e9 d&rsquo;implication des utilisateurs dans le site Web, avec la possibilit\u00e9 de consulter plusieurs rapports d\u00e9crivant la mani\u00e8re dont les utilisateurs interagissent avec le site Web dans le but de l&rsquo;am\u00e9liorer. Google Analytics collecte des informations de mani\u00e8re anonyme, c&rsquo;est-\u00e0-dire qu&rsquo;il rend compte des tendances du site Web sans identifier ses utilisateurs.<\/p>\n<p>Google Analytics utilise des \u00ab\u00a0cookies\u00a0\u00bb d&rsquo;origine, qui sont des fichiers texte situ\u00e9s sur l&rsquo;ordinateur, pour suivre les interactions des utilisateurs sur le site Web. Ces cookies sont utilis\u00e9s pour stocker des informations telles que, par exemple, l&rsquo;heure de la visite, si l&rsquo;utilisateur a d\u00e9j\u00e0 visit\u00e9 le site et quel site a recommand\u00e9 \u00e0 l&rsquo;utilisateur de visiter ce site Web en question. Les navigateurs ne partagent pas les cookies provenant du m\u00eame domaine.<\/p>\n<p>Tous les ordinateurs et p\u00e9riph\u00e9riques connect\u00e9s \u00e0 Internet se voient attribuer un num\u00e9ro unique appel\u00e9 \u00ab\u00a0adresse de protocole Internet\u00a0\u00bb ou \u00ab\u00a0adresse IP\u00a0\u00bb. \u00c9tant donn\u00e9 que ces num\u00e9ros sont g\u00e9n\u00e9ralement attribu\u00e9s par pays, les adresses IP sont souvent utilis\u00e9es pour identifier le pays, l&rsquo;\u00e9tat et la ville \u00e0 partir desquels l&rsquo;ordinateur est connect\u00e9 \u00e0 Internet. Google Analytics enregistre l&rsquo;adresse IP des utilisateurs qui visitent le site Web afin que le propri\u00e9taire puisse savoir \u00e0 partir de quel point de la plan\u00e8te le site est visit\u00e9. Cette m\u00e9thode s&rsquo;appelle \u00ab\u00a0g\u00e9olocalisation IP\u00a0\u00bb. Google Analytics ne fournit pas d&rsquo;informations sur la v\u00e9ritable adresse IP.<\/p>\n<p>Les conditions du service Google Analytics interdisent le suivi ou l&rsquo;obtention de donn\u00e9es personnelles identifiant une personne (telles que le nom, l&rsquo;adresse e-mail ou les informations de facturation, ainsi que d&rsquo;autres donn\u00e9es associ\u00e9es) via Google Analytics ou bien l\u2019association d\u2019informations personnelles avec des donn\u00e9es d\u2019analytique Web.<\/p>\n<p>Le propri\u00e9taire peut contr\u00f4ler les informations que Google peut utiliser et d\u00e9cider s&rsquo;il souhaite que Google les utilise ou non par le biais des options de partage de donn\u00e9es de Google Analytics. Les donn\u00e9es servent \u00e0 am\u00e9liorer les produits et services de Google.<\/p>\n<p>Afin de proposer aux utilisateurs davantage d&rsquo;options quant \u00e0 la mani\u00e8re dont Google Analytics a collect\u00e9 leurs donn\u00e9es, le plug-in d&rsquo;inactivation de Google Analytics pour les navigateurs a \u00e9t\u00e9 cr\u00e9\u00e9. Cet addon indique au code JavaScript de Google Analytics (ga.js) que les informations relatives \u00e0 la visite du site Web ne doivent pas \u00eatre envoy\u00e9es \u00e0 Google Analytics. Toutefois, cela n&#8217;emp\u00eache pas que des informations soient envoy\u00e9es au site Web lui-m\u00eame ou \u00e0 d&rsquo;autres services d&rsquo;analyse Web. L&rsquo;utilisateur peut refuser le traitement de donn\u00e9es ou d&rsquo;informations en refusant l&rsquo;utilisation de cookies en s\u00e9lectionnant la configuration appropri\u00e9e de son navigateur, mais l&rsquo;utilisateur doit savoir que, s&rsquo;il le fait, il pourrait ne pas \u00eatre en mesure d&rsquo;utiliser toutes les fonctionnalit\u00e9s de ce site. Web<\/p>\n<p>En utilisant ce site Web, l&rsquo;utilisateur consent au traitement de ses informations par Google et le propri\u00e9taire de la mani\u00e8re et aux fins indiqu\u00e9es ci-dessus. Pour plus d&rsquo;informations sur cet outil et sur les r\u00e8gles de confidentialit\u00e9 de Google, il est recommand\u00e9 aux utilisateurs de consulter le lien suivant: http:\/\/www.google.es\/intl\/es\/policies\/<\/p>\n<p>Le propri\u00e9taire n&rsquo;est pas responsable du contenu et de la v\u00e9racit\u00e9 des politiques de confidentialit\u00e9 de tiers incluses dans les liens du pr\u00e9sent avis juridique.[\/vc_column_text][dfd_spacer screen_wide_spacer_size=\u00a0\u00bb40&Prime; screen_normal_resolution=\u00a0\u00bb1024&Prime; screen_tablet_resolution=\u00a0\u00bb800&Prime; screen_mobile_resolution=\u00a0\u00bb480&Prime;][\/vc_column][\/vc_row]<\/p>\n","protected":false},"excerpt":{"rendered":"<p>[vc_row][vc_column css=\u00a0\u00bb.vc_custom_1560354584291{padding-right: 20px !important;padding-left: 20px !important;}\u00a0\u00bb col_shadow=\u00a0\u00bbbox_shadow_enable:disable|shadow_horizontal:0|shadow_vertical:15|shadow_blur:50|shadow_spread:0|box_shadow_color:rgba(0%2C0%2C0%2C0.35)\u00a0\u00bb col_shadow_hover=\u00a0\u00bbbox_shadow_enable:disable|shadow_horizontal:0|shadow_vertical:15|shadow_blur:50|shadow_spread:0|box_shadow_color:rgba(0%2C0%2C0%2C0.35)\u00a0\u00bb][dfd_spacer screen_wide_spacer_size=\u00a0\u00bb40&Prime; screen_normal_resolution=\u00a0\u00bb1024&Prime; screen_tablet_resolution=\u00a0\u00bb800&Prime; screen_mobile_resolution=\u00a0\u00bb480&Prime;][dfd_heading subtitle=\u00a0\u00bb\u00a0\u00bb delimiter_settings=\u00a0\u00bbdelimiter_style:solid|delimiter_width:80|delimiter_height:3&Prime; undefined=\u00a0\u00bb\u00a0\u00bb title_font_options=\u00a0\u00bbtag:h2&Prime; subtitle_font_options=\u00a0\u00bbtag:div\u00a0\u00bb tutorials=\u00a0\u00bb\u00a0\u00bb]POLITIQUE DE COOKIES[\/dfd_heading][dfd_spacer screen_wide_spacer_size=\u00a0\u00bb20&Prime; screen_normal_resolution=\u00a0\u00bb1024&Prime; screen_tablet_resolution=\u00a0\u00bb800&Prime; screen_mobile_resolution=\u00a0\u00bb480&Prime;][vc_column_text] D\u00e9finition et fonctions des cookies. Un<\/p>\n","protected":false},"author":3,"featured_media":0,"parent":0,"menu_order":0,"comment_status":"closed","ping_status":"closed","template":"tmp-page.php","meta":{"give_campaign_id":0,"footnotes":""},"class_list":["post-4381","page","type-page","status-publish","hentry"],"yoast_head":"<title>politique de cookies - Beyond suncare<\/title>\n<meta name=\"robots\" content=\"noindex, follow\" \/>\n<meta property=\"og:locale\" content=\"fr_FR\" \/>\n<meta property=\"og:type\" content=\"article\" \/>\n<meta property=\"og:title\" content=\"politique de cookies - Beyond suncare\" \/>\n<meta property=\"og:description\" content=\"[vc_row][vc_column css=\u00a0\u00bb.vc_custom_1560354584291{padding-right: 20px !important;padding-left: 20px !important;}\u00a0\u00bb col_shadow=\u00a0\u00bbbox_shadow_enable:disable|shadow_horizontal:0|shadow_vertical:15|shadow_blur:50|shadow_spread:0|box_shadow_color:rgba(0%2C0%2C0%2C0.35)\u00a0\u00bb col_shadow_hover=\u00a0\u00bbbox_shadow_enable:disable|shadow_horizontal:0|shadow_vertical:15|shadow_blur:50|shadow_spread:0|box_shadow_color:rgba(0%2C0%2C0%2C0.35)\u00a0\u00bb][dfd_spacer screen_wide_spacer_size=\u00a0\u00bb40&Prime; screen_normal_resolution=\u00a0\u00bb1024&Prime; screen_tablet_resolution=\u00a0\u00bb800&Prime; screen_mobile_resolution=\u00a0\u00bb480&Prime;][dfd_heading subtitle=\u00a0\u00bb\u00a0\u00bb delimiter_settings=\u00a0\u00bbdelimiter_style:solid|delimiter_width:80|delimiter_height:3&Prime; undefined=\u00a0\u00bb\u00a0\u00bb title_font_options=\u00a0\u00bbtag:h2&Prime; subtitle_font_options=\u00a0\u00bbtag:div\u00a0\u00bb tutorials=\u00a0\u00bb\u00a0\u00bb]POLITIQUE DE COOKIES[\/dfd_heading][dfd_spacer screen_wide_spacer_size=\u00a0\u00bb20&Prime; screen_normal_resolution=\u00a0\u00bb1024&Prime; screen_tablet_resolution=\u00a0\u00bb800&Prime; screen_mobile_resolution=\u00a0\u00bb480&Prime;][vc_column_text] D\u00e9finition et fonctions des cookies. Un\" \/>\n<meta property=\"og:url\" content=\"https:\/\/beyondsuncare.org\/fr\/politique-de-cookie\/\" \/>\n<meta property=\"og:site_name\" content=\"Beyond suncare\" \/>\n<meta property=\"article:publisher\" content=\"https:\/\/www.facebook.com\/beyondsuncare\" \/>\n<meta property=\"article:modified_time\" content=\"2019-07-16T16:54:23+00:00\" \/>\n<meta name=\"twitter:card\" content=\"summary_large_image\" \/>\n<meta name=\"twitter:site\" content=\"@beyondsuncare\" \/>\n<meta name=\"twitter:label1\" content=\"Dur\u00e9e de lecture estim\u00e9e\" \/>\n\t<meta name=\"twitter:data1\" content=\"8 minutes\" \/>\n<script type=\"application\/ld+json\" class=\"yoast-schema-graph\">{\"@context\":\"https:\/\/schema.org\",\"@graph\":[{\"@type\":\"WebPage\",\"@id\":\"https:\/\/beyondsuncare.org\/fr\/politique-de-cookie\/\",\"url\":\"https:\/\/beyondsuncare.org\/fr\/politique-de-cookie\/\",\"name\":\"politique de cookies - Beyond suncare\",\"isPartOf\":{\"@id\":\"https:\/\/beyondsuncare.org\/fr\/#website\"},\"datePublished\":\"2019-06-12T15:46:46+00:00\",\"dateModified\":\"2019-07-16T16:54:23+00:00\",\"breadcrumb\":{\"@id\":\"https:\/\/beyondsuncare.org\/fr\/politique-de-cookie\/#breadcrumb\"},\"inLanguage\":\"fr-FR\",\"potentialAction\":[{\"@type\":\"ReadAction\",\"target\":[\"https:\/\/beyondsuncare.org\/fr\/politique-de-cookie\/\"]}]},{\"@type\":\"BreadcrumbList\",\"@id\":\"https:\/\/beyondsuncare.org\/fr\/politique-de-cookie\/#breadcrumb\",\"itemListElement\":[{\"@type\":\"ListItem\",\"position\":1,\"name\":\"Portada\",\"item\":\"https:\/\/beyondsuncare.org\/fr\/\"},{\"@type\":\"ListItem\",\"position\":2,\"name\":\"politique de cookies\"}]},{\"@type\":\"WebSite\",\"@id\":\"https:\/\/beyondsuncare.org\/fr\/#website\",\"url\":\"https:\/\/beyondsuncare.org\/fr\/\",\"name\":\"Beyond suncare\",\"description\":\"Desde hace m\u00e1s de 10 a\u00f1os trabajamos cada d\u00eda para asegurar que todas las personas con albinismo vivan protegidas frente al c\u00e1ncer de piel y todo tipo de discriminaci\u00f3n\",\"publisher\":{\"@id\":\"https:\/\/beyondsuncare.org\/fr\/#organization\"},\"potentialAction\":[{\"@type\":\"SearchAction\",\"target\":{\"@type\":\"EntryPoint\",\"urlTemplate\":\"https:\/\/beyondsuncare.org\/fr\/?s={search_term_string}\"},\"query-input\":{\"@type\":\"PropertyValueSpecification\",\"valueRequired\":true,\"valueName\":\"search_term_string\"}}],\"inLanguage\":\"fr-FR\"},{\"@type\":\"Organization\",\"@id\":\"https:\/\/beyondsuncare.org\/fr\/#organization\",\"name\":\"Beyond Suncare\",\"url\":\"https:\/\/beyondsuncare.org\/fr\/\",\"logo\":{\"@type\":\"ImageObject\",\"inLanguage\":\"fr-FR\",\"@id\":\"https:\/\/beyondsuncare.org\/fr\/#\/schema\/logo\/image\/\",\"url\":\"https:\/\/beyondsuncare.org\/wp-content\/uploads\/2019\/04\/beyond-suncare-fondo-transparente.png\",\"contentUrl\":\"https:\/\/beyondsuncare.org\/wp-content\/uploads\/2019\/04\/beyond-suncare-fondo-transparente.png\",\"width\":218,\"height\":80,\"caption\":\"Beyond Suncare\"},\"image\":{\"@id\":\"https:\/\/beyondsuncare.org\/fr\/#\/schema\/logo\/image\/\"},\"sameAs\":[\"https:\/\/www.facebook.com\/beyondsuncare\",\"https:\/\/x.com\/beyondsuncare\",\"https:\/\/www.instagram.com\/beyond_suncare\/\",\"https:\/\/www.linkedin.com\/company\/beyond-suncare\/\"]}]}<\/script>","yoast_head_json":{"title":"politique de cookies - Beyond suncare","robots":{"index":"noindex","follow":"follow"},"og_locale":"fr_FR","og_type":"article","og_title":"politique de cookies - Beyond suncare","og_description":"[vc_row][vc_column css=\u00a0\u00bb.vc_custom_1560354584291{padding-right: 20px !important;padding-left: 20px !important;}\u00a0\u00bb col_shadow=\u00a0\u00bbbox_shadow_enable:disable|shadow_horizontal:0|shadow_vertical:15|shadow_blur:50|shadow_spread:0|box_shadow_color:rgba(0%2C0%2C0%2C0.35)\u00a0\u00bb col_shadow_hover=\u00a0\u00bbbox_shadow_enable:disable|shadow_horizontal:0|shadow_vertical:15|shadow_blur:50|shadow_spread:0|box_shadow_color:rgba(0%2C0%2C0%2C0.35)\u00a0\u00bb][dfd_spacer screen_wide_spacer_size=\u00a0\u00bb40&Prime; screen_normal_resolution=\u00a0\u00bb1024&Prime; screen_tablet_resolution=\u00a0\u00bb800&Prime; screen_mobile_resolution=\u00a0\u00bb480&Prime;][dfd_heading subtitle=\u00a0\u00bb\u00a0\u00bb delimiter_settings=\u00a0\u00bbdelimiter_style:solid|delimiter_width:80|delimiter_height:3&Prime; undefined=\u00a0\u00bb\u00a0\u00bb title_font_options=\u00a0\u00bbtag:h2&Prime; subtitle_font_options=\u00a0\u00bbtag:div\u00a0\u00bb tutorials=\u00a0\u00bb\u00a0\u00bb]POLITIQUE DE COOKIES[\/dfd_heading][dfd_spacer screen_wide_spacer_size=\u00a0\u00bb20&Prime; screen_normal_resolution=\u00a0\u00bb1024&Prime; screen_tablet_resolution=\u00a0\u00bb800&Prime; screen_mobile_resolution=\u00a0\u00bb480&Prime;][vc_column_text] D\u00e9finition et fonctions des cookies. Un","og_url":"https:\/\/beyondsuncare.org\/fr\/politique-de-cookie\/","og_site_name":"Beyond suncare","article_publisher":"https:\/\/www.facebook.com\/beyondsuncare","article_modified_time":"2019-07-16T16:54:23+00:00","twitter_card":"summary_large_image","twitter_site":"@beyondsuncare","twitter_misc":{"Dur\u00e9e de lecture estim\u00e9e":"8 minutes"},"schema":{"@context":"https:\/\/schema.org","@graph":[{"@type":"WebPage","@id":"https:\/\/beyondsuncare.org\/fr\/politique-de-cookie\/","url":"https:\/\/beyondsuncare.org\/fr\/politique-de-cookie\/","name":"politique de cookies - Beyond suncare","isPartOf":{"@id":"https:\/\/beyondsuncare.org\/fr\/#website"},"datePublished":"2019-06-12T15:46:46+00:00","dateModified":"2019-07-16T16:54:23+00:00","breadcrumb":{"@id":"https:\/\/beyondsuncare.org\/fr\/politique-de-cookie\/#breadcrumb"},"inLanguage":"fr-FR","potentialAction":[{"@type":"ReadAction","target":["https:\/\/beyondsuncare.org\/fr\/politique-de-cookie\/"]}]},{"@type":"BreadcrumbList","@id":"https:\/\/beyondsuncare.org\/fr\/politique-de-cookie\/#breadcrumb","itemListElement":[{"@type":"ListItem","position":1,"name":"Portada","item":"https:\/\/beyondsuncare.org\/fr\/"},{"@type":"ListItem","position":2,"name":"politique de cookies"}]},{"@type":"WebSite","@id":"https:\/\/beyondsuncare.org\/fr\/#website","url":"https:\/\/beyondsuncare.org\/fr\/","name":"Beyond suncare","description":"Desde hace m\u00e1s de 10 a\u00f1os trabajamos cada d\u00eda para asegurar que todas las personas con albinismo vivan protegidas frente al c\u00e1ncer de piel y todo tipo de discriminaci\u00f3n","publisher":{"@id":"https:\/\/beyondsuncare.org\/fr\/#organization"},"potentialAction":[{"@type":"SearchAction","target":{"@type":"EntryPoint","urlTemplate":"https:\/\/beyondsuncare.org\/fr\/?s={search_term_string}"},"query-input":{"@type":"PropertyValueSpecification","valueRequired":true,"valueName":"search_term_string"}}],"inLanguage":"fr-FR"},{"@type":"Organization","@id":"https:\/\/beyondsuncare.org\/fr\/#organization","name":"Beyond Suncare","url":"https:\/\/beyondsuncare.org\/fr\/","logo":{"@type":"ImageObject","inLanguage":"fr-FR","@id":"https:\/\/beyondsuncare.org\/fr\/#\/schema\/logo\/image\/","url":"https:\/\/beyondsuncare.org\/wp-content\/uploads\/2019\/04\/beyond-suncare-fondo-transparente.png","contentUrl":"https:\/\/beyondsuncare.org\/wp-content\/uploads\/2019\/04\/beyond-suncare-fondo-transparente.png","width":218,"height":80,"caption":"Beyond Suncare"},"image":{"@id":"https:\/\/beyondsuncare.org\/fr\/#\/schema\/logo\/image\/"},"sameAs":["https:\/\/www.facebook.com\/beyondsuncare","https:\/\/x.com\/beyondsuncare","https:\/\/www.instagram.com\/beyond_suncare\/","https:\/\/www.linkedin.com\/company\/beyond-suncare\/"]}]}},"campaignId":"","_links":{"self":[{"href":"https:\/\/beyondsuncare.org\/fr\/wp-json\/wp\/v2\/pages\/4381","targetHints":{"allow":["GET"]}}],"collection":[{"href":"https:\/\/beyondsuncare.org\/fr\/wp-json\/wp\/v2\/pages"}],"about":[{"href":"https:\/\/beyondsuncare.org\/fr\/wp-json\/wp\/v2\/types\/page"}],"author":[{"embeddable":true,"href":"https:\/\/beyondsuncare.org\/fr\/wp-json\/wp\/v2\/users\/3"}],"replies":[{"embeddable":true,"href":"https:\/\/beyondsuncare.org\/fr\/wp-json\/wp\/v2\/comments?post=4381"}],"version-history":[{"count":3,"href":"https:\/\/beyondsuncare.org\/fr\/wp-json\/wp\/v2\/pages\/4381\/revisions"}],"predecessor-version":[{"id":4418,"href":"https:\/\/beyondsuncare.org\/fr\/wp-json\/wp\/v2\/pages\/4381\/revisions\/4418"}],"wp:attachment":[{"href":"https:\/\/beyondsuncare.org\/fr\/wp-json\/wp\/v2\/media?parent=4381"}],"curies":[{"name":"wp","href":"https:\/\/api.w.org\/{rel}","templated":true}]}}