{"id":4212,"date":"2019-05-28T10:29:40","date_gmt":"2019-05-28T10:29:40","guid":{"rendered":"https:\/\/beyondsuncare.org\/sunscreen-made-in-africa\/"},"modified":"2019-07-09T18:03:32","modified_gmt":"2019-07-09T18:03:32","slug":"creme-solaire-made-in-africa","status":"publish","type":"page","link":"https:\/\/beyondsuncare.org\/fr\/creme-solaire-made-in-africa\/","title":{"rendered":"Un cr\u00e8me solaire made in Afrique"},"content":{"rendered":"<p>[vc_row dfd_row_config=\u00a0\u00bbfull_width_content\u00a0\u00bb css=\u00a0\u00bb.vc_custom_1558606081725{background-color: #f0d65a !important;}\u00a0\u00bb][vc_column][rev_slider_vc alias=\u00a0\u00bbmade-in-africa-frances\u00a0\u00bb][\/vc_column][\/vc_row][vc_row css=\u00a0\u00bb.vc_custom_1558627907073{background-color: #f0d65a !important;}\u00a0\u00bb][vc_column css=\u00a0\u00bb.vc_custom_1559758774275{padding-right: 20px !important;padding-left: 20px !important;}\u00a0\u00bb col_shadow=\u00a0\u00bbbox_shadow_enable:disable|shadow_horizontal:0|shadow_vertical:15|shadow_blur:50|shadow_spread:0|box_shadow_color:rgba(0%2C0%2C0%2C0.35)\u00a0\u00bb col_shadow_hover=\u00a0\u00bbbox_shadow_enable:disable|shadow_horizontal:0|shadow_vertical:15|shadow_blur:50|shadow_spread:0|box_shadow_color:rgba(0%2C0%2C0%2C0.35)\u00a0\u00bb][dfd_spacer screen_wide_spacer_size=\u00a0\u00bb40&Prime; screen_normal_resolution=\u00a0\u00bb1024&Prime; screen_tablet_resolution=\u00a0\u00bb800&Prime; screen_mobile_resolution=\u00a0\u00bb480&Prime;][vc_column_text]<\/p>\n<p style=\"text-align: center; font-size: 18px; line-height: 26px;\"><em>La connaissance approfondie de la peau et de la r\u00e9alit\u00e9 des b\u00e9n\u00e9ficiaires par notre \u00e9quipe, combin\u00e9e \u00e0 l&rsquo;exp\u00e9rience du leader mondial de la chimie BASF, a permis de cr\u00e9er la premi\u00e8re cr\u00e8me de protection solaire sp\u00e9cialement con\u00e7ue pour la pr\u00e9vention du cancer de la peau des personnes atteintes d&rsquo;albinisme en Afrique. Le r\u00e9sultat est une cr\u00e8me solaire avec FPS 50, avec une haute r\u00e9sistance \u00e0 l&rsquo;eau et avec un large spectre qui prot\u00e8ge contre les rayons UVA et UVB.<\/em><\/p>\n<p>[\/vc_column_text][dfd_spacer screen_wide_spacer_size=\u00a0\u00bb40&Prime; screen_normal_resolution=\u00a0\u00bb1024&Prime; screen_tablet_resolution=\u00a0\u00bb800&Prime; screen_mobile_resolution=\u00a0\u00bb480&Prime;][\/vc_column][\/vc_row][vc_row dfd_row_config=\u00a0\u00bbfull_width_content\u00a0\u00bb force_equal_height_columns=\u00a0\u00bbmain_row\u00a0\u00bb][vc_column width=\u00a0\u00bb1\/2&Prime; dfd_column_responsive_enable=\u00a0\u00bbdfd-column-responsive-enable\u00a0\u00bb css=\u00a0\u00bb.vc_custom_1559758665619{padding-right: 80px !important;padding-left: 80px !important;}\u00a0\u00bb col_shadow=\u00a0\u00bbbox_shadow_enable:disable|shadow_horizontal:0|shadow_vertical:15|shadow_blur:50|shadow_spread:0|box_shadow_color:rgba(0%2C0%2C0%2C0.35)\u00a0\u00bb col_shadow_hover=\u00a0\u00bbbox_shadow_enable:disable|shadow_horizontal:0|shadow_vertical:15|shadow_blur:50|shadow_spread:0|box_shadow_color:rgba(0%2C0%2C0%2C0.35)\u00a0\u00bb responsive_styles=\u00a0\u00bbpadding_left_desktop:80|padding_right_desktop:80|padding_left_tablet:20|padding_right_tablet:20|padding_left_mobile:20|padding_right_mobile:20&Prime; offset=\u00a0\u00bbvc_hidden-md vc_hidden-sm vc_hidden-xs\u00a0\u00bb][dfd_spacer screen_wide_spacer_size=\u00a0\u00bb40&Prime; screen_normal_resolution=\u00a0\u00bb1024&Prime; screen_tablet_resolution=\u00a0\u00bb800&Prime; screen_mobile_resolution=\u00a0\u00bb480&Prime;][dfd_heading subtitle=\u00a0\u00bb\u00a0\u00bb delimiter_settings=\u00a0\u00bbdelimiter_style:solid|delimiter_width:80|delimiter_height:3&Prime; undefined=\u00a0\u00bb\u00a0\u00bb title_font_options=\u00a0\u00bbtag:h2&Prime; subtitle_font_options=\u00a0\u00bbtag:div\u00a0\u00bb tutorials=\u00a0\u00bb\u00a0\u00bb]Une cr\u00e8me photo-protecteur con\u00e7ue pour eux[\/dfd_heading][dfd_spacer screen_wide_spacer_size=\u00a0\u00bb20&Prime; screen_normal_resolution=\u00a0\u00bb1024&Prime; screen_tablet_resolution=\u00a0\u00bb800&Prime; screen_mobile_resolution=\u00a0\u00bb480&Prime;][vc_column_text]Avec la formule de la technologie SWOP&#x2122;, le cr\u00e8me photo-protecteur a la particularit\u00e9 d&rsquo;\u00eatre fabriqu\u00e9 comme une \u00e9mulsion d&rsquo;huile dans l&rsquo;eau (O\/W) qui se transforme en eau dans l&rsquo;huile (W \/ O) pendant l&rsquo;application, combinant les avantages d&rsquo;application des \u00e9mulsions O \/ W avec les avantages des soins de la peau des \u00e9mulsions W\/O.<\/p>\n<p>Cependant, une grande efficacit\u00e9 est insuffisante si les utilisateurs ne s&rsquo;appliquent pas le produit correctement ou ne se l&rsquo;appliquent pas du tout. Par cons\u00e9quent, la formulation a \u00e9t\u00e9 d\u00e9velopp\u00e9e en tenant compte des pr\u00e9f\u00e9rences sensorielles des consommateurs &#8211; bonne sensation sur la peau apr\u00e8s application, odeur agr\u00e9able &#8211; qui sont combin\u00e9es avec une s\u00e9curit\u00e9 maximale &#8211; filtres avec une grande mol\u00e9cule qui ne passent pas \u00e0 travers de la couche corn\u00e9e, incorporation de parfum non-allergique- afin d&rsquo;augmenter l&rsquo;acceptation et de r\u00e9duire le risque de non-adh\u00e9rence et d&rsquo;utilisation incorrecte.[\/vc_column_text][dfd_spacer screen_wide_spacer_size=\u00a0\u00bb40&Prime; screen_normal_resolution=\u00a0\u00bb1024&Prime; screen_tablet_resolution=\u00a0\u00bb800&Prime; screen_mobile_resolution=\u00a0\u00bb480&Prime;][\/vc_column][vc_column width=\u00a0\u00bb1\/2&Prime; css=\u00a0\u00bb.vc_custom_1559758673395{margin-top: 0px !important;margin-right: 0px !important;margin-bottom: 0px !important;margin-left: 0px !important;padding-top: 0px !important;padding-right: 0px !important;padding-bottom: 0px !important;padding-left: 0px !important;}\u00a0\u00bb col_shadow=\u00a0\u00bbbox_shadow_enable:disable|shadow_horizontal:0|shadow_vertical:15|shadow_blur:50|shadow_spread:0|box_shadow_color:rgba(0%2C0%2C0%2C0.35)\u00a0\u00bb col_shadow_hover=\u00a0\u00bbbox_shadow_enable:disable|shadow_horizontal:0|shadow_vertical:15|shadow_blur:50|shadow_spread:0|box_shadow_color:rgba(0%2C0%2C0%2C0.35)\u00a0\u00bb offset=\u00a0\u00bbvc_hidden-md vc_hidden-sm vc_hidden-xs\u00a0\u00bb][dfd_single_image image=\u00a0\u00bb2188&Prime;][\/vc_column][\/vc_row][vc_row dfd_row_config=\u00a0\u00bbfull_width_content\u00a0\u00bb force_equal_height_columns=\u00a0\u00bbmain_row\u00a0\u00bb][vc_column width=\u00a0\u00bb1\/2&Prime; css=\u00a0\u00bb.vc_custom_1559758689299{margin-top: 0px !important;margin-right: 0px !important;margin-bottom: 0px !important;margin-left: 0px !important;padding-top: 0px !important;padding-right: 0px !important;padding-bottom: 0px !important;padding-left: 0px !important;}\u00a0\u00bb col_shadow=\u00a0\u00bbbox_shadow_enable:disable|shadow_horizontal:0|shadow_vertical:15|shadow_blur:50|shadow_spread:0|box_shadow_color:rgba(0%2C0%2C0%2C0.35)\u00a0\u00bb col_shadow_hover=\u00a0\u00bbbox_shadow_enable:disable|shadow_horizontal:0|shadow_vertical:15|shadow_blur:50|shadow_spread:0|box_shadow_color:rgba(0%2C0%2C0%2C0.35)\u00a0\u00bb offset=\u00a0\u00bbvc_hidden-lg\u00a0\u00bb][dfd_single_image image=\u00a0\u00bb2188&Prime;][\/vc_column][vc_column width=\u00a0\u00bb1\/2&Prime; dfd_column_responsive_enable=\u00a0\u00bbdfd-column-responsive-enable\u00a0\u00bb css=\u00a0\u00bb.vc_custom_1559758682083{padding-right: 80px !important;padding-left: 80px !important;}\u00a0\u00bb col_shadow=\u00a0\u00bbbox_shadow_enable:disable|shadow_horizontal:0|shadow_vertical:15|shadow_blur:50|shadow_spread:0|box_shadow_color:rgba(0%2C0%2C0%2C0.35)\u00a0\u00bb col_shadow_hover=\u00a0\u00bbbox_shadow_enable:disable|shadow_horizontal:0|shadow_vertical:15|shadow_blur:50|shadow_spread:0|box_shadow_color:rgba(0%2C0%2C0%2C0.35)\u00a0\u00bb responsive_styles=\u00a0\u00bbpadding_left_desktop:80|padding_right_desktop:80|padding_left_tablet:20|padding_right_tablet:20|padding_left_mobile:20|padding_right_mobile:20&Prime; offset=\u00a0\u00bbvc_hidden-lg\u00a0\u00bb][dfd_spacer screen_wide_spacer_size=\u00a0\u00bb40&Prime; screen_normal_resolution=\u00a0\u00bb1024&Prime; screen_tablet_resolution=\u00a0\u00bb800&Prime; screen_mobile_resolution=\u00a0\u00bb480&Prime;][dfd_heading subtitle=\u00a0\u00bb\u00a0\u00bb delimiter_settings=\u00a0\u00bbdelimiter_style:solid|delimiter_width:80|delimiter_height:3&Prime; undefined=\u00a0\u00bb\u00a0\u00bb title_font_options=\u00a0\u00bbtag:h2&Prime; subtitle_font_options=\u00a0\u00bbtag:div\u00a0\u00bb tutorials=\u00a0\u00bb\u00a0\u00bb]Une cr\u00e8me photo-protecteur con\u00e7ue pour eux[\/dfd_heading][dfd_spacer screen_wide_spacer_size=\u00a0\u00bb20&Prime; screen_normal_resolution=\u00a0\u00bb1024&Prime; screen_tablet_resolution=\u00a0\u00bb800&Prime; screen_mobile_resolution=\u00a0\u00bb480&Prime;][vc_column_text]Avec la formule de la technologie SWOP&#x2122;, le cr\u00e8me photo-protecteur a la particularit\u00e9 d&rsquo;\u00eatre fabriqu\u00e9 comme une \u00e9mulsion d&rsquo;huile dans l&rsquo;eau (O\/W) qui se transforme en eau dans l&rsquo;huile (W \/ O) pendant l&rsquo;application, combinant les avantages d&rsquo;application des \u00e9mulsions O \/ W avec les avantages des soins de la peau des \u00e9mulsions W\/O.<\/p>\n<p>Cependant, une grande efficacit\u00e9 est insuffisante si les utilisateurs ne s&rsquo;appliquent pas le produit correctement ou ne se l&rsquo;appliquent pas du tout. Par cons\u00e9quent, la formulation a \u00e9t\u00e9 d\u00e9velopp\u00e9e en tenant compte des pr\u00e9f\u00e9rences sensorielles des consommateurs &#8211; bonne sensation sur la peau apr\u00e8s application, odeur agr\u00e9able &#8211; qui sont combin\u00e9es avec une s\u00e9curit\u00e9 maximale &#8211; filtres avec une grande mol\u00e9cule qui ne passent pas \u00e0 travers de la couche corn\u00e9e, incorporation de parfum non-allergique- afin d&rsquo;augmenter l&rsquo;acceptation et de r\u00e9duire le risque de non-adh\u00e9rence et d&rsquo;utilisation incorrecte.[\/vc_column_text][dfd_spacer screen_wide_spacer_size=\u00a0\u00bb40&Prime; screen_normal_resolution=\u00a0\u00bb1024&Prime; screen_tablet_resolution=\u00a0\u00bb800&Prime; screen_mobile_resolution=\u00a0\u00bb480&Prime;][\/vc_column][\/vc_row][vc_row dfd_row_config=\u00a0\u00bbfull_width_content\u00a0\u00bb force_equal_height_columns=\u00a0\u00bbmain_row\u00a0\u00bb css=\u00a0\u00bb.vc_custom_1559040563998{background-color: #ededed !important;}\u00a0\u00bb][vc_column width=\u00a0\u00bb1\/2&Prime; css=\u00a0\u00bb.vc_custom_1559758703051{margin-top: 0px !important;margin-right: 0px !important;margin-bottom: 0px !important;margin-left: 0px !important;padding-top: 0px !important;padding-right: 0px !important;padding-bottom: 0px !important;padding-left: 0px !important;}\u00a0\u00bb col_shadow=\u00a0\u00bbbox_shadow_enable:disable|shadow_horizontal:0|shadow_vertical:15|shadow_blur:50|shadow_spread:0|box_shadow_color:rgba(0%2C0%2C0%2C0.35)\u00a0\u00bb col_shadow_hover=\u00a0\u00bbbox_shadow_enable:disable|shadow_horizontal:0|shadow_vertical:15|shadow_blur:50|shadow_spread:0|box_shadow_color:rgba(0%2C0%2C0%2C0.35)\u00a0\u00bb][dfd_single_image image=\u00a0\u00bb2755&Prime;][\/vc_column][vc_column width=\u00a0\u00bb1\/2&Prime; dfd_column_responsive_enable=\u00a0\u00bbdfd-column-responsive-enable\u00a0\u00bb css=\u00a0\u00bb.vc_custom_1559039628159{padding-right: 80px !important;padding-left: 80px !important;}\u00a0\u00bb col_shadow=\u00a0\u00bbbox_shadow_enable:disable|shadow_horizontal:0|shadow_vertical:15|shadow_blur:50|shadow_spread:0|box_shadow_color:rgba(0%2C0%2C0%2C0.35)\u00a0\u00bb col_shadow_hover=\u00a0\u00bbbox_shadow_enable:disable|shadow_horizontal:0|shadow_vertical:15|shadow_blur:50|shadow_spread:0|box_shadow_color:rgba(0%2C0%2C0%2C0.35)\u00a0\u00bb responsive_styles=\u00a0\u00bbpadding_left_desktop:80|padding_right_desktop:80|padding_left_tablet:20|padding_right_tablet:20|padding_left_mobile:20|padding_right_mobile:20&Prime;][dfd_spacer screen_wide_spacer_size=\u00a0\u00bb40&Prime; screen_normal_resolution=\u00a0\u00bb1024&Prime; screen_tablet_resolution=\u00a0\u00bb800&Prime; screen_mobile_resolution=\u00a0\u00bb480&Prime;][dfd_heading subtitle=\u00a0\u00bb\u00a0\u00bb delimiter_settings=\u00a0\u00bbdelimiter_style:solid|delimiter_width:80|delimiter_height:3&Prime; undefined=\u00a0\u00bb\u00a0\u00bb title_font_options=\u00a0\u00bbtag:h2&Prime; subtitle_font_options=\u00a0\u00bbtag:div\u00a0\u00bb tutorials=\u00a0\u00bb\u00a0\u00bb]Technologie et efficacit\u00e9 + Pr\u00e9f\u00e9rence utilisateur + Connaissance de la r\u00e9alit\u00e9 et contexte = Cr\u00e8me solaire BEYOND[\/dfd_heading][dfd_spacer screen_wide_spacer_size=\u00a0\u00bb20&Prime; screen_normal_resolution=\u00a0\u00bb1024&Prime; screen_tablet_resolution=\u00a0\u00bb800&Prime; screen_mobile_resolution=\u00a0\u00bb480&Prime;][vc_column_text]Le cr\u00e8me adopte des noms diff\u00e9rents noms selon le pays o\u00f9 il est produit et distribu\u00e9: Kilimanjaro Suncare (KILISUN) en Tanzanie, UMOZI MAX au Malawi. Le produit est emball\u00e9 dans la langue locale pour une meilleure compr\u00e9hension de l&rsquo;utilisateur.<\/p>\n<p>Des \u00e9tudes comparatives sur l&rsquo;efficacit\u00e9 et la s\u00e9curit\u00e9 de UMOZI MAX para rapport aux \u00e9crans solaires actuels distribu\u00e9s dans les h\u00f4pitaux malawiens, ont donn\u00e9 des r\u00e9sultats bien meilleurs pour UMOZI MAX.<\/p>\n<p>L&rsquo;objectif est la production locale sur le terrain. Pour cette raison, d\u00e8s le d\u00e9but, notre but \u00e9tait de \u00e0 cr\u00e9er un produit de haute qualit\u00e9 facile \u00e0 fabriquer, sans m\u00e9thodes de fabrication compliqu\u00e9es qui pourraient mettre en p\u00e9ril la durabilit\u00e9 et l&rsquo;\u00e9volutivit\u00e9 de l&rsquo;id\u00e9e. Pour la production nous embauchons en priorit\u00e9 des personnes atteintes d&rsquo;albinisme.[\/vc_column_text][dfd_spacer screen_wide_spacer_size=\u00a0\u00bb40&Prime; screen_normal_resolution=\u00a0\u00bb1024&Prime; screen_tablet_resolution=\u00a0\u00bb800&Prime; screen_mobile_resolution=\u00a0\u00bb480&Prime;][\/vc_column][\/vc_row][vc_row][vc_column][rev_slider_vc alias=\u00a0\u00bbmade-in-africa-footer-frances\u00a0\u00bb][\/vc_column][\/vc_row]<\/p>\n","protected":false},"excerpt":{"rendered":"<p>[vc_row dfd_row_config=\u00a0\u00bbfull_width_content\u00a0\u00bb css=\u00a0\u00bb.vc_custom_1558606081725{background-color: #f0d65a !important;}\u00a0\u00bb][vc_column][rev_slider_vc alias=\u00a0\u00bbmade-in-africa-frances\u00a0\u00bb][\/vc_column][\/vc_row][vc_row css=\u00a0\u00bb.vc_custom_1558627907073{background-color: #f0d65a !important;}\u00a0\u00bb][vc_column css=\u00a0\u00bb.vc_custom_1559758774275{padding-right: 20px !important;padding-left: 20px !important;}\u00a0\u00bb col_shadow=\u00a0\u00bbbox_shadow_enable:disable|shadow_horizontal:0|shadow_vertical:15|shadow_blur:50|shadow_spread:0|box_shadow_color:rgba(0%2C0%2C0%2C0.35)\u00a0\u00bb col_shadow_hover=\u00a0\u00bbbox_shadow_enable:disable|shadow_horizontal:0|shadow_vertical:15|shadow_blur:50|shadow_spread:0|box_shadow_color:rgba(0%2C0%2C0%2C0.35)\u00a0\u00bb][dfd_spacer screen_wide_spacer_size=\u00a0\u00bb40&Prime; screen_normal_resolution=\u00a0\u00bb1024&Prime; screen_tablet_resolution=\u00a0\u00bb800&Prime; screen_mobile_resolution=\u00a0\u00bb480&Prime;][vc_column_text] La connaissance approfondie de la peau et de la r\u00e9alit\u00e9<\/p>\n","protected":false},"author":3,"featured_media":0,"parent":0,"menu_order":0,"comment_status":"closed","ping_status":"closed","template":"tmp-page.php","meta":{"give_campaign_id":0,"footnotes":""},"class_list":["post-4212","page","type-page","status-publish","hentry"],"yoast_head":"<title>Un \u00e9cran solaire fabriqu\u00e9 en Afrique pour les personnes atteintes d&#039;albinisme<\/title>\n<meta name=\"description\" content=\"Nous fabriquons le premier photoprotecteur sp\u00e9cialement con\u00e7u pour la pr\u00e9vention du cancer de la peau des personnes atteintes d&#039;albinisme en Afrique\" \/>\n<meta name=\"robots\" content=\"index, follow, max-snippet:-1, max-image-preview:large, max-video-preview:-1\" \/>\n<link rel=\"canonical\" href=\"https:\/\/beyondsuncare.org\/fr\/creme-solaire-made-in-africa\/\" \/>\n<meta property=\"og:locale\" content=\"fr_FR\" \/>\n<meta property=\"og:type\" content=\"article\" \/>\n<meta property=\"og:title\" content=\"Un \u00e9cran solaire fabriqu\u00e9 en Afrique pour les personnes atteintes d&#039;albinisme\" \/>\n<meta property=\"og:description\" content=\"Nous fabriquons le premier photoprotecteur sp\u00e9cialement con\u00e7u pour la pr\u00e9vention du cancer de la peau des personnes atteintes d&#039;albinisme en Afrique\" \/>\n<meta property=\"og:url\" content=\"https:\/\/beyondsuncare.org\/fr\/creme-solaire-made-in-africa\/\" \/>\n<meta property=\"og:site_name\" content=\"Beyond suncare\" \/>\n<meta property=\"article:publisher\" content=\"https:\/\/www.facebook.com\/beyondsuncare\" \/>\n<meta property=\"article:modified_time\" content=\"2019-07-09T18:03:32+00:00\" \/>\n<meta name=\"twitter:card\" content=\"summary_large_image\" \/>\n<meta name=\"twitter:site\" content=\"@beyondsuncare\" \/>\n<meta name=\"twitter:label1\" content=\"Dur\u00e9e de lecture estim\u00e9e\" \/>\n\t<meta name=\"twitter:data1\" content=\"8 minutes\" \/>\n<script type=\"application\/ld+json\" class=\"yoast-schema-graph\">{\"@context\":\"https:\/\/schema.org\",\"@graph\":[{\"@type\":\"WebPage\",\"@id\":\"https:\/\/beyondsuncare.org\/fr\/creme-solaire-made-in-africa\/\",\"url\":\"https:\/\/beyondsuncare.org\/fr\/creme-solaire-made-in-africa\/\",\"name\":\"Un \u00e9cran solaire fabriqu\u00e9 en Afrique pour les personnes atteintes d'albinisme\",\"isPartOf\":{\"@id\":\"https:\/\/beyondsuncare.org\/fr\/#website\"},\"datePublished\":\"2019-05-28T10:29:40+00:00\",\"dateModified\":\"2019-07-09T18:03:32+00:00\",\"description\":\"Nous fabriquons le premier photoprotecteur sp\u00e9cialement con\u00e7u pour la pr\u00e9vention du cancer de la peau des personnes atteintes d'albinisme en Afrique\",\"breadcrumb\":{\"@id\":\"https:\/\/beyondsuncare.org\/fr\/creme-solaire-made-in-africa\/#breadcrumb\"},\"inLanguage\":\"fr-FR\",\"potentialAction\":[{\"@type\":\"ReadAction\",\"target\":[\"https:\/\/beyondsuncare.org\/fr\/creme-solaire-made-in-africa\/\"]}]},{\"@type\":\"BreadcrumbList\",\"@id\":\"https:\/\/beyondsuncare.org\/fr\/creme-solaire-made-in-africa\/#breadcrumb\",\"itemListElement\":[{\"@type\":\"ListItem\",\"position\":1,\"name\":\"Portada\",\"item\":\"https:\/\/beyondsuncare.org\/fr\/\"},{\"@type\":\"ListItem\",\"position\":2,\"name\":\"Un cr\u00e8me solaire made in Afrique\"}]},{\"@type\":\"WebSite\",\"@id\":\"https:\/\/beyondsuncare.org\/fr\/#website\",\"url\":\"https:\/\/beyondsuncare.org\/fr\/\",\"name\":\"Beyond suncare\",\"description\":\"Desde hace m\u00e1s de 10 a\u00f1os trabajamos cada d\u00eda para asegurar que todas las personas con albinismo vivan protegidas frente al c\u00e1ncer de piel y todo tipo de discriminaci\u00f3n\",\"publisher\":{\"@id\":\"https:\/\/beyondsuncare.org\/fr\/#organization\"},\"potentialAction\":[{\"@type\":\"SearchAction\",\"target\":{\"@type\":\"EntryPoint\",\"urlTemplate\":\"https:\/\/beyondsuncare.org\/fr\/?s={search_term_string}\"},\"query-input\":{\"@type\":\"PropertyValueSpecification\",\"valueRequired\":true,\"valueName\":\"search_term_string\"}}],\"inLanguage\":\"fr-FR\"},{\"@type\":\"Organization\",\"@id\":\"https:\/\/beyondsuncare.org\/fr\/#organization\",\"name\":\"Beyond Suncare\",\"url\":\"https:\/\/beyondsuncare.org\/fr\/\",\"logo\":{\"@type\":\"ImageObject\",\"inLanguage\":\"fr-FR\",\"@id\":\"https:\/\/beyondsuncare.org\/fr\/#\/schema\/logo\/image\/\",\"url\":\"https:\/\/beyondsuncare.org\/wp-content\/uploads\/2019\/04\/beyond-suncare-fondo-transparente.png\",\"contentUrl\":\"https:\/\/beyondsuncare.org\/wp-content\/uploads\/2019\/04\/beyond-suncare-fondo-transparente.png\",\"width\":218,\"height\":80,\"caption\":\"Beyond Suncare\"},\"image\":{\"@id\":\"https:\/\/beyondsuncare.org\/fr\/#\/schema\/logo\/image\/\"},\"sameAs\":[\"https:\/\/www.facebook.com\/beyondsuncare\",\"https:\/\/x.com\/beyondsuncare\",\"https:\/\/www.instagram.com\/beyond_suncare\/\",\"https:\/\/www.linkedin.com\/company\/beyond-suncare\/\"]}]}<\/script>","yoast_head_json":{"title":"Un \u00e9cran solaire fabriqu\u00e9 en Afrique pour les personnes atteintes d'albinisme","description":"Nous fabriquons le premier photoprotecteur sp\u00e9cialement con\u00e7u pour la pr\u00e9vention du cancer de la peau des personnes atteintes d'albinisme en Afrique","robots":{"index":"index","follow":"follow","max-snippet":"max-snippet:-1","max-image-preview":"max-image-preview:large","max-video-preview":"max-video-preview:-1"},"canonical":"https:\/\/beyondsuncare.org\/fr\/creme-solaire-made-in-africa\/","og_locale":"fr_FR","og_type":"article","og_title":"Un \u00e9cran solaire fabriqu\u00e9 en Afrique pour les personnes atteintes d'albinisme","og_description":"Nous fabriquons le premier photoprotecteur sp\u00e9cialement con\u00e7u pour la pr\u00e9vention du cancer de la peau des personnes atteintes d'albinisme en Afrique","og_url":"https:\/\/beyondsuncare.org\/fr\/creme-solaire-made-in-africa\/","og_site_name":"Beyond suncare","article_publisher":"https:\/\/www.facebook.com\/beyondsuncare","article_modified_time":"2019-07-09T18:03:32+00:00","twitter_card":"summary_large_image","twitter_site":"@beyondsuncare","twitter_misc":{"Dur\u00e9e de lecture estim\u00e9e":"8 minutes"},"schema":{"@context":"https:\/\/schema.org","@graph":[{"@type":"WebPage","@id":"https:\/\/beyondsuncare.org\/fr\/creme-solaire-made-in-africa\/","url":"https:\/\/beyondsuncare.org\/fr\/creme-solaire-made-in-africa\/","name":"Un \u00e9cran solaire fabriqu\u00e9 en Afrique pour les personnes atteintes d'albinisme","isPartOf":{"@id":"https:\/\/beyondsuncare.org\/fr\/#website"},"datePublished":"2019-05-28T10:29:40+00:00","dateModified":"2019-07-09T18:03:32+00:00","description":"Nous fabriquons le premier photoprotecteur sp\u00e9cialement con\u00e7u pour la pr\u00e9vention du cancer de la peau des personnes atteintes d'albinisme en Afrique","breadcrumb":{"@id":"https:\/\/beyondsuncare.org\/fr\/creme-solaire-made-in-africa\/#breadcrumb"},"inLanguage":"fr-FR","potentialAction":[{"@type":"ReadAction","target":["https:\/\/beyondsuncare.org\/fr\/creme-solaire-made-in-africa\/"]}]},{"@type":"BreadcrumbList","@id":"https:\/\/beyondsuncare.org\/fr\/creme-solaire-made-in-africa\/#breadcrumb","itemListElement":[{"@type":"ListItem","position":1,"name":"Portada","item":"https:\/\/beyondsuncare.org\/fr\/"},{"@type":"ListItem","position":2,"name":"Un cr\u00e8me solaire made in Afrique"}]},{"@type":"WebSite","@id":"https:\/\/beyondsuncare.org\/fr\/#website","url":"https:\/\/beyondsuncare.org\/fr\/","name":"Beyond suncare","description":"Desde hace m\u00e1s de 10 a\u00f1os trabajamos cada d\u00eda para asegurar que todas las personas con albinismo vivan protegidas frente al c\u00e1ncer de piel y todo tipo de discriminaci\u00f3n","publisher":{"@id":"https:\/\/beyondsuncare.org\/fr\/#organization"},"potentialAction":[{"@type":"SearchAction","target":{"@type":"EntryPoint","urlTemplate":"https:\/\/beyondsuncare.org\/fr\/?s={search_term_string}"},"query-input":{"@type":"PropertyValueSpecification","valueRequired":true,"valueName":"search_term_string"}}],"inLanguage":"fr-FR"},{"@type":"Organization","@id":"https:\/\/beyondsuncare.org\/fr\/#organization","name":"Beyond Suncare","url":"https:\/\/beyondsuncare.org\/fr\/","logo":{"@type":"ImageObject","inLanguage":"fr-FR","@id":"https:\/\/beyondsuncare.org\/fr\/#\/schema\/logo\/image\/","url":"https:\/\/beyondsuncare.org\/wp-content\/uploads\/2019\/04\/beyond-suncare-fondo-transparente.png","contentUrl":"https:\/\/beyondsuncare.org\/wp-content\/uploads\/2019\/04\/beyond-suncare-fondo-transparente.png","width":218,"height":80,"caption":"Beyond Suncare"},"image":{"@id":"https:\/\/beyondsuncare.org\/fr\/#\/schema\/logo\/image\/"},"sameAs":["https:\/\/www.facebook.com\/beyondsuncare","https:\/\/x.com\/beyondsuncare","https:\/\/www.instagram.com\/beyond_suncare\/","https:\/\/www.linkedin.com\/company\/beyond-suncare\/"]}]}},"campaignId":"","_links":{"self":[{"href":"https:\/\/beyondsuncare.org\/fr\/wp-json\/wp\/v2\/pages\/4212","targetHints":{"allow":["GET"]}}],"collection":[{"href":"https:\/\/beyondsuncare.org\/fr\/wp-json\/wp\/v2\/pages"}],"about":[{"href":"https:\/\/beyondsuncare.org\/fr\/wp-json\/wp\/v2\/types\/page"}],"author":[{"embeddable":true,"href":"https:\/\/beyondsuncare.org\/fr\/wp-json\/wp\/v2\/users\/3"}],"replies":[{"embeddable":true,"href":"https:\/\/beyondsuncare.org\/fr\/wp-json\/wp\/v2\/comments?post=4212"}],"version-history":[{"count":3,"href":"https:\/\/beyondsuncare.org\/fr\/wp-json\/wp\/v2\/pages\/4212\/revisions"}],"predecessor-version":[{"id":4266,"href":"https:\/\/beyondsuncare.org\/fr\/wp-json\/wp\/v2\/pages\/4212\/revisions\/4266"}],"wp:attachment":[{"href":"https:\/\/beyondsuncare.org\/fr\/wp-json\/wp\/v2\/media?parent=4212"}],"curies":[{"name":"wp","href":"https:\/\/api.w.org\/{rel}","templated":true}]}}