{"id":4210,"date":"2019-04-12T09:37:12","date_gmt":"2019-04-12T09:37:12","guid":{"rendered":"https:\/\/beyondsuncare.org\/hazte-voluntario\/"},"modified":"2019-07-10T09:10:11","modified_gmt":"2019-07-10T09:10:11","slug":"je-deviens-benevole","status":"publish","type":"page","link":"https:\/\/beyondsuncare.org\/fr\/je-deviens-benevole\/","title":{"rendered":"Je deviens b\u00e9n\u00e9vole"},"content":{"rendered":"<p>[vc_row][vc_column][rev_slider_vc alias=\u00a0\u00bbvoluntario-frances\u00a0\u00bb][\/vc_column][\/vc_row][vc_row css=\u00a0\u00bb.vc_custom_1559931854762{padding-right: 20px !important;padding-left: 20px !important;}\u00a0\u00bb][vc_column][dfd_spacer screen_wide_spacer_size=\u00a0\u00bb40&Prime; screen_normal_resolution=\u00a0\u00bb1024&Prime; screen_tablet_resolution=\u00a0\u00bb800&Prime; screen_mobile_resolution=\u00a0\u00bb480&Prime;][vc_column_text]Sans l&rsquo;engagement et le d\u00e9vouement de dizaines de b\u00e9n\u00e9voles, nous n&rsquo;aurions pas pu changer la vie de plus de 3500 familles. Devenez b\u00e9n\u00e9vole avec Beyond Suncare et ensemble, nous continuerons \u00e0 changer l&rsquo;avenir.[\/vc_column_text][dfd_spacer screen_wide_spacer_size=\u00a0\u00bb40&Prime; screen_normal_resolution=\u00a0\u00bb1024&Prime; screen_tablet_resolution=\u00a0\u00bb800&Prime; screen_mobile_resolution=\u00a0\u00bb480&Prime;][dfd_heading subtitle=\u00a0\u00bb\u00a0\u00bb delimiter_settings=\u00a0\u00bbdelimiter_style:solid|delimiter_width:80|delimiter_height:3&Prime; undefined=\u00a0\u00bb\u00a0\u00bb title_font_options=\u00a0\u00bbtag:h2|font_style_bold:1&Prime; subtitle_font_options=\u00a0\u00bbtag:div\u00a0\u00bb tutorials=\u00a0\u00bb\u00a0\u00bb]TYPES D&rsquo;ACTIONS B\u00c9N\u00c9VOLES[\/dfd_heading][dfd_spacer screen_wide_spacer_size=\u00a0\u00bb20&Prime; screen_normal_resolution=\u00a0\u00bb1024&Prime; screen_tablet_resolution=\u00a0\u00bb800&Prime; screen_mobile_resolution=\u00a0\u00bb480&Prime;][vc_column_text]<\/p>\n<p style=\"text-align: center;\">Partagez votre temps, vos connaissances et votre exp\u00e9rience. Nous avons besoin de collaborateurs dans divers domaines et projets.<\/p>\n<p>[\/vc_column_text][dfd_spacer screen_wide_spacer_size=\u00a0\u00bb20&Prime; screen_normal_resolution=\u00a0\u00bb1024&Prime; screen_tablet_resolution=\u00a0\u00bb800&Prime; screen_mobile_resolution=\u00a0\u00bb480&Prime;][\/vc_column][\/vc_row][vc_row css=\u00a0\u00bb.vc_custom_1559931763018{padding-right: 20px !important;padding-left: 20px !important;}\u00a0\u00bb][vc_column width=\u00a0\u00bb1\/2&Prime;][dfd_icon_list list_fields=\u00a0\u00bb%5B%7B%22icon_type%22%3A%22selector%22%2C%22select_icon%22%3A%22dfd_icons%22%2C%22ic_dfd_icons%22%3A%22dfd-socicon-loader%22%2C%22text_content%22%3A%22SUPPORT%20POUR%20DES%20T%C3%82CHES%20ADMINISTRATIVES%22%7D%2C%7B%22icon_type%22%3A%22selector%22%2C%22select_icon%22%3A%22dfd_icons%22%2C%22ic_dfd_icons%22%3A%22dfd-socicon-loader%22%2C%22text_content%22%3A%22CONCEPTION%20GRAPHIQUE%22%7D%2C%7B%22icon_type%22%3A%22selector%22%2C%22select_icon%22%3A%22dfd_icons%22%2C%22ic_dfd_icons%22%3A%22dfd-socicon-loader%22%2C%22text_content%22%3A%22COLLABORATION%20POUR%20L&rsquo;ORGANISATION%20D&rsquo;%C3%89V%C3%89NEMENTS%22%7D%2C%7B%22icon_type%22%3A%22selector%22%2C%22select_icon%22%3A%22dfd_icons%22%2C%22ic_dfd_icons%22%3A%22dfd-socicon-loader%22%2C%22text_content%22%3A%22EXPERTS%20EN%20MARKETING%20EN%20LIGNE%22%7D%2C%7B%22icon_type%22%3A%22selector%22%2C%22select_icon%22%3A%22dfd_icons%22%2C%22ic_dfd_icons%22%3A%22dfd-socicon-loader%22%2C%22text_content%22%3A%22TRADUCTEURS%20ET%20STORYTELLERS%22%7D%5D\u00a0\u00bb main_style=\u00a0\u00bbstyle-1&Prime; font_options=\u00a0\u00bbtag:div|font_size:18|color:%23000000&Prime; icon_size=\u00a0\u00bb25&Prime; icon_color=\u00a0\u00bb#f0d65a\u00a0\u00bb tutorials=\u00a0\u00bb\u00a0\u00bb][\/vc_column][vc_column width=\u00a0\u00bb1\/2&Prime;][dfd_icon_list list_fields=\u00a0\u00bb%5B%7B%22icon_type%22%3A%22selector%22%2C%22select_icon%22%3A%22dfd_icons%22%2C%22ic_dfd_icons%22%3A%22dfd-socicon-loader%22%2C%22text_content%22%3A%22EXPERTS%20EN%20COLLECTE%20DE%20FONDS%22%7D%2C%7B%22icon_type%22%3A%22selector%22%2C%22select_icon%22%3A%22dfd_icons%22%2C%22ic_dfd_icons%22%3A%22dfd-socicon-loader%22%2C%22text_content%22%3A%22PHARMACIENS%20ET%20COSM%C3%89TOLOGUES%20%22%7D%2C%7B%22icon_type%22%3A%22selector%22%2C%22select_icon%22%3A%22dfd_icons%22%2C%22ic_dfd_icons%22%3A%22dfd-socicon-loader%22%2C%22text_content%22%3A%22DERMATOLOGUES%22%7D%2C%7B%22icon_type%22%3A%22selector%22%2C%22select_icon%22%3A%22dfd_icons%22%2C%22ic_dfd_icons%22%3A%22dfd-socicon-loader%22%2C%22text_content%22%3A%22PHOTOGRAPHIE%20ET%20VID%C3%89O%22%7D%2C%7B%22icon_type%22%3A%22selector%22%2C%22select_icon%22%3A%22dfd_icons%22%2C%22ic_dfd_icons%22%3A%22dfd-socicon-loader%22%2C%22text_content%22%3A%22EXPERTS%20EN%20STATISTIQUES%22%7D%5D\u00a0\u00bb main_style=\u00a0\u00bbstyle-1&Prime; font_options=\u00a0\u00bbtag:div|font_size:18|color:%23000000&Prime; icon_size=\u00a0\u00bb25&Prime; icon_color=\u00a0\u00bb#f0d65a\u00a0\u00bb tutorials=\u00a0\u00bb\u00a0\u00bb][dfd_spacer screen_wide_spacer_size=\u00a0\u00bb40&Prime; screen_normal_resolution=\u00a0\u00bb1024&Prime; screen_tablet_resolution=\u00a0\u00bb800&Prime; screen_mobile_resolution=\u00a0\u00bb480&Prime;][\/vc_column][\/vc_row][vc_row][vc_column css=\u00a0\u00bb.vc_custom_1559931874193{padding-right: 20px !important;padding-left: 20px !important;}\u00a0\u00bb col_shadow=\u00a0\u00bbbox_shadow_enable:disable|shadow_horizontal:0|shadow_vertical:15|shadow_blur:50|shadow_spread:0|box_shadow_color:rgba(0%2C0%2C0%2C0.35)\u00a0\u00bb col_shadow_hover=\u00a0\u00bbbox_shadow_enable:disable|shadow_horizontal:0|shadow_vertical:15|shadow_blur:50|shadow_spread:0|box_shadow_color:rgba(0%2C0%2C0%2C0.35)\u00a0\u00bb][dfd_spacer screen_wide_spacer_size=\u00a0\u00bb40&Prime; screen_normal_resolution=\u00a0\u00bb1024&Prime; screen_tablet_resolution=\u00a0\u00bb800&Prime; screen_mobile_resolution=\u00a0\u00bb480&Prime;][dfd_heading subtitle=\u00a0\u00bb\u00a0\u00bb delimiter_settings=\u00a0\u00bbdelimiter_style:solid|delimiter_width:80|delimiter_height:3&Prime; undefined=\u00a0\u00bb\u00a0\u00bb title_font_options=\u00a0\u00bbtag:h2&Prime; subtitle_font_options=\u00a0\u00bbtag:div\u00a0\u00bb tutorials=\u00a0\u00bb\u00a0\u00bb]AGIR AVEC NOUS[\/dfd_heading][dfd_spacer screen_wide_spacer_size=\u00a0\u00bb40&Prime; screen_normal_resolution=\u00a0\u00bb1024&Prime; screen_tablet_resolution=\u00a0\u00bb800&Prime; screen_mobile_resolution=\u00a0\u00bb480&Prime;][vc_row_inner][vc_column_inner width=\u00a0\u00bb1\/2&Prime;][vc_column_text]Nous avons besoin de collaborateurs dans divers domaines et projets. Si vous voulez nous aider avec nos projets n&rsquo;h\u00e9sitez pas \u00e0 nous envoyer un e-mail avec votre CV et lettre de pr\u00e9sentation et nous vous contacterons d\u00e8s que possible.[\/vc_column_text][dfd_spacer screen_wide_spacer_size=\u00a0\u00bb40&Prime; screen_normal_resolution=\u00a0\u00bb1024&Prime; screen_tablet_resolution=\u00a0\u00bb800&Prime; screen_mobile_resolution=\u00a0\u00bb480&Prime;]\n<div class=\"wpcf7 no-js\" id=\"wpcf7-f4273-o1\" lang=\"\" dir=\"ltr\" data-wpcf7-id=\"4273\">\n<div class=\"screen-reader-response\"><p role=\"status\" aria-live=\"polite\" aria-atomic=\"true\"><\/p> <ul><\/ul><\/div>\n<form action=\"\/fr\/wp-json\/wp\/v2\/pages\/4210#wpcf7-f4273-o1\" method=\"post\" class=\"wpcf7-form init\" aria-label=\"Formulaire de contact\" enctype=\"multipart\/form-data\" novalidate=\"novalidate\" data-status=\"init\">\n<fieldset class=\"hidden-fields-container\"><input type=\"hidden\" name=\"_wpcf7\" value=\"4273\" \/><input type=\"hidden\" name=\"_wpcf7_version\" value=\"6.1.4\" \/><input type=\"hidden\" name=\"_wpcf7_locale\" value=\"\" \/><input type=\"hidden\" name=\"_wpcf7_unit_tag\" value=\"wpcf7-f4273-o1\" \/><input type=\"hidden\" name=\"_wpcf7_container_post\" value=\"0\" \/><input type=\"hidden\" name=\"_wpcf7_posted_data_hash\" value=\"\" \/><input type=\"hidden\" name=\"_wpcf7cf_hidden_group_fields\" value=\"[]\" \/><input type=\"hidden\" name=\"_wpcf7cf_hidden_groups\" value=\"[]\" \/><input type=\"hidden\" name=\"_wpcf7cf_visible_groups\" value=\"[]\" \/><input type=\"hidden\" name=\"_wpcf7cf_repeaters\" value=\"[]\" \/><input type=\"hidden\" name=\"_wpcf7cf_steps\" value=\"{}\" \/><input type=\"hidden\" name=\"_wpcf7cf_options\" value=\"{&quot;form_id&quot;:4273,&quot;conditions&quot;:[],&quot;settings&quot;:{&quot;animation&quot;:&quot;yes&quot;,&quot;animation_intime&quot;:200,&quot;animation_outtime&quot;:200,&quot;conditions_ui&quot;:&quot;normal&quot;,&quot;notice_dismissed&quot;:false,&quot;notice_dismissed_rollback-cf7-6.0.4&quot;:true}}\" \/><input type=\"hidden\" name=\"_wpcf7_recaptcha_response\" value=\"\" \/>\n<\/fieldset>\n<p><label> Nom et pr\u00e9nom<br \/>\n<span class=\"wpcf7-form-control-wrap\" data-name=\"your-name\"><input size=\"40\" maxlength=\"400\" class=\"wpcf7-form-control wpcf7-text wpcf7-validates-as-required\" aria-required=\"true\" aria-invalid=\"false\" value=\"\" type=\"text\" name=\"your-name\" \/><\/span> <\/label>\n<\/p>\n<p><label> Email<br \/>\n<span class=\"wpcf7-form-control-wrap\" data-name=\"your-email\"><input size=\"40\" maxlength=\"400\" class=\"wpcf7-form-control wpcf7-email wpcf7-validates-as-required wpcf7-text wpcf7-validates-as-email\" aria-required=\"true\" aria-invalid=\"false\" value=\"\" type=\"email\" name=\"your-email\" \/><\/span> <\/label>\n<\/p>\n<p><label> CV<br \/>\n<span class=\"wpcf7-form-control-wrap\" data-name=\"cv\"><input size=\"40\" class=\"wpcf7-form-control wpcf7-file wpcf7-validates-as-required\" accept=\"audio\/*,video\/*,image\/*\" aria-required=\"true\" aria-invalid=\"false\" type=\"file\" name=\"cv\" \/><\/span> <\/label>\n<\/p>\n<p><label> Lettre de pr\u00e9sentation<br \/>\n<span class=\"wpcf7-form-control-wrap\" data-name=\"carta\"><input size=\"40\" class=\"wpcf7-form-control wpcf7-file\" accept=\"audio\/*,video\/*,image\/*\" aria-invalid=\"false\" type=\"file\" name=\"carta\" \/><\/span> <\/label>\n<\/p>\n<p><label> Votre message<br \/>\n<span class=\"wpcf7-form-control-wrap\" data-name=\"your-message\"><textarea cols=\"40\" rows=\"10\" maxlength=\"2000\" class=\"wpcf7-form-control wpcf7-textarea\" aria-invalid=\"false\" name=\"your-message\"><\/textarea><\/span> <\/label>\n<\/p>\n<p>[mc4wp_checkbox]\n<\/p>\n<p><span class=\"wpcf7-form-control-wrap\" data-name=\"checkbox-470\"><span class=\"wpcf7-form-control wpcf7-checkbox wpcf7-validates-as-required\"><span class=\"wpcf7-list-item first last\"><input type=\"checkbox\" name=\"checkbox-470[]\" value=\"J&#039;accepte les conditions, en accord avec la politique de confidentialit\u00e9\" \/><span class=\"wpcf7-list-item-label\">J&#039;accepte les conditions, en accord avec la politique de confidentialit\u00e9<\/span><\/span><\/span><\/span>\n<\/p>\n<p style=\"font-size:12px;margin-bottom:0;line-height:18px;\"><strong>Gestionnaire du fichier <\/strong>: Beyond Suncare\n<\/p>\n<p style=\"font-size:12px;margin-bottom:0;line-height:18px;\"><strong>Objectif <\/strong>: G\u00e9rer et traiter votre demande et vous envoyer des informations - par email - sur les activit\u00e9s, les \u00e9v\u00e9nements et les actions\n<\/p>\n<p style=\"font-size:12px;margin-bottom:0;line-height:18px;\"><strong>L\u00e9gitimation <\/strong>: Consentement\n<\/p>\n<p style=\"font-size:12px;margin-bottom:0;line-height:18px;\"><strong>Destinataires <\/strong>: Les donn\u00e9es ne seront pas communiqu\u00e9es \u00e0 des tiers, \u00e0 l'exception de Mailchimp, dans les cas indiqu\u00e9s dans notre <a target=\"_blank\" href=\"\/fr\/politique-de-confidentialite\/\" style=\"text-decoration:underline\">politique de confidentialit\u00e9<\/a>.\n<\/p>\n<p style=\"font-size:12px;margin-bottom:0;line-height:18px;\"><strong>Droits <\/strong>: Acc\u00e9dez, rectifiez et supprimez les donn\u00e9es, ainsi que d'autres droits, comme expliqu\u00e9 dans l'information suppl\u00e9mentaire.\n<\/p>\n<p style=\"font-size:12px;margin-bottom:0;line-height:18px;\">En savoir plus sur notre <a target=\"_blank\" href=\"\/fr\/politique-de-confidentialite\/\" style=\"text-decoration:underline\">politique de confidentialit\u00e9<\/a>.\n<\/p>\n<p>&nbsp;\n<\/p>\n<p><input class=\"wpcf7-form-control wpcf7-submit has-spinner\" type=\"submit\" value=\"Envoyer\" \/>\n<\/p><div class=\"wpcf7-response-output\" aria-hidden=\"true\"><\/div>\n<\/form>\n<\/div>\n[\/vc_column_inner][vc_column_inner width=\u00a0\u00bb1\/2&Prime;][dfd_spacer screen_wide_spacer_size=\u00a0\u00bb40&Prime; screen_normal_resolution=\u00a0\u00bb1024&Prime; screen_tablet_resolution=\u00a0\u00bb800&Prime; screen_mobile_resolution=\u00a0\u00bb480&Prime;][dfd_info_banner style=\u00a0\u00bbstyle-26&Prime; img_width=\u00a0\u00bb225&Prime; img_height=\u00a0\u00bb225&Prime; title=\u00a0\u00bb\u00a0\u00bb subtitle=\u00a0\u00bb\u201cFaire partie de ce projet m&rsquo;a non seulement aid\u00e9 \u00e0 proposer mes services en tant que traductrice b\u00e9n\u00e9vole afin que la situation des enfants atteints d&rsquo;albinisme soit connue, mais aussi \u00e0 mettre mon grain de sable pour garantir leur droit de vivre une enfance dans un environnement s\u00fbr.\u201d\u00a0\u00bb banner_content=\u00a0\u00bbFlorencia Ruiz, b\u00e9n\u00e9vole\u00a0\u00bb read_more=\u00a0\u00bbbox\u00a0\u00bb image=\u00a0\u00bb3135&Prime; title_font_options=\u00a0\u00bbtag:div\u00a0\u00bb subtitle_font_options=\u00a0\u00bbtag:div|font_size:18|color:%23000000|line_height:24|font_style_italic:1&Prime; font_options=\u00a0\u00bbtag:div|font_style_bold:1&Prime; link=\u00a0\u00bburl:https%3A%2F%2Fbeyondsuncare.org%2Fdona%2F|title:Dona||\u00a0\u00bb thumb_radius=\u00a0\u00bb225&Prime; tutorials=\u00a0\u00bb\u00a0\u00bb][dfd_spacer screen_wide_spacer_size=\u00a0\u00bb40&Prime; screen_normal_resolution=\u00a0\u00bb1024&Prime; screen_tablet_resolution=\u00a0\u00bb800&Prime; screen_mobile_resolution=\u00a0\u00bb480&Prime;][dfd_info_banner style=\u00a0\u00bbstyle-26&Prime; img_width=\u00a0\u00bb225&Prime; img_height=\u00a0\u00bb225&Prime; title=\u00a0\u00bb\u00a0\u00bb subtitle=\u00a0\u00bb\u201cIl y a de nombreuses raisons d&rsquo;\u00eatre b\u00e9n\u00e9vole. Pour moi, collaborer avec BeyondSuncare dans le domaine de la communication, c&rsquo;est unir deux choses importantes pour moi : le pouvoir de la communication et le devoir en tant que personne de quitter ce monde un peu mieux que je ne l&rsquo;ai trouv\u00e9\u201d\u00a0\u00bb banner_content=\u00a0\u00bbMontse, b\u00e9n\u00e9vole\u00a0\u00bb read_more=\u00a0\u00bbbox\u00a0\u00bb image=\u00a0\u00bb3603&Prime; title_font_options=\u00a0\u00bbtag:div\u00a0\u00bb subtitle_font_options=\u00a0\u00bbtag:div|font_size:18|color:%23000000|line_height:24|font_style_italic:1&Prime; font_options=\u00a0\u00bbtag:div|font_style_bold:1&Prime; link=\u00a0\u00bburl:https%3A%2F%2Fbeyondsuncare.org%2Fdona%2F|title:Dona||\u00a0\u00bb thumb_radius=\u00a0\u00bb300&Prime; tutorials=\u00a0\u00bb\u00a0\u00bb][dfd_spacer screen_wide_spacer_size=\u00a0\u00bb40&Prime; screen_normal_resolution=\u00a0\u00bb1024&Prime; screen_tablet_resolution=\u00a0\u00bb800&Prime; screen_mobile_resolution=\u00a0\u00bb480&Prime;][\/vc_column_inner][\/vc_row_inner][dfd_spacer screen_wide_spacer_size=\u00a0\u00bb40&Prime; screen_normal_resolution=\u00a0\u00bb1024&Prime; screen_tablet_resolution=\u00a0\u00bb800&Prime; screen_mobile_resolution=\u00a0\u00bb480&Prime;][\/vc_column][\/vc_row]<\/p>\n","protected":false},"excerpt":{"rendered":"<p>[vc_row][vc_column][rev_slider_vc alias=\u00a0\u00bbvoluntario-frances\u00a0\u00bb][\/vc_column][\/vc_row][vc_row css=\u00a0\u00bb.vc_custom_1559931854762{padding-right: 20px !important;padding-left: 20px !important;}\u00a0\u00bb][vc_column][dfd_spacer screen_wide_spacer_size=\u00a0\u00bb40&Prime; screen_normal_resolution=\u00a0\u00bb1024&Prime; screen_tablet_resolution=\u00a0\u00bb800&Prime; screen_mobile_resolution=\u00a0\u00bb480&Prime;][vc_column_text]Sans l&rsquo;engagement et le d\u00e9vouement de dizaines de b\u00e9n\u00e9voles, nous n&rsquo;aurions pas pu changer la vie de plus de 3500<\/p>\n","protected":false},"author":3,"featured_media":0,"parent":0,"menu_order":0,"comment_status":"closed","ping_status":"closed","template":"tmp-page.php","meta":{"give_campaign_id":0,"footnotes":""},"class_list":["post-4210","page","type-page","status-publish","hentry"],"yoast_head":"<title>Devenez b\u00e9n\u00e9vole de Beyond Suncare<\/title>\n<meta name=\"description\" content=\"Toute l&#039;aide est la bienvenue, devenez b\u00e9n\u00e9vole de Beyond Suncare et ensemble, nous continuons \u00e0 changer l&#039;avenir\" \/>\n<meta name=\"robots\" content=\"index, follow, max-snippet:-1, max-image-preview:large, max-video-preview:-1\" \/>\n<link rel=\"canonical\" href=\"https:\/\/beyondsuncare.org\/fr\/je-deviens-benevole\/\" \/>\n<meta property=\"og:locale\" content=\"fr_FR\" \/>\n<meta property=\"og:type\" content=\"article\" \/>\n<meta property=\"og:title\" content=\"Devenez b\u00e9n\u00e9vole de Beyond Suncare\" \/>\n<meta property=\"og:description\" content=\"Toute l&#039;aide est la bienvenue, devenez b\u00e9n\u00e9vole de Beyond Suncare et ensemble, nous continuons \u00e0 changer l&#039;avenir\" \/>\n<meta property=\"og:url\" content=\"https:\/\/beyondsuncare.org\/fr\/je-deviens-benevole\/\" \/>\n<meta property=\"og:site_name\" content=\"Beyond suncare\" \/>\n<meta property=\"article:publisher\" content=\"https:\/\/www.facebook.com\/beyondsuncare\" \/>\n<meta property=\"article:modified_time\" content=\"2019-07-10T09:10:11+00:00\" \/>\n<meta name=\"twitter:card\" content=\"summary_large_image\" \/>\n<meta name=\"twitter:site\" content=\"@beyondsuncare\" \/>\n<meta name=\"twitter:label1\" content=\"Dur\u00e9e de lecture estim\u00e9e\" \/>\n\t<meta name=\"twitter:data1\" content=\"5 minutes\" \/>\n<script type=\"application\/ld+json\" class=\"yoast-schema-graph\">{\"@context\":\"https:\/\/schema.org\",\"@graph\":[{\"@type\":\"WebPage\",\"@id\":\"https:\/\/beyondsuncare.org\/fr\/je-deviens-benevole\/\",\"url\":\"https:\/\/beyondsuncare.org\/fr\/je-deviens-benevole\/\",\"name\":\"Devenez b\u00e9n\u00e9vole de Beyond Suncare\",\"isPartOf\":{\"@id\":\"https:\/\/beyondsuncare.org\/fr\/#website\"},\"datePublished\":\"2019-04-12T09:37:12+00:00\",\"dateModified\":\"2019-07-10T09:10:11+00:00\",\"description\":\"Toute l'aide est la bienvenue, devenez b\u00e9n\u00e9vole de Beyond Suncare et ensemble, nous continuons \u00e0 changer l'avenir\",\"breadcrumb\":{\"@id\":\"https:\/\/beyondsuncare.org\/fr\/je-deviens-benevole\/#breadcrumb\"},\"inLanguage\":\"fr-FR\",\"potentialAction\":[{\"@type\":\"ReadAction\",\"target\":[\"https:\/\/beyondsuncare.org\/fr\/je-deviens-benevole\/\"]}]},{\"@type\":\"BreadcrumbList\",\"@id\":\"https:\/\/beyondsuncare.org\/fr\/je-deviens-benevole\/#breadcrumb\",\"itemListElement\":[{\"@type\":\"ListItem\",\"position\":1,\"name\":\"Portada\",\"item\":\"https:\/\/beyondsuncare.org\/fr\/\"},{\"@type\":\"ListItem\",\"position\":2,\"name\":\"Je deviens b\u00e9n\u00e9vole\"}]},{\"@type\":\"WebSite\",\"@id\":\"https:\/\/beyondsuncare.org\/fr\/#website\",\"url\":\"https:\/\/beyondsuncare.org\/fr\/\",\"name\":\"Beyond suncare\",\"description\":\"Desde hace m\u00e1s de 10 a\u00f1os trabajamos cada d\u00eda para asegurar que todas las personas con albinismo vivan protegidas frente al c\u00e1ncer de piel y todo tipo de discriminaci\u00f3n\",\"publisher\":{\"@id\":\"https:\/\/beyondsuncare.org\/fr\/#organization\"},\"potentialAction\":[{\"@type\":\"SearchAction\",\"target\":{\"@type\":\"EntryPoint\",\"urlTemplate\":\"https:\/\/beyondsuncare.org\/fr\/?s={search_term_string}\"},\"query-input\":{\"@type\":\"PropertyValueSpecification\",\"valueRequired\":true,\"valueName\":\"search_term_string\"}}],\"inLanguage\":\"fr-FR\"},{\"@type\":\"Organization\",\"@id\":\"https:\/\/beyondsuncare.org\/fr\/#organization\",\"name\":\"Beyond Suncare\",\"url\":\"https:\/\/beyondsuncare.org\/fr\/\",\"logo\":{\"@type\":\"ImageObject\",\"inLanguage\":\"fr-FR\",\"@id\":\"https:\/\/beyondsuncare.org\/fr\/#\/schema\/logo\/image\/\",\"url\":\"https:\/\/beyondsuncare.org\/wp-content\/uploads\/2019\/04\/beyond-suncare-fondo-transparente.png\",\"contentUrl\":\"https:\/\/beyondsuncare.org\/wp-content\/uploads\/2019\/04\/beyond-suncare-fondo-transparente.png\",\"width\":218,\"height\":80,\"caption\":\"Beyond Suncare\"},\"image\":{\"@id\":\"https:\/\/beyondsuncare.org\/fr\/#\/schema\/logo\/image\/\"},\"sameAs\":[\"https:\/\/www.facebook.com\/beyondsuncare\",\"https:\/\/x.com\/beyondsuncare\",\"https:\/\/www.instagram.com\/beyond_suncare\/\",\"https:\/\/www.linkedin.com\/company\/beyond-suncare\/\"]}]}<\/script>","yoast_head_json":{"title":"Devenez b\u00e9n\u00e9vole de Beyond Suncare","description":"Toute l'aide est la bienvenue, devenez b\u00e9n\u00e9vole de Beyond Suncare et ensemble, nous continuons \u00e0 changer l'avenir","robots":{"index":"index","follow":"follow","max-snippet":"max-snippet:-1","max-image-preview":"max-image-preview:large","max-video-preview":"max-video-preview:-1"},"canonical":"https:\/\/beyondsuncare.org\/fr\/je-deviens-benevole\/","og_locale":"fr_FR","og_type":"article","og_title":"Devenez b\u00e9n\u00e9vole de Beyond Suncare","og_description":"Toute l'aide est la bienvenue, devenez b\u00e9n\u00e9vole de Beyond Suncare et ensemble, nous continuons \u00e0 changer l'avenir","og_url":"https:\/\/beyondsuncare.org\/fr\/je-deviens-benevole\/","og_site_name":"Beyond suncare","article_publisher":"https:\/\/www.facebook.com\/beyondsuncare","article_modified_time":"2019-07-10T09:10:11+00:00","twitter_card":"summary_large_image","twitter_site":"@beyondsuncare","twitter_misc":{"Dur\u00e9e de lecture estim\u00e9e":"5 minutes"},"schema":{"@context":"https:\/\/schema.org","@graph":[{"@type":"WebPage","@id":"https:\/\/beyondsuncare.org\/fr\/je-deviens-benevole\/","url":"https:\/\/beyondsuncare.org\/fr\/je-deviens-benevole\/","name":"Devenez b\u00e9n\u00e9vole de Beyond Suncare","isPartOf":{"@id":"https:\/\/beyondsuncare.org\/fr\/#website"},"datePublished":"2019-04-12T09:37:12+00:00","dateModified":"2019-07-10T09:10:11+00:00","description":"Toute l'aide est la bienvenue, devenez b\u00e9n\u00e9vole de Beyond Suncare et ensemble, nous continuons \u00e0 changer l'avenir","breadcrumb":{"@id":"https:\/\/beyondsuncare.org\/fr\/je-deviens-benevole\/#breadcrumb"},"inLanguage":"fr-FR","potentialAction":[{"@type":"ReadAction","target":["https:\/\/beyondsuncare.org\/fr\/je-deviens-benevole\/"]}]},{"@type":"BreadcrumbList","@id":"https:\/\/beyondsuncare.org\/fr\/je-deviens-benevole\/#breadcrumb","itemListElement":[{"@type":"ListItem","position":1,"name":"Portada","item":"https:\/\/beyondsuncare.org\/fr\/"},{"@type":"ListItem","position":2,"name":"Je deviens b\u00e9n\u00e9vole"}]},{"@type":"WebSite","@id":"https:\/\/beyondsuncare.org\/fr\/#website","url":"https:\/\/beyondsuncare.org\/fr\/","name":"Beyond suncare","description":"Desde hace m\u00e1s de 10 a\u00f1os trabajamos cada d\u00eda para asegurar que todas las personas con albinismo vivan protegidas frente al c\u00e1ncer de piel y todo tipo de discriminaci\u00f3n","publisher":{"@id":"https:\/\/beyondsuncare.org\/fr\/#organization"},"potentialAction":[{"@type":"SearchAction","target":{"@type":"EntryPoint","urlTemplate":"https:\/\/beyondsuncare.org\/fr\/?s={search_term_string}"},"query-input":{"@type":"PropertyValueSpecification","valueRequired":true,"valueName":"search_term_string"}}],"inLanguage":"fr-FR"},{"@type":"Organization","@id":"https:\/\/beyondsuncare.org\/fr\/#organization","name":"Beyond Suncare","url":"https:\/\/beyondsuncare.org\/fr\/","logo":{"@type":"ImageObject","inLanguage":"fr-FR","@id":"https:\/\/beyondsuncare.org\/fr\/#\/schema\/logo\/image\/","url":"https:\/\/beyondsuncare.org\/wp-content\/uploads\/2019\/04\/beyond-suncare-fondo-transparente.png","contentUrl":"https:\/\/beyondsuncare.org\/wp-content\/uploads\/2019\/04\/beyond-suncare-fondo-transparente.png","width":218,"height":80,"caption":"Beyond Suncare"},"image":{"@id":"https:\/\/beyondsuncare.org\/fr\/#\/schema\/logo\/image\/"},"sameAs":["https:\/\/www.facebook.com\/beyondsuncare","https:\/\/x.com\/beyondsuncare","https:\/\/www.instagram.com\/beyond_suncare\/","https:\/\/www.linkedin.com\/company\/beyond-suncare\/"]}]}},"campaignId":"","_links":{"self":[{"href":"https:\/\/beyondsuncare.org\/fr\/wp-json\/wp\/v2\/pages\/4210","targetHints":{"allow":["GET"]}}],"collection":[{"href":"https:\/\/beyondsuncare.org\/fr\/wp-json\/wp\/v2\/pages"}],"about":[{"href":"https:\/\/beyondsuncare.org\/fr\/wp-json\/wp\/v2\/types\/page"}],"author":[{"embeddable":true,"href":"https:\/\/beyondsuncare.org\/fr\/wp-json\/wp\/v2\/users\/3"}],"replies":[{"embeddable":true,"href":"https:\/\/beyondsuncare.org\/fr\/wp-json\/wp\/v2\/comments?post=4210"}],"version-history":[{"count":3,"href":"https:\/\/beyondsuncare.org\/fr\/wp-json\/wp\/v2\/pages\/4210\/revisions"}],"predecessor-version":[{"id":4274,"href":"https:\/\/beyondsuncare.org\/fr\/wp-json\/wp\/v2\/pages\/4210\/revisions\/4274"}],"wp:attachment":[{"href":"https:\/\/beyondsuncare.org\/fr\/wp-json\/wp\/v2\/media?parent=4210"}],"curies":[{"name":"wp","href":"https:\/\/api.w.org\/{rel}","templated":true}]}}