{"id":4148,"date":"2019-04-12T09:34:59","date_gmt":"2019-04-12T09:34:59","guid":{"rendered":"https:\/\/beyondsuncare.org\/beyond-a-fondo\/"},"modified":"2019-07-08T12:17:56","modified_gmt":"2019-07-08T12:17:56","slug":"blog","status":"publish","type":"page","link":"https:\/\/beyondsuncare.org\/fr\/blog\/","title":{"rendered":"Blog"},"content":{"rendered":"<p>[vc_row][vc_column][dfd_heading subtitle=\u00a0\u00bb\u00a0\u00bb delimiter_settings=\u00a0\u00bbdelimiter_style:solid|delimiter_width:80|delimiter_height:3&Prime; tutorials=\u00a0\u00bb\u00a0\u00bb undefined=\u00a0\u00bb\u00a0\u00bb title_font_options=\u00a0\u00bbtag:h2&Prime; subtitle_font_options=\u00a0\u00bbtag:div\u00a0\u00bb]HISTOIRES DE BEYOND[\/dfd_heading][dfd_spacer screen_wide_spacer_size=\u00a0\u00bb40&Prime; screen_normal_resolution=\u00a0\u00bb1024&Prime; screen_tablet_resolution=\u00a0\u00bb800&Prime; screen_mobile_resolution=\u00a0\u00bb480&Prime;][\/vc_column][\/vc_row]<\/p>\n","protected":false},"excerpt":{"rendered":"<p>[vc_row][vc_column][dfd_heading subtitle=\u00a0\u00bb\u00a0\u00bb delimiter_settings=\u00a0\u00bbdelimiter_style:solid|delimiter_width:80|delimiter_height:3&Prime; tutorials=\u00a0\u00bb\u00a0\u00bb undefined=\u00a0\u00bb\u00a0\u00bb title_font_options=\u00a0\u00bbtag:h2&Prime; subtitle_font_options=\u00a0\u00bbtag:div\u00a0\u00bb]HISTOIRES DE BEYOND[\/dfd_heading][dfd_spacer screen_wide_spacer_size=\u00a0\u00bb40&Prime; screen_normal_resolution=\u00a0\u00bb1024&Prime; screen_tablet_resolution=\u00a0\u00bb800&Prime; screen_mobile_resolution=\u00a0\u00bb480&Prime;][\/vc_column][\/vc_row]<\/p>\n","protected":false},"author":3,"featured_media":0,"parent":0,"menu_order":0,"comment_status":"closed","ping_status":"closed","template":"tmp-blog.php","meta":{"give_campaign_id":0,"footnotes":""},"class_list":["post-4148","page","type-page","status-publish","hentry"],"yoast_head":"<title>Histoires de Beyond Suncare<\/title>\n<meta name=\"description\" content=\"Histoires dans lesquelles nous vous racontons nos exp\u00e9riences en Afrique, faits int\u00e9ressants, exp\u00e9riences de nos volontaires, etc.\" \/>\n<meta name=\"robots\" content=\"index, follow, max-snippet:-1, max-image-preview:large, max-video-preview:-1\" \/>\n<link rel=\"canonical\" href=\"https:\/\/beyondsuncare.org\/fr\/blog\/\" \/>\n<meta property=\"og:locale\" content=\"fr_FR\" \/>\n<meta property=\"og:type\" content=\"article\" \/>\n<meta property=\"og:title\" content=\"Histoires de Beyond Suncare\" \/>\n<meta property=\"og:description\" content=\"Histoires dans lesquelles nous vous racontons nos exp\u00e9riences en Afrique, faits int\u00e9ressants, exp\u00e9riences de nos volontaires, etc.\" \/>\n<meta property=\"og:url\" content=\"https:\/\/beyondsuncare.org\/fr\/blog\/\" \/>\n<meta property=\"og:site_name\" content=\"Beyond suncare\" \/>\n<meta property=\"article:publisher\" content=\"https:\/\/www.facebook.com\/beyondsuncare\" \/>\n<meta property=\"article:modified_time\" content=\"2019-07-08T12:17:56+00:00\" \/>\n<meta name=\"twitter:card\" content=\"summary_large_image\" \/>\n<meta name=\"twitter:site\" content=\"@beyondsuncare\" \/>\n<script type=\"application\/ld+json\" class=\"yoast-schema-graph\">{\"@context\":\"https:\/\/schema.org\",\"@graph\":[{\"@type\":\"WebPage\",\"@id\":\"https:\/\/beyondsuncare.org\/fr\/blog\/\",\"url\":\"https:\/\/beyondsuncare.org\/fr\/blog\/\",\"name\":\"Histoires de Beyond Suncare\",\"isPartOf\":{\"@id\":\"https:\/\/beyondsuncare.org\/fr\/#website\"},\"datePublished\":\"2019-04-12T09:34:59+00:00\",\"dateModified\":\"2019-07-08T12:17:56+00:00\",\"description\":\"Histoires dans lesquelles nous vous racontons nos exp\u00e9riences en Afrique, faits int\u00e9ressants, exp\u00e9riences de nos volontaires, etc.\",\"breadcrumb\":{\"@id\":\"https:\/\/beyondsuncare.org\/fr\/blog\/#breadcrumb\"},\"inLanguage\":\"fr-FR\",\"potentialAction\":[{\"@type\":\"ReadAction\",\"target\":[\"https:\/\/beyondsuncare.org\/fr\/blog\/\"]}]},{\"@type\":\"BreadcrumbList\",\"@id\":\"https:\/\/beyondsuncare.org\/fr\/blog\/#breadcrumb\",\"itemListElement\":[{\"@type\":\"ListItem\",\"position\":1,\"name\":\"Portada\",\"item\":\"https:\/\/beyondsuncare.org\/fr\/\"},{\"@type\":\"ListItem\",\"position\":2,\"name\":\"Blog\"}]},{\"@type\":\"WebSite\",\"@id\":\"https:\/\/beyondsuncare.org\/fr\/#website\",\"url\":\"https:\/\/beyondsuncare.org\/fr\/\",\"name\":\"Beyond suncare\",\"description\":\"Desde hace m\u00e1s de 10 a\u00f1os trabajamos cada d\u00eda para asegurar que todas las personas con albinismo vivan protegidas frente al c\u00e1ncer de piel y todo tipo de discriminaci\u00f3n\",\"publisher\":{\"@id\":\"https:\/\/beyondsuncare.org\/fr\/#organization\"},\"potentialAction\":[{\"@type\":\"SearchAction\",\"target\":{\"@type\":\"EntryPoint\",\"urlTemplate\":\"https:\/\/beyondsuncare.org\/fr\/?s={search_term_string}\"},\"query-input\":{\"@type\":\"PropertyValueSpecification\",\"valueRequired\":true,\"valueName\":\"search_term_string\"}}],\"inLanguage\":\"fr-FR\"},{\"@type\":\"Organization\",\"@id\":\"https:\/\/beyondsuncare.org\/fr\/#organization\",\"name\":\"Beyond Suncare\",\"url\":\"https:\/\/beyondsuncare.org\/fr\/\",\"logo\":{\"@type\":\"ImageObject\",\"inLanguage\":\"fr-FR\",\"@id\":\"https:\/\/beyondsuncare.org\/fr\/#\/schema\/logo\/image\/\",\"url\":\"https:\/\/beyondsuncare.org\/wp-content\/uploads\/2019\/04\/beyond-suncare-fondo-transparente.png\",\"contentUrl\":\"https:\/\/beyondsuncare.org\/wp-content\/uploads\/2019\/04\/beyond-suncare-fondo-transparente.png\",\"width\":218,\"height\":80,\"caption\":\"Beyond Suncare\"},\"image\":{\"@id\":\"https:\/\/beyondsuncare.org\/fr\/#\/schema\/logo\/image\/\"},\"sameAs\":[\"https:\/\/www.facebook.com\/beyondsuncare\",\"https:\/\/x.com\/beyondsuncare\",\"https:\/\/www.instagram.com\/beyond_suncare\/\",\"https:\/\/www.linkedin.com\/company\/beyond-suncare\/\"]}]}<\/script>","yoast_head_json":{"title":"Histoires de Beyond Suncare","description":"Histoires dans lesquelles nous vous racontons nos exp\u00e9riences en Afrique, faits int\u00e9ressants, exp\u00e9riences de nos volontaires, etc.","robots":{"index":"index","follow":"follow","max-snippet":"max-snippet:-1","max-image-preview":"max-image-preview:large","max-video-preview":"max-video-preview:-1"},"canonical":"https:\/\/beyondsuncare.org\/fr\/blog\/","og_locale":"fr_FR","og_type":"article","og_title":"Histoires de Beyond Suncare","og_description":"Histoires dans lesquelles nous vous racontons nos exp\u00e9riences en Afrique, faits int\u00e9ressants, exp\u00e9riences de nos volontaires, etc.","og_url":"https:\/\/beyondsuncare.org\/fr\/blog\/","og_site_name":"Beyond suncare","article_publisher":"https:\/\/www.facebook.com\/beyondsuncare","article_modified_time":"2019-07-08T12:17:56+00:00","twitter_card":"summary_large_image","twitter_site":"@beyondsuncare","schema":{"@context":"https:\/\/schema.org","@graph":[{"@type":"WebPage","@id":"https:\/\/beyondsuncare.org\/fr\/blog\/","url":"https:\/\/beyondsuncare.org\/fr\/blog\/","name":"Histoires de Beyond Suncare","isPartOf":{"@id":"https:\/\/beyondsuncare.org\/fr\/#website"},"datePublished":"2019-04-12T09:34:59+00:00","dateModified":"2019-07-08T12:17:56+00:00","description":"Histoires dans lesquelles nous vous racontons nos exp\u00e9riences en Afrique, faits int\u00e9ressants, exp\u00e9riences de nos volontaires, etc.","breadcrumb":{"@id":"https:\/\/beyondsuncare.org\/fr\/blog\/#breadcrumb"},"inLanguage":"fr-FR","potentialAction":[{"@type":"ReadAction","target":["https:\/\/beyondsuncare.org\/fr\/blog\/"]}]},{"@type":"BreadcrumbList","@id":"https:\/\/beyondsuncare.org\/fr\/blog\/#breadcrumb","itemListElement":[{"@type":"ListItem","position":1,"name":"Portada","item":"https:\/\/beyondsuncare.org\/fr\/"},{"@type":"ListItem","position":2,"name":"Blog"}]},{"@type":"WebSite","@id":"https:\/\/beyondsuncare.org\/fr\/#website","url":"https:\/\/beyondsuncare.org\/fr\/","name":"Beyond suncare","description":"Desde hace m\u00e1s de 10 a\u00f1os trabajamos cada d\u00eda para asegurar que todas las personas con albinismo vivan protegidas frente al c\u00e1ncer de piel y todo tipo de discriminaci\u00f3n","publisher":{"@id":"https:\/\/beyondsuncare.org\/fr\/#organization"},"potentialAction":[{"@type":"SearchAction","target":{"@type":"EntryPoint","urlTemplate":"https:\/\/beyondsuncare.org\/fr\/?s={search_term_string}"},"query-input":{"@type":"PropertyValueSpecification","valueRequired":true,"valueName":"search_term_string"}}],"inLanguage":"fr-FR"},{"@type":"Organization","@id":"https:\/\/beyondsuncare.org\/fr\/#organization","name":"Beyond Suncare","url":"https:\/\/beyondsuncare.org\/fr\/","logo":{"@type":"ImageObject","inLanguage":"fr-FR","@id":"https:\/\/beyondsuncare.org\/fr\/#\/schema\/logo\/image\/","url":"https:\/\/beyondsuncare.org\/wp-content\/uploads\/2019\/04\/beyond-suncare-fondo-transparente.png","contentUrl":"https:\/\/beyondsuncare.org\/wp-content\/uploads\/2019\/04\/beyond-suncare-fondo-transparente.png","width":218,"height":80,"caption":"Beyond Suncare"},"image":{"@id":"https:\/\/beyondsuncare.org\/fr\/#\/schema\/logo\/image\/"},"sameAs":["https:\/\/www.facebook.com\/beyondsuncare","https:\/\/x.com\/beyondsuncare","https:\/\/www.instagram.com\/beyond_suncare\/","https:\/\/www.linkedin.com\/company\/beyond-suncare\/"]}]}},"campaignId":"","_links":{"self":[{"href":"https:\/\/beyondsuncare.org\/fr\/wp-json\/wp\/v2\/pages\/4148","targetHints":{"allow":["GET"]}}],"collection":[{"href":"https:\/\/beyondsuncare.org\/fr\/wp-json\/wp\/v2\/pages"}],"about":[{"href":"https:\/\/beyondsuncare.org\/fr\/wp-json\/wp\/v2\/types\/page"}],"author":[{"embeddable":true,"href":"https:\/\/beyondsuncare.org\/fr\/wp-json\/wp\/v2\/users\/3"}],"replies":[{"embeddable":true,"href":"https:\/\/beyondsuncare.org\/fr\/wp-json\/wp\/v2\/comments?post=4148"}],"version-history":[{"count":2,"href":"https:\/\/beyondsuncare.org\/fr\/wp-json\/wp\/v2\/pages\/4148\/revisions"}],"predecessor-version":[{"id":4151,"href":"https:\/\/beyondsuncare.org\/fr\/wp-json\/wp\/v2\/pages\/4148\/revisions\/4151"}],"wp:attachment":[{"href":"https:\/\/beyondsuncare.org\/fr\/wp-json\/wp\/v2\/media?parent=4148"}],"curies":[{"name":"wp","href":"https:\/\/api.w.org\/{rel}","templated":true}]}}