{"id":4094,"date":"2019-05-20T06:26:42","date_gmt":"2019-05-20T06:26:42","guid":{"rendered":"https:\/\/beyondsuncare.org\/persecucion\/"},"modified":"2020-04-17T10:47:16","modified_gmt":"2020-04-17T10:47:16","slug":"persecution","status":"publish","type":"page","link":"https:\/\/beyondsuncare.org\/fr\/persecution\/","title":{"rendered":"La pers\u00e9cuti\u00f3n"},"content":{"rendered":"<p>[vc_row css=\u00a0\u00bb.vc_custom_1558003964430{background-color: #f0d65a !important;}\u00a0\u00bb][vc_column][rev_slider_vc alias=\u00a0\u00bbpersecucion-frances\u00a0\u00bb][\/vc_column][\/vc_row][vc_row dfd_row_responsive_enable=\u00a0\u00bbdfd-row-responsive-enable\u00a0\u00bb css=\u00a0\u00bb.vc_custom_1558081849734{background-color: #f0d65a !important;}\u00a0\u00bb responsive_styles=\u00a0\u00bbpadding_left_tablet:20|padding_right_tablet:20|padding_left_mobile:20|padding_right_mobile:20&Prime;][vc_column][dfd_spacer screen_wide_spacer_size=\u00a0\u00bb40&Prime; screen_normal_resolution=\u00a0\u00bb1024&Prime; screen_tablet_resolution=\u00a0\u00bb800&Prime; screen_mobile_resolution=\u00a0\u00bb480&Prime;][vc_column_text]<\/p>\n<p style=\"text-align: center; font-size: 18px; line-height: 26px;\"><em>Dans d<\/em><em>e nombreux pays d&rsquo;Afrique subsaharienne, les personnes atteintes d&rsquo;albinisme souffrent de discrimination, d&rsquo;ostracisme, et sont consid\u00e9r\u00e9es comme une mal\u00e9diction. Dans certaines cultures, on ne parle pas de mort mais plut\u00f4t de disparition. On dit aussi qu&rsquo;entretenir des relations sexuelles avec une personne atteinte d&rsquo;albinisme pourrait gu\u00e9rir du sida.<\/em><\/p>\n<p>[\/vc_column_text][dfd_spacer screen_wide_spacer_size=\u00a0\u00bb40&Prime; screen_normal_resolution=\u00a0\u00bb1024&Prime; screen_tablet_resolution=\u00a0\u00bb800&Prime; screen_mobile_resolution=\u00a0\u00bb480&Prime;][\/vc_column][\/vc_row][vc_row bg_check=\u00a0\u00bbrow-background-dark\u00a0\u00bb dfd_row_responsive_enable=\u00a0\u00bbdfd-row-responsive-enable\u00a0\u00bb css=\u00a0\u00bb.vc_custom_1558081318165{background-color: #ffffff !important;}\u00a0\u00bb responsive_styles=\u00a0\u00bbpadding_left_tablet:20|padding_right_tablet:20|border_right_mobile:20|padding_left_mobile:20&Prime;][vc_column][dfd_spacer screen_wide_spacer_size=\u00a0\u00bb40&Prime; screen_normal_resolution=\u00a0\u00bb1024&Prime; screen_tablet_resolution=\u00a0\u00bb800&Prime; screen_mobile_resolution=\u00a0\u00bb480&Prime;][vc_row_inner css=\u00a0\u00bb.vc_custom_1559729420732{padding-right: 20px !important;padding-left: 20px !important;}\u00a0\u00bb][vc_column_inner width=\u00a0\u00bb1\/2&Prime;][dfd_icon_list list_fields=\u00a0\u00bb%5B%7B%22icon_type%22%3A%22selector%22%2C%22select_icon%22%3A%22dfd_icons%22%2C%22ic_dfd_icons%22%3A%22dfd-socicon-loader%22%2C%22text_content%22%3A%22%3Cstrong%3E600%20agressions%3C%2Fstrong%3E%20en%20dans%2029%20pays%22%7D%2C%7B%22icon_type%22%3A%22selector%22%2C%22select_icon%22%3A%22dfd_icons%22%2C%22ic_dfd_icons%22%3A%22dfd-socicon-loader%22%2C%22text_content%22%3A%22%3Cstrong%3E2000%20euros%3C%2Fstrong%3E%20%20%3A%20C%E2%80%99est%20le%20prix%20%C3%A0%20payer%20pour%20pouvoir%20obtenir%20une%20%3Cstrong%3Epartie%20du%20corps%3C%2Fstrong%3E%20d&rsquo;une%20personne%20atteinte%20d&rsquo;albinisme%22%7D%2C%7B%22icon_type%22%3A%22selector%22%2C%22select_icon%22%3A%22dfd_icons%22%2C%22ic_dfd_icons%22%3A%22dfd-socicon-loader%22%2C%22text_content%22%3A%22%3Cstrong%3E65%20%25%20des%20crimes%3C%2Fstrong%3E%20enregistr%C3%A9s%20ont%20%C3%A9t%C3%A9%20commis%20sur%20des%20enfants%22%7D%5D\u00a0\u00bb main_style=\u00a0\u00bbstyle-1&Prime; font_options=\u00a0\u00bbtag:div|font_size:18|color:%23000000&Prime; icon_size=\u00a0\u00bb25&Prime; icon_color=\u00a0\u00bb#f0d65a\u00a0\u00bb][\/vc_column_inner][vc_column_inner width=\u00a0\u00bb1\/2&Prime;][dfd_icon_list list_fields=\u00a0\u00bb%5B%7B%22icon_type%22%3A%22selector%22%2C%22select_icon%22%3A%22dfd_icons%22%2C%22ic_dfd_icons%22%3A%22dfd-socicon-loader%22%2C%22text_content%22%3A%22%3Cstrong%3E10%25%20des%20enfants%20atteints%20d&rsquo;albinisme%3C%2Fstrong%3E%20%20en%20Tanzanie%20parviennent%20%C3%A0%20terminer%20leurs%20%C3%A9tudes%20secondaires%22%7D%2C%7B%22icon_type%22%3A%22selector%22%2C%22select_icon%22%3A%22dfd_icons%22%2C%22ic_dfd_icons%22%3A%22dfd-socicon-loader%22%2C%22text_content%22%3A%22%3Cstrong%3EPlus%20de%20160%20d%C3%A9lits%20enregistr%C3%A9s%20au%20Malawi%3C%2Fstrong%3E%20depuis%202014%22%7D%2C%7B%22icon_type%22%3A%22selector%22%2C%22select_icon%22%3A%22dfd_icons%22%2C%22ic_dfd_icons%22%3A%22dfd-socicon-loader%22%2C%22text_content%22%3A%22%3Cstrong%3E70%25%3C%2Fstrong%3E%20de%20ces%20d%C3%A9lits%20n&rsquo;ont%20pas%20fait%20l&rsquo;objet%20de%20plaintes%22%7D%5D\u00a0\u00bb main_style=\u00a0\u00bbstyle-1&Prime; font_options=\u00a0\u00bbtag:div|font_size:18|color:%23000000&Prime; icon_size=\u00a0\u00bb25&Prime; icon_color=\u00a0\u00bb#f0d65a\u00a0\u00bb][\/vc_column_inner][\/vc_row_inner][dfd_spacer screen_wide_spacer_size=\u00a0\u00bb40&Prime; screen_normal_resolution=\u00a0\u00bb1024&Prime; screen_tablet_resolution=\u00a0\u00bb800&Prime; screen_mobile_resolution=\u00a0\u00bb480&Prime;][\/vc_column][\/vc_row][vc_row dfd_row_responsive_enable=\u00a0\u00bbdfd-row-responsive-enable\u00a0\u00bb css=\u00a0\u00bb.vc_custom_1559213474080{padding-right: 20px !important;padding-left: 20px !important;background-color: #ededed !important;}\u00a0\u00bb responsive_styles=\u00a0\u00bbpadding_left_desktop:0|padding_right_desktop:0|padding_left_tablet:20|padding_right_tablet:20|padding_left_mobile:20|padding_right_mobile:20&Prime;][vc_column][dfd_spacer screen_wide_spacer_size=\u00a0\u00bb40&Prime; screen_normal_resolution=\u00a0\u00bb1024&Prime; screen_tablet_resolution=\u00a0\u00bb800&Prime; screen_mobile_resolution=\u00a0\u00bb480&Prime;][dfd_heading subtitle=\u00a0\u00bb\u00a0\u00bb delimiter_settings=\u00a0\u00bbdelimiter_style:solid|delimiter_width:80|delimiter_height:3&Prime; undefined=\u00a0\u00bb\u00a0\u00bb title_font_options=\u00a0\u00bbtag:h2&Prime; subtitle_font_options=\u00a0\u00bbtag:div\u00a0\u00bb]PERS\u00c9CUT\u00c9S PAR LA MAGIE NOIRE[\/dfd_heading][dfd_spacer screen_wide_spacer_size=\u00a0\u00bb20&Prime; screen_normal_resolution=\u00a0\u00bb1024&Prime; screen_tablet_resolution=\u00a0\u00bb800&Prime; screen_mobile_resolution=\u00a0\u00bb480&Prime;][vc_column_text]Les personnes atteintes d\u2019albinisme sont en danger car ils sont consid\u00e9r\u00e9s comme des fant\u00f4mes. Ils sont victimes de croyances et de superstitions locales. On leur attribue des pouvoirs magiques. Leurs organes, leurs os peuvent \u00eatre par exemple broy\u00e9s puis utilis\u00e9s dans des potions par des sorciers pour prof\u00e9rer richesse et pouvoir. Dans des pays o\u00f9 le revenu annuel atteint \u00e0 peine 300 euros, un membre d&rsquo;une personne atteinte d&rsquo;albinisme peut co\u00fbter jusqu&rsquo;\u00e0 2.000 euros sur le march\u00e9 noir; l&rsquo;ensemble de son corps 70.000 euros.[\/vc_column_text][vc_row_inner css=\u00a0\u00bb.vc_custom_1557995913956{padding-top: 20px !important;}\u00a0\u00bb][vc_column_inner width=\u00a0\u00bb2\/3&Prime;][vc_column_text]L&rsquo;inefficacit\u00e9 du syst\u00e8me judiciaire p\u00e9nale et la mauvaise application de la loi contribuent \u00e0 ce que ces agressions se poursuivent.<\/p>\n<p>Les enfants sont la cible de la plupart des agressions ; plus la victime est innocente, plus les parties du corps auront de la valeur. Ils sont \u00e0 la base souvent abandonn\u00e9s par leurs parents \u00e9tant donn\u00e9 que beaucoup de femmes sont rejet\u00e9es par leur partenaire d\u00e8s lors qu\u2019elles accouchent d&rsquo;un b\u00e9b\u00e9 atteint d&rsquo;albinisme.<\/p>\n<p>Pour prot\u00e9ger ces enfants, certains pays ont cr\u00e9\u00e9 des \u00ab institutions prot\u00e9g\u00e9es \u00bb, o\u00f9 les enfants vivent isol\u00e9s de leur famille et de leur communaut\u00e9. Les m\u00eames murs qui les emp\u00eachent d&rsquo;\u00eatre attaqu\u00e9s les emp\u00eachent de vivre une enfance normale et de s&rsquo;int\u00e9grer dans la soci\u00e9t\u00e9.[\/vc_column_text][dfd_spacer screen_wide_spacer_size=\u00a0\u00bb20&Prime; screen_normal_resolution=\u00a0\u00bb1024&Prime; screen_tablet_resolution=\u00a0\u00bb800&Prime; screen_mobile_resolution=\u00a0\u00bb480&Prime; screen_normal_spacer_size=\u00a0\u00bb20&Prime; screen_tablet_spacer_size=\u00a0\u00bb40&Prime; screen_mobile_spacer_size=\u00a0\u00bb40&Prime;][\/vc_column_inner][vc_column_inner width=\u00a0\u00bb1\/3&Prime;][dfd_single_image image=\u00a0\u00bb2253&Prime;][dfd_spacer screen_wide_spacer_size=\u00a0\u00bb10&Prime; screen_normal_resolution=\u00a0\u00bb1024&Prime; screen_tablet_resolution=\u00a0\u00bb800&Prime; screen_mobile_resolution=\u00a0\u00bb480&Prime; screen_tablet_spacer_size=\u00a0\u00bb40&Prime; screen_mobile_spacer_size=\u00a0\u00bb40&Prime;][\/vc_column_inner][\/vc_row_inner][vc_column_text]\u00c0 l&rsquo;\u00e9cole, ils sont victimes de moqueries de la part de leurs camarades. Leur d\u00e9ficience visuelle d\u00fbe \u00e0 leur maladie, les condamne aussi \u00e0 l&rsquo;\u00e9chec scolaire. En Tanzanie, seulement 10 % d&rsquo;entre eux acc\u00e8dent \u00e0 l&rsquo;enseignement secondaire.[\/vc_column_text][dfd_spacer screen_wide_spacer_size=\u00a0\u00bb40&Prime; screen_normal_resolution=\u00a0\u00bb1024&Prime; screen_tablet_resolution=\u00a0\u00bb800&Prime; screen_mobile_resolution=\u00a0\u00bb480&Prime;][\/vc_column][\/vc_row][vc_row css=\u00a0\u00bb.vc_custom_1558079722788{margin-top: 0px !important;margin-bottom: 0px !important;padding-top: 0px !important;padding-bottom: 0px !important;}\u00a0\u00bb][vc_column][rev_slider_vc alias=\u00a0\u00bbpersecucion-footer-frances\u00a0\u00bb][\/vc_column][\/vc_row]<\/p>\n","protected":false},"excerpt":{"rendered":"<p>[vc_row css=\u00a0\u00bb.vc_custom_1558003964430{background-color: #f0d65a !important;}\u00a0\u00bb][vc_column][rev_slider_vc alias=\u00a0\u00bbpersecucion-frances\u00a0\u00bb][\/vc_column][\/vc_row][vc_row dfd_row_responsive_enable=\u00a0\u00bbdfd-row-responsive-enable\u00a0\u00bb css=\u00a0\u00bb.vc_custom_1558081849734{background-color: #f0d65a !important;}\u00a0\u00bb responsive_styles=\u00a0\u00bbpadding_left_tablet:20|padding_right_tablet:20|padding_left_mobile:20|padding_right_mobile:20&Prime;][vc_column][dfd_spacer screen_wide_spacer_size=\u00a0\u00bb40&Prime; screen_normal_resolution=\u00a0\u00bb1024&Prime; screen_tablet_resolution=\u00a0\u00bb800&Prime; screen_mobile_resolution=\u00a0\u00bb480&Prime;][vc_column_text] Dans de nombreux pays d&rsquo;Afrique subsaharienne, les personnes atteintes d&rsquo;albinisme souffrent de discrimination, d&rsquo;ostracisme, et sont<\/p>\n","protected":false},"author":3,"featured_media":4095,"parent":0,"menu_order":0,"comment_status":"closed","ping_status":"closed","template":"tmp-page.php","meta":{"give_campaign_id":0,"footnotes":""},"class_list":["post-4094","page","type-page","status-publish","has-post-thumbnail","hentry"],"yoast_head":"<title>Discrimination et pers\u00e9cution des personnes atteintes d&#039;albinisme<\/title>\n<meta name=\"description\" content=\"Nous vous parlons ici de la pers\u00e9cution et de la discrimination subies par les albinos en Afrique.\" \/>\n<meta name=\"robots\" content=\"index, follow, max-snippet:-1, max-image-preview:large, max-video-preview:-1\" \/>\n<link rel=\"canonical\" href=\"https:\/\/beyondsuncare.org\/fr\/persecution\/\" \/>\n<meta property=\"og:locale\" content=\"fr_FR\" \/>\n<meta property=\"og:type\" content=\"article\" \/>\n<meta property=\"og:title\" content=\"Discrimination et pers\u00e9cution des personnes atteintes d&#039;albinisme\" \/>\n<meta property=\"og:description\" content=\"Nous vous parlons ici de la pers\u00e9cution et de la discrimination subies par les albinos en Afrique.\" \/>\n<meta property=\"og:url\" content=\"https:\/\/beyondsuncare.org\/fr\/persecution\/\" \/>\n<meta property=\"og:site_name\" content=\"Beyond suncare\" \/>\n<meta property=\"article:publisher\" content=\"https:\/\/www.facebook.com\/beyondsuncare\" \/>\n<meta property=\"article:modified_time\" content=\"2020-04-17T10:47:16+00:00\" \/>\n<meta property=\"og:image\" content=\"https:\/\/beyondsuncare.org\/wp-content\/uploads\/2019\/05\/persecucion.jpg\" \/>\n\t<meta property=\"og:image:width\" content=\"2048\" \/>\n\t<meta property=\"og:image:height\" content=\"1365\" \/>\n\t<meta property=\"og:image:type\" content=\"image\/jpeg\" \/>\n<meta name=\"twitter:card\" content=\"summary_large_image\" \/>\n<meta name=\"twitter:site\" content=\"@beyondsuncare\" \/>\n<meta name=\"twitter:label1\" content=\"Dur\u00e9e de lecture estim\u00e9e\" \/>\n\t<meta name=\"twitter:data1\" content=\"5 minutes\" \/>\n<script type=\"application\/ld+json\" class=\"yoast-schema-graph\">{\"@context\":\"https:\/\/schema.org\",\"@graph\":[{\"@type\":\"WebPage\",\"@id\":\"https:\/\/beyondsuncare.org\/fr\/persecution\/\",\"url\":\"https:\/\/beyondsuncare.org\/fr\/persecution\/\",\"name\":\"Discrimination et pers\u00e9cution des personnes atteintes d'albinisme\",\"isPartOf\":{\"@id\":\"https:\/\/beyondsuncare.org\/fr\/#website\"},\"primaryImageOfPage\":{\"@id\":\"https:\/\/beyondsuncare.org\/fr\/persecution\/#primaryimage\"},\"image\":{\"@id\":\"https:\/\/beyondsuncare.org\/fr\/persecution\/#primaryimage\"},\"thumbnailUrl\":\"https:\/\/beyondsuncare.org\/wp-content\/uploads\/2019\/05\/persecucion.jpg\",\"datePublished\":\"2019-05-20T06:26:42+00:00\",\"dateModified\":\"2020-04-17T10:47:16+00:00\",\"description\":\"Nous vous parlons ici de la pers\u00e9cution et de la discrimination subies par les albinos en Afrique.\",\"breadcrumb\":{\"@id\":\"https:\/\/beyondsuncare.org\/fr\/persecution\/#breadcrumb\"},\"inLanguage\":\"fr-FR\",\"potentialAction\":[{\"@type\":\"ReadAction\",\"target\":[\"https:\/\/beyondsuncare.org\/fr\/persecution\/\"]}]},{\"@type\":\"ImageObject\",\"inLanguage\":\"fr-FR\",\"@id\":\"https:\/\/beyondsuncare.org\/fr\/persecution\/#primaryimage\",\"url\":\"https:\/\/beyondsuncare.org\/wp-content\/uploads\/2019\/05\/persecucion.jpg\",\"contentUrl\":\"https:\/\/beyondsuncare.org\/wp-content\/uploads\/2019\/05\/persecucion.jpg\",\"width\":2048,\"height\":1365},{\"@type\":\"BreadcrumbList\",\"@id\":\"https:\/\/beyondsuncare.org\/fr\/persecution\/#breadcrumb\",\"itemListElement\":[{\"@type\":\"ListItem\",\"position\":1,\"name\":\"Portada\",\"item\":\"https:\/\/beyondsuncare.org\/fr\/\"},{\"@type\":\"ListItem\",\"position\":2,\"name\":\"La pers\u00e9cuti\u00f3n\"}]},{\"@type\":\"WebSite\",\"@id\":\"https:\/\/beyondsuncare.org\/fr\/#website\",\"url\":\"https:\/\/beyondsuncare.org\/fr\/\",\"name\":\"Beyond suncare\",\"description\":\"Desde hace m\u00e1s de 10 a\u00f1os trabajamos cada d\u00eda para asegurar que todas las personas con albinismo vivan protegidas frente al c\u00e1ncer de piel y todo tipo de discriminaci\u00f3n\",\"publisher\":{\"@id\":\"https:\/\/beyondsuncare.org\/fr\/#organization\"},\"potentialAction\":[{\"@type\":\"SearchAction\",\"target\":{\"@type\":\"EntryPoint\",\"urlTemplate\":\"https:\/\/beyondsuncare.org\/fr\/?s={search_term_string}\"},\"query-input\":{\"@type\":\"PropertyValueSpecification\",\"valueRequired\":true,\"valueName\":\"search_term_string\"}}],\"inLanguage\":\"fr-FR\"},{\"@type\":\"Organization\",\"@id\":\"https:\/\/beyondsuncare.org\/fr\/#organization\",\"name\":\"Beyond Suncare\",\"url\":\"https:\/\/beyondsuncare.org\/fr\/\",\"logo\":{\"@type\":\"ImageObject\",\"inLanguage\":\"fr-FR\",\"@id\":\"https:\/\/beyondsuncare.org\/fr\/#\/schema\/logo\/image\/\",\"url\":\"https:\/\/beyondsuncare.org\/wp-content\/uploads\/2019\/04\/beyond-suncare-fondo-transparente.png\",\"contentUrl\":\"https:\/\/beyondsuncare.org\/wp-content\/uploads\/2019\/04\/beyond-suncare-fondo-transparente.png\",\"width\":218,\"height\":80,\"caption\":\"Beyond Suncare\"},\"image\":{\"@id\":\"https:\/\/beyondsuncare.org\/fr\/#\/schema\/logo\/image\/\"},\"sameAs\":[\"https:\/\/www.facebook.com\/beyondsuncare\",\"https:\/\/x.com\/beyondsuncare\",\"https:\/\/www.instagram.com\/beyond_suncare\/\",\"https:\/\/www.linkedin.com\/company\/beyond-suncare\/\"]}]}<\/script>","yoast_head_json":{"title":"Discrimination et pers\u00e9cution des personnes atteintes d'albinisme","description":"Nous vous parlons ici de la pers\u00e9cution et de la discrimination subies par les albinos en Afrique.","robots":{"index":"index","follow":"follow","max-snippet":"max-snippet:-1","max-image-preview":"max-image-preview:large","max-video-preview":"max-video-preview:-1"},"canonical":"https:\/\/beyondsuncare.org\/fr\/persecution\/","og_locale":"fr_FR","og_type":"article","og_title":"Discrimination et pers\u00e9cution des personnes atteintes d'albinisme","og_description":"Nous vous parlons ici de la pers\u00e9cution et de la discrimination subies par les albinos en Afrique.","og_url":"https:\/\/beyondsuncare.org\/fr\/persecution\/","og_site_name":"Beyond suncare","article_publisher":"https:\/\/www.facebook.com\/beyondsuncare","article_modified_time":"2020-04-17T10:47:16+00:00","og_image":[{"width":2048,"height":1365,"url":"https:\/\/beyondsuncare.org\/wp-content\/uploads\/2019\/05\/persecucion.jpg","type":"image\/jpeg"}],"twitter_card":"summary_large_image","twitter_site":"@beyondsuncare","twitter_misc":{"Dur\u00e9e de lecture estim\u00e9e":"5 minutes"},"schema":{"@context":"https:\/\/schema.org","@graph":[{"@type":"WebPage","@id":"https:\/\/beyondsuncare.org\/fr\/persecution\/","url":"https:\/\/beyondsuncare.org\/fr\/persecution\/","name":"Discrimination et pers\u00e9cution des personnes atteintes d'albinisme","isPartOf":{"@id":"https:\/\/beyondsuncare.org\/fr\/#website"},"primaryImageOfPage":{"@id":"https:\/\/beyondsuncare.org\/fr\/persecution\/#primaryimage"},"image":{"@id":"https:\/\/beyondsuncare.org\/fr\/persecution\/#primaryimage"},"thumbnailUrl":"https:\/\/beyondsuncare.org\/wp-content\/uploads\/2019\/05\/persecucion.jpg","datePublished":"2019-05-20T06:26:42+00:00","dateModified":"2020-04-17T10:47:16+00:00","description":"Nous vous parlons ici de la pers\u00e9cution et de la discrimination subies par les albinos en Afrique.","breadcrumb":{"@id":"https:\/\/beyondsuncare.org\/fr\/persecution\/#breadcrumb"},"inLanguage":"fr-FR","potentialAction":[{"@type":"ReadAction","target":["https:\/\/beyondsuncare.org\/fr\/persecution\/"]}]},{"@type":"ImageObject","inLanguage":"fr-FR","@id":"https:\/\/beyondsuncare.org\/fr\/persecution\/#primaryimage","url":"https:\/\/beyondsuncare.org\/wp-content\/uploads\/2019\/05\/persecucion.jpg","contentUrl":"https:\/\/beyondsuncare.org\/wp-content\/uploads\/2019\/05\/persecucion.jpg","width":2048,"height":1365},{"@type":"BreadcrumbList","@id":"https:\/\/beyondsuncare.org\/fr\/persecution\/#breadcrumb","itemListElement":[{"@type":"ListItem","position":1,"name":"Portada","item":"https:\/\/beyondsuncare.org\/fr\/"},{"@type":"ListItem","position":2,"name":"La pers\u00e9cuti\u00f3n"}]},{"@type":"WebSite","@id":"https:\/\/beyondsuncare.org\/fr\/#website","url":"https:\/\/beyondsuncare.org\/fr\/","name":"Beyond suncare","description":"Desde hace m\u00e1s de 10 a\u00f1os trabajamos cada d\u00eda para asegurar que todas las personas con albinismo vivan protegidas frente al c\u00e1ncer de piel y todo tipo de discriminaci\u00f3n","publisher":{"@id":"https:\/\/beyondsuncare.org\/fr\/#organization"},"potentialAction":[{"@type":"SearchAction","target":{"@type":"EntryPoint","urlTemplate":"https:\/\/beyondsuncare.org\/fr\/?s={search_term_string}"},"query-input":{"@type":"PropertyValueSpecification","valueRequired":true,"valueName":"search_term_string"}}],"inLanguage":"fr-FR"},{"@type":"Organization","@id":"https:\/\/beyondsuncare.org\/fr\/#organization","name":"Beyond Suncare","url":"https:\/\/beyondsuncare.org\/fr\/","logo":{"@type":"ImageObject","inLanguage":"fr-FR","@id":"https:\/\/beyondsuncare.org\/fr\/#\/schema\/logo\/image\/","url":"https:\/\/beyondsuncare.org\/wp-content\/uploads\/2019\/04\/beyond-suncare-fondo-transparente.png","contentUrl":"https:\/\/beyondsuncare.org\/wp-content\/uploads\/2019\/04\/beyond-suncare-fondo-transparente.png","width":218,"height":80,"caption":"Beyond Suncare"},"image":{"@id":"https:\/\/beyondsuncare.org\/fr\/#\/schema\/logo\/image\/"},"sameAs":["https:\/\/www.facebook.com\/beyondsuncare","https:\/\/x.com\/beyondsuncare","https:\/\/www.instagram.com\/beyond_suncare\/","https:\/\/www.linkedin.com\/company\/beyond-suncare\/"]}]}},"campaignId":"","_links":{"self":[{"href":"https:\/\/beyondsuncare.org\/fr\/wp-json\/wp\/v2\/pages\/4094","targetHints":{"allow":["GET"]}}],"collection":[{"href":"https:\/\/beyondsuncare.org\/fr\/wp-json\/wp\/v2\/pages"}],"about":[{"href":"https:\/\/beyondsuncare.org\/fr\/wp-json\/wp\/v2\/types\/page"}],"author":[{"embeddable":true,"href":"https:\/\/beyondsuncare.org\/fr\/wp-json\/wp\/v2\/users\/3"}],"replies":[{"embeddable":true,"href":"https:\/\/beyondsuncare.org\/fr\/wp-json\/wp\/v2\/comments?post=4094"}],"version-history":[{"count":9,"href":"https:\/\/beyondsuncare.org\/fr\/wp-json\/wp\/v2\/pages\/4094\/revisions"}],"predecessor-version":[{"id":4862,"href":"https:\/\/beyondsuncare.org\/fr\/wp-json\/wp\/v2\/pages\/4094\/revisions\/4862"}],"wp:featuredmedia":[{"embeddable":true,"href":"https:\/\/beyondsuncare.org\/fr\/wp-json\/wp\/v2\/media\/4095"}],"wp:attachment":[{"href":"https:\/\/beyondsuncare.org\/fr\/wp-json\/wp\/v2\/media?parent=4094"}],"curies":[{"name":"wp","href":"https:\/\/api.w.org\/{rel}","templated":true}]}}