{"id":6263,"date":"2022-05-03T12:44:23","date_gmt":"2022-05-03T12:44:23","guid":{"rendered":"https:\/\/beyondsuncare.org\/embajadoras\/"},"modified":"2022-05-04T11:56:49","modified_gmt":"2022-05-04T11:56:49","slug":"beyond-ambassadors","status":"publish","type":"page","link":"https:\/\/beyondsuncare.org\/en\/beyond-ambassadors\/","title":{"rendered":"Beyond Ambassadors"},"content":{"rendered":"<p>[vc_row][vc_column][dfd_spacer screen_wide_spacer_size=&#8221;40&#8243; screen_normal_resolution=&#8221;1024&#8243; screen_tablet_resolution=&#8221;800&#8243; screen_mobile_resolution=&#8221;480&#8243;][dfd_heading subtitle=&#8221;&#8221; delimiter_settings=&#8221;delimiter_style:solid|delimiter_width:80|delimiter_height:3&#8243; undefined=&#8221;&#8221; title_font_options=&#8221;tag:h2&#8243; subtitle_font_options=&#8221;tag:div&#8221;]BEYOND AMBASSADORS[\/dfd_heading][dfd_spacer screen_wide_spacer_size=&#8221;40&#8243; screen_normal_resolution=&#8221;1024&#8243; screen_tablet_resolution=&#8221;800&#8243; screen_mobile_resolution=&#8221;480&#8243;][\/vc_column][\/vc_row][vc_row css=&#8221;.vc_custom_1640533415396{background-color: #ffffff !important;}&#8221;][vc_column width=&#8221;1\/3&#8243; css=&#8221;.vc_custom_1558346448029{padding-right: 40px !important;padding-left: 40px !important;}&#8221; col_shadow=&#8221;box_shadow_enable:disable|shadow_horizontal:0|shadow_vertical:15|shadow_blur:50|shadow_spread:0|box_shadow_color:rgba(0%2C0%2C0%2C0.35)&#8221; col_shadow_hover=&#8221;box_shadow_enable:disable|shadow_horizontal:0|shadow_vertical:15|shadow_blur:50|shadow_spread:0|box_shadow_color:rgba(0%2C0%2C0%2C0.35)&#8221;][dfd_info_banner img_width=&#8221;300&#8243; img_height=&#8221;300&#8243; title=&#8221;SASHA MARMUR&#8221; subtitle=&#8221;Activist and Junior Ambassador&#8221; banner_content=&#8221;At sixteen years old, she collaborates with Sasha Suncare, a collaborative line of sunscreens developed with MMSkincare cosmetics brand. Sasha&#8217;s mission is to educate teens about the dangers of sun damage and help normalise preventative sun protection measures.<\/p>\n<p>100% of the profits from the sales of Sasha Suncare are donated directly to our NGO. Every ten bottles of Sasha Suncare sold equates to an entire year&#8217;s worth of sunscreen, education and dermatological examinations for a person with albinism in Africa.&#8221; read_more=&#8221;more&#8221; readmore_text=&#8221;Read the interview&#8221; image=&#8221;5816&#8243; title_font_options=&#8221;tag:h2&#8243; subtitle_font_options=&#8221;tag:div|font_size:18|color:%23777777|line_height:24|font_style_italic:1&#8243; font_options=&#8221;tag:div&#8221; thumb_radius=&#8221;200&#8243; link=&#8221;url:https%3A%2F%2Fbeyondsuncare.org%2Fen%2Fawareness-and-involvement-of-teenagers-in-sun-protection-is-essential%2F|title:La%20concienciaci%C3%B3n%20e%20implicaci%C3%B3n%20de%20los%20adolescentes%20en%20la%20protecci%C3%B3n%20solar%20es%20fundamental&#8221; readmore_show=&#8221;show&#8221;][dfd_spacer screen_wide_spacer_size=&#8221;40&#8243; screen_normal_resolution=&#8221;1024&#8243; screen_tablet_resolution=&#8221;800&#8243; screen_mobile_resolution=&#8221;480&#8243;][\/vc_column][vc_column width=&#8221;1\/3&#8243;][dfd_info_banner img_width=&#8221;300&#8243; img_height=&#8221;300&#8243; title=&#8221;ADIARATOU IGLESIAS&#8221; subtitle=&#8221;Paralympic champion in adapted athletics&#8221; banner_content=&#8221;World runner-up at the age of 20, she won 100m gold and 400m Paralympic silver in her category in Tokyo in 2021. Adiaratou Iglesias (Mali, 1999) left Mali in 2010 because of local superstitions surrounding people with albinism; as a child she knew she was different because she was white, but it was not until she arrived in Spain that she came across the term &#8220;person with albinism&#8220;.<\/p>\n<p>She collaborates with Beyond Suncare because she feels identified with our work and highlights the distribution of products to people with albinism that they would not otherwise be able to get.&#8221; read_more=&#8221;more&#8221; readmore_text=&#8221;Read the interview&#8221; image=&#8221;5994&#8243; title_font_options=&#8221;tag:h2&#8243; subtitle_font_options=&#8221;tag:div|font_size:18|color:%23777777|line_height:24|font_style_italic:1&#8243; font_options=&#8221;tag:div&#8221; thumb_radius=&#8221;200&#8243; link=&#8221;url:https%3A%2F%2Fbeyondsuncare.org%2Fen%2Fadiaratou-iglesias-olympic-champion-and-beyond-ambassador%2F|title:Adiaratou%20Iglesias%2C%20campeona%20ol%C3%ADmpica%20en%20atletismo%20adaptado%20y%20embajadora%20de%20Beyond&#8221; readmore_show=&#8221;show&#8221; tutorials=&#8221;&#8221;][dfd_spacer screen_wide_spacer_size=&#8221;40&#8243; screen_normal_resolution=&#8221;1024&#8243; screen_tablet_resolution=&#8221;800&#8243; screen_mobile_resolution=&#8221;480&#8243;][\/vc_column][vc_column width=&#8221;1\/3&#8243;][dfd_info_banner img_width=&#8221;300&#8243; img_height=&#8221;300&#8243; title=&#8221;SUSANA RODR\u00cdGUEZ&#8221; subtitle=&#8221;Physio, doctor and Paralympic medallist&#8221; banner_content=&#8221;Her visual impairment, due to her condition as a person with albinism, has never been an impediment to trying to overcome her goals. Trying again and again, without help, is what has generated her eagerness to fight in any of the fields in which she is involved. She is convinced that the best way to help people with disabilities is to give them freedom.<\/p>\n<p>Susana (Vigo, Spain 1988) is a two-time European champion and world champion in 2012, 2018, 2019 and 2021. Time Magazine dedicated its cover to her in July 2020, a few weeks before she won gold in Tokyo, which catapulted her as a reference in Paralympic sport.&#8221; read_more=&#8221;more&#8221; readmore_text=&#8221;Read the interview&#8221; image=&#8221;5997&#8243; title_font_options=&#8221;tag:h2&#8243; subtitle_font_options=&#8221;tag:div|font_size:18|color:%23777777|line_height:24|font_style_italic:1&#8243; font_options=&#8221;tag:div&#8221; thumb_radius=&#8221;200&#8243; link=&#8221;url:https%3A%2F%2Fbeyondsuncare.org%2Fen%2Fsusana-rodriguez-doctor-and-paralympic-medallist%2F|title:Susana%20Rodr%C3%ADguez%3A%20fisioterapeuta%2C%20m%C3%A9dica%20y%20oro%20Paral%C3%ADmpico%20en%20triatl%C3%B3n&#8221; readmore_show=&#8221;show&#8221;][dfd_spacer screen_wide_spacer_size=&#8221;40&#8243; screen_normal_resolution=&#8221;1024&#8243; screen_tablet_resolution=&#8221;800&#8243; screen_mobile_resolution=&#8221;480&#8243;][\/vc_column][\/vc_row]<\/p>\n","protected":false},"excerpt":{"rendered":"<p>[vc_row][vc_column][dfd_spacer screen_wide_spacer_size=&#8221;40&#8243; screen_normal_resolution=&#8221;1024&#8243; screen_tablet_resolution=&#8221;800&#8243; screen_mobile_resolution=&#8221;480&#8243;][dfd_heading subtitle=&#8221;&#8221; delimiter_settings=&#8221;delimiter_style:solid|delimiter_width:80|delimiter_height:3&#8243; undefined=&#8221;&#8221; title_font_options=&#8221;tag:h2&#8243; subtitle_font_options=&#8221;tag:div&#8221;]BEYOND AMBASSADORS[\/dfd_heading][dfd_spacer screen_wide_spacer_size=&#8221;40&#8243; screen_normal_resolution=&#8221;1024&#8243; screen_tablet_resolution=&#8221;800&#8243; screen_mobile_resolution=&#8221;480&#8243;][\/vc_column][\/vc_row][vc_row css=&#8221;.vc_custom_1640533415396{background-color: #ffffff !important;}&#8221;][vc_column width=&#8221;1\/3&#8243; css=&#8221;.vc_custom_1558346448029{padding-right: 40px !important;padding-left: 40px !important;}&#8221; col_shadow=&#8221;box_shadow_enable:disable|shadow_horizontal:0|shadow_vertical:15|shadow_blur:50|shadow_spread:0|box_shadow_color:rgba(0%2C0%2C0%2C0.35)&#8221; col_shadow_hover=&#8221;box_shadow_enable:disable|shadow_horizontal:0|shadow_vertical:15|shadow_blur:50|shadow_spread:0|box_shadow_color:rgba(0%2C0%2C0%2C0.35)&#8221;][dfd_info_banner img_width=&#8221;300&#8243; img_height=&#8221;300&#8243; title=&#8221;SASHA MARMUR&#8221;<\/p>\n","protected":false},"author":10,"featured_media":5998,"parent":0,"menu_order":0,"comment_status":"closed","ping_status":"closed","template":"tmp-page.php","meta":{"give_campaign_id":0,"footnotes":""},"class_list":["post-6263","page","type-page","status-publish","has-post-thumbnail","hentry"],"yoast_head":"<title>Embajadoras de Beyond Suncare<\/title>\n<meta name=\"description\" content=\"Aqu\u00ed os dejamos informaci\u00f3n sobre nuestras embajadoras Susana Rodr\u00edguez, Adiaratou Iglesias y Sasha Marmur\" \/>\n<meta name=\"robots\" content=\"index, follow, max-snippet:-1, max-image-preview:large, max-video-preview:-1\" \/>\n<link rel=\"canonical\" href=\"https:\/\/beyondsuncare.org\/en\/beyond-ambassadors\/\" \/>\n<meta property=\"og:locale\" content=\"en_US\" \/>\n<meta property=\"og:type\" content=\"article\" \/>\n<meta property=\"og:title\" content=\"Embajadoras de Beyond Suncare\" \/>\n<meta property=\"og:description\" content=\"Aqu\u00ed os dejamos informaci\u00f3n sobre nuestras embajadoras Susana Rodr\u00edguez, Adiaratou Iglesias y Sasha Marmur\" \/>\n<meta property=\"og:url\" content=\"https:\/\/beyondsuncare.org\/en\/beyond-ambassadors\/\" \/>\n<meta property=\"og:site_name\" content=\"Beyond suncare\" \/>\n<meta property=\"article:publisher\" content=\"https:\/\/www.facebook.com\/beyondsuncare\" \/>\n<meta property=\"article:modified_time\" content=\"2022-05-04T11:56:49+00:00\" \/>\n<meta property=\"og:image\" content=\"https:\/\/beyondsuncare.org\/wp-content\/uploads\/2021\/12\/Susana-medalla-1-1-2.jpg\" \/>\n\t<meta property=\"og:image:width\" content=\"480\" \/>\n\t<meta property=\"og:image:height\" content=\"471\" \/>\n\t<meta property=\"og:image:type\" content=\"image\/jpeg\" \/>\n<meta name=\"twitter:card\" content=\"summary_large_image\" \/>\n<meta name=\"twitter:site\" content=\"@beyondsuncare\" \/>\n<meta name=\"twitter:label1\" content=\"Est. reading time\" \/>\n\t<meta name=\"twitter:data1\" content=\"2 minutes\" \/>\n<script type=\"application\/ld+json\" class=\"yoast-schema-graph\">{\"@context\":\"https:\/\/schema.org\",\"@graph\":[{\"@type\":\"WebPage\",\"@id\":\"https:\/\/beyondsuncare.org\/en\/beyond-ambassadors\/\",\"url\":\"https:\/\/beyondsuncare.org\/en\/beyond-ambassadors\/\",\"name\":\"Embajadoras de Beyond Suncare\",\"isPartOf\":{\"@id\":\"https:\/\/beyondsuncare.org\/en\/#website\"},\"primaryImageOfPage\":{\"@id\":\"https:\/\/beyondsuncare.org\/en\/beyond-ambassadors\/#primaryimage\"},\"image\":{\"@id\":\"https:\/\/beyondsuncare.org\/en\/beyond-ambassadors\/#primaryimage\"},\"thumbnailUrl\":\"https:\/\/beyondsuncare.org\/wp-content\/uploads\/2021\/12\/Susana-medalla-1-1-2.jpg\",\"datePublished\":\"2022-05-03T12:44:23+00:00\",\"dateModified\":\"2022-05-04T11:56:49+00:00\",\"description\":\"Aqu\u00ed os dejamos informaci\u00f3n sobre nuestras embajadoras Susana Rodr\u00edguez, Adiaratou Iglesias y Sasha Marmur\",\"breadcrumb\":{\"@id\":\"https:\/\/beyondsuncare.org\/en\/beyond-ambassadors\/#breadcrumb\"},\"inLanguage\":\"en-US\",\"potentialAction\":[{\"@type\":\"ReadAction\",\"target\":[\"https:\/\/beyondsuncare.org\/en\/beyond-ambassadors\/\"]}]},{\"@type\":\"ImageObject\",\"inLanguage\":\"en-US\",\"@id\":\"https:\/\/beyondsuncare.org\/en\/beyond-ambassadors\/#primaryimage\",\"url\":\"https:\/\/beyondsuncare.org\/wp-content\/uploads\/2021\/12\/Susana-medalla-1-1-2.jpg\",\"contentUrl\":\"https:\/\/beyondsuncare.org\/wp-content\/uploads\/2021\/12\/Susana-medalla-1-1-2.jpg\",\"width\":480,\"height\":471},{\"@type\":\"BreadcrumbList\",\"@id\":\"https:\/\/beyondsuncare.org\/en\/beyond-ambassadors\/#breadcrumb\",\"itemListElement\":[{\"@type\":\"ListItem\",\"position\":1,\"name\":\"Portada\",\"item\":\"https:\/\/beyondsuncare.org\/en\/\"},{\"@type\":\"ListItem\",\"position\":2,\"name\":\"Beyond Ambassadors\"}]},{\"@type\":\"WebSite\",\"@id\":\"https:\/\/beyondsuncare.org\/en\/#website\",\"url\":\"https:\/\/beyondsuncare.org\/en\/\",\"name\":\"Beyond suncare\",\"description\":\"Desde hace m\u00e1s de 10 a\u00f1os trabajamos cada d\u00eda para asegurar que todas las personas con albinismo vivan protegidas frente al c\u00e1ncer de piel y todo tipo de discriminaci\u00f3n\",\"publisher\":{\"@id\":\"https:\/\/beyondsuncare.org\/en\/#organization\"},\"potentialAction\":[{\"@type\":\"SearchAction\",\"target\":{\"@type\":\"EntryPoint\",\"urlTemplate\":\"https:\/\/beyondsuncare.org\/en\/?s={search_term_string}\"},\"query-input\":{\"@type\":\"PropertyValueSpecification\",\"valueRequired\":true,\"valueName\":\"search_term_string\"}}],\"inLanguage\":\"en-US\"},{\"@type\":\"Organization\",\"@id\":\"https:\/\/beyondsuncare.org\/en\/#organization\",\"name\":\"Beyond Suncare\",\"url\":\"https:\/\/beyondsuncare.org\/en\/\",\"logo\":{\"@type\":\"ImageObject\",\"inLanguage\":\"en-US\",\"@id\":\"https:\/\/beyondsuncare.org\/en\/#\/schema\/logo\/image\/\",\"url\":\"https:\/\/beyondsuncare.org\/wp-content\/uploads\/2019\/04\/beyond-suncare-fondo-transparente.png\",\"contentUrl\":\"https:\/\/beyondsuncare.org\/wp-content\/uploads\/2019\/04\/beyond-suncare-fondo-transparente.png\",\"width\":218,\"height\":80,\"caption\":\"Beyond Suncare\"},\"image\":{\"@id\":\"https:\/\/beyondsuncare.org\/en\/#\/schema\/logo\/image\/\"},\"sameAs\":[\"https:\/\/www.facebook.com\/beyondsuncare\",\"https:\/\/x.com\/beyondsuncare\",\"https:\/\/www.instagram.com\/beyond_suncare\/\",\"https:\/\/www.linkedin.com\/company\/beyond-suncare\/\"]}]}<\/script>","yoast_head_json":{"title":"Embajadoras de Beyond Suncare","description":"Aqu\u00ed os dejamos informaci\u00f3n sobre nuestras embajadoras Susana Rodr\u00edguez, Adiaratou Iglesias y Sasha Marmur","robots":{"index":"index","follow":"follow","max-snippet":"max-snippet:-1","max-image-preview":"max-image-preview:large","max-video-preview":"max-video-preview:-1"},"canonical":"https:\/\/beyondsuncare.org\/en\/beyond-ambassadors\/","og_locale":"en_US","og_type":"article","og_title":"Embajadoras de Beyond Suncare","og_description":"Aqu\u00ed os dejamos informaci\u00f3n sobre nuestras embajadoras Susana Rodr\u00edguez, Adiaratou Iglesias y Sasha Marmur","og_url":"https:\/\/beyondsuncare.org\/en\/beyond-ambassadors\/","og_site_name":"Beyond suncare","article_publisher":"https:\/\/www.facebook.com\/beyondsuncare","article_modified_time":"2022-05-04T11:56:49+00:00","og_image":[{"width":480,"height":471,"url":"https:\/\/beyondsuncare.org\/wp-content\/uploads\/2021\/12\/Susana-medalla-1-1-2.jpg","type":"image\/jpeg"}],"twitter_card":"summary_large_image","twitter_site":"@beyondsuncare","twitter_misc":{"Est. reading time":"2 minutes"},"schema":{"@context":"https:\/\/schema.org","@graph":[{"@type":"WebPage","@id":"https:\/\/beyondsuncare.org\/en\/beyond-ambassadors\/","url":"https:\/\/beyondsuncare.org\/en\/beyond-ambassadors\/","name":"Embajadoras de Beyond Suncare","isPartOf":{"@id":"https:\/\/beyondsuncare.org\/en\/#website"},"primaryImageOfPage":{"@id":"https:\/\/beyondsuncare.org\/en\/beyond-ambassadors\/#primaryimage"},"image":{"@id":"https:\/\/beyondsuncare.org\/en\/beyond-ambassadors\/#primaryimage"},"thumbnailUrl":"https:\/\/beyondsuncare.org\/wp-content\/uploads\/2021\/12\/Susana-medalla-1-1-2.jpg","datePublished":"2022-05-03T12:44:23+00:00","dateModified":"2022-05-04T11:56:49+00:00","description":"Aqu\u00ed os dejamos informaci\u00f3n sobre nuestras embajadoras Susana Rodr\u00edguez, Adiaratou Iglesias y Sasha Marmur","breadcrumb":{"@id":"https:\/\/beyondsuncare.org\/en\/beyond-ambassadors\/#breadcrumb"},"inLanguage":"en-US","potentialAction":[{"@type":"ReadAction","target":["https:\/\/beyondsuncare.org\/en\/beyond-ambassadors\/"]}]},{"@type":"ImageObject","inLanguage":"en-US","@id":"https:\/\/beyondsuncare.org\/en\/beyond-ambassadors\/#primaryimage","url":"https:\/\/beyondsuncare.org\/wp-content\/uploads\/2021\/12\/Susana-medalla-1-1-2.jpg","contentUrl":"https:\/\/beyondsuncare.org\/wp-content\/uploads\/2021\/12\/Susana-medalla-1-1-2.jpg","width":480,"height":471},{"@type":"BreadcrumbList","@id":"https:\/\/beyondsuncare.org\/en\/beyond-ambassadors\/#breadcrumb","itemListElement":[{"@type":"ListItem","position":1,"name":"Portada","item":"https:\/\/beyondsuncare.org\/en\/"},{"@type":"ListItem","position":2,"name":"Beyond Ambassadors"}]},{"@type":"WebSite","@id":"https:\/\/beyondsuncare.org\/en\/#website","url":"https:\/\/beyondsuncare.org\/en\/","name":"Beyond suncare","description":"Desde hace m\u00e1s de 10 a\u00f1os trabajamos cada d\u00eda para asegurar que todas las personas con albinismo vivan protegidas frente al c\u00e1ncer de piel y todo tipo de discriminaci\u00f3n","publisher":{"@id":"https:\/\/beyondsuncare.org\/en\/#organization"},"potentialAction":[{"@type":"SearchAction","target":{"@type":"EntryPoint","urlTemplate":"https:\/\/beyondsuncare.org\/en\/?s={search_term_string}"},"query-input":{"@type":"PropertyValueSpecification","valueRequired":true,"valueName":"search_term_string"}}],"inLanguage":"en-US"},{"@type":"Organization","@id":"https:\/\/beyondsuncare.org\/en\/#organization","name":"Beyond Suncare","url":"https:\/\/beyondsuncare.org\/en\/","logo":{"@type":"ImageObject","inLanguage":"en-US","@id":"https:\/\/beyondsuncare.org\/en\/#\/schema\/logo\/image\/","url":"https:\/\/beyondsuncare.org\/wp-content\/uploads\/2019\/04\/beyond-suncare-fondo-transparente.png","contentUrl":"https:\/\/beyondsuncare.org\/wp-content\/uploads\/2019\/04\/beyond-suncare-fondo-transparente.png","width":218,"height":80,"caption":"Beyond Suncare"},"image":{"@id":"https:\/\/beyondsuncare.org\/en\/#\/schema\/logo\/image\/"},"sameAs":["https:\/\/www.facebook.com\/beyondsuncare","https:\/\/x.com\/beyondsuncare","https:\/\/www.instagram.com\/beyond_suncare\/","https:\/\/www.linkedin.com\/company\/beyond-suncare\/"]}]}},"campaignId":"","_links":{"self":[{"href":"https:\/\/beyondsuncare.org\/en\/wp-json\/wp\/v2\/pages\/6263","targetHints":{"allow":["GET"]}}],"collection":[{"href":"https:\/\/beyondsuncare.org\/en\/wp-json\/wp\/v2\/pages"}],"about":[{"href":"https:\/\/beyondsuncare.org\/en\/wp-json\/wp\/v2\/types\/page"}],"author":[{"embeddable":true,"href":"https:\/\/beyondsuncare.org\/en\/wp-json\/wp\/v2\/users\/10"}],"replies":[{"embeddable":true,"href":"https:\/\/beyondsuncare.org\/en\/wp-json\/wp\/v2\/comments?post=6263"}],"version-history":[{"count":9,"href":"https:\/\/beyondsuncare.org\/en\/wp-json\/wp\/v2\/pages\/6263\/revisions"}],"predecessor-version":[{"id":6285,"href":"https:\/\/beyondsuncare.org\/en\/wp-json\/wp\/v2\/pages\/6263\/revisions\/6285"}],"wp:featuredmedia":[{"embeddable":true,"href":"https:\/\/beyondsuncare.org\/en\/wp-json\/wp\/v2\/media\/5998"}],"wp:attachment":[{"href":"https:\/\/beyondsuncare.org\/en\/wp-json\/wp\/v2\/media?parent=6263"}],"curies":[{"name":"wp","href":"https:\/\/api.w.org\/{rel}","templated":true}]}}