{"id":4829,"date":"2020-04-08T09:30:54","date_gmt":"2020-04-08T09:30:54","guid":{"rendered":"https:\/\/beyondsuncare.org\/?page_id=4829"},"modified":"2025-12-17T15:43:55","modified_gmt":"2025-12-17T15:43:55","slug":"transparency","status":"publish","type":"page","link":"https:\/\/beyondsuncare.org\/en\/transparency\/","title":{"rendered":"Transparency"},"content":{"rendered":"<h2><span style=\"color: #33332a;\">REPORTS<\/span><\/h2>\n<ul>\n<li style=\"list-style-type: none;\">\n<ul>\n<li><a href=\"https:\/\/beyondsuncare.org\/wp-content\/uploads\/2025\/12\/ANNUAL_REPORT_2024_BSC.pdf\">Annual Report 2024<\/a><\/li>\n<li><a href=\"https:\/\/beyondsuncare.org\/wp-content\/uploads\/2024\/10\/BYND_AnnualReport2023_ENG.pdf\" target=\"_blank\" rel=\"noopener\">Annual Report 2023<\/a><\/li>\n<li><a href=\"https:\/\/beyondsuncare.org\/wp-content\/uploads\/2023\/11\/BeyondSuncare_Informe-Anual_2022_eng_compressed.pdf\">Annual Report 2022<\/a><\/li>\n<li><a href=\"https:\/\/beyondsuncare.org\/wp-content\/uploads\/2022\/12\/BYNDSun_Annual-Report_EN-2021.pdf\" target=\"_blank\" rel=\"noopener\">Annual Report 2021\u00a0<\/a><\/li>\n<li><a href=\"https:\/\/beyondsuncare.org\/wp-content\/uploads\/2021\/10\/AnnualReport2020Beyond.pdf\">Annual Report 2020<\/a><\/li>\n<li><a href=\"https:\/\/beyondsuncare.org\/en\/annual-report-beyond-suncare-2019\/\" target=\"_blank\" rel=\"noopener noreferrer\"><span style=\"color: #2b2b29;\">Annual Report 2019<\/span><\/a><\/li>\n<\/ul>\n<\/li>\n<\/ul>\n<p>&nbsp;<\/p>\n<hr \/>\n<h2><span style=\"color: #33332a;\">AUDITS<\/span><\/h2>\n<ul>\n<li><a href=\"https:\/\/beyondsuncare.org\/wp-content\/uploads\/2020\/11\/Beyond_Informe-Auditor%C3%ADa-y-CCAA-2018.pdf\"><span style=\"color: #2b2b29;\">Audit 2018 (Spanish version)<\/span><\/a><\/li>\n<li><a href=\"https:\/\/beyondsuncare.org\/wp-content\/uploads\/2020\/11\/Beyond_Informe-Auditor%C3%ADa-y-CCAA-2019.pdf\">Audit 2019 (Spanish version)<\/a><\/li>\n<li><a href=\"https:\/\/beyondsuncare.org\/wp-content\/uploads\/2022\/07\/Informe-de-Auditoria-y-CCAA-2020-Beyond-Suncare.pdf\" target=\"_blank\" rel=\"noopener\">Audit 2020 (Spanish version)<\/a><\/li>\n<li><a href=\"https:\/\/beyondsuncare.org\/wp-content\/uploads\/2022\/12\/Informe-de-Auditoria-y-CCAA-2021-Beyond-Suncare.pdf\" target=\"_blank\" rel=\"noopener\">Audit 2021 (Spanish version)<\/a><\/li>\n<li><a href=\"https:\/\/beyondsuncare.org\/wp-content\/uploads\/2024\/02\/Informe-de-Auditoria-2022-junto-con-CCAA-Beyond-Suncare.pdf\" target=\"_blank\" rel=\"noopener\">Audit 2022 (Spanish version)<\/a><\/li>\n<li><a href=\"https:\/\/beyondsuncare.org\/wp-content\/uploads\/2025\/12\/Informe-Auditoria_BEYOND-SUNCARE-2023-junto-con-CCAA.pdf\" target=\"_blank\" rel=\"noopener\">Audit 2023 (Spanish version)<\/a><\/li>\n<\/ul>\n<hr \/>\n<h2>TRANSPARENCY REPORTS<\/h2>\n<ul>\n<li style=\"list-style-type: none;\">\n<ul>\n<li><a href=\"https:\/\/beyondsuncare.org\/wp-content\/uploads\/2025\/11\/INFORME-TRANSPARENCIA-BEYOND-SUNCARE-2023.pdf\">2023 (Spanish version)<\/a><\/li>\n<li><a href=\"https:\/\/beyondsuncare.org\/wp-content\/uploads\/2024\/05\/INFORME-TRANSPARENCIA-BEYOND-SUNCARE-2022.pdf\" target=\"_blank\" rel=\"noopener\">2022 (Spanish version)<\/a><\/li>\n<li><a href=\"https:\/\/beyondsuncare.org\/wp-content\/uploads\/2022\/11\/INFORME-TRANSPARENCIA-BEYOND-DEF_MSV.pdf\" target=\"_blank\" rel=\"noopener\">2021 (Spanish version)<\/a><\/li>\n<li><a href=\"https:\/\/beyondsuncare.org\/wp-content\/uploads\/2021\/08\/INFORME-TRANSPARENCIA-beyond_2020.pdf\" target=\"_blank\" rel=\"noopener noreferrer\">2020 (Spanish version)<\/a><\/li>\n<li><a href=\"https:\/\/beyondsuncare.org\/wp-content\/uploads\/2020\/04\/INFORME-TRANSPARENCIA-beyond_22.04.2020.pdf\" target=\"_blank\" rel=\"noopener noreferrer\">2019 (Spanish version)<\/a><\/li>\n<\/ul>\n<\/li>\n<\/ul>\n<p>&nbsp;<\/p>\n<hr \/>\n<h2>OTHER DOCUMENTS<\/h2>\n<ul>\n<li><a href=\"https:\/\/beyondsuncare.org\/wp-content\/uploads\/2025\/11\/POLITICA_MEDIOAMBIENTAL_BSC.pdf\">Environmental policy (Spanish version)<\/a><\/li>\n<li><a href=\"https:\/\/beyondsuncare.org\/en\/codigo-etico-y-de-conducta-beyond-suncare_2020-1-2\/\" target=\"_blank\" rel=\"noopener\">Ethical code<\/a><\/li>\n<li><a href=\"https:\/\/beyondsuncare.org\/wp-content\/uploads\/2021\/10\/ESTATUTOS-BEYOND-CARE_2018_con-sello-registro.pdf\">Beyond Suncare constitution<\/a><\/li>\n<li><a href=\"https:\/\/beyondsuncare.org\/wp-content\/uploads\/2022\/05\/Beyond-Suncare-EN.pdf\">Presentation dossier\u00a0<\/a><\/li>\n<li><a href=\"https:\/\/beyondsuncare.org\/wp-content\/uploads\/2023\/04\/Plan-voluntariado-Beyond-Suncare_2023.pdf\" target=\"_blank\" rel=\"noopener\">Volunteer plan (Spanish version)<\/a><\/li>\n<li><a href=\"https:\/\/beyondsuncare.org\/wp-content\/uploads\/2022\/12\/Plan-Igualdad-Beyond-Suncare.pdf\" target=\"_blank\" rel=\"noopener\">Equality plan (Spanish version)<\/a><\/li>\n<li><a href=\"https:\/\/beyondsuncare.org\/wp-content\/uploads\/2023\/02\/Plan-Estrategico-beyond_2023-2027_final.pdf\" target=\"_blank\" rel=\"noopener\">Strategic plan 2023-27 (Spanish version)<\/a><\/li>\n<li><a href=\"https:\/\/beyondsuncare.org\/wp-content\/uploads\/2023\/10\/Plan-Covid-19_2023-2027.pdf\" target=\"_blank\" rel=\"noopener\">COVID-19 plan (Spanish version)<\/a><\/li>\n<\/ul>\n","protected":false},"excerpt":{"rendered":"<p>REPORTS Annual Report 2024 Annual Report 2023 Annual Report 2022 Annual Report 2021\u00a0 Annual Report 2020 Annual Report 2019 &nbsp; AUDITS Audit 2018 (Spanish version) Audit 2019 (Spanish version) Audit<\/p>\n","protected":false},"author":5,"featured_media":0,"parent":0,"menu_order":0,"comment_status":"closed","ping_status":"closed","template":"","meta":{"give_campaign_id":0,"footnotes":""},"class_list":["post-4829","page","type-page","status-publish","hentry"],"yoast_head":"<title>Transparency - Beyond suncare<\/title>\n<meta name=\"robots\" content=\"index, follow, max-snippet:-1, max-image-preview:large, max-video-preview:-1\" \/>\n<link rel=\"canonical\" href=\"https:\/\/beyondsuncare.org\/en\/transparency\/\" \/>\n<meta property=\"og:locale\" content=\"en_US\" \/>\n<meta property=\"og:type\" content=\"article\" \/>\n<meta property=\"og:title\" content=\"Transparency - Beyond suncare\" \/>\n<meta property=\"og:description\" content=\"REPORTS Annual Report 2024 Annual Report 2023 Annual Report 2022 Annual Report 2021\u00a0 Annual Report 2020 Annual Report 2019 &nbsp; AUDITS Audit 2018 (Spanish version) Audit 2019 (Spanish version) Audit\" \/>\n<meta property=\"og:url\" content=\"https:\/\/beyondsuncare.org\/en\/transparency\/\" \/>\n<meta property=\"og:site_name\" content=\"Beyond suncare\" \/>\n<meta property=\"article:publisher\" content=\"https:\/\/www.facebook.com\/beyondsuncare\" \/>\n<meta property=\"article:modified_time\" content=\"2025-12-17T15:43:55+00:00\" \/>\n<meta name=\"twitter:card\" content=\"summary_large_image\" \/>\n<meta name=\"twitter:site\" content=\"@beyondsuncare\" \/>\n<meta name=\"twitter:label1\" content=\"Est. reading time\" \/>\n\t<meta name=\"twitter:data1\" content=\"1 minute\" \/>\n<script type=\"application\/ld+json\" class=\"yoast-schema-graph\">{\"@context\":\"https:\/\/schema.org\",\"@graph\":[{\"@type\":\"WebPage\",\"@id\":\"https:\/\/beyondsuncare.org\/en\/transparency\/\",\"url\":\"https:\/\/beyondsuncare.org\/en\/transparency\/\",\"name\":\"Transparency - Beyond suncare\",\"isPartOf\":{\"@id\":\"https:\/\/beyondsuncare.org\/en\/#website\"},\"datePublished\":\"2020-04-08T09:30:54+00:00\",\"dateModified\":\"2025-12-17T15:43:55+00:00\",\"breadcrumb\":{\"@id\":\"https:\/\/beyondsuncare.org\/en\/transparency\/#breadcrumb\"},\"inLanguage\":\"en-US\",\"potentialAction\":[{\"@type\":\"ReadAction\",\"target\":[\"https:\/\/beyondsuncare.org\/en\/transparency\/\"]}]},{\"@type\":\"BreadcrumbList\",\"@id\":\"https:\/\/beyondsuncare.org\/en\/transparency\/#breadcrumb\",\"itemListElement\":[{\"@type\":\"ListItem\",\"position\":1,\"name\":\"Portada\",\"item\":\"https:\/\/beyondsuncare.org\/en\/\"},{\"@type\":\"ListItem\",\"position\":2,\"name\":\"Transparency\"}]},{\"@type\":\"WebSite\",\"@id\":\"https:\/\/beyondsuncare.org\/en\/#website\",\"url\":\"https:\/\/beyondsuncare.org\/en\/\",\"name\":\"Beyond suncare\",\"description\":\"Desde hace m\u00e1s de 10 a\u00f1os trabajamos cada d\u00eda para asegurar que todas las personas con albinismo vivan protegidas frente al c\u00e1ncer de piel y todo tipo de discriminaci\u00f3n\",\"publisher\":{\"@id\":\"https:\/\/beyondsuncare.org\/en\/#organization\"},\"potentialAction\":[{\"@type\":\"SearchAction\",\"target\":{\"@type\":\"EntryPoint\",\"urlTemplate\":\"https:\/\/beyondsuncare.org\/en\/?s={search_term_string}\"},\"query-input\":{\"@type\":\"PropertyValueSpecification\",\"valueRequired\":true,\"valueName\":\"search_term_string\"}}],\"inLanguage\":\"en-US\"},{\"@type\":\"Organization\",\"@id\":\"https:\/\/beyondsuncare.org\/en\/#organization\",\"name\":\"Beyond Suncare\",\"url\":\"https:\/\/beyondsuncare.org\/en\/\",\"logo\":{\"@type\":\"ImageObject\",\"inLanguage\":\"en-US\",\"@id\":\"https:\/\/beyondsuncare.org\/en\/#\/schema\/logo\/image\/\",\"url\":\"https:\/\/beyondsuncare.org\/wp-content\/uploads\/2019\/04\/beyond-suncare-fondo-transparente.png\",\"contentUrl\":\"https:\/\/beyondsuncare.org\/wp-content\/uploads\/2019\/04\/beyond-suncare-fondo-transparente.png\",\"width\":218,\"height\":80,\"caption\":\"Beyond Suncare\"},\"image\":{\"@id\":\"https:\/\/beyondsuncare.org\/en\/#\/schema\/logo\/image\/\"},\"sameAs\":[\"https:\/\/www.facebook.com\/beyondsuncare\",\"https:\/\/x.com\/beyondsuncare\",\"https:\/\/www.instagram.com\/beyond_suncare\/\",\"https:\/\/www.linkedin.com\/company\/beyond-suncare\/\"]}]}<\/script>","yoast_head_json":{"title":"Transparency - Beyond suncare","robots":{"index":"index","follow":"follow","max-snippet":"max-snippet:-1","max-image-preview":"max-image-preview:large","max-video-preview":"max-video-preview:-1"},"canonical":"https:\/\/beyondsuncare.org\/en\/transparency\/","og_locale":"en_US","og_type":"article","og_title":"Transparency - Beyond suncare","og_description":"REPORTS Annual Report 2024 Annual Report 2023 Annual Report 2022 Annual Report 2021\u00a0 Annual Report 2020 Annual Report 2019 &nbsp; AUDITS Audit 2018 (Spanish version) Audit 2019 (Spanish version) Audit","og_url":"https:\/\/beyondsuncare.org\/en\/transparency\/","og_site_name":"Beyond suncare","article_publisher":"https:\/\/www.facebook.com\/beyondsuncare","article_modified_time":"2025-12-17T15:43:55+00:00","twitter_card":"summary_large_image","twitter_site":"@beyondsuncare","twitter_misc":{"Est. reading time":"1 minute"},"schema":{"@context":"https:\/\/schema.org","@graph":[{"@type":"WebPage","@id":"https:\/\/beyondsuncare.org\/en\/transparency\/","url":"https:\/\/beyondsuncare.org\/en\/transparency\/","name":"Transparency - Beyond suncare","isPartOf":{"@id":"https:\/\/beyondsuncare.org\/en\/#website"},"datePublished":"2020-04-08T09:30:54+00:00","dateModified":"2025-12-17T15:43:55+00:00","breadcrumb":{"@id":"https:\/\/beyondsuncare.org\/en\/transparency\/#breadcrumb"},"inLanguage":"en-US","potentialAction":[{"@type":"ReadAction","target":["https:\/\/beyondsuncare.org\/en\/transparency\/"]}]},{"@type":"BreadcrumbList","@id":"https:\/\/beyondsuncare.org\/en\/transparency\/#breadcrumb","itemListElement":[{"@type":"ListItem","position":1,"name":"Portada","item":"https:\/\/beyondsuncare.org\/en\/"},{"@type":"ListItem","position":2,"name":"Transparency"}]},{"@type":"WebSite","@id":"https:\/\/beyondsuncare.org\/en\/#website","url":"https:\/\/beyondsuncare.org\/en\/","name":"Beyond suncare","description":"Desde hace m\u00e1s de 10 a\u00f1os trabajamos cada d\u00eda para asegurar que todas las personas con albinismo vivan protegidas frente al c\u00e1ncer de piel y todo tipo de discriminaci\u00f3n","publisher":{"@id":"https:\/\/beyondsuncare.org\/en\/#organization"},"potentialAction":[{"@type":"SearchAction","target":{"@type":"EntryPoint","urlTemplate":"https:\/\/beyondsuncare.org\/en\/?s={search_term_string}"},"query-input":{"@type":"PropertyValueSpecification","valueRequired":true,"valueName":"search_term_string"}}],"inLanguage":"en-US"},{"@type":"Organization","@id":"https:\/\/beyondsuncare.org\/en\/#organization","name":"Beyond Suncare","url":"https:\/\/beyondsuncare.org\/en\/","logo":{"@type":"ImageObject","inLanguage":"en-US","@id":"https:\/\/beyondsuncare.org\/en\/#\/schema\/logo\/image\/","url":"https:\/\/beyondsuncare.org\/wp-content\/uploads\/2019\/04\/beyond-suncare-fondo-transparente.png","contentUrl":"https:\/\/beyondsuncare.org\/wp-content\/uploads\/2019\/04\/beyond-suncare-fondo-transparente.png","width":218,"height":80,"caption":"Beyond Suncare"},"image":{"@id":"https:\/\/beyondsuncare.org\/en\/#\/schema\/logo\/image\/"},"sameAs":["https:\/\/www.facebook.com\/beyondsuncare","https:\/\/x.com\/beyondsuncare","https:\/\/www.instagram.com\/beyond_suncare\/","https:\/\/www.linkedin.com\/company\/beyond-suncare\/"]}]}},"campaignId":"","_links":{"self":[{"href":"https:\/\/beyondsuncare.org\/en\/wp-json\/wp\/v2\/pages\/4829","targetHints":{"allow":["GET"]}}],"collection":[{"href":"https:\/\/beyondsuncare.org\/en\/wp-json\/wp\/v2\/pages"}],"about":[{"href":"https:\/\/beyondsuncare.org\/en\/wp-json\/wp\/v2\/types\/page"}],"author":[{"embeddable":true,"href":"https:\/\/beyondsuncare.org\/en\/wp-json\/wp\/v2\/users\/5"}],"replies":[{"embeddable":true,"href":"https:\/\/beyondsuncare.org\/en\/wp-json\/wp\/v2\/comments?post=4829"}],"version-history":[{"count":44,"href":"https:\/\/beyondsuncare.org\/en\/wp-json\/wp\/v2\/pages\/4829\/revisions"}],"predecessor-version":[{"id":8735,"href":"https:\/\/beyondsuncare.org\/en\/wp-json\/wp\/v2\/pages\/4829\/revisions\/8735"}],"wp:attachment":[{"href":"https:\/\/beyondsuncare.org\/en\/wp-json\/wp\/v2\/media?parent=4829"}],"curies":[{"name":"wp","href":"https:\/\/api.w.org\/{rel}","templated":true}]}}