{"id":4209,"date":"2019-04-12T09:37:12","date_gmt":"2019-04-12T09:37:12","guid":{"rendered":"https:\/\/beyondsuncare.org\/hazte-voluntario\/"},"modified":"2019-07-13T10:12:32","modified_gmt":"2019-07-13T10:12:32","slug":"become-a-volunteer","status":"publish","type":"page","link":"https:\/\/beyondsuncare.org\/en\/become-a-volunteer\/","title":{"rendered":"Become a volunteer"},"content":{"rendered":"<p>[vc_row][vc_column][rev_slider_vc alias=&#8221;voluntario-english&#8221;][\/vc_column][\/vc_row][vc_row css=&#8221;.vc_custom_1559931854762{padding-right: 20px !important;padding-left: 20px !important;}&#8221;][vc_column][dfd_spacer screen_wide_spacer_size=&#8221;40&#8243; screen_normal_resolution=&#8221;1024&#8243; screen_tablet_resolution=&#8221;800&#8243; screen_mobile_resolution=&#8221;480&#8243;][vc_column_text]<\/p>\n<p style=\"text-align: left; font-size: 18px; line-height: 26px;\">Without the commitment and dedication of dozens of volunteers we could not have changed the lives of more than 3500 families. Join Beyond Suncare as a volunteer and together let\u2019s continue changing futures.<\/p>\n<p>[\/vc_column_text][dfd_spacer screen_wide_spacer_size=&#8221;40&#8243; screen_normal_resolution=&#8221;1024&#8243; screen_tablet_resolution=&#8221;800&#8243; screen_mobile_resolution=&#8221;480&#8243;][dfd_heading subtitle=&#8221;&#8221; delimiter_settings=&#8221;delimiter_style:solid|delimiter_width:80|delimiter_height:3&#8243; undefined=&#8221;&#8221; title_font_options=&#8221;tag:h2|font_style_bold:1&#8243; subtitle_font_options=&#8221;tag:div&#8221; tutorials=&#8221;&#8221;]TYPES OF VOLUNTARY ACTIONS[\/dfd_heading][dfd_spacer screen_wide_spacer_size=&#8221;20&#8243; screen_normal_resolution=&#8221;1024&#8243; screen_tablet_resolution=&#8221;800&#8243; screen_mobile_resolution=&#8221;480&#8243;][vc_column_text]<\/p>\n<p style=\"text-align: center;\">Share your time, your knowledge and your experience. We need collaborators in various areas and projects.<\/p>\n<p>[\/vc_column_text][dfd_spacer screen_wide_spacer_size=&#8221;20&#8243; screen_normal_resolution=&#8221;1024&#8243; screen_tablet_resolution=&#8221;800&#8243; screen_mobile_resolution=&#8221;480&#8243;][\/vc_column][\/vc_row][vc_row css=&#8221;.vc_custom_1559931763018{padding-right: 20px !important;padding-left: 20px !important;}&#8221;][vc_column width=&#8221;1\/2&#8243;][dfd_icon_list list_fields=&#8221;%5B%7B%22icon_type%22%3A%22selector%22%2C%22select_icon%22%3A%22dfd_icons%22%2C%22ic_dfd_icons%22%3A%22dfd-socicon-loader%22%2C%22text_content%22%3A%22SUPPORT%20WITH%20ADMINISTRATIVE%20TASKS%22%7D%2C%7B%22icon_type%22%3A%22selector%22%2C%22select_icon%22%3A%22dfd_icons%22%2C%22ic_dfd_icons%22%3A%22dfd-socicon-loader%22%2C%22text_content%22%3A%22GRAPHIC%20DESIGN%22%7D%2C%7B%22icon_type%22%3A%22selector%22%2C%22select_icon%22%3A%22dfd_icons%22%2C%22ic_dfd_icons%22%3A%22dfd-socicon-loader%22%2C%22text_content%22%3A%22COLLABORATION%20IN%20ORGANIZATION%20OF%20EVENTS%22%7D%2C%7B%22icon_type%22%3A%22selector%22%2C%22select_icon%22%3A%22dfd_icons%22%2C%22ic_dfd_icons%22%3A%22dfd-socicon-loader%22%2C%22text_content%22%3A%22EXPERTS%20IN%20MARKETING%20ONLINE%22%7D%2C%7B%22icon_type%22%3A%22selector%22%2C%22select_icon%22%3A%22dfd_icons%22%2C%22ic_dfd_icons%22%3A%22dfd-socicon-loader%22%2C%22text_content%22%3A%22TRANSLATORS%20AND%20STORYTELLERS%22%7D%5D&#8221; main_style=&#8221;style-1&#8243; font_options=&#8221;tag:div|font_size:18|color:%23000000&#8243; icon_size=&#8221;25&#8243; icon_color=&#8221;#f0d65a&#8221; tutorials=&#8221;&#8221;][\/vc_column][vc_column width=&#8221;1\/2&#8243;][dfd_icon_list list_fields=&#8221;%5B%7B%22icon_type%22%3A%22selector%22%2C%22select_icon%22%3A%22dfd_icons%22%2C%22ic_dfd_icons%22%3A%22dfd-socicon-loader%22%2C%22text_content%22%3A%22EXPERTS%20IN%20FUNDRAISING%22%7D%2C%7B%22icon_type%22%3A%22selector%22%2C%22select_icon%22%3A%22dfd_icons%22%2C%22ic_dfd_icons%22%3A%22dfd-socicon-loader%22%2C%22text_content%22%3A%22PHARMACISTS%20AND%20COSMETOLOGISTS%22%7D%2C%7B%22icon_type%22%3A%22selector%22%2C%22select_icon%22%3A%22dfd_icons%22%2C%22ic_dfd_icons%22%3A%22dfd-socicon-loader%22%2C%22text_content%22%3A%22DERMATOLOGISTS%22%7D%2C%7B%22icon_type%22%3A%22selector%22%2C%22select_icon%22%3A%22dfd_icons%22%2C%22ic_dfd_icons%22%3A%22dfd-socicon-loader%22%2C%22text_content%22%3A%22PHOTOGRAPHY%20AND%20VIDEO%20RECORDING%22%7D%2C%7B%22icon_type%22%3A%22selector%22%2C%22select_icon%22%3A%22dfd_icons%22%2C%22ic_dfd_icons%22%3A%22dfd-socicon-loader%22%2C%22text_content%22%3A%22STATISTICS%20AND%20EXPERTS%20IN%20IMPACT%20MEASUREMENT%22%7D%5D&#8221; main_style=&#8221;style-1&#8243; font_options=&#8221;tag:div|font_size:18|color:%23000000&#8243; icon_size=&#8221;25&#8243; icon_color=&#8221;#f0d65a&#8221; tutorials=&#8221;&#8221;][dfd_spacer screen_wide_spacer_size=&#8221;40&#8243; screen_normal_resolution=&#8221;1024&#8243; screen_tablet_resolution=&#8221;800&#8243; screen_mobile_resolution=&#8221;480&#8243;][\/vc_column][\/vc_row][vc_row][vc_column css=&#8221;.vc_custom_1559931874193{padding-right: 20px !important;padding-left: 20px !important;}&#8221; col_shadow=&#8221;box_shadow_enable:disable|shadow_horizontal:0|shadow_vertical:15|shadow_blur:50|shadow_spread:0|box_shadow_color:rgba(0%2C0%2C0%2C0.35)&#8221; col_shadow_hover=&#8221;box_shadow_enable:disable|shadow_horizontal:0|shadow_vertical:15|shadow_blur:50|shadow_spread:0|box_shadow_color:rgba(0%2C0%2C0%2C0.35)&#8221;][dfd_spacer screen_wide_spacer_size=&#8221;40&#8243; screen_normal_resolution=&#8221;1024&#8243; screen_tablet_resolution=&#8221;800&#8243; screen_mobile_resolution=&#8221;480&#8243;][dfd_heading subtitle=&#8221;&#8221; delimiter_settings=&#8221;delimiter_style:solid|delimiter_width:80|delimiter_height:3&#8243; undefined=&#8221;&#8221; title_font_options=&#8221;tag:h2&#8243; subtitle_font_options=&#8221;tag:div&#8221; tutorials=&#8221;&#8221;]COLLABORATE WITH US[\/dfd_heading][dfd_spacer screen_wide_spacer_size=&#8221;40&#8243; screen_normal_resolution=&#8221;1024&#8243; screen_tablet_resolution=&#8221;800&#8243; screen_mobile_resolution=&#8221;480&#8243;][vc_row_inner][vc_column_inner width=&#8221;1\/2&#8243;][vc_column_text]<\/p>\n<p style=\"text-align: left;\">We need collaborators in various areas and projects. If you want to help us with our projects do not hesitate to send us an email enclosing your CV and cover letter. We will get in touch with you as soon as possible.<\/p>\n<p>[\/vc_column_text][dfd_spacer screen_wide_spacer_size=&#8221;40&#8243; screen_normal_resolution=&#8221;1024&#8243; screen_tablet_resolution=&#8221;800&#8243; screen_mobile_resolution=&#8221;480&#8243;]\n<div class=\"wpcf7 no-js\" id=\"wpcf7-f4337-o1\" lang=\"\" dir=\"ltr\" data-wpcf7-id=\"4337\">\n<div class=\"screen-reader-response\"><p role=\"status\" aria-live=\"polite\" aria-atomic=\"true\"><\/p> <ul><\/ul><\/div>\n<form action=\"\/en\/wp-json\/wp\/v2\/pages\/4209#wpcf7-f4337-o1\" method=\"post\" class=\"wpcf7-form init\" aria-label=\"Contact form\" enctype=\"multipart\/form-data\" novalidate=\"novalidate\" data-status=\"init\">\n<fieldset class=\"hidden-fields-container\"><input type=\"hidden\" name=\"_wpcf7\" value=\"4337\" \/><input type=\"hidden\" name=\"_wpcf7_version\" value=\"6.1.4\" \/><input type=\"hidden\" name=\"_wpcf7_locale\" value=\"\" \/><input type=\"hidden\" name=\"_wpcf7_unit_tag\" value=\"wpcf7-f4337-o1\" \/><input type=\"hidden\" name=\"_wpcf7_container_post\" value=\"0\" \/><input type=\"hidden\" name=\"_wpcf7_posted_data_hash\" value=\"\" \/><input type=\"hidden\" name=\"_wpcf7cf_hidden_group_fields\" value=\"[]\" \/><input type=\"hidden\" name=\"_wpcf7cf_hidden_groups\" value=\"[]\" \/><input type=\"hidden\" name=\"_wpcf7cf_visible_groups\" value=\"[]\" \/><input type=\"hidden\" name=\"_wpcf7cf_repeaters\" value=\"[]\" \/><input type=\"hidden\" name=\"_wpcf7cf_steps\" value=\"{}\" \/><input type=\"hidden\" name=\"_wpcf7cf_options\" value=\"{&quot;form_id&quot;:4337,&quot;conditions&quot;:[],&quot;settings&quot;:{&quot;animation&quot;:&quot;yes&quot;,&quot;animation_intime&quot;:200,&quot;animation_outtime&quot;:200,&quot;conditions_ui&quot;:&quot;normal&quot;,&quot;notice_dismissed&quot;:false,&quot;notice_dismissed_rollback-cf7-6.0.4&quot;:true}}\" \/><input type=\"hidden\" name=\"_wpcf7_recaptcha_response\" value=\"\" \/>\n<\/fieldset>\n<p><label> Full name<br \/>\n<span class=\"wpcf7-form-control-wrap\" data-name=\"your-name\"><input size=\"40\" maxlength=\"400\" class=\"wpcf7-form-control wpcf7-text wpcf7-validates-as-required\" aria-required=\"true\" aria-invalid=\"false\" value=\"\" type=\"text\" name=\"your-name\" \/><\/span> <\/label>\n<\/p>\n<p><label> Email<br \/>\n<span class=\"wpcf7-form-control-wrap\" data-name=\"your-email\"><input size=\"40\" maxlength=\"400\" class=\"wpcf7-form-control wpcf7-email wpcf7-validates-as-required wpcf7-text wpcf7-validates-as-email\" aria-required=\"true\" aria-invalid=\"false\" value=\"\" type=\"email\" name=\"your-email\" \/><\/span> <\/label>\n<\/p>\n<p><label> CV<br \/>\n<span class=\"wpcf7-form-control-wrap\" data-name=\"cv\"><input size=\"40\" class=\"wpcf7-form-control wpcf7-file wpcf7-validates-as-required\" accept=\"audio\/*,video\/*,image\/*\" aria-required=\"true\" aria-invalid=\"false\" type=\"file\" name=\"cv\" \/><\/span> <\/label>\n<\/p>\n<p><label> Cover letter<br \/>\n<span class=\"wpcf7-form-control-wrap\" data-name=\"carta\"><input size=\"40\" class=\"wpcf7-form-control wpcf7-file\" accept=\"audio\/*,video\/*,image\/*\" aria-invalid=\"false\" type=\"file\" name=\"carta\" \/><\/span> <\/label>\n<\/p>\n<p><label> Your message<br \/>\n<span class=\"wpcf7-form-control-wrap\" data-name=\"your-message\"><textarea cols=\"40\" rows=\"10\" maxlength=\"2000\" class=\"wpcf7-form-control wpcf7-textarea\" aria-invalid=\"false\" name=\"your-message\"><\/textarea><\/span> <\/label>\n<\/p>\n<p>[mc4wp_checkbox]\n<\/p>\n<p><span class=\"wpcf7-form-control-wrap\" data-name=\"checkbox-470\"><span class=\"wpcf7-form-control wpcf7-checkbox wpcf7-validates-as-required\"><span class=\"wpcf7-list-item first last\"><input type=\"checkbox\" name=\"checkbox-470[]\" value=\"I accept Beyond Suncare&#039;s data processing\" \/><span class=\"wpcf7-list-item-label\">I accept Beyond Suncare&#039;s data processing<\/span><\/span><\/span><\/span>\n<\/p>\n<p style=\"font-size:12px;margin-bottom:0;line-height:18px;\"><strong>File manager<\/strong>: Beyond Suncare\n<\/p>\n<p style=\"font-size:12px;margin-bottom:0;line-height:18px;\"><strong>Purpose<\/strong>: Manage and process your request and send you information - by electronic means - about activities, events and similar actions\n<\/p>\n<p style=\"font-size:12px;margin-bottom:0;line-height:18px;\"><strong>Legitimization<\/strong>: Consent\n<\/p>\n<p style=\"font-size:12px;margin-bottom:0;line-height:18px;\"><strong>Recipients<\/strong>: The data will not be communicated to third parties, except Mailchimp, in the cases indicated in our <a target=\"_blank\" href=\"\/en\/privacy-policy\/\" style=\"text-decoration:underline\">privacy policy<\/a>.\n<\/p>\n<p style=\"font-size:12px;margin-bottom:0;line-height:18px;\"><strong>Rights<\/strong>: Access, rectify and delete data, as well as other rights, as explained in the additional information.\n<\/p>\n<p style=\"font-size:12px;margin-bottom:0;line-height:18px;\">More information about our <a target=\"_blank\" href=\"\/en\/privacy-policy\/\" style=\"text-decoration:underline\">privacy policy<\/a>.\n<\/p>\n<p>&nbsp;\n<\/p>\n<p><input class=\"wpcf7-form-control wpcf7-submit has-spinner\" type=\"submit\" value=\"Send\" \/>\n<\/p><div class=\"wpcf7-response-output\" aria-hidden=\"true\"><\/div>\n<\/form>\n<\/div>\n[\/vc_column_inner][vc_column_inner width=&#8221;1\/2&#8243;][dfd_spacer screen_wide_spacer_size=&#8221;40&#8243; screen_normal_resolution=&#8221;1024&#8243; screen_tablet_resolution=&#8221;800&#8243; screen_mobile_resolution=&#8221;480&#8243;][dfd_info_banner style=&#8221;style-26&#8243; img_width=&#8221;225&#8243; img_height=&#8221;225&#8243; title=&#8221;&#8221; subtitle=&#8221;\u201cBeing part of this project has not only helped me to offer my services as a volunteer translator to give visibility to the reality of children with albinism, but to do my bit to guarantee their right to live a childhood in a safe environment.\u201d&#8221; banner_content=&#8221;Florencia Ruiz, volunteer&#8221; read_more=&#8221;box&#8221; image=&#8221;3135&#8243; title_font_options=&#8221;tag:div&#8221; subtitle_font_options=&#8221;tag:div|font_size:18|color:%23000000|line_height:24|font_style_italic:1&#8243; font_options=&#8221;tag:div|font_style_bold:1&#8243; link=&#8221;url:https%3A%2F%2Fbeyondsuncare.org%2Fdona%2F|title:Dona||&#8221; thumb_radius=&#8221;225&#8243; tutorials=&#8221;&#8221;][dfd_spacer screen_wide_spacer_size=&#8221;40&#8243; screen_normal_resolution=&#8221;1024&#8243; screen_tablet_resolution=&#8221;800&#8243; screen_mobile_resolution=&#8221;480&#8243;][dfd_info_banner style=&#8221;style-26&#8243; img_width=&#8221;225&#8243; img_height=&#8221;225&#8243; title=&#8221;&#8221; subtitle=&#8221;\u201cThere are many reasons to volunteer. For me, collaborating with Beyond Suncare in the area of communication means uniting the two things I most believe in: the power of communication and the duty as a person to leave this world better than how I found it\u201d&#8221; banner_content=&#8221;Montse, volunteer&#8221; read_more=&#8221;box&#8221; image=&#8221;3603&#8243; title_font_options=&#8221;tag:div&#8221; subtitle_font_options=&#8221;tag:div|font_size:18|color:%23000000|line_height:24|font_style_italic:1&#8243; font_options=&#8221;tag:div|font_style_bold:1&#8243; link=&#8221;url:https%3A%2F%2Fbeyondsuncare.org%2Fdona%2F|title:Dona||&#8221; thumb_radius=&#8221;300&#8243; tutorials=&#8221;&#8221;][dfd_spacer screen_wide_spacer_size=&#8221;40&#8243; screen_normal_resolution=&#8221;1024&#8243; screen_tablet_resolution=&#8221;800&#8243; screen_mobile_resolution=&#8221;480&#8243;][\/vc_column_inner][\/vc_row_inner][dfd_spacer screen_wide_spacer_size=&#8221;40&#8243; screen_normal_resolution=&#8221;1024&#8243; screen_tablet_resolution=&#8221;800&#8243; screen_mobile_resolution=&#8221;480&#8243;][\/vc_column][\/vc_row]<\/p>\n","protected":false},"excerpt":{"rendered":"<p>[vc_row][vc_column][rev_slider_vc alias=&#8221;voluntario-english&#8221;][\/vc_column][\/vc_row][vc_row css=&#8221;.vc_custom_1559931854762{padding-right: 20px !important;padding-left: 20px !important;}&#8221;][vc_column][dfd_spacer screen_wide_spacer_size=&#8221;40&#8243; screen_normal_resolution=&#8221;1024&#8243; screen_tablet_resolution=&#8221;800&#8243; screen_mobile_resolution=&#8221;480&#8243;][vc_column_text] Without the commitment and dedication of dozens of volunteers we could not have changed the lives of more than<\/p>\n","protected":false},"author":3,"featured_media":0,"parent":0,"menu_order":0,"comment_status":"closed","ping_status":"closed","template":"tmp-page.php","meta":{"give_campaign_id":0,"footnotes":""},"class_list":["post-4209","page","type-page","status-publish","hentry"],"yoast_head":"<title>Become a volunteer of Beyond Suncare<\/title>\n<meta name=\"description\" content=\"All the help is welcome, become a volunteer of Beyond Suncare and together we keep changing the future\" \/>\n<meta name=\"robots\" content=\"index, follow, max-snippet:-1, max-image-preview:large, max-video-preview:-1\" \/>\n<link rel=\"canonical\" href=\"https:\/\/beyondsuncare.org\/en\/become-a-volunteer\/\" \/>\n<meta property=\"og:locale\" content=\"en_US\" \/>\n<meta property=\"og:type\" content=\"article\" \/>\n<meta property=\"og:title\" content=\"Become a volunteer of Beyond Suncare\" \/>\n<meta property=\"og:description\" content=\"All the help is welcome, become a volunteer of Beyond Suncare and together we keep changing the future\" \/>\n<meta property=\"og:url\" content=\"https:\/\/beyondsuncare.org\/en\/become-a-volunteer\/\" \/>\n<meta property=\"og:site_name\" content=\"Beyond suncare\" \/>\n<meta property=\"article:publisher\" content=\"https:\/\/www.facebook.com\/beyondsuncare\" \/>\n<meta property=\"article:modified_time\" content=\"2019-07-13T10:12:32+00:00\" \/>\n<meta name=\"twitter:card\" content=\"summary_large_image\" \/>\n<meta name=\"twitter:site\" content=\"@beyondsuncare\" \/>\n<meta name=\"twitter:label1\" content=\"Est. reading time\" \/>\n\t<meta name=\"twitter:data1\" content=\"5 minutes\" \/>\n<script type=\"application\/ld+json\" class=\"yoast-schema-graph\">{\"@context\":\"https:\/\/schema.org\",\"@graph\":[{\"@type\":\"WebPage\",\"@id\":\"https:\/\/beyondsuncare.org\/en\/become-a-volunteer\/\",\"url\":\"https:\/\/beyondsuncare.org\/en\/become-a-volunteer\/\",\"name\":\"Become a volunteer of Beyond Suncare\",\"isPartOf\":{\"@id\":\"https:\/\/beyondsuncare.org\/en\/#website\"},\"datePublished\":\"2019-04-12T09:37:12+00:00\",\"dateModified\":\"2019-07-13T10:12:32+00:00\",\"description\":\"All the help is welcome, become a volunteer of Beyond Suncare and together we keep changing the future\",\"breadcrumb\":{\"@id\":\"https:\/\/beyondsuncare.org\/en\/become-a-volunteer\/#breadcrumb\"},\"inLanguage\":\"en-US\",\"potentialAction\":[{\"@type\":\"ReadAction\",\"target\":[\"https:\/\/beyondsuncare.org\/en\/become-a-volunteer\/\"]}]},{\"@type\":\"BreadcrumbList\",\"@id\":\"https:\/\/beyondsuncare.org\/en\/become-a-volunteer\/#breadcrumb\",\"itemListElement\":[{\"@type\":\"ListItem\",\"position\":1,\"name\":\"Portada\",\"item\":\"https:\/\/beyondsuncare.org\/en\/\"},{\"@type\":\"ListItem\",\"position\":2,\"name\":\"Become a volunteer\"}]},{\"@type\":\"WebSite\",\"@id\":\"https:\/\/beyondsuncare.org\/en\/#website\",\"url\":\"https:\/\/beyondsuncare.org\/en\/\",\"name\":\"Beyond suncare\",\"description\":\"Desde hace m\u00e1s de 10 a\u00f1os trabajamos cada d\u00eda para asegurar que todas las personas con albinismo vivan protegidas frente al c\u00e1ncer de piel y todo tipo de discriminaci\u00f3n\",\"publisher\":{\"@id\":\"https:\/\/beyondsuncare.org\/en\/#organization\"},\"potentialAction\":[{\"@type\":\"SearchAction\",\"target\":{\"@type\":\"EntryPoint\",\"urlTemplate\":\"https:\/\/beyondsuncare.org\/en\/?s={search_term_string}\"},\"query-input\":{\"@type\":\"PropertyValueSpecification\",\"valueRequired\":true,\"valueName\":\"search_term_string\"}}],\"inLanguage\":\"en-US\"},{\"@type\":\"Organization\",\"@id\":\"https:\/\/beyondsuncare.org\/en\/#organization\",\"name\":\"Beyond Suncare\",\"url\":\"https:\/\/beyondsuncare.org\/en\/\",\"logo\":{\"@type\":\"ImageObject\",\"inLanguage\":\"en-US\",\"@id\":\"https:\/\/beyondsuncare.org\/en\/#\/schema\/logo\/image\/\",\"url\":\"https:\/\/beyondsuncare.org\/wp-content\/uploads\/2019\/04\/beyond-suncare-fondo-transparente.png\",\"contentUrl\":\"https:\/\/beyondsuncare.org\/wp-content\/uploads\/2019\/04\/beyond-suncare-fondo-transparente.png\",\"width\":218,\"height\":80,\"caption\":\"Beyond Suncare\"},\"image\":{\"@id\":\"https:\/\/beyondsuncare.org\/en\/#\/schema\/logo\/image\/\"},\"sameAs\":[\"https:\/\/www.facebook.com\/beyondsuncare\",\"https:\/\/x.com\/beyondsuncare\",\"https:\/\/www.instagram.com\/beyond_suncare\/\",\"https:\/\/www.linkedin.com\/company\/beyond-suncare\/\"]}]}<\/script>","yoast_head_json":{"title":"Become a volunteer of Beyond Suncare","description":"All the help is welcome, become a volunteer of Beyond Suncare and together we keep changing the future","robots":{"index":"index","follow":"follow","max-snippet":"max-snippet:-1","max-image-preview":"max-image-preview:large","max-video-preview":"max-video-preview:-1"},"canonical":"https:\/\/beyondsuncare.org\/en\/become-a-volunteer\/","og_locale":"en_US","og_type":"article","og_title":"Become a volunteer of Beyond Suncare","og_description":"All the help is welcome, become a volunteer of Beyond Suncare and together we keep changing the future","og_url":"https:\/\/beyondsuncare.org\/en\/become-a-volunteer\/","og_site_name":"Beyond suncare","article_publisher":"https:\/\/www.facebook.com\/beyondsuncare","article_modified_time":"2019-07-13T10:12:32+00:00","twitter_card":"summary_large_image","twitter_site":"@beyondsuncare","twitter_misc":{"Est. reading time":"5 minutes"},"schema":{"@context":"https:\/\/schema.org","@graph":[{"@type":"WebPage","@id":"https:\/\/beyondsuncare.org\/en\/become-a-volunteer\/","url":"https:\/\/beyondsuncare.org\/en\/become-a-volunteer\/","name":"Become a volunteer of Beyond Suncare","isPartOf":{"@id":"https:\/\/beyondsuncare.org\/en\/#website"},"datePublished":"2019-04-12T09:37:12+00:00","dateModified":"2019-07-13T10:12:32+00:00","description":"All the help is welcome, become a volunteer of Beyond Suncare and together we keep changing the future","breadcrumb":{"@id":"https:\/\/beyondsuncare.org\/en\/become-a-volunteer\/#breadcrumb"},"inLanguage":"en-US","potentialAction":[{"@type":"ReadAction","target":["https:\/\/beyondsuncare.org\/en\/become-a-volunteer\/"]}]},{"@type":"BreadcrumbList","@id":"https:\/\/beyondsuncare.org\/en\/become-a-volunteer\/#breadcrumb","itemListElement":[{"@type":"ListItem","position":1,"name":"Portada","item":"https:\/\/beyondsuncare.org\/en\/"},{"@type":"ListItem","position":2,"name":"Become a volunteer"}]},{"@type":"WebSite","@id":"https:\/\/beyondsuncare.org\/en\/#website","url":"https:\/\/beyondsuncare.org\/en\/","name":"Beyond suncare","description":"Desde hace m\u00e1s de 10 a\u00f1os trabajamos cada d\u00eda para asegurar que todas las personas con albinismo vivan protegidas frente al c\u00e1ncer de piel y todo tipo de discriminaci\u00f3n","publisher":{"@id":"https:\/\/beyondsuncare.org\/en\/#organization"},"potentialAction":[{"@type":"SearchAction","target":{"@type":"EntryPoint","urlTemplate":"https:\/\/beyondsuncare.org\/en\/?s={search_term_string}"},"query-input":{"@type":"PropertyValueSpecification","valueRequired":true,"valueName":"search_term_string"}}],"inLanguage":"en-US"},{"@type":"Organization","@id":"https:\/\/beyondsuncare.org\/en\/#organization","name":"Beyond Suncare","url":"https:\/\/beyondsuncare.org\/en\/","logo":{"@type":"ImageObject","inLanguage":"en-US","@id":"https:\/\/beyondsuncare.org\/en\/#\/schema\/logo\/image\/","url":"https:\/\/beyondsuncare.org\/wp-content\/uploads\/2019\/04\/beyond-suncare-fondo-transparente.png","contentUrl":"https:\/\/beyondsuncare.org\/wp-content\/uploads\/2019\/04\/beyond-suncare-fondo-transparente.png","width":218,"height":80,"caption":"Beyond Suncare"},"image":{"@id":"https:\/\/beyondsuncare.org\/en\/#\/schema\/logo\/image\/"},"sameAs":["https:\/\/www.facebook.com\/beyondsuncare","https:\/\/x.com\/beyondsuncare","https:\/\/www.instagram.com\/beyond_suncare\/","https:\/\/www.linkedin.com\/company\/beyond-suncare\/"]}]}},"campaignId":"","_links":{"self":[{"href":"https:\/\/beyondsuncare.org\/en\/wp-json\/wp\/v2\/pages\/4209","targetHints":{"allow":["GET"]}}],"collection":[{"href":"https:\/\/beyondsuncare.org\/en\/wp-json\/wp\/v2\/pages"}],"about":[{"href":"https:\/\/beyondsuncare.org\/en\/wp-json\/wp\/v2\/types\/page"}],"author":[{"embeddable":true,"href":"https:\/\/beyondsuncare.org\/en\/wp-json\/wp\/v2\/users\/3"}],"replies":[{"embeddable":true,"href":"https:\/\/beyondsuncare.org\/en\/wp-json\/wp\/v2\/comments?post=4209"}],"version-history":[{"count":3,"href":"https:\/\/beyondsuncare.org\/en\/wp-json\/wp\/v2\/pages\/4209\/revisions"}],"predecessor-version":[{"id":4339,"href":"https:\/\/beyondsuncare.org\/en\/wp-json\/wp\/v2\/pages\/4209\/revisions\/4339"}],"wp:attachment":[{"href":"https:\/\/beyondsuncare.org\/en\/wp-json\/wp\/v2\/media?parent=4209"}],"curies":[{"name":"wp","href":"https:\/\/api.w.org\/{rel}","templated":true}]}}