{"id":4206,"date":"2019-04-12T09:37:02","date_gmt":"2019-04-12T09:37:02","guid":{"rendered":"https:\/\/beyondsuncare.org\/hazte-socio\/"},"modified":"2019-12-17T10:54:35","modified_gmt":"2019-12-17T10:54:35","slug":"become-a-member","status":"publish","type":"page","link":"https:\/\/beyondsuncare.org\/en\/become-a-member\/","title":{"rendered":"Become a member"},"content":{"rendered":"<p>[vc_row][vc_column][rev_slider_vc alias=&#8221;hazte-socio-ingles&#8221;][\/vc_column][\/vc_row][vc_row][vc_column css=&#8221;.vc_custom_1559930792287{padding-right: 20px !important;padding-left: 20px !important;}&#8221; col_shadow=&#8221;box_shadow_enable:disable|shadow_horizontal:0|shadow_vertical:15|shadow_blur:50|shadow_spread:0|box_shadow_color:rgba(0%2C0%2C0%2C0.35)&#8221; col_shadow_hover=&#8221;box_shadow_enable:disable|shadow_horizontal:0|shadow_vertical:15|shadow_blur:50|shadow_spread:0|box_shadow_color:rgba(0%2C0%2C0%2C0.35)&#8221;][dfd_spacer screen_wide_spacer_size=&#8221;40&#8243; screen_normal_resolution=&#8221;1024&#8243; screen_tablet_resolution=&#8221;800&#8243; screen_mobile_resolution=&#8221;480&#8243;][vc_column_text]<\/p>\n<p style=\"text-align: left; font-size: 18px;\">Become a member of Beyond Suncare and support our work to save the lives of thousands of people with albinism in Africa, guarantee their access to health and help them grow in an environment in which their rights are respected.<\/p>\n<p>[\/vc_column_text][dfd_spacer screen_wide_spacer_size=&#8221;40&#8243; screen_normal_resolution=&#8221;1024&#8243; screen_tablet_resolution=&#8221;800&#8243; screen_mobile_resolution=&#8221;480&#8243;][\/vc_column][\/vc_row][vc_row force_equal_height_columns=&#8221;main_row&#8221; css=&#8221;.vc_custom_1559930804171{padding-right: 20px !important;padding-left: 20px !important;}&#8221;][vc_column width=&#8221;1\/6&#8243;][\/vc_column][vc_column width=&#8221;2\/6&#8243;][vc_column_text css=&#8221;.vc_custom_1576580048155{border-top-width: 3px !important;border-right-width: 3px !important;border-bottom-width: 3px !important;border-left-width: 3px !important;padding-top: 20px !important;padding-right: 20px !important;padding-bottom: 20px !important;padding-left: 20px !important;border-left-color: #f0d65a !important;border-left-style: solid !important;border-right-color: #f0d65a !important;border-right-style: solid !important;border-top-color: #f0d65a !important;border-top-style: solid !important;border-bottom-color: #f0d65a !important;border-bottom-style: solid !important;border-radius: 5px !important;}&#8221;]With <strong>10\u00a0euros a month,<\/strong> you get that 1 person with albinism has tailored sunscreen, education and dermatological monitoring for a year.<\/p>\n<p>With <strong>30 euros a month<\/strong>, you get the health staff of 3 hospitals trained in skin cancer prevention.<\/p>\n<p>With\u00a0 <strong>50 euros a month,<\/strong> you will help us manufacture 600 tailor-made sunscreen.<\/p>\n<p><strong>Another amount<\/strong>: Every contribution counts[\/vc_column_text][dfd_spacer screen_wide_spacer_size=&#8221;40&#8243; screen_normal_resolution=&#8221;1024&#8243; screen_tablet_resolution=&#8221;800&#8243; screen_mobile_resolution=&#8221;480&#8243;][\/vc_column][vc_column width=&#8221;2\/6&#8243; offset=&#8221;vc_hidden-sm vc_hidden-xs&#8221; col_shadow=&#8221;box_shadow_enable:disable|shadow_horizontal:0|shadow_vertical:15|shadow_blur:50|shadow_spread:0|box_shadow_color:rgba(0%2C0%2C0%2C0.35)&#8221; col_shadow_hover=&#8221;box_shadow_enable:disable|shadow_horizontal:0|shadow_vertical:15|shadow_blur:50|shadow_spread:0|box_shadow_color:rgba(0%2C0%2C0%2C0.35)&#8221;][dfd_new_testimonials main_layout=&#8221;layout-17&#8243; author=&#8221;M\u00f3nica,&#8221; subtitle=&#8221;member&#8221; description=&#8221;\u201cBy participating as a member, I add my grain of sand so that people with albinism can live in a safe environment, enjoy their right to health and have a dignified future &#8230; in short, that they can live freely as any human being.\u201d&#8221; hide_shadow=&#8221;&#8221; show_triangle=&#8221;&#8221; image=&#8221;2794&#8243; title_subtitle_nowrap=&#8221;nowrap&#8221; content_font_options=&#8221;font_size:16|color:%23000000|line_height:24|font_style_italic:1&#8243; title_font_options=&#8221;tag:div|font_size:16&#8243; subtitle_font_options=&#8221;tag:div|font_size:16&#8243; thumb_size=&#8221;300&#8243;][dfd_spacer screen_wide_spacer_size=&#8221;40&#8243; screen_normal_resolution=&#8221;1024&#8243; screen_tablet_resolution=&#8221;800&#8243; screen_mobile_resolution=&#8221;480&#8243;][\/vc_column][vc_column width=&#8221;1\/6&#8243;][\/vc_column][\/vc_row][vc_row][vc_column][dfd_spacer screen_wide_spacer_size=&#8221;40&#8243; screen_normal_resolution=&#8221;1024&#8243; screen_tablet_resolution=&#8221;800&#8243; screen_mobile_resolution=&#8221;480&#8243;][vc_column_text]<\/p>\n<p style=\"text-align: center;\">Please enter the following information to become member of Beyond Suncare:<\/p>\n<p>[\/vc_column_text][dfd_spacer screen_wide_spacer_size=&#8221;40&#8243; screen_normal_resolution=&#8221;1024&#8243; screen_tablet_resolution=&#8221;800&#8243; screen_mobile_resolution=&#8221;480&#8243;][\/vc_column][\/vc_row][vc_row css=&#8221;.vc_custom_1559930816539{padding-right: 20px !important;padding-left: 20px !important;}&#8221;][vc_column width=&#8221;1\/4&#8243;][\/vc_column][vc_column width=&#8221;1\/2&#8243;]\n<div class=\"wpcf7 no-js\" id=\"wpcf7-f4333-o1\" lang=\"\" dir=\"ltr\" data-wpcf7-id=\"4333\">\n<div class=\"screen-reader-response\"><p role=\"status\" aria-live=\"polite\" aria-atomic=\"true\"><\/p> <ul><\/ul><\/div>\n<form action=\"\/en\/wp-json\/wp\/v2\/pages\/4206#wpcf7-f4333-o1\" method=\"post\" class=\"wpcf7-form init\" aria-label=\"Contact form\" novalidate=\"novalidate\" data-status=\"init\">\n<fieldset class=\"hidden-fields-container\"><input type=\"hidden\" name=\"_wpcf7\" value=\"4333\" \/><input type=\"hidden\" name=\"_wpcf7_version\" value=\"6.1.4\" \/><input type=\"hidden\" name=\"_wpcf7_locale\" value=\"\" \/><input type=\"hidden\" name=\"_wpcf7_unit_tag\" value=\"wpcf7-f4333-o1\" \/><input type=\"hidden\" name=\"_wpcf7_container_post\" value=\"0\" \/><input type=\"hidden\" name=\"_wpcf7_posted_data_hash\" value=\"\" \/><input type=\"hidden\" name=\"_wpcf7cf_hidden_group_fields\" value=\"[]\" \/><input type=\"hidden\" name=\"_wpcf7cf_hidden_groups\" value=\"[]\" \/><input type=\"hidden\" name=\"_wpcf7cf_visible_groups\" value=\"[]\" \/><input type=\"hidden\" name=\"_wpcf7cf_repeaters\" value=\"[]\" \/><input type=\"hidden\" name=\"_wpcf7cf_steps\" value=\"{}\" \/><input type=\"hidden\" name=\"_wpcf7cf_options\" value=\"{&quot;form_id&quot;:4333,&quot;conditions&quot;:[{&quot;then_field&quot;:&quot;donativo-opcional&quot;,&quot;and_rules&quot;:[{&quot;if_field&quot;:&quot;donativo&quot;,&quot;operator&quot;:&quot;equals&quot;,&quot;if_value&quot;:&quot;Another amount, all helps&quot;}]}],&quot;settings&quot;:{&quot;animation&quot;:&quot;yes&quot;,&quot;animation_intime&quot;:200,&quot;animation_outtime&quot;:200,&quot;conditions_ui&quot;:&quot;normal&quot;,&quot;notice_dismissed&quot;:false,&quot;notice_dismissed_rollback-cf7-6.0.4&quot;:true}}\" \/><input type=\"hidden\" name=\"_wpcf7_recaptcha_response\" value=\"\" \/>\n<\/fieldset>\n<p><label> Full name<br \/>\n<span class=\"wpcf7-form-control-wrap\" data-name=\"your-name\"><input size=\"40\" maxlength=\"400\" class=\"wpcf7-form-control wpcf7-text wpcf7-validates-as-required\" aria-required=\"true\" aria-invalid=\"false\" value=\"\" type=\"text\" name=\"your-name\" \/><\/span> <\/label>\n<\/p>\n<p><label> Identification number<br \/>\n<span class=\"wpcf7-form-control-wrap\" data-name=\"id\"><input size=\"40\" maxlength=\"400\" class=\"wpcf7-form-control wpcf7-text\" aria-invalid=\"false\" value=\"\" type=\"text\" name=\"id\" \/><\/span> <\/label>\n<\/p>\n<p><label> Email<br \/>\n<span class=\"wpcf7-form-control-wrap\" data-name=\"your-email\"><input size=\"40\" maxlength=\"400\" class=\"wpcf7-form-control wpcf7-email wpcf7-validates-as-required wpcf7-text wpcf7-validates-as-email\" aria-required=\"true\" aria-invalid=\"false\" value=\"\" type=\"email\" name=\"your-email\" \/><\/span> <\/label>\n<\/p>\n<p><label> Phone<br \/>\n<span class=\"wpcf7-form-control-wrap\" data-name=\"telefono\"><input size=\"40\" maxlength=\"400\" class=\"wpcf7-form-control wpcf7-tel wpcf7-text wpcf7-validates-as-tel\" aria-invalid=\"false\" value=\"\" type=\"tel\" name=\"telefono\" \/><\/span> <\/label>\n<\/p>\n<p><label> Set your monthly donation<br \/>\n<span class=\"wpcf7-form-control-wrap\" data-name=\"donativo\"><select class=\"wpcf7-form-control wpcf7-select wpcf7-validates-as-required\" aria-required=\"true\" aria-invalid=\"false\" name=\"donativo\"><option value=\"15\u20ac\" selected=\"selected\">15\u20ac<\/option><option value=\"30\u20ac\">30\u20ac<\/option><option value=\"50\u20ac\">50\u20ac<\/option><option value=\"Another amount, all helps\">Another amount, all helps<\/option><\/select><\/span> <\/label>\n<\/p>\n<div data-id=\"donativo-opcional\" data-orig_data_id=\"donativo-opcional\"  class=\"\" data-class=\"wpcf7cf_group\">\n\t<p><label> Enter your monthly donation, in euros<br \/>\n<span class=\"wpcf7-form-control-wrap\" data-name=\"donativo-opcional\"><input size=\"40\" maxlength=\"400\" class=\"wpcf7-form-control wpcf7-text wpcf7-validates-as-required digits JVmin-10\" aria-required=\"true\" aria-invalid=\"false\" value=\"\" type=\"text\" name=\"donativo-opcional\" \/><\/span><\/label>\n\t<\/p>\n<\/div>\n<p><label> IBAN<br \/>\n<span class=\"wpcf7-form-control-wrap\" data-name=\"IBAN\"><input size=\"40\" maxlength=\"400\" class=\"wpcf7-form-control wpcf7-text wpcf7-validates-as-required iban\" aria-required=\"true\" aria-invalid=\"false\" value=\"\" type=\"text\" name=\"IBAN\" \/><\/span> <\/label>\n<\/p>\n<p><label> SWIFT\/BIC<br \/>\n<span class=\"wpcf7-form-control-wrap\" data-name=\"swift\"><input size=\"40\" maxlength=\"400\" class=\"wpcf7-form-control wpcf7-text wpcf7-validates-as-required\" aria-required=\"true\" aria-invalid=\"false\" value=\"\" type=\"text\" name=\"swift\" \/><\/span> <\/label>\n<\/p>\n<p>[mc4wp_checkbox]\n<\/p>\n<p><span class=\"wpcf7-form-control-wrap\" data-name=\"checkbox-470\"><span class=\"wpcf7-form-control wpcf7-checkbox wpcf7-validates-as-required\"><span class=\"wpcf7-list-item first last\"><input type=\"checkbox\" name=\"checkbox-470[]\" value=\"I accept Beyond Suncare&#039;s data processing terms\" \/><span class=\"wpcf7-list-item-label\">I accept Beyond Suncare&#039;s data processing terms<\/span><\/span><\/span><\/span>\n<\/p>\n<p style=\"font-size:12px;margin-bottom:0;line-height:18px;\"><strong>File manager<\/strong>: Beyond Suncare\n<\/p>\n<p style=\"font-size:12px;margin-bottom:0;line-height:18px;\"><strong>Purpose<\/strong>: Manage and process your request and send you information - by electronic means - about activities, events and similar actions\n<\/p>\n<p style=\"font-size:12px;margin-bottom:0;line-height:18px;\"><strong>Legitimization<\/strong>: Consent\n<\/p>\n<p style=\"font-size:12px;margin-bottom:0;line-height:18px;\"><strong>Recipients<\/strong>: The data will not be communicated to third parties, except Mailchimp, in the cases indicated in our <a target=\"_blank\" href=\"\/en\/privacy-policy\/\" style=\"text-decoration:underline\">privacy policy<\/a>.\n<\/p>\n<p style=\"font-size:12px;margin-bottom:0;line-height:18px;\"><strong>Rights<\/strong>: Access, rectify and delete data, as well as other rights, as explained in the additional information.\n<\/p>\n<p style=\"font-size:12px;margin-bottom:0;line-height:18px;\">More information about our <a target=\"_blank\" href=\"\/en\/privacy-policy\/\" style=\"text-decoration:underline\">privacy policy<\/a>.\n<\/p>\n<p>&nbsp;\n<\/p>\n<p><input class=\"wpcf7-form-control wpcf7-submit has-spinner\" type=\"submit\" value=\"Send\" \/>\n<\/p><div class=\"wpcf7-response-output\" aria-hidden=\"true\"><\/div>\n<\/form>\n<\/div>\n[vc_column_text]We will only charge the amount of your fee in your account.<br \/>\nYou can unsubscribe at any time[\/vc_column_text][dfd_spacer screen_wide_spacer_size=&#8221;40&#8243; screen_normal_resolution=&#8221;1024&#8243; screen_tablet_resolution=&#8221;800&#8243; screen_mobile_resolution=&#8221;480&#8243;][\/vc_column][vc_column width=&#8221;1\/4&#8243;][\/vc_column][\/vc_row][vc_row force_equal_height_columns=&#8221;main_row&#8221; css=&#8221;.vc_custom_1559930804171{padding-right: 20px !important;padding-left: 20px !important;}&#8221;][vc_column offset=&#8221;vc_hidden-lg vc_hidden-md&#8221; col_shadow=&#8221;box_shadow_enable:disable|shadow_horizontal:0|shadow_vertical:15|shadow_blur:50|shadow_spread:0|box_shadow_color:rgba(0%2C0%2C0%2C0.35)&#8221; col_shadow_hover=&#8221;box_shadow_enable:disable|shadow_horizontal:0|shadow_vertical:15|shadow_blur:50|shadow_spread:0|box_shadow_color:rgba(0%2C0%2C0%2C0.35)&#8221;][dfd_new_testimonials main_layout=&#8221;layout-17&#8243; author=&#8221;M\u00f3nica,&#8221; subtitle=&#8221;member&#8221; description=&#8221;\u201cBy participating as a member, I add my grain of sand so that people with albinism can live in a safe environment, enjoy their right to health and have a dignified future &#8230; in short, that they can live freely as any human being.\u201d&#8221; hide_shadow=&#8221;&#8221; show_triangle=&#8221;&#8221; image=&#8221;2794&#8243; title_subtitle_nowrap=&#8221;nowrap&#8221; content_font_options=&#8221;font_size:16|color:%23000000|line_height:24|font_style_italic:1&#8243; title_font_options=&#8221;tag:div|font_size:16&#8243; subtitle_font_options=&#8221;tag:div|font_size:16&#8243; thumb_size=&#8221;300&#8243;][dfd_spacer screen_wide_spacer_size=&#8221;40&#8243; screen_normal_resolution=&#8221;1024&#8243; screen_tablet_resolution=&#8221;800&#8243; screen_mobile_resolution=&#8221;480&#8243;][\/vc_column][\/vc_row]<\/p>\n","protected":false},"excerpt":{"rendered":"<p>[vc_row][vc_column][rev_slider_vc alias=&#8221;hazte-socio-ingles&#8221;][\/vc_column][\/vc_row][vc_row][vc_column css=&#8221;.vc_custom_1559930792287{padding-right: 20px !important;padding-left: 20px !important;}&#8221; col_shadow=&#8221;box_shadow_enable:disable|shadow_horizontal:0|shadow_vertical:15|shadow_blur:50|shadow_spread:0|box_shadow_color:rgba(0%2C0%2C0%2C0.35)&#8221; col_shadow_hover=&#8221;box_shadow_enable:disable|shadow_horizontal:0|shadow_vertical:15|shadow_blur:50|shadow_spread:0|box_shadow_color:rgba(0%2C0%2C0%2C0.35)&#8221;][dfd_spacer screen_wide_spacer_size=&#8221;40&#8243; screen_normal_resolution=&#8221;1024&#8243; screen_tablet_resolution=&#8221;800&#8243; screen_mobile_resolution=&#8221;480&#8243;][vc_column_text] Become a member of Beyond Suncare and support our work to save the lives of thousands of<\/p>\n","protected":false},"author":3,"featured_media":3500,"parent":0,"menu_order":0,"comment_status":"closed","ping_status":"closed","template":"tmp-page.php","meta":{"give_campaign_id":0,"footnotes":""},"class_list":["post-4206","page","type-page","status-publish","has-post-thumbnail","hentry"],"yoast_head":"<title>Become a member of Beyond Suncare<\/title>\n<meta name=\"description\" content=\"Become a member of Beyond Suncare and help with your monthly contribution to continue improving our help to people with albinism in Africa\" \/>\n<meta name=\"robots\" content=\"index, follow, max-snippet:-1, max-image-preview:large, max-video-preview:-1\" \/>\n<link rel=\"canonical\" href=\"https:\/\/beyondsuncare.org\/en\/become-a-member\/\" \/>\n<meta property=\"og:locale\" content=\"en_US\" \/>\n<meta property=\"og:type\" content=\"article\" \/>\n<meta property=\"og:title\" content=\"Become a member of Beyond Suncare\" \/>\n<meta property=\"og:description\" content=\"Become a member of Beyond Suncare and help with your monthly contribution to continue improving our help to people with albinism in Africa\" \/>\n<meta property=\"og:url\" content=\"https:\/\/beyondsuncare.org\/en\/become-a-member\/\" \/>\n<meta property=\"og:site_name\" content=\"Beyond suncare\" \/>\n<meta property=\"article:publisher\" content=\"https:\/\/www.facebook.com\/beyondsuncare\" \/>\n<meta property=\"article:modified_time\" content=\"2019-12-17T10:54:35+00:00\" \/>\n<meta property=\"og:image\" content=\"https:\/\/beyondsuncare.org\/wp-content\/uploads\/2019\/06\/hazte-socio-portada.jpg\" \/>\n\t<meta property=\"og:image:width\" content=\"2048\" \/>\n\t<meta property=\"og:image:height\" content=\"1200\" \/>\n\t<meta property=\"og:image:type\" content=\"image\/jpeg\" \/>\n<meta name=\"twitter:card\" content=\"summary_large_image\" \/>\n<meta name=\"twitter:site\" content=\"@beyondsuncare\" \/>\n<meta name=\"twitter:label1\" content=\"Est. reading time\" \/>\n\t<meta name=\"twitter:data1\" content=\"4 minutes\" \/>\n<script type=\"application\/ld+json\" class=\"yoast-schema-graph\">{\"@context\":\"https:\/\/schema.org\",\"@graph\":[{\"@type\":\"WebPage\",\"@id\":\"https:\/\/beyondsuncare.org\/en\/become-a-member\/\",\"url\":\"https:\/\/beyondsuncare.org\/en\/become-a-member\/\",\"name\":\"Become a member of Beyond Suncare\",\"isPartOf\":{\"@id\":\"https:\/\/beyondsuncare.org\/en\/#website\"},\"primaryImageOfPage\":{\"@id\":\"https:\/\/beyondsuncare.org\/en\/become-a-member\/#primaryimage\"},\"image\":{\"@id\":\"https:\/\/beyondsuncare.org\/en\/become-a-member\/#primaryimage\"},\"thumbnailUrl\":\"https:\/\/beyondsuncare.org\/wp-content\/uploads\/2019\/06\/hazte-socio-portada.jpg\",\"datePublished\":\"2019-04-12T09:37:02+00:00\",\"dateModified\":\"2019-12-17T10:54:35+00:00\",\"description\":\"Become a member of Beyond Suncare and help with your monthly contribution to continue improving our help to people with albinism in Africa\",\"breadcrumb\":{\"@id\":\"https:\/\/beyondsuncare.org\/en\/become-a-member\/#breadcrumb\"},\"inLanguage\":\"en-US\",\"potentialAction\":[{\"@type\":\"ReadAction\",\"target\":[\"https:\/\/beyondsuncare.org\/en\/become-a-member\/\"]}]},{\"@type\":\"ImageObject\",\"inLanguage\":\"en-US\",\"@id\":\"https:\/\/beyondsuncare.org\/en\/become-a-member\/#primaryimage\",\"url\":\"https:\/\/beyondsuncare.org\/wp-content\/uploads\/2019\/06\/hazte-socio-portada.jpg\",\"contentUrl\":\"https:\/\/beyondsuncare.org\/wp-content\/uploads\/2019\/06\/hazte-socio-portada.jpg\",\"width\":2048,\"height\":1200},{\"@type\":\"BreadcrumbList\",\"@id\":\"https:\/\/beyondsuncare.org\/en\/become-a-member\/#breadcrumb\",\"itemListElement\":[{\"@type\":\"ListItem\",\"position\":1,\"name\":\"Portada\",\"item\":\"https:\/\/beyondsuncare.org\/en\/\"},{\"@type\":\"ListItem\",\"position\":2,\"name\":\"Become a member\"}]},{\"@type\":\"WebSite\",\"@id\":\"https:\/\/beyondsuncare.org\/en\/#website\",\"url\":\"https:\/\/beyondsuncare.org\/en\/\",\"name\":\"Beyond suncare\",\"description\":\"Desde hace m\u00e1s de 10 a\u00f1os trabajamos cada d\u00eda para asegurar que todas las personas con albinismo vivan protegidas frente al c\u00e1ncer de piel y todo tipo de discriminaci\u00f3n\",\"publisher\":{\"@id\":\"https:\/\/beyondsuncare.org\/en\/#organization\"},\"potentialAction\":[{\"@type\":\"SearchAction\",\"target\":{\"@type\":\"EntryPoint\",\"urlTemplate\":\"https:\/\/beyondsuncare.org\/en\/?s={search_term_string}\"},\"query-input\":{\"@type\":\"PropertyValueSpecification\",\"valueRequired\":true,\"valueName\":\"search_term_string\"}}],\"inLanguage\":\"en-US\"},{\"@type\":\"Organization\",\"@id\":\"https:\/\/beyondsuncare.org\/en\/#organization\",\"name\":\"Beyond Suncare\",\"url\":\"https:\/\/beyondsuncare.org\/en\/\",\"logo\":{\"@type\":\"ImageObject\",\"inLanguage\":\"en-US\",\"@id\":\"https:\/\/beyondsuncare.org\/en\/#\/schema\/logo\/image\/\",\"url\":\"https:\/\/beyondsuncare.org\/wp-content\/uploads\/2019\/04\/beyond-suncare-fondo-transparente.png\",\"contentUrl\":\"https:\/\/beyondsuncare.org\/wp-content\/uploads\/2019\/04\/beyond-suncare-fondo-transparente.png\",\"width\":218,\"height\":80,\"caption\":\"Beyond Suncare\"},\"image\":{\"@id\":\"https:\/\/beyondsuncare.org\/en\/#\/schema\/logo\/image\/\"},\"sameAs\":[\"https:\/\/www.facebook.com\/beyondsuncare\",\"https:\/\/x.com\/beyondsuncare\",\"https:\/\/www.instagram.com\/beyond_suncare\/\",\"https:\/\/www.linkedin.com\/company\/beyond-suncare\/\"]}]}<\/script>","yoast_head_json":{"title":"Become a member of Beyond Suncare","description":"Become a member of Beyond Suncare and help with your monthly contribution to continue improving our help to people with albinism in Africa","robots":{"index":"index","follow":"follow","max-snippet":"max-snippet:-1","max-image-preview":"max-image-preview:large","max-video-preview":"max-video-preview:-1"},"canonical":"https:\/\/beyondsuncare.org\/en\/become-a-member\/","og_locale":"en_US","og_type":"article","og_title":"Become a member of Beyond Suncare","og_description":"Become a member of Beyond Suncare and help with your monthly contribution to continue improving our help to people with albinism in Africa","og_url":"https:\/\/beyondsuncare.org\/en\/become-a-member\/","og_site_name":"Beyond suncare","article_publisher":"https:\/\/www.facebook.com\/beyondsuncare","article_modified_time":"2019-12-17T10:54:35+00:00","og_image":[{"width":2048,"height":1200,"url":"https:\/\/beyondsuncare.org\/wp-content\/uploads\/2019\/06\/hazte-socio-portada.jpg","type":"image\/jpeg"}],"twitter_card":"summary_large_image","twitter_site":"@beyondsuncare","twitter_misc":{"Est. reading time":"4 minutes"},"schema":{"@context":"https:\/\/schema.org","@graph":[{"@type":"WebPage","@id":"https:\/\/beyondsuncare.org\/en\/become-a-member\/","url":"https:\/\/beyondsuncare.org\/en\/become-a-member\/","name":"Become a member of Beyond Suncare","isPartOf":{"@id":"https:\/\/beyondsuncare.org\/en\/#website"},"primaryImageOfPage":{"@id":"https:\/\/beyondsuncare.org\/en\/become-a-member\/#primaryimage"},"image":{"@id":"https:\/\/beyondsuncare.org\/en\/become-a-member\/#primaryimage"},"thumbnailUrl":"https:\/\/beyondsuncare.org\/wp-content\/uploads\/2019\/06\/hazte-socio-portada.jpg","datePublished":"2019-04-12T09:37:02+00:00","dateModified":"2019-12-17T10:54:35+00:00","description":"Become a member of Beyond Suncare and help with your monthly contribution to continue improving our help to people with albinism in Africa","breadcrumb":{"@id":"https:\/\/beyondsuncare.org\/en\/become-a-member\/#breadcrumb"},"inLanguage":"en-US","potentialAction":[{"@type":"ReadAction","target":["https:\/\/beyondsuncare.org\/en\/become-a-member\/"]}]},{"@type":"ImageObject","inLanguage":"en-US","@id":"https:\/\/beyondsuncare.org\/en\/become-a-member\/#primaryimage","url":"https:\/\/beyondsuncare.org\/wp-content\/uploads\/2019\/06\/hazte-socio-portada.jpg","contentUrl":"https:\/\/beyondsuncare.org\/wp-content\/uploads\/2019\/06\/hazte-socio-portada.jpg","width":2048,"height":1200},{"@type":"BreadcrumbList","@id":"https:\/\/beyondsuncare.org\/en\/become-a-member\/#breadcrumb","itemListElement":[{"@type":"ListItem","position":1,"name":"Portada","item":"https:\/\/beyondsuncare.org\/en\/"},{"@type":"ListItem","position":2,"name":"Become a member"}]},{"@type":"WebSite","@id":"https:\/\/beyondsuncare.org\/en\/#website","url":"https:\/\/beyondsuncare.org\/en\/","name":"Beyond suncare","description":"Desde hace m\u00e1s de 10 a\u00f1os trabajamos cada d\u00eda para asegurar que todas las personas con albinismo vivan protegidas frente al c\u00e1ncer de piel y todo tipo de discriminaci\u00f3n","publisher":{"@id":"https:\/\/beyondsuncare.org\/en\/#organization"},"potentialAction":[{"@type":"SearchAction","target":{"@type":"EntryPoint","urlTemplate":"https:\/\/beyondsuncare.org\/en\/?s={search_term_string}"},"query-input":{"@type":"PropertyValueSpecification","valueRequired":true,"valueName":"search_term_string"}}],"inLanguage":"en-US"},{"@type":"Organization","@id":"https:\/\/beyondsuncare.org\/en\/#organization","name":"Beyond Suncare","url":"https:\/\/beyondsuncare.org\/en\/","logo":{"@type":"ImageObject","inLanguage":"en-US","@id":"https:\/\/beyondsuncare.org\/en\/#\/schema\/logo\/image\/","url":"https:\/\/beyondsuncare.org\/wp-content\/uploads\/2019\/04\/beyond-suncare-fondo-transparente.png","contentUrl":"https:\/\/beyondsuncare.org\/wp-content\/uploads\/2019\/04\/beyond-suncare-fondo-transparente.png","width":218,"height":80,"caption":"Beyond Suncare"},"image":{"@id":"https:\/\/beyondsuncare.org\/en\/#\/schema\/logo\/image\/"},"sameAs":["https:\/\/www.facebook.com\/beyondsuncare","https:\/\/x.com\/beyondsuncare","https:\/\/www.instagram.com\/beyond_suncare\/","https:\/\/www.linkedin.com\/company\/beyond-suncare\/"]}]}},"campaignId":"","_links":{"self":[{"href":"https:\/\/beyondsuncare.org\/en\/wp-json\/wp\/v2\/pages\/4206","targetHints":{"allow":["GET"]}}],"collection":[{"href":"https:\/\/beyondsuncare.org\/en\/wp-json\/wp\/v2\/pages"}],"about":[{"href":"https:\/\/beyondsuncare.org\/en\/wp-json\/wp\/v2\/types\/page"}],"author":[{"embeddable":true,"href":"https:\/\/beyondsuncare.org\/en\/wp-json\/wp\/v2\/users\/3"}],"replies":[{"embeddable":true,"href":"https:\/\/beyondsuncare.org\/en\/wp-json\/wp\/v2\/comments?post=4206"}],"version-history":[{"count":9,"href":"https:\/\/beyondsuncare.org\/en\/wp-json\/wp\/v2\/pages\/4206\/revisions"}],"predecessor-version":[{"id":4582,"href":"https:\/\/beyondsuncare.org\/en\/wp-json\/wp\/v2\/pages\/4206\/revisions\/4582"}],"wp:featuredmedia":[{"embeddable":true,"href":"https:\/\/beyondsuncare.org\/en\/wp-json\/wp\/v2\/media\/3500"}],"wp:attachment":[{"href":"https:\/\/beyondsuncare.org\/en\/wp-json\/wp\/v2\/media?parent=4206"}],"curies":[{"name":"wp","href":"https:\/\/api.w.org\/{rel}","templated":true}]}}