{"id":4183,"date":"2019-06-10T12:09:27","date_gmt":"2019-06-10T12:09:27","guid":{"rendered":"https:\/\/beyondsuncare.org\/colabora-como-empresa\/"},"modified":"2022-05-19T17:11:03","modified_gmt":"2022-05-19T17:11:03","slug":"collaborate-as-a-company","status":"publish","type":"page","link":"https:\/\/beyondsuncare.org\/en\/collaborate-as-a-company\/","title":{"rendered":"Get your company involved"},"content":{"rendered":"<p>[vc_row][vc_column][rev_slider_vc alias=&#8221;empresa-ingles&#8221;][\/vc_column][\/vc_row][vc_row css=&#8221;.vc_custom_1559931854762{padding-right: 20px !important;padding-left: 20px !important;}&#8221;][vc_column][dfd_spacer screen_wide_spacer_size=&#8221;40&#8243; screen_normal_resolution=&#8221;1024&#8243; screen_tablet_resolution=&#8221;800&#8243; screen_mobile_resolution=&#8221;480&#8243;][vc_column_text]<\/p>\n<p style=\"text-align: left; font-size: 18px; line-height: 26px;\">Companies are real engines of social change. We look forward to partner with companies that help us to change the rules of the game, to generate social innovation and to multiply our impact.<\/p>\n<p>[\/vc_column_text][dfd_spacer screen_wide_spacer_size=&#8221;40&#8243; screen_normal_resolution=&#8221;1024&#8243; screen_tablet_resolution=&#8221;800&#8243; screen_mobile_resolution=&#8221;480&#8243;][dfd_heading subtitle=&#8221;Help us locally, transform globally!&#8221; delimiter_settings=&#8221;delimiter_style:solid|delimiter_width:80|delimiter_height:3&#8243; undefined=&#8221;&#8221; title_font_options=&#8221;tag:h2|line_height:60|font_style_bold:1&#8243; subtitle_font_options=&#8221;tag:h3&#8243; title_responsive=&#8221;line_height_tablet:36|line_height_mobile:36&#8243;]THERE ARE MANY WAYS TO COLLABORATE[\/dfd_heading][dfd_spacer screen_wide_spacer_size=&#8221;20&#8243; screen_normal_resolution=&#8221;1024&#8243; screen_tablet_resolution=&#8221;800&#8243; screen_mobile_resolution=&#8221;480&#8243;][\/vc_column][\/vc_row][vc_row css=&#8221;.vc_custom_1559931763018{padding-right: 20px !important;padding-left: 20px !important;}&#8221;][vc_column width=&#8221;1\/3&#8243; css=&#8221;.vc_custom_1560272041405{padding-right: 20px !important;padding-left: 20px !important;}&#8221; col_shadow=&#8221;box_shadow_enable:disable|shadow_horizontal:0|shadow_vertical:15|shadow_blur:50|shadow_spread:0|box_shadow_color:rgba(0%2C0%2C0%2C0.35)&#8221; col_shadow_hover=&#8221;box_shadow_enable:disable|shadow_horizontal:0|shadow_vertical:15|shadow_blur:50|shadow_spread:0|box_shadow_color:rgba(0%2C0%2C0%2C0.35)&#8221;][dfd_info_banner content_alignment=&#8221;text-left&#8221; img_width=&#8221;1024&#8243; img_height=&#8221;669&#8243; title=&#8221;VOLUNTEERING AND TRANSFER OF KNOWLEDGE&#8221; subtitle=&#8221;&#8221; banner_content=&#8221;We develop projects that need the knowledge and innovation capacity of your company.<\/p>\n<p>Collaborate through the provision of pro-bono professional services.&#8221; read_more=&#8221;box&#8221; title_font_options=&#8221;tag:div&#8221; subtitle_font_options=&#8221;tag:div&#8221; font_options=&#8221;tag:div&#8221; image=&#8221;3649&#8243; link=&#8221;url:%23donar|||&#8221;][\/vc_column][vc_column width=&#8221;1\/3&#8243; css=&#8221;.vc_custom_1560272082575{padding-right: 20px !important;padding-left: 20px !important;}&#8221; col_shadow=&#8221;box_shadow_enable:disable|shadow_horizontal:0|shadow_vertical:15|shadow_blur:50|shadow_spread:0|box_shadow_color:rgba(0%2C0%2C0%2C0.35)&#8221; col_shadow_hover=&#8221;box_shadow_enable:disable|shadow_horizontal:0|shadow_vertical:15|shadow_blur:50|shadow_spread:0|box_shadow_color:rgba(0%2C0%2C0%2C0.35)&#8221;][dfd_info_banner content_alignment=&#8221;text-left&#8221; img_width=&#8221;1024&#8243; img_height=&#8221;669&#8243; title=&#8221;FINANCING AND DONATION&#8221; subtitle=&#8221;&#8221; banner_content=&#8221;Totally or partially finance a project: help us open a project in a new community.<\/p>\n<p>In-kind donations: dermatological material, sunscreen ingredients, laboratory equipment, etc.&#8221; read_more=&#8221;box&#8221; title_font_options=&#8221;tag:div&#8221; subtitle_font_options=&#8221;tag:div&#8221; font_options=&#8221;tag:div&#8221; image=&#8221;3651&#8243; link=&#8221;url:%23donar|||&#8221;][dfd_spacer screen_wide_spacer_size=&#8221;40&#8243; screen_normal_resolution=&#8221;1024&#8243; screen_tablet_resolution=&#8221;800&#8243; screen_mobile_resolution=&#8221;480&#8243;][\/vc_column][vc_column width=&#8221;1\/3&#8243; css=&#8221;.vc_custom_1560272125982{padding-right: 20px !important;padding-left: 20px !important;}&#8221; col_shadow=&#8221;box_shadow_enable:disable|shadow_horizontal:0|shadow_vertical:15|shadow_blur:50|shadow_spread:0|box_shadow_color:rgba(0%2C0%2C0%2C0.35)&#8221; col_shadow_hover=&#8221;box_shadow_enable:disable|shadow_horizontal:0|shadow_vertical:15|shadow_blur:50|shadow_spread:0|box_shadow_color:rgba(0%2C0%2C0%2C0.35)&#8221;][dfd_info_banner content_alignment=&#8221;text-left&#8221; img_width=&#8221;1024&#8243; img_height=&#8221;669&#8243; title=&#8221;SOLIDARITY MARKETING AND STAFF PARTICIPATION&#8221; subtitle=&#8221;&#8221; banner_content=&#8221;Solidarity Marketing: organize events and campaigns, sell a socially resposible product.<\/p>\n<p>Get involved with your employees and customers.<\/p>\n<p>Become a partner, either your company and \/ or employees are welcome to collaborate&#8221; read_more=&#8221;box&#8221; title_font_options=&#8221;tag:div&#8221; subtitle_font_options=&#8221;tag:div&#8221; font_options=&#8221;tag:div&#8221; image=&#8221;3653&#8243; link=&#8221;url:%23donar|||&#8221;][\/vc_column][\/vc_row][vc_row][vc_column css=&#8221;.vc_custom_1559931874193{padding-right: 20px !important;padding-left: 20px !important;}&#8221; col_shadow=&#8221;box_shadow_enable:disable|shadow_horizontal:0|shadow_vertical:15|shadow_blur:50|shadow_spread:0|box_shadow_color:rgba(0%2C0%2C0%2C0.35)&#8221; col_shadow_hover=&#8221;box_shadow_enable:disable|shadow_horizontal:0|shadow_vertical:15|shadow_blur:50|shadow_spread:0|box_shadow_color:rgba(0%2C0%2C0%2C0.35)&#8221;][dfd_spacer screen_wide_spacer_size=&#8221;40&#8243; screen_normal_resolution=&#8221;1024&#8243; screen_tablet_resolution=&#8221;800&#8243; screen_mobile_resolution=&#8221;480&#8243;][vc_column_text]<a name=\"donar\"><\/a>[\/vc_column_text][dfd_heading subtitle=&#8221;&#8221; delimiter_settings=&#8221;delimiter_style:solid|delimiter_width:80|delimiter_height:3&#8243; undefined=&#8221;&#8221; title_font_options=&#8221;tag:h2&#8243; subtitle_font_options=&#8221;tag:div&#8221;]PARTNER WITH US[\/dfd_heading][dfd_spacer screen_wide_spacer_size=&#8221;40&#8243; screen_normal_resolution=&#8221;1024&#8243; screen_tablet_resolution=&#8221;800&#8243; screen_mobile_resolution=&#8221;480&#8243;][vc_row_inner][vc_column_inner width=&#8221;1\/2&#8243; css=&#8221;.vc_custom_1561024319616{padding-right: 20px !important;padding-left: 20px !important;}&#8221; col_inner_shadow=&#8221;box_shadow_enable:disable|shadow_horizontal:0|shadow_vertical:15|shadow_blur:50|shadow_spread:0|box_shadow_color:rgba(0%2C0%2C0%2C0.35)&#8221; col_inner_shadow_hover=&#8221;box_shadow_enable:disable|shadow_horizontal:0|shadow_vertical:15|shadow_blur:50|shadow_spread:0|box_shadow_color:rgba(0%2C0%2C0%2C0.35)&#8221;][vc_column_text]If your company is interested, please contact us. We are open to your proposals. You can see more ideas of our technical support needs in the section \u201c<a href=\"https:\/\/beyondsuncare.org\/en\/become-a-volunteer\/\">Become a volunteer<\/a>\u201d.<\/p>\n<p>Download our dossier for companies <a href=\"https:\/\/beyondsuncare.org\/wp-content\/uploads\/2022\/05\/Beyond-Suncare-EN.pdf\">here<\/a>.[\/vc_column_text][dfd_spacer screen_wide_spacer_size=&#8221;40&#8243; screen_normal_resolution=&#8221;1024&#8243; screen_tablet_resolution=&#8221;800&#8243; screen_mobile_resolution=&#8221;480&#8243;]\n<div class=\"wpcf7 no-js\" id=\"wpcf7-f4330-o1\" lang=\"\" dir=\"ltr\" data-wpcf7-id=\"4330\">\n<div class=\"screen-reader-response\"><p role=\"status\" aria-live=\"polite\" aria-atomic=\"true\"><\/p> <ul><\/ul><\/div>\n<form action=\"\/en\/wp-json\/wp\/v2\/pages\/4183#wpcf7-f4330-o1\" method=\"post\" class=\"wpcf7-form init\" aria-label=\"Contact form\" novalidate=\"novalidate\" data-status=\"init\">\n<fieldset class=\"hidden-fields-container\"><input type=\"hidden\" name=\"_wpcf7\" value=\"4330\" \/><input type=\"hidden\" name=\"_wpcf7_version\" value=\"6.1.4\" \/><input type=\"hidden\" name=\"_wpcf7_locale\" value=\"\" \/><input type=\"hidden\" name=\"_wpcf7_unit_tag\" value=\"wpcf7-f4330-o1\" \/><input type=\"hidden\" name=\"_wpcf7_container_post\" value=\"0\" \/><input type=\"hidden\" name=\"_wpcf7_posted_data_hash\" value=\"\" \/><input type=\"hidden\" name=\"_wpcf7cf_hidden_group_fields\" value=\"[]\" \/><input type=\"hidden\" name=\"_wpcf7cf_hidden_groups\" value=\"[]\" \/><input type=\"hidden\" name=\"_wpcf7cf_visible_groups\" value=\"[]\" \/><input type=\"hidden\" name=\"_wpcf7cf_repeaters\" value=\"[]\" \/><input type=\"hidden\" name=\"_wpcf7cf_steps\" value=\"{}\" \/><input type=\"hidden\" name=\"_wpcf7cf_options\" value=\"{&quot;form_id&quot;:4330,&quot;conditions&quot;:[],&quot;settings&quot;:{&quot;animation&quot;:&quot;yes&quot;,&quot;animation_intime&quot;:200,&quot;animation_outtime&quot;:200,&quot;conditions_ui&quot;:&quot;normal&quot;,&quot;notice_dismissed&quot;:false,&quot;notice_dismissed_rollback-cf7-6.0.4&quot;:true}}\" \/><input type=\"hidden\" name=\"_wpcf7_recaptcha_response\" value=\"\" \/>\n<\/fieldset>\n<p><label> Full name<br \/>\n<span class=\"wpcf7-form-control-wrap\" data-name=\"your-name\"><input size=\"40\" maxlength=\"400\" class=\"wpcf7-form-control wpcf7-text wpcf7-validates-as-required\" aria-required=\"true\" aria-invalid=\"false\" value=\"\" type=\"text\" name=\"your-name\" \/><\/span> <\/label>\n<\/p>\n<p><label> Company<br \/>\n<span class=\"wpcf7-form-control-wrap\" data-name=\"empresa\"><input size=\"40\" maxlength=\"400\" class=\"wpcf7-form-control wpcf7-text wpcf7-validates-as-required\" aria-required=\"true\" aria-invalid=\"false\" value=\"\" type=\"text\" name=\"empresa\" \/><\/span> <\/label>\n<\/p>\n<p><label> Email<br \/>\n<span class=\"wpcf7-form-control-wrap\" data-name=\"your-email\"><input size=\"40\" maxlength=\"400\" class=\"wpcf7-form-control wpcf7-email wpcf7-validates-as-required wpcf7-text wpcf7-validates-as-email\" aria-required=\"true\" aria-invalid=\"false\" value=\"\" type=\"email\" name=\"your-email\" \/><\/span> <\/label>\n<\/p>\n<p><label> Phone<br \/>\n<span class=\"wpcf7-form-control-wrap\" data-name=\"telefono\"><input size=\"40\" maxlength=\"400\" class=\"wpcf7-form-control wpcf7-text wpcf7-validates-as-required\" aria-required=\"true\" aria-invalid=\"false\" value=\"\" type=\"text\" name=\"telefono\" \/><\/span> <\/label>\n<\/p>\n<p><label> Your message<br \/>\n<span class=\"wpcf7-form-control-wrap\" data-name=\"your-message\"><textarea cols=\"40\" rows=\"10\" maxlength=\"2000\" class=\"wpcf7-form-control wpcf7-textarea\" aria-invalid=\"false\" name=\"your-message\"><\/textarea><\/span> <\/label>\n<\/p>\n<p>[mc4wp_checkbox]\n<\/p>\n<p><span class=\"wpcf7-form-control-wrap\" data-name=\"checkbox-470\"><span class=\"wpcf7-form-control wpcf7-checkbox wpcf7-validates-as-required\"><span class=\"wpcf7-list-item first last\"><input type=\"checkbox\" name=\"checkbox-470[]\" value=\"I accept Beyond Suncare&#039;s data processing\" \/><span class=\"wpcf7-list-item-label\">I accept Beyond Suncare&#039;s data processing<\/span><\/span><\/span><\/span>\n<\/p>\n<p style=\"font-size:12px;margin-bottom:0;line-height:18px;\"><strong>File manager<\/strong>: Beyond Suncare\n<\/p>\n<p style=\"font-size:12px;margin-bottom:0;line-height:18px;\"><strong>Purpose<\/strong>: Manage and process your request and send you information - by electronic means - about activities, events and similar actions\n<\/p>\n<p style=\"font-size:12px;margin-bottom:0;line-height:18px;\"><strong>Legitimization<\/strong>: Consent\n<\/p>\n<p style=\"font-size:12px;margin-bottom:0;line-height:18px;\"><strong>Recipients<\/strong>: The data will not be communicated to third parties, except Mailchimp, in the cases indicated in our <a target=\"_blank\" href=\"\/en\/privacy-policy\/\" style=\"text-decoration:underline\">privacy policy<\/a>.\n<\/p>\n<p style=\"font-size:12px;margin-bottom:0;line-height:18px;\"><strong>Rights<\/strong>: Access, rectify and delete data, as well as other rights, as explained in the additional information.\n<\/p>\n<p style=\"font-size:12px;margin-bottom:0;line-height:18px;\">More information about our <a target=\"_blank\" href=\"\/en\/privacy-policy\/\" style=\"text-decoration:underline\">privacy policy<\/a>.\n<\/p>\n<p>&nbsp;\n<\/p>\n<p><input class=\"wpcf7-form-control wpcf7-submit has-spinner\" type=\"submit\" value=\"Send\" \/>\n<\/p><div class=\"wpcf7-response-output\" aria-hidden=\"true\"><\/div>\n<\/form>\n<\/div>\n[\/vc_column_inner][vc_column_inner width=&#8221;1\/2&#8243; css=&#8221;.vc_custom_1561024327632{padding-right: 20px !important;padding-left: 20px !important;}&#8221; col_inner_shadow=&#8221;box_shadow_enable:disable|shadow_horizontal:0|shadow_vertical:15|shadow_blur:50|shadow_spread:0|box_shadow_color:rgba(0%2C0%2C0%2C0.35)&#8221; col_inner_shadow_hover=&#8221;box_shadow_enable:disable|shadow_horizontal:0|shadow_vertical:15|shadow_blur:50|shadow_spread:0|box_shadow_color:rgba(0%2C0%2C0%2C0.35)&#8221;][dfd_spacer screen_wide_spacer_size=&#8221;20&#8243; screen_normal_resolution=&#8221;1024&#8243; screen_tablet_resolution=&#8221;800&#8243; screen_mobile_resolution=&#8221;480&#8243;][dfd_info_banner style=&#8221;style-26&#8243; img_width=&#8221;225&#8243; img_height=&#8221;225&#8243; title=&#8221;&#8221; subtitle=&#8221;\u201cWe are proud that Beyond Suncare, a high-impact social project, uses our coworking facilities to work and grow. A great partner that strives to raise awareness in society about health issues and the rights of people with albinism in Africa.\u201d&#8221; banner_content=&#8221;Pam, Cofamily Coworking&#8221; read_more=&#8221;box&#8221; image=&#8221;3657&#8243; title_font_options=&#8221;tag:div&#8221; subtitle_font_options=&#8221;tag:div|font_size:18|color:%23000000|line_height:24|font_style_italic:1&#8243; font_options=&#8221;tag:div|font_style_bold:1&#8243; link=&#8221;url:https%3A%2F%2Fbeyondsuncare.org%2Fdona%2F|title:Dona||&#8221; thumb_radius=&#8221;225&#8243;][dfd_spacer screen_wide_spacer_size=&#8221;40&#8243; screen_normal_resolution=&#8221;1024&#8243; screen_tablet_resolution=&#8221;800&#8243; screen_mobile_resolution=&#8221;480&#8243;][dfd_info_banner style=&#8221;style-26&#8243; img_width=&#8221;225&#8243; img_height=&#8221;225&#8243; title=&#8221;&#8221; subtitle=&#8221;\u201cBeyond Suncare is a project that fuses the enormous heart and altruism of its founders to do what few are willing to do, park the Self to dedicate themselves to You, in this case to the albino people of Africa who suffer a thousand hardships for their condition. From the second one we were captivated. Thanks to Beyond for having crossed our path and making us part of this great project.\u201d&#8221; banner_content=&#8221;Juan Manuel, Body-esthetic&#8221; read_more=&#8221;box&#8221; image=&#8221;3659&#8243; title_font_options=&#8221;tag:div&#8221; subtitle_font_options=&#8221;tag:div|font_size:18|color:%23000000|line_height:24|font_style_italic:1&#8243; font_options=&#8221;tag:div|font_style_bold:1&#8243; link=&#8221;url:https%3A%2F%2Fbeyondsuncare.org%2Fdona%2F|title:Dona||&#8221; thumb_radius=&#8221;300&#8243;][dfd_spacer screen_wide_spacer_size=&#8221;20&#8243; screen_normal_resolution=&#8221;1024&#8243; screen_tablet_resolution=&#8221;800&#8243; screen_mobile_resolution=&#8221;480&#8243;][\/vc_column_inner][\/vc_row_inner][dfd_spacer screen_wide_spacer_size=&#8221;40&#8243; screen_normal_resolution=&#8221;1024&#8243; screen_tablet_resolution=&#8221;800&#8243; screen_mobile_resolution=&#8221;480&#8243;][\/vc_column][\/vc_row]<\/p>\n","protected":false},"excerpt":{"rendered":"<p>[vc_row][vc_column][rev_slider_vc alias=&#8221;empresa-ingles&#8221;][\/vc_column][\/vc_row][vc_row css=&#8221;.vc_custom_1559931854762{padding-right: 20px !important;padding-left: 20px !important;}&#8221;][vc_column][dfd_spacer screen_wide_spacer_size=&#8221;40&#8243; screen_normal_resolution=&#8221;1024&#8243; screen_tablet_resolution=&#8221;800&#8243; screen_mobile_resolution=&#8221;480&#8243;][vc_column_text] Companies are real engines of social change. We look forward to partner with companies that help us to change<\/p>\n","protected":false},"author":3,"featured_media":3645,"parent":0,"menu_order":0,"comment_status":"closed","ping_status":"closed","template":"tmp-page.php","meta":{"give_campaign_id":0,"footnotes":""},"class_list":["post-4183","page","type-page","status-publish","has-post-thumbnail","hentry"],"yoast_head":"<title>Get your company involved<\/title>\n<meta name=\"description\" content=\"Join now and help us generate a greater positive impact in the world. We look for companies that help us multiply our social impact\" \/>\n<meta name=\"robots\" content=\"index, follow, max-snippet:-1, max-image-preview:large, max-video-preview:-1\" \/>\n<link rel=\"canonical\" href=\"https:\/\/beyondsuncare.org\/en\/collaborate-as-a-company\/\" \/>\n<meta property=\"og:locale\" content=\"en_US\" \/>\n<meta property=\"og:type\" content=\"article\" \/>\n<meta property=\"og:title\" content=\"Get your company involved\" \/>\n<meta property=\"og:description\" content=\"Join now and help us generate a greater positive impact in the world. We look for companies that help us multiply our social impact\" \/>\n<meta property=\"og:url\" content=\"https:\/\/beyondsuncare.org\/en\/collaborate-as-a-company\/\" \/>\n<meta property=\"og:site_name\" content=\"Beyond suncare\" \/>\n<meta property=\"article:publisher\" content=\"https:\/\/www.facebook.com\/beyondsuncare\" \/>\n<meta property=\"article:modified_time\" content=\"2022-05-19T17:11:03+00:00\" \/>\n<meta property=\"og:image\" content=\"https:\/\/beyondsuncare.org\/wp-content\/uploads\/2019\/06\/colabora-como-empresa-1.jpg\" \/>\n\t<meta property=\"og:image:width\" content=\"2048\" \/>\n\t<meta property=\"og:image:height\" content=\"1035\" \/>\n\t<meta property=\"og:image:type\" content=\"image\/jpeg\" \/>\n<meta name=\"twitter:card\" content=\"summary_large_image\" \/>\n<meta name=\"twitter:site\" content=\"@beyondsuncare\" \/>\n<meta name=\"twitter:label1\" content=\"Est. reading time\" \/>\n\t<meta name=\"twitter:data1\" content=\"6 minutes\" \/>\n<script type=\"application\/ld+json\" class=\"yoast-schema-graph\">{\"@context\":\"https:\/\/schema.org\",\"@graph\":[{\"@type\":\"WebPage\",\"@id\":\"https:\/\/beyondsuncare.org\/en\/collaborate-as-a-company\/\",\"url\":\"https:\/\/beyondsuncare.org\/en\/collaborate-as-a-company\/\",\"name\":\"Get your company involved\",\"isPartOf\":{\"@id\":\"https:\/\/beyondsuncare.org\/en\/#website\"},\"primaryImageOfPage\":{\"@id\":\"https:\/\/beyondsuncare.org\/en\/collaborate-as-a-company\/#primaryimage\"},\"image\":{\"@id\":\"https:\/\/beyondsuncare.org\/en\/collaborate-as-a-company\/#primaryimage\"},\"thumbnailUrl\":\"https:\/\/beyondsuncare.org\/wp-content\/uploads\/2019\/06\/colabora-como-empresa-1.jpg\",\"datePublished\":\"2019-06-10T12:09:27+00:00\",\"dateModified\":\"2022-05-19T17:11:03+00:00\",\"description\":\"Join now and help us generate a greater positive impact in the world. We look for companies that help us multiply our social impact\",\"breadcrumb\":{\"@id\":\"https:\/\/beyondsuncare.org\/en\/collaborate-as-a-company\/#breadcrumb\"},\"inLanguage\":\"en-US\",\"potentialAction\":[{\"@type\":\"ReadAction\",\"target\":[\"https:\/\/beyondsuncare.org\/en\/collaborate-as-a-company\/\"]}]},{\"@type\":\"ImageObject\",\"inLanguage\":\"en-US\",\"@id\":\"https:\/\/beyondsuncare.org\/en\/collaborate-as-a-company\/#primaryimage\",\"url\":\"https:\/\/beyondsuncare.org\/wp-content\/uploads\/2019\/06\/colabora-como-empresa-1.jpg\",\"contentUrl\":\"https:\/\/beyondsuncare.org\/wp-content\/uploads\/2019\/06\/colabora-como-empresa-1.jpg\",\"width\":2048,\"height\":1035},{\"@type\":\"BreadcrumbList\",\"@id\":\"https:\/\/beyondsuncare.org\/en\/collaborate-as-a-company\/#breadcrumb\",\"itemListElement\":[{\"@type\":\"ListItem\",\"position\":1,\"name\":\"Portada\",\"item\":\"https:\/\/beyondsuncare.org\/en\/\"},{\"@type\":\"ListItem\",\"position\":2,\"name\":\"Get your company involved\"}]},{\"@type\":\"WebSite\",\"@id\":\"https:\/\/beyondsuncare.org\/en\/#website\",\"url\":\"https:\/\/beyondsuncare.org\/en\/\",\"name\":\"Beyond suncare\",\"description\":\"Desde hace m\u00e1s de 10 a\u00f1os trabajamos cada d\u00eda para asegurar que todas las personas con albinismo vivan protegidas frente al c\u00e1ncer de piel y todo tipo de discriminaci\u00f3n\",\"publisher\":{\"@id\":\"https:\/\/beyondsuncare.org\/en\/#organization\"},\"potentialAction\":[{\"@type\":\"SearchAction\",\"target\":{\"@type\":\"EntryPoint\",\"urlTemplate\":\"https:\/\/beyondsuncare.org\/en\/?s={search_term_string}\"},\"query-input\":{\"@type\":\"PropertyValueSpecification\",\"valueRequired\":true,\"valueName\":\"search_term_string\"}}],\"inLanguage\":\"en-US\"},{\"@type\":\"Organization\",\"@id\":\"https:\/\/beyondsuncare.org\/en\/#organization\",\"name\":\"Beyond Suncare\",\"url\":\"https:\/\/beyondsuncare.org\/en\/\",\"logo\":{\"@type\":\"ImageObject\",\"inLanguage\":\"en-US\",\"@id\":\"https:\/\/beyondsuncare.org\/en\/#\/schema\/logo\/image\/\",\"url\":\"https:\/\/beyondsuncare.org\/wp-content\/uploads\/2019\/04\/beyond-suncare-fondo-transparente.png\",\"contentUrl\":\"https:\/\/beyondsuncare.org\/wp-content\/uploads\/2019\/04\/beyond-suncare-fondo-transparente.png\",\"width\":218,\"height\":80,\"caption\":\"Beyond Suncare\"},\"image\":{\"@id\":\"https:\/\/beyondsuncare.org\/en\/#\/schema\/logo\/image\/\"},\"sameAs\":[\"https:\/\/www.facebook.com\/beyondsuncare\",\"https:\/\/x.com\/beyondsuncare\",\"https:\/\/www.instagram.com\/beyond_suncare\/\",\"https:\/\/www.linkedin.com\/company\/beyond-suncare\/\"]}]}<\/script>","yoast_head_json":{"title":"Get your company involved","description":"Join now and help us generate a greater positive impact in the world. We look for companies that help us multiply our social impact","robots":{"index":"index","follow":"follow","max-snippet":"max-snippet:-1","max-image-preview":"max-image-preview:large","max-video-preview":"max-video-preview:-1"},"canonical":"https:\/\/beyondsuncare.org\/en\/collaborate-as-a-company\/","og_locale":"en_US","og_type":"article","og_title":"Get your company involved","og_description":"Join now and help us generate a greater positive impact in the world. We look for companies that help us multiply our social impact","og_url":"https:\/\/beyondsuncare.org\/en\/collaborate-as-a-company\/","og_site_name":"Beyond suncare","article_publisher":"https:\/\/www.facebook.com\/beyondsuncare","article_modified_time":"2022-05-19T17:11:03+00:00","og_image":[{"width":2048,"height":1035,"url":"https:\/\/beyondsuncare.org\/wp-content\/uploads\/2019\/06\/colabora-como-empresa-1.jpg","type":"image\/jpeg"}],"twitter_card":"summary_large_image","twitter_site":"@beyondsuncare","twitter_misc":{"Est. reading time":"6 minutes"},"schema":{"@context":"https:\/\/schema.org","@graph":[{"@type":"WebPage","@id":"https:\/\/beyondsuncare.org\/en\/collaborate-as-a-company\/","url":"https:\/\/beyondsuncare.org\/en\/collaborate-as-a-company\/","name":"Get your company involved","isPartOf":{"@id":"https:\/\/beyondsuncare.org\/en\/#website"},"primaryImageOfPage":{"@id":"https:\/\/beyondsuncare.org\/en\/collaborate-as-a-company\/#primaryimage"},"image":{"@id":"https:\/\/beyondsuncare.org\/en\/collaborate-as-a-company\/#primaryimage"},"thumbnailUrl":"https:\/\/beyondsuncare.org\/wp-content\/uploads\/2019\/06\/colabora-como-empresa-1.jpg","datePublished":"2019-06-10T12:09:27+00:00","dateModified":"2022-05-19T17:11:03+00:00","description":"Join now and help us generate a greater positive impact in the world. We look for companies that help us multiply our social impact","breadcrumb":{"@id":"https:\/\/beyondsuncare.org\/en\/collaborate-as-a-company\/#breadcrumb"},"inLanguage":"en-US","potentialAction":[{"@type":"ReadAction","target":["https:\/\/beyondsuncare.org\/en\/collaborate-as-a-company\/"]}]},{"@type":"ImageObject","inLanguage":"en-US","@id":"https:\/\/beyondsuncare.org\/en\/collaborate-as-a-company\/#primaryimage","url":"https:\/\/beyondsuncare.org\/wp-content\/uploads\/2019\/06\/colabora-como-empresa-1.jpg","contentUrl":"https:\/\/beyondsuncare.org\/wp-content\/uploads\/2019\/06\/colabora-como-empresa-1.jpg","width":2048,"height":1035},{"@type":"BreadcrumbList","@id":"https:\/\/beyondsuncare.org\/en\/collaborate-as-a-company\/#breadcrumb","itemListElement":[{"@type":"ListItem","position":1,"name":"Portada","item":"https:\/\/beyondsuncare.org\/en\/"},{"@type":"ListItem","position":2,"name":"Get your company involved"}]},{"@type":"WebSite","@id":"https:\/\/beyondsuncare.org\/en\/#website","url":"https:\/\/beyondsuncare.org\/en\/","name":"Beyond suncare","description":"Desde hace m\u00e1s de 10 a\u00f1os trabajamos cada d\u00eda para asegurar que todas las personas con albinismo vivan protegidas frente al c\u00e1ncer de piel y todo tipo de discriminaci\u00f3n","publisher":{"@id":"https:\/\/beyondsuncare.org\/en\/#organization"},"potentialAction":[{"@type":"SearchAction","target":{"@type":"EntryPoint","urlTemplate":"https:\/\/beyondsuncare.org\/en\/?s={search_term_string}"},"query-input":{"@type":"PropertyValueSpecification","valueRequired":true,"valueName":"search_term_string"}}],"inLanguage":"en-US"},{"@type":"Organization","@id":"https:\/\/beyondsuncare.org\/en\/#organization","name":"Beyond Suncare","url":"https:\/\/beyondsuncare.org\/en\/","logo":{"@type":"ImageObject","inLanguage":"en-US","@id":"https:\/\/beyondsuncare.org\/en\/#\/schema\/logo\/image\/","url":"https:\/\/beyondsuncare.org\/wp-content\/uploads\/2019\/04\/beyond-suncare-fondo-transparente.png","contentUrl":"https:\/\/beyondsuncare.org\/wp-content\/uploads\/2019\/04\/beyond-suncare-fondo-transparente.png","width":218,"height":80,"caption":"Beyond Suncare"},"image":{"@id":"https:\/\/beyondsuncare.org\/en\/#\/schema\/logo\/image\/"},"sameAs":["https:\/\/www.facebook.com\/beyondsuncare","https:\/\/x.com\/beyondsuncare","https:\/\/www.instagram.com\/beyond_suncare\/","https:\/\/www.linkedin.com\/company\/beyond-suncare\/"]}]}},"campaignId":"","_links":{"self":[{"href":"https:\/\/beyondsuncare.org\/en\/wp-json\/wp\/v2\/pages\/4183","targetHints":{"allow":["GET"]}}],"collection":[{"href":"https:\/\/beyondsuncare.org\/en\/wp-json\/wp\/v2\/pages"}],"about":[{"href":"https:\/\/beyondsuncare.org\/en\/wp-json\/wp\/v2\/types\/page"}],"author":[{"embeddable":true,"href":"https:\/\/beyondsuncare.org\/en\/wp-json\/wp\/v2\/users\/3"}],"replies":[{"embeddable":true,"href":"https:\/\/beyondsuncare.org\/en\/wp-json\/wp\/v2\/comments?post=4183"}],"version-history":[{"count":5,"href":"https:\/\/beyondsuncare.org\/en\/wp-json\/wp\/v2\/pages\/4183\/revisions"}],"predecessor-version":[{"id":6388,"href":"https:\/\/beyondsuncare.org\/en\/wp-json\/wp\/v2\/pages\/4183\/revisions\/6388"}],"wp:featuredmedia":[{"embeddable":true,"href":"https:\/\/beyondsuncare.org\/en\/wp-json\/wp\/v2\/media\/3645"}],"wp:attachment":[{"href":"https:\/\/beyondsuncare.org\/en\/wp-json\/wp\/v2\/media?parent=4183"}],"curies":[{"name":"wp","href":"https:\/\/api.w.org\/{rel}","templated":true}]}}