{"id":4176,"date":"2019-05-31T08:45:54","date_gmt":"2019-05-31T08:45:54","guid":{"rendered":"https:\/\/beyondsuncare.org\/colabora-con-nosotros\/"},"modified":"2019-07-15T15:57:02","modified_gmt":"2019-07-15T15:57:02","slug":"get-involved","status":"publish","type":"page","link":"https:\/\/beyondsuncare.org\/en\/get-involved\/","title":{"rendered":"Get involved with Beyond Suncare"},"content":{"rendered":"<p>[vc_row][vc_column][rev_slider_vc alias=&#8221;colabora-english&#8221;][\/vc_column][\/vc_row][vc_row][vc_column][dfd_spacer screen_wide_spacer_size=&#8221;40&#8243; screen_normal_resolution=&#8221;1024&#8243; screen_tablet_resolution=&#8221;800&#8243; screen_mobile_resolution=&#8221;480&#8243;][dfd_heading subtitle=&#8221;&#8221; delimiter_settings=&#8221;delimiter_style:solid|delimiter_width:80|delimiter_height:3&#8243; undefined=&#8221;&#8221; title_font_options=&#8221;tag:h2&#8243; subtitle_font_options=&#8221;tag:div&#8221;]HOW TO GET INVOLVED WITH BEYOND SUNCARE[\/dfd_heading][dfd_spacer screen_wide_spacer_size=&#8221;40&#8243; screen_normal_resolution=&#8221;1024&#8243; screen_tablet_resolution=&#8221;800&#8243; screen_mobile_resolution=&#8221;480&#8243;][\/vc_column][\/vc_row][vc_row dfd_row_config=&#8221;full_width_content&#8221;][vc_column width=&#8221;1\/4&#8243;][dfd_info_banner style=&#8221;style-23&#8243; img_width=&#8221;460&#8243; img_height=&#8221;300&#8243; title=&#8221;DONATE&#8221; subtitle=&#8221;&#8221; banner_content=&#8221;Make our work possible where it is most needed&#8221; read_more=&#8221;box&#8221; image_effect=&#8221;dfd-image-blur&#8221; image=&#8221;2773&#8243; title_font_options=&#8221;tag:div&#8221; subtitle_font_options=&#8221;tag:div&#8221; font_options=&#8221;tag:div&#8221; link=&#8221;url:https%3A%2F%2Fbeyondsuncare.org%2Fen%2Fdonate-now%2F|title:Donate%20now||&#8221; gradient_color1=&#8221;rgba(255,255,255,0.01)&#8221; gradient_color2=&#8221;rgba(0,0,0,0.59)&#8221; tutorials=&#8221;&#8221;][dfd_spacer screen_wide_spacer_size=&#8221;40&#8243; screen_normal_resolution=&#8221;1024&#8243; screen_tablet_resolution=&#8221;800&#8243; screen_mobile_resolution=&#8221;480&#8243;][\/vc_column][vc_column width=&#8221;1\/4&#8243;][dfd_info_banner style=&#8221;style-23&#8243; img_width=&#8221;460&#8243; img_height=&#8221;300&#8243; title=&#8221;BECOME A MEMBER&#8221; subtitle=&#8221;&#8221; banner_content=&#8221;Join the Beyond family and help us get further&#8221; read_more=&#8221;box&#8221; image_effect=&#8221;dfd-image-blur&#8221; image=&#8221;1626&#8243; title_font_options=&#8221;tag:div&#8221; subtitle_font_options=&#8221;tag:div&#8221; font_options=&#8221;tag:div&#8221; link=&#8221;url:https%3A%2F%2Fbeyondsuncare.org%2Fen%2Fbecome-a-member%2F|title:Become%20a%20member||&#8221; gradient_color1=&#8221;rgba(255,255,255,0.01)&#8221; gradient_color2=&#8221;rgba(0,0,0,0.59)&#8221; tutorials=&#8221;&#8221;][dfd_spacer screen_wide_spacer_size=&#8221;40&#8243; screen_normal_resolution=&#8221;1024&#8243; screen_tablet_resolution=&#8221;800&#8243; screen_mobile_resolution=&#8221;480&#8243;][\/vc_column][vc_column width=&#8221;1\/4&#8243;][dfd_info_banner style=&#8221;style-23&#8243; img_width=&#8221;460&#8243; img_height=&#8221;300&#8243; title=&#8221;BECOME A VOLUNTEER&#8221; subtitle=&#8221;&#8221; banner_content=&#8221;Collaborate with your time and your knowledge&#8221; read_more=&#8221;box&#8221; image_effect=&#8221;dfd-image-blur&#8221; image=&#8221;2785&#8243; title_font_options=&#8221;tag:div&#8221; subtitle_font_options=&#8221;tag:div&#8221; font_options=&#8221;tag:div&#8221; gradient_color1=&#8221;rgba(255,255,255,0.01)&#8221; gradient_color2=&#8221;rgba(0,0,0,0.59)&#8221; link=&#8221;url:https%3A%2F%2Fbeyondsuncare.org%2Fen%2Fbecome-a-volunteer%2F|title:Become%20a%20volunteer||&#8221; tutorials=&#8221;&#8221;][dfd_spacer screen_wide_spacer_size=&#8221;40&#8243; screen_normal_resolution=&#8221;1024&#8243; screen_tablet_resolution=&#8221;800&#8243; screen_mobile_resolution=&#8221;480&#8243;][\/vc_column][vc_column width=&#8221;1\/4&#8243;][dfd_info_banner style=&#8221;style-23&#8243; img_width=&#8221;460&#8243; img_height=&#8221;300&#8243; title=&#8221;GET YOUR COMPANY INVOLVED&#8221; subtitle=&#8221;&#8221; banner_content=&#8221;Donate. Broadcast. Implies. There are many ways to collaborate&#8221; read_more=&#8221;box&#8221; image_effect=&#8221;dfd-image-blur&#8221; image=&#8221;2787&#8243; title_font_options=&#8221;tag:div&#8221; subtitle_font_options=&#8221;tag:div&#8221; font_options=&#8221;tag:div&#8221; link=&#8221;url:https%3A%2F%2Fbeyondsuncare.org%2Fen%2Fcollaborate-as-a-company%2F|title:Get%20your%20company%20involved||&#8221; tutorials=&#8221;&#8221;][dfd_spacer screen_wide_spacer_size=&#8221;40&#8243; screen_normal_resolution=&#8221;1024&#8243; screen_tablet_resolution=&#8221;800&#8243; screen_mobile_resolution=&#8221;480&#8243;][\/vc_column][\/vc_row][vc_row css=&#8221;.vc_custom_1560278714929{padding-right: 20px !important;padding-left: 20px !important;}&#8221;][vc_column][dfd_spacer screen_wide_spacer_size=&#8221;40&#8243; screen_normal_resolution=&#8221;1024&#8243; screen_tablet_resolution=&#8221;800&#8243; screen_mobile_resolution=&#8221;480&#8243;][dfd_heading subtitle=&#8221;&#8221; delimiter_settings=&#8221;delimiter_style:solid|delimiter_width:80|delimiter_height:3&#8243; undefined=&#8221;&#8221; title_font_options=&#8221;tag:h2&#8243; subtitle_font_options=&#8221;tag:div&#8221;]GET IN CONTACT WITH US[\/dfd_heading][dfd_spacer screen_wide_spacer_size=&#8221;20&#8243; screen_normal_resolution=&#8221;1024&#8243; screen_tablet_resolution=&#8221;800&#8243; screen_mobile_resolution=&#8221;480&#8243;][vc_row_inner][vc_column_inner width=&#8221;1\/2&#8243; css=&#8221;.vc_custom_1560945207615{padding-right: 20px !important;padding-left: 20px !important;}&#8221; col_inner_shadow=&#8221;box_shadow_enable:disable|shadow_horizontal:0|shadow_vertical:15|shadow_blur:50|shadow_spread:0|box_shadow_color:rgba(0%2C0%2C0%2C0.35)&#8221; col_inner_shadow_hover=&#8221;box_shadow_enable:disable|shadow_horizontal:0|shadow_vertical:15|shadow_blur:50|shadow_spread:0|box_shadow_color:rgba(0%2C0%2C0%2C0.35)&#8221;][vc_column_text]<\/p>\n<p style=\"text-align: left;\">If you can think of other ways to collaborate or want to contact us, write us a message:<\/p>\n<p>[\/vc_column_text][dfd_spacer screen_wide_spacer_size=&#8221;20&#8243; screen_normal_resolution=&#8221;1024&#8243; screen_tablet_resolution=&#8221;800&#8243; screen_mobile_resolution=&#8221;480&#8243;]\n<div class=\"wpcf7 no-js\" id=\"wpcf7-f4310-o1\" lang=\"\" dir=\"ltr\" data-wpcf7-id=\"4310\">\n<div class=\"screen-reader-response\"><p role=\"status\" aria-live=\"polite\" aria-atomic=\"true\"><\/p> <ul><\/ul><\/div>\n<form action=\"\/en\/wp-json\/wp\/v2\/pages\/4176#wpcf7-f4310-o1\" method=\"post\" class=\"wpcf7-form init\" aria-label=\"Contact form\" novalidate=\"novalidate\" data-status=\"init\">\n<fieldset class=\"hidden-fields-container\"><input type=\"hidden\" name=\"_wpcf7\" value=\"4310\" \/><input type=\"hidden\" name=\"_wpcf7_version\" value=\"6.1.4\" \/><input type=\"hidden\" name=\"_wpcf7_locale\" value=\"\" \/><input type=\"hidden\" name=\"_wpcf7_unit_tag\" value=\"wpcf7-f4310-o1\" \/><input type=\"hidden\" name=\"_wpcf7_container_post\" value=\"0\" \/><input type=\"hidden\" name=\"_wpcf7_posted_data_hash\" value=\"\" \/><input type=\"hidden\" name=\"_wpcf7cf_hidden_group_fields\" value=\"[]\" \/><input type=\"hidden\" name=\"_wpcf7cf_hidden_groups\" value=\"[]\" \/><input type=\"hidden\" name=\"_wpcf7cf_visible_groups\" value=\"[]\" \/><input type=\"hidden\" name=\"_wpcf7cf_repeaters\" value=\"[]\" \/><input type=\"hidden\" name=\"_wpcf7cf_steps\" value=\"{}\" \/><input type=\"hidden\" name=\"_wpcf7cf_options\" value=\"{&quot;form_id&quot;:4310,&quot;conditions&quot;:[],&quot;settings&quot;:{&quot;animation&quot;:&quot;yes&quot;,&quot;animation_intime&quot;:200,&quot;animation_outtime&quot;:200,&quot;conditions_ui&quot;:&quot;normal&quot;,&quot;notice_dismissed&quot;:false,&quot;notice_dismissed_rollback-cf7-6.0.4&quot;:true}}\" \/><input type=\"hidden\" name=\"_wpcf7_recaptcha_response\" value=\"\" \/>\n<\/fieldset>\n<p><label> Full name<br \/>\n<span class=\"wpcf7-form-control-wrap\" data-name=\"your-name\"><input size=\"40\" maxlength=\"400\" class=\"wpcf7-form-control wpcf7-text wpcf7-validates-as-required\" aria-required=\"true\" aria-invalid=\"false\" value=\"\" type=\"text\" name=\"your-name\" \/><\/span> <\/label>\n<\/p>\n<p><label> Email<br \/>\n<span class=\"wpcf7-form-control-wrap\" data-name=\"your-email\"><input size=\"40\" maxlength=\"400\" class=\"wpcf7-form-control wpcf7-email wpcf7-validates-as-required wpcf7-text wpcf7-validates-as-email\" aria-required=\"true\" aria-invalid=\"false\" value=\"\" type=\"email\" name=\"your-email\" \/><\/span> <\/label>\n<\/p>\n<p><label> Subject<br \/>\n<span class=\"wpcf7-form-control-wrap\" data-name=\"your-subject\"><input size=\"40\" maxlength=\"400\" class=\"wpcf7-form-control wpcf7-text wpcf7-validates-as-required\" aria-required=\"true\" aria-invalid=\"false\" value=\"\" type=\"text\" name=\"your-subject\" \/><\/span> <\/label>\n<\/p>\n<p><label> Your message<br \/>\n<span class=\"wpcf7-form-control-wrap\" data-name=\"your-message\"><textarea cols=\"40\" rows=\"10\" maxlength=\"2000\" class=\"wpcf7-form-control wpcf7-textarea\" aria-invalid=\"false\" name=\"your-message\"><\/textarea><\/span> <\/label>\n<\/p>\n<p>[mc4wp_checkbox]\n<\/p>\n<p><span class=\"wpcf7-form-control-wrap\" data-name=\"checkbox-470\"><span class=\"wpcf7-form-control wpcf7-checkbox wpcf7-validates-as-required\"><span class=\"wpcf7-list-item first last\"><input type=\"checkbox\" name=\"checkbox-470[]\" value=\"I accept Beyond Suncare&#039;s data processing terms\" \/><span class=\"wpcf7-list-item-label\">I accept Beyond Suncare&#039;s data processing terms<\/span><\/span><\/span><\/span>\n<\/p>\n<p style=\"font-size:12px;margin-bottom:0;line-height:18px;\"><strong>File manager<\/strong>: Beyond Suncare\n<\/p>\n<p style=\"font-size:12px;margin-bottom:0;line-height:18px;\"><strong>Purpose<\/strong>: Manage and process your request and send you information - by electronic means - about activities, events and similar actions\n<\/p>\n<p style=\"font-size:12px;margin-bottom:0;line-height:18px;\"><strong>Legitimization<\/strong>: Consent\n<\/p>\n<p style=\"font-size:12px;margin-bottom:0;line-height:18px;\"><strong>Recipients<\/strong>: The data will not be communicated to third parties, except Mailchimp, in the cases indicated in our <a target=\"_blank\" href=\"\/en\/privacy-policy\/\" style=\"text-decoration:underline\">privacy policy<\/a>.\n<\/p>\n<p style=\"font-size:12px;margin-bottom:0;line-height:18px;\"><strong>Rights<\/strong>: Access, rectify and delete data, as well as other rights, as explained in the additional information.\n<\/p>\n<p style=\"font-size:12px;margin-bottom:0;line-height:18px;\">More information about our <a target=\"_blank\" href=\"\/en\/privacy-policy\/\" style=\"text-decoration:underline\">privacy policy<\/a>.\n<\/p>\n<p>&nbsp;\n<\/p>\n<p><input class=\"wpcf7-form-control wpcf7-submit has-spinner\" type=\"submit\" value=\"Send\" \/>\n<\/p><div class=\"wpcf7-response-output\" aria-hidden=\"true\"><\/div>\n<\/form>\n<\/div>\n[\/vc_column_inner][vc_column_inner width=&#8221;1\/2&#8243; css=&#8221;.vc_custom_1560945217294{padding-right: 20px !important;padding-left: 20px !important;}&#8221; col_inner_shadow=&#8221;box_shadow_enable:disable|shadow_horizontal:0|shadow_vertical:15|shadow_blur:50|shadow_spread:0|box_shadow_color:rgba(0%2C0%2C0%2C0.35)&#8221; col_inner_shadow_hover=&#8221;box_shadow_enable:disable|shadow_horizontal:0|shadow_vertical:15|shadow_blur:50|shadow_spread:0|box_shadow_color:rgba(0%2C0%2C0%2C0.35)&#8221;][dfd_spacer screen_wide_spacer_size=&#8221;20&#8243; screen_normal_resolution=&#8221;1024&#8243; screen_tablet_resolution=&#8221;800&#8243; screen_mobile_resolution=&#8221;480&#8243;][dfd_info_banner style=&#8221;style-26&#8243; img_width=&#8221;225&#8243; img_height=&#8221;225&#8243; title=&#8221;&#8221; subtitle=&#8221;\u201cThere are many reasons to volunteer. For me, collaborating with Beyond Suncare in the area of communication means uniting the two things I most believe in: the power of communication and the duty as a person to leave this world better than how I found it\u201d&#8221; banner_content=&#8221;Montse, volunteer&#8221; read_more=&#8221;box&#8221; image=&#8221;3603&#8243; title_font_options=&#8221;tag:div&#8221; subtitle_font_options=&#8221;tag:div|font_size:18|color:%23000000|line_height:24|font_style_italic:1&#8243; font_options=&#8221;tag:div|font_style_bold:1&#8243; link=&#8221;url:https%3A%2F%2Fbeyondsuncare.org%2Fdona%2F|title:Dona||&#8221; thumb_radius=&#8221;225&#8243;][dfd_spacer screen_wide_spacer_size=&#8221;40&#8243; screen_normal_resolution=&#8221;1024&#8243; screen_tablet_resolution=&#8221;800&#8243; screen_mobile_resolution=&#8221;480&#8243; screen_mobile_spacer_size=&#8221;20&#8243;][dfd_info_banner style=&#8221;style-26&#8243; img_width=&#8221;225&#8243; img_height=&#8221;225&#8243; title=&#8221;&#8221; subtitle=&#8221;\u201cBy being part of Beyond Suncare, I contribute permanently to them so they can continue supporting thousands of invisible people who are not news.\u201d&#8221; banner_content=&#8221;Roberto, member&#8221; read_more=&#8221;box&#8221; image=&#8221;3118&#8243; title_font_options=&#8221;tag:div&#8221; subtitle_font_options=&#8221;tag:div|font_size:18|color:%23000000|line_height:24|font_style_italic:1&#8243; font_options=&#8221;tag:div|font_style_bold:1&#8243; link=&#8221;url:https%3A%2F%2Fbeyondsuncare.org%2Fdona%2F|title:Dona||&#8221; thumb_radius=&#8221;225&#8243;][dfd_spacer screen_wide_spacer_size=&#8221;40&#8243; screen_normal_resolution=&#8221;1024&#8243; screen_tablet_resolution=&#8221;800&#8243; screen_mobile_resolution=&#8221;480&#8243; screen_mobile_spacer_size=&#8221;20&#8243;][dfd_info_banner style=&#8221;style-26&#8243; img_width=&#8221;225&#8243; img_height=&#8221;225&#8243; title=&#8221;&#8221; subtitle=&#8221;\u201cThanks to Beyond Suncare, I have a job away from sun rays, and I contribut and I contribute to thousands of colleagues with albinism having the adequate protection that will allow them to live a better futuree to thousands of colleagues with albinism have the adequate protection that will allow them to live a better future.&#8220;\u201d&#8221; banner_content=&#8221;Grace, beneficiary&#8221; read_more=&#8221;box&#8221; image=&#8221;2664&#8243; title_font_options=&#8221;tag:div&#8221; subtitle_font_options=&#8221;tag:div|font_size:18|color:%23000000|line_height:24|font_style_italic:1&#8243; font_options=&#8221;tag:div|font_style_bold:1&#8243; link=&#8221;url:https%3A%2F%2Fbeyondsuncare.org%2Fdona%2F|title:Dona||&#8221; thumb_radius=&#8221;225&#8243;][dfd_spacer screen_wide_spacer_size=&#8221;40&#8243; screen_normal_resolution=&#8221;1024&#8243; screen_tablet_resolution=&#8221;800&#8243; screen_mobile_resolution=&#8221;480&#8243; screen_mobile_spacer_size=&#8221;20&#8243;][\/vc_column_inner][\/vc_row_inner][dfd_spacer screen_wide_spacer_size=&#8221;40&#8243; screen_normal_resolution=&#8221;1024&#8243; screen_tablet_resolution=&#8221;800&#8243; screen_mobile_resolution=&#8221;480&#8243;][\/vc_column][\/vc_row]<\/p>\n","protected":false},"excerpt":{"rendered":"<p>[vc_row][vc_column][rev_slider_vc alias=&#8221;colabora-english&#8221;][\/vc_column][\/vc_row][vc_row][vc_column][dfd_spacer screen_wide_spacer_size=&#8221;40&#8243; screen_normal_resolution=&#8221;1024&#8243; screen_tablet_resolution=&#8221;800&#8243; screen_mobile_resolution=&#8221;480&#8243;][dfd_heading subtitle=&#8221;&#8221; delimiter_settings=&#8221;delimiter_style:solid|delimiter_width:80|delimiter_height:3&#8243; undefined=&#8221;&#8221; title_font_options=&#8221;tag:h2&#8243; subtitle_font_options=&#8221;tag:div&#8221;]HOW TO GET INVOLVED WITH BEYOND SUNCARE[\/dfd_heading][dfd_spacer screen_wide_spacer_size=&#8221;40&#8243; screen_normal_resolution=&#8221;1024&#8243; screen_tablet_resolution=&#8221;800&#8243; screen_mobile_resolution=&#8221;480&#8243;][\/vc_column][\/vc_row][vc_row dfd_row_config=&#8221;full_width_content&#8221;][vc_column width=&#8221;1\/4&#8243;][dfd_info_banner style=&#8221;style-23&#8243; img_width=&#8221;460&#8243; img_height=&#8221;300&#8243; title=&#8221;DONATE&#8221; subtitle=&#8221;&#8221; banner_content=&#8221;Make our<\/p>\n","protected":false},"author":3,"featured_media":2891,"parent":0,"menu_order":0,"comment_status":"closed","ping_status":"closed","template":"tmp-page.php","meta":{"give_campaign_id":0,"footnotes":""},"class_list":["post-4176","page","type-page","status-publish","has-post-thumbnail","hentry"],"yoast_head":"<title>How to get involved with Beyond Suncare<\/title>\n<meta name=\"description\" content=\"There are many ways to collaborate with us, and all are welcome: Donation, become a member or volunteer or collaborate as a company\" \/>\n<meta name=\"robots\" content=\"index, follow, max-snippet:-1, max-image-preview:large, max-video-preview:-1\" \/>\n<link rel=\"canonical\" href=\"https:\/\/beyondsuncare.org\/en\/get-involved\/\" \/>\n<meta property=\"og:locale\" content=\"en_US\" \/>\n<meta property=\"og:type\" content=\"article\" \/>\n<meta property=\"og:title\" content=\"How to get involved with Beyond Suncare\" \/>\n<meta property=\"og:description\" content=\"There are many ways to collaborate with us, and all are welcome: Donation, become a member or volunteer or collaborate as a company\" \/>\n<meta property=\"og:url\" content=\"https:\/\/beyondsuncare.org\/en\/get-involved\/\" \/>\n<meta property=\"og:site_name\" content=\"Beyond suncare\" \/>\n<meta property=\"article:publisher\" content=\"https:\/\/www.facebook.com\/beyondsuncare\" \/>\n<meta property=\"article:modified_time\" content=\"2019-07-15T15:57:02+00:00\" \/>\n<meta property=\"og:image\" content=\"https:\/\/beyondsuncare.org\/wp-content\/uploads\/2019\/05\/colabora-mejorada.jpg\" \/>\n\t<meta property=\"og:image:width\" content=\"966\" \/>\n\t<meta property=\"og:image:height\" content=\"410\" \/>\n\t<meta property=\"og:image:type\" content=\"image\/jpeg\" \/>\n<meta name=\"twitter:card\" content=\"summary_large_image\" \/>\n<meta name=\"twitter:site\" content=\"@beyondsuncare\" \/>\n<meta name=\"twitter:label1\" content=\"Est. reading time\" \/>\n\t<meta name=\"twitter:data1\" content=\"5 minutes\" \/>\n<script type=\"application\/ld+json\" class=\"yoast-schema-graph\">{\"@context\":\"https:\/\/schema.org\",\"@graph\":[{\"@type\":\"WebPage\",\"@id\":\"https:\/\/beyondsuncare.org\/en\/get-involved\/\",\"url\":\"https:\/\/beyondsuncare.org\/en\/get-involved\/\",\"name\":\"How to get involved with Beyond Suncare\",\"isPartOf\":{\"@id\":\"https:\/\/beyondsuncare.org\/en\/#website\"},\"primaryImageOfPage\":{\"@id\":\"https:\/\/beyondsuncare.org\/en\/get-involved\/#primaryimage\"},\"image\":{\"@id\":\"https:\/\/beyondsuncare.org\/en\/get-involved\/#primaryimage\"},\"thumbnailUrl\":\"https:\/\/beyondsuncare.org\/wp-content\/uploads\/2019\/05\/colabora-mejorada.jpg\",\"datePublished\":\"2019-05-31T08:45:54+00:00\",\"dateModified\":\"2019-07-15T15:57:02+00:00\",\"description\":\"There are many ways to collaborate with us, and all are welcome: Donation, become a member or volunteer or collaborate as a company\",\"breadcrumb\":{\"@id\":\"https:\/\/beyondsuncare.org\/en\/get-involved\/#breadcrumb\"},\"inLanguage\":\"en-US\",\"potentialAction\":[{\"@type\":\"ReadAction\",\"target\":[\"https:\/\/beyondsuncare.org\/en\/get-involved\/\"]}]},{\"@type\":\"ImageObject\",\"inLanguage\":\"en-US\",\"@id\":\"https:\/\/beyondsuncare.org\/en\/get-involved\/#primaryimage\",\"url\":\"https:\/\/beyondsuncare.org\/wp-content\/uploads\/2019\/05\/colabora-mejorada.jpg\",\"contentUrl\":\"https:\/\/beyondsuncare.org\/wp-content\/uploads\/2019\/05\/colabora-mejorada.jpg\",\"width\":966,\"height\":410},{\"@type\":\"BreadcrumbList\",\"@id\":\"https:\/\/beyondsuncare.org\/en\/get-involved\/#breadcrumb\",\"itemListElement\":[{\"@type\":\"ListItem\",\"position\":1,\"name\":\"Portada\",\"item\":\"https:\/\/beyondsuncare.org\/en\/\"},{\"@type\":\"ListItem\",\"position\":2,\"name\":\"Get involved with Beyond Suncare\"}]},{\"@type\":\"WebSite\",\"@id\":\"https:\/\/beyondsuncare.org\/en\/#website\",\"url\":\"https:\/\/beyondsuncare.org\/en\/\",\"name\":\"Beyond suncare\",\"description\":\"Desde hace m\u00e1s de 10 a\u00f1os trabajamos cada d\u00eda para asegurar que todas las personas con albinismo vivan protegidas frente al c\u00e1ncer de piel y todo tipo de discriminaci\u00f3n\",\"publisher\":{\"@id\":\"https:\/\/beyondsuncare.org\/en\/#organization\"},\"potentialAction\":[{\"@type\":\"SearchAction\",\"target\":{\"@type\":\"EntryPoint\",\"urlTemplate\":\"https:\/\/beyondsuncare.org\/en\/?s={search_term_string}\"},\"query-input\":{\"@type\":\"PropertyValueSpecification\",\"valueRequired\":true,\"valueName\":\"search_term_string\"}}],\"inLanguage\":\"en-US\"},{\"@type\":\"Organization\",\"@id\":\"https:\/\/beyondsuncare.org\/en\/#organization\",\"name\":\"Beyond Suncare\",\"url\":\"https:\/\/beyondsuncare.org\/en\/\",\"logo\":{\"@type\":\"ImageObject\",\"inLanguage\":\"en-US\",\"@id\":\"https:\/\/beyondsuncare.org\/en\/#\/schema\/logo\/image\/\",\"url\":\"https:\/\/beyondsuncare.org\/wp-content\/uploads\/2019\/04\/beyond-suncare-fondo-transparente.png\",\"contentUrl\":\"https:\/\/beyondsuncare.org\/wp-content\/uploads\/2019\/04\/beyond-suncare-fondo-transparente.png\",\"width\":218,\"height\":80,\"caption\":\"Beyond Suncare\"},\"image\":{\"@id\":\"https:\/\/beyondsuncare.org\/en\/#\/schema\/logo\/image\/\"},\"sameAs\":[\"https:\/\/www.facebook.com\/beyondsuncare\",\"https:\/\/x.com\/beyondsuncare\",\"https:\/\/www.instagram.com\/beyond_suncare\/\",\"https:\/\/www.linkedin.com\/company\/beyond-suncare\/\"]}]}<\/script>","yoast_head_json":{"title":"How to get involved with Beyond Suncare","description":"There are many ways to collaborate with us, and all are welcome: Donation, become a member or volunteer or collaborate as a company","robots":{"index":"index","follow":"follow","max-snippet":"max-snippet:-1","max-image-preview":"max-image-preview:large","max-video-preview":"max-video-preview:-1"},"canonical":"https:\/\/beyondsuncare.org\/en\/get-involved\/","og_locale":"en_US","og_type":"article","og_title":"How to get involved with Beyond Suncare","og_description":"There are many ways to collaborate with us, and all are welcome: Donation, become a member or volunteer or collaborate as a company","og_url":"https:\/\/beyondsuncare.org\/en\/get-involved\/","og_site_name":"Beyond suncare","article_publisher":"https:\/\/www.facebook.com\/beyondsuncare","article_modified_time":"2019-07-15T15:57:02+00:00","og_image":[{"width":966,"height":410,"url":"https:\/\/beyondsuncare.org\/wp-content\/uploads\/2019\/05\/colabora-mejorada.jpg","type":"image\/jpeg"}],"twitter_card":"summary_large_image","twitter_site":"@beyondsuncare","twitter_misc":{"Est. reading time":"5 minutes"},"schema":{"@context":"https:\/\/schema.org","@graph":[{"@type":"WebPage","@id":"https:\/\/beyondsuncare.org\/en\/get-involved\/","url":"https:\/\/beyondsuncare.org\/en\/get-involved\/","name":"How to get involved with Beyond Suncare","isPartOf":{"@id":"https:\/\/beyondsuncare.org\/en\/#website"},"primaryImageOfPage":{"@id":"https:\/\/beyondsuncare.org\/en\/get-involved\/#primaryimage"},"image":{"@id":"https:\/\/beyondsuncare.org\/en\/get-involved\/#primaryimage"},"thumbnailUrl":"https:\/\/beyondsuncare.org\/wp-content\/uploads\/2019\/05\/colabora-mejorada.jpg","datePublished":"2019-05-31T08:45:54+00:00","dateModified":"2019-07-15T15:57:02+00:00","description":"There are many ways to collaborate with us, and all are welcome: Donation, become a member or volunteer or collaborate as a company","breadcrumb":{"@id":"https:\/\/beyondsuncare.org\/en\/get-involved\/#breadcrumb"},"inLanguage":"en-US","potentialAction":[{"@type":"ReadAction","target":["https:\/\/beyondsuncare.org\/en\/get-involved\/"]}]},{"@type":"ImageObject","inLanguage":"en-US","@id":"https:\/\/beyondsuncare.org\/en\/get-involved\/#primaryimage","url":"https:\/\/beyondsuncare.org\/wp-content\/uploads\/2019\/05\/colabora-mejorada.jpg","contentUrl":"https:\/\/beyondsuncare.org\/wp-content\/uploads\/2019\/05\/colabora-mejorada.jpg","width":966,"height":410},{"@type":"BreadcrumbList","@id":"https:\/\/beyondsuncare.org\/en\/get-involved\/#breadcrumb","itemListElement":[{"@type":"ListItem","position":1,"name":"Portada","item":"https:\/\/beyondsuncare.org\/en\/"},{"@type":"ListItem","position":2,"name":"Get involved with Beyond Suncare"}]},{"@type":"WebSite","@id":"https:\/\/beyondsuncare.org\/en\/#website","url":"https:\/\/beyondsuncare.org\/en\/","name":"Beyond suncare","description":"Desde hace m\u00e1s de 10 a\u00f1os trabajamos cada d\u00eda para asegurar que todas las personas con albinismo vivan protegidas frente al c\u00e1ncer de piel y todo tipo de discriminaci\u00f3n","publisher":{"@id":"https:\/\/beyondsuncare.org\/en\/#organization"},"potentialAction":[{"@type":"SearchAction","target":{"@type":"EntryPoint","urlTemplate":"https:\/\/beyondsuncare.org\/en\/?s={search_term_string}"},"query-input":{"@type":"PropertyValueSpecification","valueRequired":true,"valueName":"search_term_string"}}],"inLanguage":"en-US"},{"@type":"Organization","@id":"https:\/\/beyondsuncare.org\/en\/#organization","name":"Beyond Suncare","url":"https:\/\/beyondsuncare.org\/en\/","logo":{"@type":"ImageObject","inLanguage":"en-US","@id":"https:\/\/beyondsuncare.org\/en\/#\/schema\/logo\/image\/","url":"https:\/\/beyondsuncare.org\/wp-content\/uploads\/2019\/04\/beyond-suncare-fondo-transparente.png","contentUrl":"https:\/\/beyondsuncare.org\/wp-content\/uploads\/2019\/04\/beyond-suncare-fondo-transparente.png","width":218,"height":80,"caption":"Beyond Suncare"},"image":{"@id":"https:\/\/beyondsuncare.org\/en\/#\/schema\/logo\/image\/"},"sameAs":["https:\/\/www.facebook.com\/beyondsuncare","https:\/\/x.com\/beyondsuncare","https:\/\/www.instagram.com\/beyond_suncare\/","https:\/\/www.linkedin.com\/company\/beyond-suncare\/"]}]}},"campaignId":"","_links":{"self":[{"href":"https:\/\/beyondsuncare.org\/en\/wp-json\/wp\/v2\/pages\/4176","targetHints":{"allow":["GET"]}}],"collection":[{"href":"https:\/\/beyondsuncare.org\/en\/wp-json\/wp\/v2\/pages"}],"about":[{"href":"https:\/\/beyondsuncare.org\/en\/wp-json\/wp\/v2\/types\/page"}],"author":[{"embeddable":true,"href":"https:\/\/beyondsuncare.org\/en\/wp-json\/wp\/v2\/users\/3"}],"replies":[{"embeddable":true,"href":"https:\/\/beyondsuncare.org\/en\/wp-json\/wp\/v2\/comments?post=4176"}],"version-history":[{"count":5,"href":"https:\/\/beyondsuncare.org\/en\/wp-json\/wp\/v2\/pages\/4176\/revisions"}],"predecessor-version":[{"id":4364,"href":"https:\/\/beyondsuncare.org\/en\/wp-json\/wp\/v2\/pages\/4176\/revisions\/4364"}],"wp:featuredmedia":[{"embeddable":true,"href":"https:\/\/beyondsuncare.org\/en\/wp-json\/wp\/v2\/media\/2891"}],"wp:attachment":[{"href":"https:\/\/beyondsuncare.org\/en\/wp-json\/wp\/v2\/media?parent=4176"}],"curies":[{"name":"wp","href":"https:\/\/api.w.org\/{rel}","templated":true}]}}