{"id":3973,"date":"2019-05-20T06:26:42","date_gmt":"2019-05-20T06:26:42","guid":{"rendered":"https:\/\/beyondsuncare.org\/persecucion\/"},"modified":"2019-07-08T15:32:40","modified_gmt":"2019-07-08T15:32:40","slug":"persecucion","status":"publish","type":"page","link":"https:\/\/beyondsuncare.org\/en\/persecucion\/","title":{"rendered":"Discrimination and persecution"},"content":{"rendered":"<p>[vc_row css=&#8221;.vc_custom_1558003964430{background-color: #f0d65a !important;}&#8221;][vc_column][rev_slider_vc alias=&#8221;persecucion-english&#8221;][\/vc_column][\/vc_row][vc_row dfd_row_responsive_enable=&#8221;dfd-row-responsive-enable&#8221; css=&#8221;.vc_custom_1558081849734{background-color: #f0d65a !important;}&#8221; responsive_styles=&#8221;padding_left_tablet:20|padding_right_tablet:20|padding_left_mobile:20|padding_right_mobile:20&#8243;][vc_column][dfd_spacer screen_wide_spacer_size=&#8221;40&#8243; screen_normal_resolution=&#8221;1024&#8243; screen_tablet_resolution=&#8221;800&#8243; screen_mobile_resolution=&#8221;480&#8243;][vc_column_text]<\/p>\n<p style=\"text-align: center; font-size: 18px; line-height: 26px;\"><em>In many countries of sub-Saharan Africa people with albinism suffer discrimination and ostracism and are seen as a curse. Some cultures believe that they do not die, but disappear, or that having sex with a person with albinism cures AIDS.<\/em><\/p>\n<p>[\/vc_column_text][dfd_spacer screen_wide_spacer_size=&#8221;40&#8243; screen_normal_resolution=&#8221;1024&#8243; screen_tablet_resolution=&#8221;800&#8243; screen_mobile_resolution=&#8221;480&#8243;][\/vc_column][\/vc_row][vc_row bg_check=&#8221;row-background-dark&#8221; dfd_row_responsive_enable=&#8221;dfd-row-responsive-enable&#8221; css=&#8221;.vc_custom_1558081318165{background-color: #ffffff !important;}&#8221; responsive_styles=&#8221;padding_left_tablet:20|padding_right_tablet:20|border_right_mobile:20|padding_left_mobile:20&#8243;][vc_column][dfd_spacer screen_wide_spacer_size=&#8221;40&#8243; screen_normal_resolution=&#8221;1024&#8243; screen_tablet_resolution=&#8221;800&#8243; screen_mobile_resolution=&#8221;480&#8243;][vc_row_inner css=&#8221;.vc_custom_1559729420732{padding-right: 20px !important;padding-left: 20px !important;}&#8221;][vc_column_inner width=&#8221;1\/2&#8243;][dfd_icon_list list_fields=&#8221;%5B%7B%22icon_type%22%3A%22selector%22%2C%22select_icon%22%3A%22dfd_icons%22%2C%22ic_dfd_icons%22%3A%22dfd-socicon-loader%22%2C%22text_content%22%3A%22%3Cstrong%3E600%20attacks%3C%2Fstrong%3E%20in%2029%20countries%22%7D%2C%7B%22icon_type%22%3A%22selector%22%2C%22select_icon%22%3A%22dfd_icons%22%2C%22ic_dfd_icons%22%3A%22dfd-socicon-loader%22%2C%22text_content%22%3A%22%3Cstrong%3E2000%20euros%20paid%3C%2Fstrong%3E%20for%20a%20body%20part%20of%20a%20person%20with%20albinism%22%7D%2C%7B%22icon_type%22%3A%22selector%22%2C%22select_icon%22%3A%22dfd_icons%22%2C%22ic_dfd_icons%22%3A%22dfd-socicon-loader%22%2C%22text_content%22%3A%22%3Cstrong%3E%2065%25%20of%20the%20registered%20murders%20%3C%2Fstrong%3E%20are%20of%20children%22%7D%5D&#8221; main_style=&#8221;style-1&#8243; font_options=&#8221;tag:div|font_size:18|color:%23000000&#8243; icon_size=&#8221;25&#8243; icon_color=&#8221;#f0d65a&#8221;][\/vc_column_inner][vc_column_inner width=&#8221;1\/2&#8243;][dfd_icon_list list_fields=&#8221;%5B%7B%22icon_type%22%3A%22selector%22%2C%22select_icon%22%3A%22dfd_icons%22%2C%22ic_dfd_icons%22%3A%22dfd-socicon-loader%22%2C%22text_content%22%3A%22%3Cstrong%3E10%25%20of%20children%20with%20albinism%3C%2Fstrong%3E%20in%20Tanzania%20finish%20high%20school%22%7D%2C%7B%22icon_type%22%3A%22selector%22%2C%22select_icon%22%3A%22dfd_icons%22%2C%22ic_dfd_icons%22%3A%22dfd-socicon-loader%22%2C%22text_content%22%3A%22%3Cstrong%3EMore%20than%20160%20crimes%20registered%20in%20Malawi%3C%2Fstrong%3E%20from%202014%22%7D%2C%7B%22icon_type%22%3A%22selector%22%2C%22select_icon%22%3A%22dfd_icons%22%2C%22ic_dfd_icons%22%3A%22dfd-socicon-loader%22%2C%22text_content%22%3A%22%3Cstrong%3E70%25%3C%2Fstrong%3E%20of%20these%20crimes%20were%20not%20reported%22%7D%5D&#8221; main_style=&#8221;style-1&#8243; font_options=&#8221;tag:div|font_size:18|color:%23000000&#8243; icon_size=&#8221;25&#8243; icon_color=&#8221;#f0d65a&#8221;][\/vc_column_inner][\/vc_row_inner][dfd_spacer screen_wide_spacer_size=&#8221;40&#8243; screen_normal_resolution=&#8221;1024&#8243; screen_tablet_resolution=&#8221;800&#8243; screen_mobile_resolution=&#8221;480&#8243;][\/vc_column][\/vc_row][vc_row dfd_row_responsive_enable=&#8221;dfd-row-responsive-enable&#8221; css=&#8221;.vc_custom_1559213474080{padding-right: 20px !important;padding-left: 20px !important;background-color: #ededed !important;}&#8221; responsive_styles=&#8221;padding_left_desktop:0|padding_right_desktop:0|padding_left_tablet:20|padding_right_tablet:20|padding_left_mobile:20|padding_right_mobile:20&#8243;][vc_column][dfd_spacer screen_wide_spacer_size=&#8221;40&#8243; screen_normal_resolution=&#8221;1024&#8243; screen_tablet_resolution=&#8221;800&#8243; screen_mobile_resolution=&#8221;480&#8243;][dfd_heading subtitle=&#8221;&#8221; delimiter_settings=&#8221;delimiter_style:solid|delimiter_width:80|delimiter_height:3&#8243; undefined=&#8221;&#8221; title_font_options=&#8221;tag:h2&#8243; subtitle_font_options=&#8221;tag:div&#8221;]PERSECUTED BY BLACK MAGIC[\/dfd_heading][dfd_spacer screen_wide_spacer_size=&#8221;20&#8243; screen_normal_resolution=&#8221;1024&#8243; screen_tablet_resolution=&#8221;800&#8243; screen_mobile_resolution=&#8221;480&#8243;][vc_column_text]Some superstitions look at people with albinism as a source of income, so they are\u00a0<strong>mutilated<\/strong>\u00a0and the parts of their bodies are used in rituals of black magic, under the belief that they give wealth and fortune to those who own them.[\/vc_column_text][vc_row_inner css=&#8221;.vc_custom_1557995913956{padding-top: 20px !important;}&#8221;][vc_column_inner width=&#8221;2\/3&#8243;][vc_column_text]In countries where annual income barely reaches the 300 euros, a member of a person with albinism can cost up to 2.000 euros on the black market, the entire body 70.000 euros.<\/p>\n<p>The \u00a0<strong>inefficiency of criminal justice systems<\/strong>\u00a0and the deficient application of the law fuels the perpetration of these attacks.<\/p>\n<p>The\u00a0<strong>children<\/strong>\u00a0 are the target of most incidents of violence; The more innocent the victim is, the more valued the body parts will be. They are often\u00a0<strong>abandoned<\/strong>\u00a0by their parents, and many women are rejected by their partners when they give birth to a baby with albinism.<\/p>\n<p>To protect these children, some countries created the <strong>\u00absafe centers\u00bb<\/strong>, where children with albinism live isolated from their families and communities. The same walls that protect them from the attacks, prevent them from leading a normal childhood and integrating into society.[\/vc_column_text][dfd_spacer screen_wide_spacer_size=&#8221;20&#8243; screen_normal_resolution=&#8221;1024&#8243; screen_tablet_resolution=&#8221;800&#8243; screen_mobile_resolution=&#8221;480&#8243; screen_normal_spacer_size=&#8221;20&#8243; screen_tablet_spacer_size=&#8221;40&#8243; screen_mobile_spacer_size=&#8221;40&#8243;][\/vc_column_inner][vc_column_inner width=&#8221;1\/3&#8243;][dfd_single_image image=&#8221;2253&#8243;][dfd_spacer screen_wide_spacer_size=&#8221;10&#8243; screen_normal_resolution=&#8221;1024&#8243; screen_tablet_resolution=&#8221;800&#8243; screen_mobile_resolution=&#8221;480&#8243; screen_tablet_spacer_size=&#8221;40&#8243; screen_mobile_spacer_size=&#8221;40&#8243;][\/vc_column_inner][\/vc_row_inner][vc_column_text]At school they are\u00a0<strong>victims of teasing<\/strong>\u00a0from their classmates and the poor vision caused by their condition, also condemns them to academic failure. In Tanzania, only <strong>10% access Secondary Education<\/strong>.[\/vc_column_text][dfd_spacer screen_wide_spacer_size=&#8221;40&#8243; screen_normal_resolution=&#8221;1024&#8243; screen_tablet_resolution=&#8221;800&#8243; screen_mobile_resolution=&#8221;480&#8243;][\/vc_column][\/vc_row][vc_row css=&#8221;.vc_custom_1558079722788{margin-top: 0px !important;margin-bottom: 0px !important;padding-top: 0px !important;padding-bottom: 0px !important;}&#8221;][vc_column][rev_slider_vc alias=&#8221;persecucion-footer-english&#8221;][\/vc_column][\/vc_row]<\/p>\n","protected":false},"excerpt":{"rendered":"<p>[vc_row css=&#8221;.vc_custom_1558003964430{background-color: #f0d65a !important;}&#8221;][vc_column][rev_slider_vc alias=&#8221;persecucion-english&#8221;][\/vc_column][\/vc_row][vc_row dfd_row_responsive_enable=&#8221;dfd-row-responsive-enable&#8221; css=&#8221;.vc_custom_1558081849734{background-color: #f0d65a !important;}&#8221; responsive_styles=&#8221;padding_left_tablet:20|padding_right_tablet:20|padding_left_mobile:20|padding_right_mobile:20&#8243;][vc_column][dfd_spacer screen_wide_spacer_size=&#8221;40&#8243; screen_normal_resolution=&#8221;1024&#8243; screen_tablet_resolution=&#8221;800&#8243; screen_mobile_resolution=&#8221;480&#8243;][vc_column_text] In many countries of sub-Saharan Africa people with albinism suffer discrimination and ostracism and are seen<\/p>\n","protected":false},"author":3,"featured_media":2458,"parent":0,"menu_order":0,"comment_status":"closed","ping_status":"closed","template":"tmp-page.php","meta":{"give_campaign_id":0,"footnotes":""},"class_list":["post-3973","page","type-page","status-publish","has-post-thumbnail","hentry"],"yoast_head":"<title>Discrimination and persecution of people with albinism<\/title>\n<meta name=\"description\" content=\"Here we tell you about the persecution and discrimination suffered by people with albinism in Africa\" \/>\n<meta name=\"robots\" content=\"index, follow, max-snippet:-1, max-image-preview:large, max-video-preview:-1\" \/>\n<link rel=\"canonical\" href=\"https:\/\/beyondsuncare.org\/en\/persecucion\/\" \/>\n<meta property=\"og:locale\" content=\"en_US\" \/>\n<meta property=\"og:type\" content=\"article\" \/>\n<meta property=\"og:title\" content=\"Discrimination and persecution of people with albinism\" \/>\n<meta property=\"og:description\" content=\"Here we tell you about the persecution and discrimination suffered by people with albinism in Africa\" \/>\n<meta property=\"og:url\" content=\"https:\/\/beyondsuncare.org\/en\/persecucion\/\" \/>\n<meta property=\"og:site_name\" content=\"Beyond suncare\" \/>\n<meta property=\"article:publisher\" content=\"https:\/\/www.facebook.com\/beyondsuncare\" \/>\n<meta property=\"article:modified_time\" content=\"2019-07-08T15:32:40+00:00\" \/>\n<meta property=\"og:image\" content=\"https:\/\/beyondsuncare.org\/wp-content\/uploads\/2019\/05\/persecucion.jpg\" \/>\n\t<meta property=\"og:image:width\" content=\"2048\" \/>\n\t<meta property=\"og:image:height\" content=\"1365\" \/>\n\t<meta property=\"og:image:type\" content=\"image\/jpeg\" \/>\n<meta name=\"twitter:card\" content=\"summary_large_image\" \/>\n<meta name=\"twitter:site\" content=\"@beyondsuncare\" \/>\n<meta name=\"twitter:label1\" content=\"Est. reading time\" \/>\n\t<meta name=\"twitter:data1\" content=\"5 minutes\" \/>\n<script type=\"application\/ld+json\" class=\"yoast-schema-graph\">{\"@context\":\"https:\/\/schema.org\",\"@graph\":[{\"@type\":\"WebPage\",\"@id\":\"https:\/\/beyondsuncare.org\/en\/persecucion\/\",\"url\":\"https:\/\/beyondsuncare.org\/en\/persecucion\/\",\"name\":\"Discrimination and persecution of people with albinism\",\"isPartOf\":{\"@id\":\"https:\/\/beyondsuncare.org\/en\/#website\"},\"primaryImageOfPage\":{\"@id\":\"https:\/\/beyondsuncare.org\/en\/persecucion\/#primaryimage\"},\"image\":{\"@id\":\"https:\/\/beyondsuncare.org\/en\/persecucion\/#primaryimage\"},\"thumbnailUrl\":\"https:\/\/beyondsuncare.org\/wp-content\/uploads\/2019\/05\/persecucion.jpg\",\"datePublished\":\"2019-05-20T06:26:42+00:00\",\"dateModified\":\"2019-07-08T15:32:40+00:00\",\"description\":\"Here we tell you about the persecution and discrimination suffered by people with albinism in Africa\",\"breadcrumb\":{\"@id\":\"https:\/\/beyondsuncare.org\/en\/persecucion\/#breadcrumb\"},\"inLanguage\":\"en-US\",\"potentialAction\":[{\"@type\":\"ReadAction\",\"target\":[\"https:\/\/beyondsuncare.org\/en\/persecucion\/\"]}]},{\"@type\":\"ImageObject\",\"inLanguage\":\"en-US\",\"@id\":\"https:\/\/beyondsuncare.org\/en\/persecucion\/#primaryimage\",\"url\":\"https:\/\/beyondsuncare.org\/wp-content\/uploads\/2019\/05\/persecucion.jpg\",\"contentUrl\":\"https:\/\/beyondsuncare.org\/wp-content\/uploads\/2019\/05\/persecucion.jpg\",\"width\":2048,\"height\":1365},{\"@type\":\"BreadcrumbList\",\"@id\":\"https:\/\/beyondsuncare.org\/en\/persecucion\/#breadcrumb\",\"itemListElement\":[{\"@type\":\"ListItem\",\"position\":1,\"name\":\"Portada\",\"item\":\"https:\/\/beyondsuncare.org\/en\/\"},{\"@type\":\"ListItem\",\"position\":2,\"name\":\"Discrimination and persecution\"}]},{\"@type\":\"WebSite\",\"@id\":\"https:\/\/beyondsuncare.org\/en\/#website\",\"url\":\"https:\/\/beyondsuncare.org\/en\/\",\"name\":\"Beyond suncare\",\"description\":\"Desde hace m\u00e1s de 10 a\u00f1os trabajamos cada d\u00eda para asegurar que todas las personas con albinismo vivan protegidas frente al c\u00e1ncer de piel y todo tipo de discriminaci\u00f3n\",\"publisher\":{\"@id\":\"https:\/\/beyondsuncare.org\/en\/#organization\"},\"potentialAction\":[{\"@type\":\"SearchAction\",\"target\":{\"@type\":\"EntryPoint\",\"urlTemplate\":\"https:\/\/beyondsuncare.org\/en\/?s={search_term_string}\"},\"query-input\":{\"@type\":\"PropertyValueSpecification\",\"valueRequired\":true,\"valueName\":\"search_term_string\"}}],\"inLanguage\":\"en-US\"},{\"@type\":\"Organization\",\"@id\":\"https:\/\/beyondsuncare.org\/en\/#organization\",\"name\":\"Beyond Suncare\",\"url\":\"https:\/\/beyondsuncare.org\/en\/\",\"logo\":{\"@type\":\"ImageObject\",\"inLanguage\":\"en-US\",\"@id\":\"https:\/\/beyondsuncare.org\/en\/#\/schema\/logo\/image\/\",\"url\":\"https:\/\/beyondsuncare.org\/wp-content\/uploads\/2019\/04\/beyond-suncare-fondo-transparente.png\",\"contentUrl\":\"https:\/\/beyondsuncare.org\/wp-content\/uploads\/2019\/04\/beyond-suncare-fondo-transparente.png\",\"width\":218,\"height\":80,\"caption\":\"Beyond Suncare\"},\"image\":{\"@id\":\"https:\/\/beyondsuncare.org\/en\/#\/schema\/logo\/image\/\"},\"sameAs\":[\"https:\/\/www.facebook.com\/beyondsuncare\",\"https:\/\/x.com\/beyondsuncare\",\"https:\/\/www.instagram.com\/beyond_suncare\/\",\"https:\/\/www.linkedin.com\/company\/beyond-suncare\/\"]}]}<\/script>","yoast_head_json":{"title":"Discrimination and persecution of people with albinism","description":"Here we tell you about the persecution and discrimination suffered by people with albinism in Africa","robots":{"index":"index","follow":"follow","max-snippet":"max-snippet:-1","max-image-preview":"max-image-preview:large","max-video-preview":"max-video-preview:-1"},"canonical":"https:\/\/beyondsuncare.org\/en\/persecucion\/","og_locale":"en_US","og_type":"article","og_title":"Discrimination and persecution of people with albinism","og_description":"Here we tell you about the persecution and discrimination suffered by people with albinism in Africa","og_url":"https:\/\/beyondsuncare.org\/en\/persecucion\/","og_site_name":"Beyond suncare","article_publisher":"https:\/\/www.facebook.com\/beyondsuncare","article_modified_time":"2019-07-08T15:32:40+00:00","og_image":[{"width":2048,"height":1365,"url":"https:\/\/beyondsuncare.org\/wp-content\/uploads\/2019\/05\/persecucion.jpg","type":"image\/jpeg"}],"twitter_card":"summary_large_image","twitter_site":"@beyondsuncare","twitter_misc":{"Est. reading time":"5 minutes"},"schema":{"@context":"https:\/\/schema.org","@graph":[{"@type":"WebPage","@id":"https:\/\/beyondsuncare.org\/en\/persecucion\/","url":"https:\/\/beyondsuncare.org\/en\/persecucion\/","name":"Discrimination and persecution of people with albinism","isPartOf":{"@id":"https:\/\/beyondsuncare.org\/en\/#website"},"primaryImageOfPage":{"@id":"https:\/\/beyondsuncare.org\/en\/persecucion\/#primaryimage"},"image":{"@id":"https:\/\/beyondsuncare.org\/en\/persecucion\/#primaryimage"},"thumbnailUrl":"https:\/\/beyondsuncare.org\/wp-content\/uploads\/2019\/05\/persecucion.jpg","datePublished":"2019-05-20T06:26:42+00:00","dateModified":"2019-07-08T15:32:40+00:00","description":"Here we tell you about the persecution and discrimination suffered by people with albinism in Africa","breadcrumb":{"@id":"https:\/\/beyondsuncare.org\/en\/persecucion\/#breadcrumb"},"inLanguage":"en-US","potentialAction":[{"@type":"ReadAction","target":["https:\/\/beyondsuncare.org\/en\/persecucion\/"]}]},{"@type":"ImageObject","inLanguage":"en-US","@id":"https:\/\/beyondsuncare.org\/en\/persecucion\/#primaryimage","url":"https:\/\/beyondsuncare.org\/wp-content\/uploads\/2019\/05\/persecucion.jpg","contentUrl":"https:\/\/beyondsuncare.org\/wp-content\/uploads\/2019\/05\/persecucion.jpg","width":2048,"height":1365},{"@type":"BreadcrumbList","@id":"https:\/\/beyondsuncare.org\/en\/persecucion\/#breadcrumb","itemListElement":[{"@type":"ListItem","position":1,"name":"Portada","item":"https:\/\/beyondsuncare.org\/en\/"},{"@type":"ListItem","position":2,"name":"Discrimination and persecution"}]},{"@type":"WebSite","@id":"https:\/\/beyondsuncare.org\/en\/#website","url":"https:\/\/beyondsuncare.org\/en\/","name":"Beyond suncare","description":"Desde hace m\u00e1s de 10 a\u00f1os trabajamos cada d\u00eda para asegurar que todas las personas con albinismo vivan protegidas frente al c\u00e1ncer de piel y todo tipo de discriminaci\u00f3n","publisher":{"@id":"https:\/\/beyondsuncare.org\/en\/#organization"},"potentialAction":[{"@type":"SearchAction","target":{"@type":"EntryPoint","urlTemplate":"https:\/\/beyondsuncare.org\/en\/?s={search_term_string}"},"query-input":{"@type":"PropertyValueSpecification","valueRequired":true,"valueName":"search_term_string"}}],"inLanguage":"en-US"},{"@type":"Organization","@id":"https:\/\/beyondsuncare.org\/en\/#organization","name":"Beyond Suncare","url":"https:\/\/beyondsuncare.org\/en\/","logo":{"@type":"ImageObject","inLanguage":"en-US","@id":"https:\/\/beyondsuncare.org\/en\/#\/schema\/logo\/image\/","url":"https:\/\/beyondsuncare.org\/wp-content\/uploads\/2019\/04\/beyond-suncare-fondo-transparente.png","contentUrl":"https:\/\/beyondsuncare.org\/wp-content\/uploads\/2019\/04\/beyond-suncare-fondo-transparente.png","width":218,"height":80,"caption":"Beyond Suncare"},"image":{"@id":"https:\/\/beyondsuncare.org\/en\/#\/schema\/logo\/image\/"},"sameAs":["https:\/\/www.facebook.com\/beyondsuncare","https:\/\/x.com\/beyondsuncare","https:\/\/www.instagram.com\/beyond_suncare\/","https:\/\/www.linkedin.com\/company\/beyond-suncare\/"]}]}},"campaignId":"","_links":{"self":[{"href":"https:\/\/beyondsuncare.org\/en\/wp-json\/wp\/v2\/pages\/3973","targetHints":{"allow":["GET"]}}],"collection":[{"href":"https:\/\/beyondsuncare.org\/en\/wp-json\/wp\/v2\/pages"}],"about":[{"href":"https:\/\/beyondsuncare.org\/en\/wp-json\/wp\/v2\/types\/page"}],"author":[{"embeddable":true,"href":"https:\/\/beyondsuncare.org\/en\/wp-json\/wp\/v2\/users\/3"}],"replies":[{"embeddable":true,"href":"https:\/\/beyondsuncare.org\/en\/wp-json\/wp\/v2\/comments?post=3973"}],"version-history":[{"count":11,"href":"https:\/\/beyondsuncare.org\/en\/wp-json\/wp\/v2\/pages\/3973\/revisions"}],"predecessor-version":[{"id":4166,"href":"https:\/\/beyondsuncare.org\/en\/wp-json\/wp\/v2\/pages\/3973\/revisions\/4166"}],"wp:featuredmedia":[{"embeddable":true,"href":"https:\/\/beyondsuncare.org\/en\/wp-json\/wp\/v2\/media\/2458"}],"wp:attachment":[{"href":"https:\/\/beyondsuncare.org\/en\/wp-json\/wp\/v2\/media?parent=3973"}],"curies":[{"name":"wp","href":"https:\/\/api.w.org\/{rel}","templated":true}]}}