{"id":3955,"date":"2019-05-28T10:29:40","date_gmt":"2019-05-28T10:29:40","guid":{"rendered":"https:\/\/beyondsuncare.org\/sunscreen-made-in-africa\/"},"modified":"2019-07-08T12:54:37","modified_gmt":"2019-07-08T12:54:37","slug":"sunscreen-made-in-africa","status":"publish","type":"page","link":"https:\/\/beyondsuncare.org\/en\/sunscreen-made-in-africa\/","title":{"rendered":"Sunscreen made in Africa"},"content":{"rendered":"<p>[vc_row dfd_row_config=&#8221;full_width_content&#8221; css=&#8221;.vc_custom_1558606081725{background-color: #f0d65a !important;}&#8221;][vc_column][rev_slider_vc alias=&#8221;made-in-africa-english&#8221;][\/vc_column][\/vc_row][vc_row css=&#8221;.vc_custom_1558627907073{background-color: #f0d65a !important;}&#8221;][vc_column css=&#8221;.vc_custom_1559758774275{padding-right: 20px !important;padding-left: 20px !important;}&#8221; col_shadow=&#8221;box_shadow_enable:disable|shadow_horizontal:0|shadow_vertical:15|shadow_blur:50|shadow_spread:0|box_shadow_color:rgba(0%2C0%2C0%2C0.35)&#8221; col_shadow_hover=&#8221;box_shadow_enable:disable|shadow_horizontal:0|shadow_vertical:15|shadow_blur:50|shadow_spread:0|box_shadow_color:rgba(0%2C0%2C0%2C0.35)&#8221;][dfd_spacer screen_wide_spacer_size=&#8221;40&#8243; screen_normal_resolution=&#8221;1024&#8243; screen_tablet_resolution=&#8221;800&#8243; screen_mobile_resolution=&#8221;480&#8243;][vc_column_text]<\/p>\n<p style=\"text-align: center; font-size: 18px; line-height: 26px;\"><em>The deep knowledge of the skin and the reality of the beneficiaries by our team, combined with the experience of the world&#8217;s leading chemical company BASF, gave life to the first sunscreen especially thought for the prevention of skin cancer of people with albinism in Africa. The result is a sunscreen with SPF 50 +, highly resistant to water and with a broad spectrum that protects against UVA and UVB radiation.<\/em><\/p>\n<p>[\/vc_column_text][dfd_spacer screen_wide_spacer_size=&#8221;40&#8243; screen_normal_resolution=&#8221;1024&#8243; screen_tablet_resolution=&#8221;800&#8243; screen_mobile_resolution=&#8221;480&#8243;][\/vc_column][\/vc_row][vc_row dfd_row_config=&#8221;full_width_content&#8221; force_equal_height_columns=&#8221;main_row&#8221;][vc_column width=&#8221;1\/2&#8243; dfd_column_responsive_enable=&#8221;dfd-column-responsive-enable&#8221; css=&#8221;.vc_custom_1559758665619{padding-right: 80px !important;padding-left: 80px !important;}&#8221; col_shadow=&#8221;box_shadow_enable:disable|shadow_horizontal:0|shadow_vertical:15|shadow_blur:50|shadow_spread:0|box_shadow_color:rgba(0%2C0%2C0%2C0.35)&#8221; col_shadow_hover=&#8221;box_shadow_enable:disable|shadow_horizontal:0|shadow_vertical:15|shadow_blur:50|shadow_spread:0|box_shadow_color:rgba(0%2C0%2C0%2C0.35)&#8221; responsive_styles=&#8221;padding_left_desktop:80|padding_right_desktop:80|padding_left_tablet:20|padding_right_tablet:20|padding_left_mobile:20|padding_right_mobile:20&#8243; offset=&#8221;vc_hidden-md vc_hidden-sm vc_hidden-xs&#8221;][dfd_spacer screen_wide_spacer_size=&#8221;40&#8243; screen_normal_resolution=&#8221;1024&#8243; screen_tablet_resolution=&#8221;800&#8243; screen_mobile_resolution=&#8221;480&#8243;][dfd_heading subtitle=&#8221;&#8221; delimiter_settings=&#8221;delimiter_style:solid|delimiter_width:80|delimiter_height:3&#8243; undefined=&#8221;&#8221; title_font_options=&#8221;tag:h2&#8243; subtitle_font_options=&#8221;tag:div&#8221;]Tailor-made sunscreen[\/dfd_heading][dfd_spacer screen_wide_spacer_size=&#8221;20&#8243; screen_normal_resolution=&#8221;1024&#8243; screen_tablet_resolution=&#8221;800&#8243; screen_mobile_resolution=&#8221;480&#8243;][vc_column_text]Formulated with\u00a0<strong>SWOP technology<\/strong>&#x2122; has the distinction of being manufactured as\u00a0<strong>oil emulsion in water<\/strong>\u00a0(O \/ W) that becomes\u00a0<strong>water in oil<\/strong> (W \/ O) during the application, combining application advantages of\u00a0 O \/ W emulsions with the skin care benefits of\u00a0 W \/ O emulsions.<\/p>\n<p>However, a high efficacy is insufficient if the users do not apply the product correctly or do not apply it at all. For this reason, the formulation has been developed taking into account the sensory preferences of consumers &#8211; good skin feel after application, pleasant smell &#8211; combined with <strong>maximum safety<\/strong>\u00a0-filters with a large molecule size that do not cross the stratum corneum, incorporation of non-allergic perfume- in order to increase\u00a0<strong>acceptance as well as to reduce the risk of non-adherence <\/strong>and improper use.[\/vc_column_text][dfd_spacer screen_wide_spacer_size=&#8221;40&#8243; screen_normal_resolution=&#8221;1024&#8243; screen_tablet_resolution=&#8221;800&#8243; screen_mobile_resolution=&#8221;480&#8243;][\/vc_column][vc_column width=&#8221;1\/2&#8243; css=&#8221;.vc_custom_1559758673395{margin-top: 0px !important;margin-right: 0px !important;margin-bottom: 0px !important;margin-left: 0px !important;padding-top: 0px !important;padding-right: 0px !important;padding-bottom: 0px !important;padding-left: 0px !important;}&#8221; col_shadow=&#8221;box_shadow_enable:disable|shadow_horizontal:0|shadow_vertical:15|shadow_blur:50|shadow_spread:0|box_shadow_color:rgba(0%2C0%2C0%2C0.35)&#8221; col_shadow_hover=&#8221;box_shadow_enable:disable|shadow_horizontal:0|shadow_vertical:15|shadow_blur:50|shadow_spread:0|box_shadow_color:rgba(0%2C0%2C0%2C0.35)&#8221; offset=&#8221;vc_hidden-md vc_hidden-sm vc_hidden-xs&#8221;][dfd_single_image image=&#8221;2188&#8243;][\/vc_column][\/vc_row][vc_row dfd_row_config=&#8221;full_width_content&#8221; force_equal_height_columns=&#8221;main_row&#8221;][vc_column width=&#8221;1\/2&#8243; css=&#8221;.vc_custom_1559758689299{margin-top: 0px !important;margin-right: 0px !important;margin-bottom: 0px !important;margin-left: 0px !important;padding-top: 0px !important;padding-right: 0px !important;padding-bottom: 0px !important;padding-left: 0px !important;}&#8221; col_shadow=&#8221;box_shadow_enable:disable|shadow_horizontal:0|shadow_vertical:15|shadow_blur:50|shadow_spread:0|box_shadow_color:rgba(0%2C0%2C0%2C0.35)&#8221; col_shadow_hover=&#8221;box_shadow_enable:disable|shadow_horizontal:0|shadow_vertical:15|shadow_blur:50|shadow_spread:0|box_shadow_color:rgba(0%2C0%2C0%2C0.35)&#8221; offset=&#8221;vc_hidden-lg&#8221;][dfd_single_image image=&#8221;2188&#8243;][\/vc_column][vc_column width=&#8221;1\/2&#8243; dfd_column_responsive_enable=&#8221;dfd-column-responsive-enable&#8221; css=&#8221;.vc_custom_1559758682083{padding-right: 80px !important;padding-left: 80px !important;}&#8221; col_shadow=&#8221;box_shadow_enable:disable|shadow_horizontal:0|shadow_vertical:15|shadow_blur:50|shadow_spread:0|box_shadow_color:rgba(0%2C0%2C0%2C0.35)&#8221; col_shadow_hover=&#8221;box_shadow_enable:disable|shadow_horizontal:0|shadow_vertical:15|shadow_blur:50|shadow_spread:0|box_shadow_color:rgba(0%2C0%2C0%2C0.35)&#8221; responsive_styles=&#8221;padding_left_desktop:80|padding_right_desktop:80|padding_left_tablet:20|padding_right_tablet:20|padding_left_mobile:20|padding_right_mobile:20&#8243; offset=&#8221;vc_hidden-lg&#8221;][dfd_spacer screen_wide_spacer_size=&#8221;40&#8243; screen_normal_resolution=&#8221;1024&#8243; screen_tablet_resolution=&#8221;800&#8243; screen_mobile_resolution=&#8221;480&#8243;][dfd_heading subtitle=&#8221;&#8221; delimiter_settings=&#8221;delimiter_style:solid|delimiter_width:80|delimiter_height:3&#8243; undefined=&#8221;&#8221; title_font_options=&#8221;tag:h2&#8243; subtitle_font_options=&#8221;tag:div&#8221;]A photoprotector designed for them[\/dfd_heading][dfd_spacer screen_wide_spacer_size=&#8221;20&#8243; screen_normal_resolution=&#8221;1024&#8243; screen_tablet_resolution=&#8221;800&#8243; screen_mobile_resolution=&#8221;480&#8243;][vc_column_text]Formulated with\u00a0<strong>SWOP technology<\/strong>&#x2122; has the distinction of being manufactured as\u00a0<strong>oil emulsion in water<\/strong>\u00a0(O \/ W) that becomes\u00a0<strong>water in oil<\/strong>\u00a0(W \/ O) during the application, combining the advantages of application of the O \/ W emulsions with the skin care benefits of the W \/ O emulsions.<\/p>\n<p>However, a high efficiency is insufficient if the users do not apply the product correctly or do not apply it at all. For this reason, the formulation has been developed taking into account the sensory preferences of consumers &#8211; good skin feel after application, pleasant smell &#8211; combined with a\u00a0<strong>maximum security<\/strong>\u00a0-filters with a large molecule size that do not cross the stratum corneum, incorporation of non-allergic perfume- in order to increase\u00a0<strong>acceptance and reduce the risk of non-adherence\u00a0<\/strong>and improper use.[\/vc_column_text][dfd_spacer screen_wide_spacer_size=&#8221;40&#8243; screen_normal_resolution=&#8221;1024&#8243; screen_tablet_resolution=&#8221;800&#8243; screen_mobile_resolution=&#8221;480&#8243;][\/vc_column][\/vc_row][vc_row dfd_row_config=&#8221;full_width_content&#8221; force_equal_height_columns=&#8221;main_row&#8221; css=&#8221;.vc_custom_1559040563998{background-color: #ededed !important;}&#8221;][vc_column width=&#8221;1\/2&#8243; css=&#8221;.vc_custom_1559758703051{margin-top: 0px !important;margin-right: 0px !important;margin-bottom: 0px !important;margin-left: 0px !important;padding-top: 0px !important;padding-right: 0px !important;padding-bottom: 0px !important;padding-left: 0px !important;}&#8221; col_shadow=&#8221;box_shadow_enable:disable|shadow_horizontal:0|shadow_vertical:15|shadow_blur:50|shadow_spread:0|box_shadow_color:rgba(0%2C0%2C0%2C0.35)&#8221; col_shadow_hover=&#8221;box_shadow_enable:disable|shadow_horizontal:0|shadow_vertical:15|shadow_blur:50|shadow_spread:0|box_shadow_color:rgba(0%2C0%2C0%2C0.35)&#8221;][dfd_single_image image=&#8221;2755&#8243;][\/vc_column][vc_column width=&#8221;1\/2&#8243; dfd_column_responsive_enable=&#8221;dfd-column-responsive-enable&#8221; css=&#8221;.vc_custom_1559039628159{padding-right: 80px !important;padding-left: 80px !important;}&#8221; col_shadow=&#8221;box_shadow_enable:disable|shadow_horizontal:0|shadow_vertical:15|shadow_blur:50|shadow_spread:0|box_shadow_color:rgba(0%2C0%2C0%2C0.35)&#8221; col_shadow_hover=&#8221;box_shadow_enable:disable|shadow_horizontal:0|shadow_vertical:15|shadow_blur:50|shadow_spread:0|box_shadow_color:rgba(0%2C0%2C0%2C0.35)&#8221; responsive_styles=&#8221;padding_left_desktop:80|padding_right_desktop:80|padding_left_tablet:20|padding_right_tablet:20|padding_left_mobile:20|padding_right_mobile:20&#8243;][dfd_spacer screen_wide_spacer_size=&#8221;40&#8243; screen_normal_resolution=&#8221;1024&#8243; screen_tablet_resolution=&#8221;800&#8243; screen_mobile_resolution=&#8221;480&#8243;][dfd_heading subtitle=&#8221;&#8221; delimiter_settings=&#8221;delimiter_style:solid|delimiter_width:80|delimiter_height:3&#8243; undefined=&#8221;&#8221; title_font_options=&#8221;tag:h2&#8243; subtitle_font_options=&#8221;tag:div&#8221;]Technology and efficacy + users preference + context knowledge = BEYOND sun cream[\/dfd_heading][dfd_spacer screen_wide_spacer_size=&#8221;20&#8243; screen_normal_resolution=&#8221;1024&#8243; screen_tablet_resolution=&#8221;800&#8243; screen_mobile_resolution=&#8221;480&#8243;][vc_column_text]The sunscreen adopts different names depending on the country where it is produced and distributed: <strong>Kilimanjaro Suncare (KILISUN)<\/strong>\u00a0in Tanzania,\u00a0<strong>UMOZI MAX<\/strong>\u00a0in Malawi. The product is packaged in the\u00a0<strong>local language\u00a0<\/strong>for better understanding of the user.<\/p>\n<p><strong>Efficacy and safety comparative <\/strong>\u00a0between our UMOZI MAX against the current sunscreens distributed in Malawi hospitals, tested much <strong>superior results<\/strong>\u00a0for UMOZI MAX.<\/p>\n<p>Final objective is the <strong>local production on the field.<\/strong>\u00a0For this reason, from the beginning we seek to create a product of\u00a0<strong>quality<\/strong>\u00a0 and <strong>easy production process<\/strong>, without complicated manufacturing methods that could put at risk the<strong>\u00a0sustainability<\/strong> and the scalability of the idea.\u00a0 In the production units,\u00a0 where local personnel works,\u00a0 priority is given to <strong>hiring people with albinism<\/strong>.[\/vc_column_text][dfd_spacer screen_wide_spacer_size=&#8221;40&#8243; screen_normal_resolution=&#8221;1024&#8243; screen_tablet_resolution=&#8221;800&#8243; screen_mobile_resolution=&#8221;480&#8243;][\/vc_column][\/vc_row][vc_row][vc_column][rev_slider_vc alias=&#8221;made-in-africa-footer-english&#8221;][\/vc_column][\/vc_row]<\/p>\n","protected":false},"excerpt":{"rendered":"<p>[vc_row dfd_row_config=&#8221;full_width_content&#8221; css=&#8221;.vc_custom_1558606081725{background-color: #f0d65a !important;}&#8221;][vc_column][rev_slider_vc alias=&#8221;made-in-africa-english&#8221;][\/vc_column][\/vc_row][vc_row css=&#8221;.vc_custom_1558627907073{background-color: #f0d65a !important;}&#8221;][vc_column css=&#8221;.vc_custom_1559758774275{padding-right: 20px !important;padding-left: 20px !important;}&#8221; col_shadow=&#8221;box_shadow_enable:disable|shadow_horizontal:0|shadow_vertical:15|shadow_blur:50|shadow_spread:0|box_shadow_color:rgba(0%2C0%2C0%2C0.35)&#8221; col_shadow_hover=&#8221;box_shadow_enable:disable|shadow_horizontal:0|shadow_vertical:15|shadow_blur:50|shadow_spread:0|box_shadow_color:rgba(0%2C0%2C0%2C0.35)&#8221;][dfd_spacer screen_wide_spacer_size=&#8221;40&#8243; screen_normal_resolution=&#8221;1024&#8243; screen_tablet_resolution=&#8221;800&#8243; screen_mobile_resolution=&#8221;480&#8243;][vc_column_text] The deep knowledge of the skin and the reality of<\/p>\n","protected":false},"author":3,"featured_media":0,"parent":0,"menu_order":0,"comment_status":"closed","ping_status":"closed","template":"tmp-page.php","meta":{"give_campaign_id":0,"footnotes":""},"class_list":["post-3955","page","type-page","status-publish","hentry"],"yoast_head":"<title>Sunscreen made in Africa for people with albinism<\/title>\n<meta name=\"description\" content=\"We manufacture the first photoprotector especially designed for the prevention of skin cancer of people with albinism in Africa\" \/>\n<meta name=\"robots\" content=\"index, follow, max-snippet:-1, max-image-preview:large, max-video-preview:-1\" \/>\n<link rel=\"canonical\" href=\"https:\/\/beyondsuncare.org\/en\/sunscreen-made-in-africa\/\" \/>\n<meta property=\"og:locale\" content=\"en_US\" \/>\n<meta property=\"og:type\" content=\"article\" \/>\n<meta property=\"og:title\" content=\"Sunscreen made in Africa for people with albinism\" \/>\n<meta property=\"og:description\" content=\"We manufacture the first photoprotector especially designed for the prevention of skin cancer of people with albinism in Africa\" \/>\n<meta property=\"og:url\" content=\"https:\/\/beyondsuncare.org\/en\/sunscreen-made-in-africa\/\" \/>\n<meta property=\"og:site_name\" content=\"Beyond suncare\" \/>\n<meta property=\"article:publisher\" content=\"https:\/\/www.facebook.com\/beyondsuncare\" \/>\n<meta property=\"article:modified_time\" content=\"2019-07-08T12:54:37+00:00\" \/>\n<meta name=\"twitter:card\" content=\"summary_large_image\" \/>\n<meta name=\"twitter:site\" content=\"@beyondsuncare\" \/>\n<meta name=\"twitter:label1\" content=\"Est. reading time\" \/>\n\t<meta name=\"twitter:data1\" content=\"7 minutes\" \/>\n<script type=\"application\/ld+json\" class=\"yoast-schema-graph\">{\"@context\":\"https:\/\/schema.org\",\"@graph\":[{\"@type\":\"WebPage\",\"@id\":\"https:\/\/beyondsuncare.org\/en\/sunscreen-made-in-africa\/\",\"url\":\"https:\/\/beyondsuncare.org\/en\/sunscreen-made-in-africa\/\",\"name\":\"Sunscreen made in Africa for people with albinism\",\"isPartOf\":{\"@id\":\"https:\/\/beyondsuncare.org\/en\/#website\"},\"datePublished\":\"2019-05-28T10:29:40+00:00\",\"dateModified\":\"2019-07-08T12:54:37+00:00\",\"description\":\"We manufacture the first photoprotector especially designed for the prevention of skin cancer of people with albinism in Africa\",\"breadcrumb\":{\"@id\":\"https:\/\/beyondsuncare.org\/en\/sunscreen-made-in-africa\/#breadcrumb\"},\"inLanguage\":\"en-US\",\"potentialAction\":[{\"@type\":\"ReadAction\",\"target\":[\"https:\/\/beyondsuncare.org\/en\/sunscreen-made-in-africa\/\"]}]},{\"@type\":\"BreadcrumbList\",\"@id\":\"https:\/\/beyondsuncare.org\/en\/sunscreen-made-in-africa\/#breadcrumb\",\"itemListElement\":[{\"@type\":\"ListItem\",\"position\":1,\"name\":\"Portada\",\"item\":\"https:\/\/beyondsuncare.org\/en\/\"},{\"@type\":\"ListItem\",\"position\":2,\"name\":\"Sunscreen made in Africa\"}]},{\"@type\":\"WebSite\",\"@id\":\"https:\/\/beyondsuncare.org\/en\/#website\",\"url\":\"https:\/\/beyondsuncare.org\/en\/\",\"name\":\"Beyond suncare\",\"description\":\"Desde hace m\u00e1s de 10 a\u00f1os trabajamos cada d\u00eda para asegurar que todas las personas con albinismo vivan protegidas frente al c\u00e1ncer de piel y todo tipo de discriminaci\u00f3n\",\"publisher\":{\"@id\":\"https:\/\/beyondsuncare.org\/en\/#organization\"},\"potentialAction\":[{\"@type\":\"SearchAction\",\"target\":{\"@type\":\"EntryPoint\",\"urlTemplate\":\"https:\/\/beyondsuncare.org\/en\/?s={search_term_string}\"},\"query-input\":{\"@type\":\"PropertyValueSpecification\",\"valueRequired\":true,\"valueName\":\"search_term_string\"}}],\"inLanguage\":\"en-US\"},{\"@type\":\"Organization\",\"@id\":\"https:\/\/beyondsuncare.org\/en\/#organization\",\"name\":\"Beyond Suncare\",\"url\":\"https:\/\/beyondsuncare.org\/en\/\",\"logo\":{\"@type\":\"ImageObject\",\"inLanguage\":\"en-US\",\"@id\":\"https:\/\/beyondsuncare.org\/en\/#\/schema\/logo\/image\/\",\"url\":\"https:\/\/beyondsuncare.org\/wp-content\/uploads\/2019\/04\/beyond-suncare-fondo-transparente.png\",\"contentUrl\":\"https:\/\/beyondsuncare.org\/wp-content\/uploads\/2019\/04\/beyond-suncare-fondo-transparente.png\",\"width\":218,\"height\":80,\"caption\":\"Beyond Suncare\"},\"image\":{\"@id\":\"https:\/\/beyondsuncare.org\/en\/#\/schema\/logo\/image\/\"},\"sameAs\":[\"https:\/\/www.facebook.com\/beyondsuncare\",\"https:\/\/x.com\/beyondsuncare\",\"https:\/\/www.instagram.com\/beyond_suncare\/\",\"https:\/\/www.linkedin.com\/company\/beyond-suncare\/\"]}]}<\/script>","yoast_head_json":{"title":"Sunscreen made in Africa for people with albinism","description":"We manufacture the first photoprotector especially designed for the prevention of skin cancer of people with albinism in Africa","robots":{"index":"index","follow":"follow","max-snippet":"max-snippet:-1","max-image-preview":"max-image-preview:large","max-video-preview":"max-video-preview:-1"},"canonical":"https:\/\/beyondsuncare.org\/en\/sunscreen-made-in-africa\/","og_locale":"en_US","og_type":"article","og_title":"Sunscreen made in Africa for people with albinism","og_description":"We manufacture the first photoprotector especially designed for the prevention of skin cancer of people with albinism in Africa","og_url":"https:\/\/beyondsuncare.org\/en\/sunscreen-made-in-africa\/","og_site_name":"Beyond suncare","article_publisher":"https:\/\/www.facebook.com\/beyondsuncare","article_modified_time":"2019-07-08T12:54:37+00:00","twitter_card":"summary_large_image","twitter_site":"@beyondsuncare","twitter_misc":{"Est. reading time":"7 minutes"},"schema":{"@context":"https:\/\/schema.org","@graph":[{"@type":"WebPage","@id":"https:\/\/beyondsuncare.org\/en\/sunscreen-made-in-africa\/","url":"https:\/\/beyondsuncare.org\/en\/sunscreen-made-in-africa\/","name":"Sunscreen made in Africa for people with albinism","isPartOf":{"@id":"https:\/\/beyondsuncare.org\/en\/#website"},"datePublished":"2019-05-28T10:29:40+00:00","dateModified":"2019-07-08T12:54:37+00:00","description":"We manufacture the first photoprotector especially designed for the prevention of skin cancer of people with albinism in Africa","breadcrumb":{"@id":"https:\/\/beyondsuncare.org\/en\/sunscreen-made-in-africa\/#breadcrumb"},"inLanguage":"en-US","potentialAction":[{"@type":"ReadAction","target":["https:\/\/beyondsuncare.org\/en\/sunscreen-made-in-africa\/"]}]},{"@type":"BreadcrumbList","@id":"https:\/\/beyondsuncare.org\/en\/sunscreen-made-in-africa\/#breadcrumb","itemListElement":[{"@type":"ListItem","position":1,"name":"Portada","item":"https:\/\/beyondsuncare.org\/en\/"},{"@type":"ListItem","position":2,"name":"Sunscreen made in Africa"}]},{"@type":"WebSite","@id":"https:\/\/beyondsuncare.org\/en\/#website","url":"https:\/\/beyondsuncare.org\/en\/","name":"Beyond suncare","description":"Desde hace m\u00e1s de 10 a\u00f1os trabajamos cada d\u00eda para asegurar que todas las personas con albinismo vivan protegidas frente al c\u00e1ncer de piel y todo tipo de discriminaci\u00f3n","publisher":{"@id":"https:\/\/beyondsuncare.org\/en\/#organization"},"potentialAction":[{"@type":"SearchAction","target":{"@type":"EntryPoint","urlTemplate":"https:\/\/beyondsuncare.org\/en\/?s={search_term_string}"},"query-input":{"@type":"PropertyValueSpecification","valueRequired":true,"valueName":"search_term_string"}}],"inLanguage":"en-US"},{"@type":"Organization","@id":"https:\/\/beyondsuncare.org\/en\/#organization","name":"Beyond Suncare","url":"https:\/\/beyondsuncare.org\/en\/","logo":{"@type":"ImageObject","inLanguage":"en-US","@id":"https:\/\/beyondsuncare.org\/en\/#\/schema\/logo\/image\/","url":"https:\/\/beyondsuncare.org\/wp-content\/uploads\/2019\/04\/beyond-suncare-fondo-transparente.png","contentUrl":"https:\/\/beyondsuncare.org\/wp-content\/uploads\/2019\/04\/beyond-suncare-fondo-transparente.png","width":218,"height":80,"caption":"Beyond Suncare"},"image":{"@id":"https:\/\/beyondsuncare.org\/en\/#\/schema\/logo\/image\/"},"sameAs":["https:\/\/www.facebook.com\/beyondsuncare","https:\/\/x.com\/beyondsuncare","https:\/\/www.instagram.com\/beyond_suncare\/","https:\/\/www.linkedin.com\/company\/beyond-suncare\/"]}]}},"campaignId":"","_links":{"self":[{"href":"https:\/\/beyondsuncare.org\/en\/wp-json\/wp\/v2\/pages\/3955","targetHints":{"allow":["GET"]}}],"collection":[{"href":"https:\/\/beyondsuncare.org\/en\/wp-json\/wp\/v2\/pages"}],"about":[{"href":"https:\/\/beyondsuncare.org\/en\/wp-json\/wp\/v2\/types\/page"}],"author":[{"embeddable":true,"href":"https:\/\/beyondsuncare.org\/en\/wp-json\/wp\/v2\/users\/3"}],"replies":[{"embeddable":true,"href":"https:\/\/beyondsuncare.org\/en\/wp-json\/wp\/v2\/comments?post=3955"}],"version-history":[{"count":6,"href":"https:\/\/beyondsuncare.org\/en\/wp-json\/wp\/v2\/pages\/3955\/revisions"}],"predecessor-version":[{"id":4158,"href":"https:\/\/beyondsuncare.org\/en\/wp-json\/wp\/v2\/pages\/3955\/revisions\/4158"}],"wp:attachment":[{"href":"https:\/\/beyondsuncare.org\/en\/wp-json\/wp\/v2\/media?parent=3955"}],"curies":[{"name":"wp","href":"https:\/\/api.w.org\/{rel}","templated":true}]}}