{"id":3950,"date":"2019-07-02T09:24:54","date_gmt":"2019-07-02T09:24:54","guid":{"rendered":"https:\/\/beyondsuncare.org\/?page_id=3950"},"modified":"2026-03-11T10:12:37","modified_gmt":"2026-03-11T10:12:37","slug":"our-team","status":"publish","type":"page","link":"https:\/\/beyondsuncare.org\/en\/our-team\/","title":{"rendered":"Team"},"content":{"rendered":"<p>[vc_row][vc_column][dfd_spacer screen_wide_spacer_size=&#8221;40&#8243; screen_normal_resolution=&#8221;1024&#8243; screen_tablet_resolution=&#8221;800&#8243; screen_mobile_resolution=&#8221;480&#8243;][dfd_heading subtitle=&#8221;&#8221; delimiter_settings=&#8221;delimiter_style:solid|delimiter_width:80|delimiter_height:3&#8243; undefined=&#8221;&#8221; title_font_options=&#8221;tag:h2&#8243; subtitle_font_options=&#8221;tag:div&#8221;]OUR ADVISORY BOARD[\/dfd_heading][dfd_spacer screen_wide_spacer_size=&#8221;40&#8243; screen_normal_resolution=&#8221;1024&#8243; screen_tablet_resolution=&#8221;800&#8243; screen_mobile_resolution=&#8221;480&#8243;][\/vc_column][\/vc_row][vc_row][vc_column width=&#8221;1\/4&#8243; css=&#8221;.vc_custom_1558346448029{padding-right: 40px !important;padding-left: 40px !important;}&#8221; col_shadow=&#8221;box_shadow_enable:disable|shadow_horizontal:0|shadow_vertical:15|shadow_blur:50|shadow_spread:0|box_shadow_color:rgba(0%2C0%2C0%2C0.35)&#8221; col_shadow_hover=&#8221;box_shadow_enable:disable|shadow_horizontal:0|shadow_vertical:15|shadow_blur:50|shadow_spread:0|box_shadow_color:rgba(0%2C0%2C0%2C0.35)&#8221;][dfd_info_banner img_width=&#8221;200&#8243; img_height=&#8221;200&#8243; title=&#8221;CLAIRE FULLER (United Kingdom)&#8221; subtitle=&#8221;Chair of the International Foundation for Dermatology&#8221; banner_content=&#8221;&#8221; image=&#8221;2535&#8243; title_font_options=&#8221;tag:h2&#8243; subtitle_font_options=&#8221;tag:div|font_size:18|color:%23777777|line_height:24|font_style_italic:1&#8243; font_options=&#8221;tag:div&#8221; thumb_radius=&#8221;200&#8243;][dfd_spacer screen_wide_spacer_size=&#8221;40&#8243; screen_normal_resolution=&#8221;1024&#8243; screen_tablet_resolution=&#8221;800&#8243; screen_mobile_resolution=&#8221;480&#8243;][\/vc_column][vc_column width=&#8221;1\/4&#8243; css=&#8221;.vc_custom_1558346458627{padding-right: 40px !important;padding-left: 40px !important;}&#8221; col_shadow=&#8221;box_shadow_enable:disable|shadow_horizontal:0|shadow_vertical:15|shadow_blur:50|shadow_spread:0|box_shadow_color:rgba(0%2C0%2C0%2C0.35)&#8221; col_shadow_hover=&#8221;box_shadow_enable:disable|shadow_horizontal:0|shadow_vertical:15|shadow_blur:50|shadow_spread:0|box_shadow_color:rgba(0%2C0%2C0%2C0.35)&#8221;][dfd_info_banner img_width=&#8221;200&#8243; img_height=&#8221;200&#8243; title=&#8221;IKPONWOSA ERO (Nigeria)&#8221; subtitle=&#8221;Former United Nations Independent Expert on Albinism&#8221; banner_content=&#8221;&#8221; image=&#8221;2539&#8243; title_font_options=&#8221;tag:h2&#8243; subtitle_font_options=&#8221;tag:div|font_size:18|color:%23777777|line_height:24|font_style_italic:1&#8243; font_options=&#8221;tag:div&#8221; thumb_radius=&#8221;200&#8243;][dfd_spacer screen_wide_spacer_size=&#8221;40&#8243; screen_normal_resolution=&#8221;1024&#8243; screen_tablet_resolution=&#8221;800&#8243; screen_mobile_resolution=&#8221;480&#8243;][\/vc_column][vc_column width=&#8221;1\/4&#8243;][dfd_info_banner img_width=&#8221;200&#8243; img_height=&#8221;200&#8243; title=&#8221;JOSE M\u00aa M\u00c1RQUEZ (Spain)&#8221; subtitle=&#8221;Director Africa Directo&#8221; banner_content=&#8221;&#8221; image=&#8221;3288&#8243; title_font_options=&#8221;tag:h2&#8243; subtitle_font_options=&#8221;tag:div|font_size:18|color:%23777777|line_height:24|font_style_italic:1&#8243; font_options=&#8221;tag:div&#8221; thumb_radius=&#8221;200&#8243;][dfd_spacer screen_wide_spacer_size=&#8221;40&#8243; screen_normal_resolution=&#8221;1024&#8243; screen_tablet_resolution=&#8221;800&#8243; screen_mobile_resolution=&#8221;480&#8243;][\/vc_column][vc_column width=&#8221;1\/4&#8243;][dfd_info_banner img_width=&#8221;200&#8243; img_height=&#8221;200&#8243; title=&#8221;ULI OSTERWALDER (Switzerland)&#8221; subtitle=&#8221;Senior Scientific Advisor in Photoprotection, former DSM and BASF&#8221; banner_content=&#8221;&#8221; image=&#8221;4065&#8243; title_font_options=&#8221;tag:h2&#8243; subtitle_font_options=&#8221;tag:div|font_size:18|color:%23777777|line_height:24|font_style_italic:1&#8243; font_options=&#8221;tag:div&#8221; thumb_radius=&#8221;200&#8243;][dfd_spacer screen_wide_spacer_size=&#8221;40&#8243; screen_normal_resolution=&#8221;1024&#8243; screen_tablet_resolution=&#8221;800&#8243; screen_mobile_resolution=&#8221;480&#8243;][\/vc_column][\/vc_row][vc_row][vc_column width=&#8221;1\/6&#8243; css=&#8221;.vc_custom_1558346448029{padding-right: 40px !important;padding-left: 40px !important;}&#8221; col_shadow=&#8221;box_shadow_enable:disable|shadow_horizontal:0|shadow_vertical:15|shadow_blur:50|shadow_spread:0|box_shadow_color:rgba(0%2C0%2C0%2C0.35)&#8221; col_shadow_hover=&#8221;box_shadow_enable:disable|shadow_horizontal:0|shadow_vertical:15|shadow_blur:50|shadow_spread:0|box_shadow_color:rgba(0%2C0%2C0%2C0.35)&#8221;][\/vc_column][vc_column width=&#8221;1\/4&#8243; css=&#8221;.vc_custom_1558346458627{padding-right: 40px !important;padding-left: 40px !important;}&#8221; col_shadow=&#8221;box_shadow_enable:disable|shadow_horizontal:0|shadow_vertical:15|shadow_blur:50|shadow_spread:0|box_shadow_color:rgba(0%2C0%2C0%2C0.35)&#8221; col_shadow_hover=&#8221;box_shadow_enable:disable|shadow_horizontal:0|shadow_vertical:15|shadow_blur:50|shadow_spread:0|box_shadow_color:rgba(0%2C0%2C0%2C0.35)&#8221;][dfd_info_banner img_width=&#8221;200&#8243; img_height=&#8221;200&#8243; title=&#8221;YOLANDA GILABERTE (Spain)&#8221; subtitle=&#8221;Researcher and Dermatologist, President of the Spanish Academy of Dermatology&#8221; banner_content=&#8221;&#8221; image=&#8221;2547&#8243; title_font_options=&#8221;tag:h2&#8243; subtitle_font_options=&#8221;tag:div|font_size:18|color:%23777777|line_height:24|font_style_italic:1&#8243; font_options=&#8221;tag:div&#8221; thumb_radius=&#8221;200&#8243;][dfd_spacer screen_wide_spacer_size=&#8221;40&#8243; screen_normal_resolution=&#8221;1024&#8243; screen_tablet_resolution=&#8221;800&#8243; screen_mobile_resolution=&#8221;480&#8243;][\/vc_column][vc_column width=&#8221;1\/4&#8243;][dfd_info_banner img_width=&#8221;200&#8243; img_height=&#8221;200&#8243; title=&#8221;PETER ASH (Canada)&#8221; subtitle=&#8221;CEO and Founder of Under the Same Sun&#8221; banner_content=&#8221;&#8221; image=&#8221;2543&#8243; title_font_options=&#8221;tag:h2&#8243; subtitle_font_options=&#8221;tag:div|font_size:18|color:%23777777|line_height:24|font_style_italic:1&#8243; font_options=&#8221;tag:div&#8221; thumb_radius=&#8221;200&#8243;][dfd_spacer screen_wide_spacer_size=&#8221;40&#8243; screen_normal_resolution=&#8221;1024&#8243; screen_tablet_resolution=&#8221;800&#8243; screen_mobile_resolution=&#8221;480&#8243;][\/vc_column][vc_column width=&#8221;1\/4&#8243;][dfd_info_banner img_width=&#8221;200&#8243; img_height=&#8221;200&#8243; title=&#8221;GIACOMO PROLI (Italy)&#8221; subtitle=&#8221;Marketing and Communication, former Director of Marketing and Retail at L&#8217;Or\u00e9al&#8221; banner_content=&#8221;&#8221; image=&#8221;2955&#8243; title_font_options=&#8221;tag:h2&#8243; subtitle_font_options=&#8221;tag:div|font_size:18|color:%23777777|line_height:24|font_style_italic:1&#8243; font_options=&#8221;tag:div&#8221; thumb_radius=&#8221;200&#8243;][dfd_spacer screen_wide_spacer_size=&#8221;40&#8243; screen_normal_resolution=&#8221;1024&#8243; screen_tablet_resolution=&#8221;800&#8243; screen_mobile_resolution=&#8221;480&#8243;][\/vc_column][\/vc_row][vc_row css=&#8221;.vc_custom_1559237025037{background-color: #ededed !important;}&#8221;][vc_column][dfd_spacer screen_wide_spacer_size=&#8221;40&#8243; screen_normal_resolution=&#8221;1024&#8243; screen_tablet_resolution=&#8221;800&#8243; screen_mobile_resolution=&#8221;480&#8243;][dfd_heading subtitle=&#8221;&#8221; delimiter_settings=&#8221;delimiter_style:solid|delimiter_width:80|delimiter_height:3&#8243; undefined=&#8221;&#8221; title_font_options=&#8221;tag:h2&#8243; subtitle_font_options=&#8221;tag:div&#8221;]OUR TEAM[\/dfd_heading][dfd_spacer screen_wide_spacer_size=&#8221;40&#8243; screen_normal_resolution=&#8221;1024&#8243; screen_tablet_resolution=&#8221;800&#8243; screen_mobile_resolution=&#8221;480&#8243;][\/vc_column][\/vc_row][vc_row css=&#8221;.vc_custom_1559237033533{background-color: #ededed !important;}&#8221;][vc_column width=&#8221;1\/2&#8243; css=&#8221;.vc_custom_1558346448029{padding-right: 40px !important;padding-left: 40px !important;}&#8221; col_shadow=&#8221;box_shadow_enable:disable|shadow_horizontal:0|shadow_vertical:15|shadow_blur:50|shadow_spread:0|box_shadow_color:rgba(0%2C0%2C0%2C0.35)&#8221; col_shadow_hover=&#8221;box_shadow_enable:disable|shadow_horizontal:0|shadow_vertical:15|shadow_blur:50|shadow_spread:0|box_shadow_color:rgba(0%2C0%2C0%2C0.35)&#8221;][dfd_info_banner img_width=&#8221;300&#8243; img_height=&#8221;300&#8243; title=&#8221;MAFALDA SOTO&#8221; subtitle=&#8221;Director&#8221; banner_content=&#8221;Mafalda has a pharmaceutical background specialized in <strong>International Health<\/strong>. In 2008 she threw her backpack on and became a volunteer. What would initially be a nine stage months became nine years of work pioneering <strong> socio-sanitary projects to support vulnerable groups in sub-Saharan Africa<\/strong>. Since 2010, she has been obsessed with improving the lives of people with albinism in Africa.<\/p>\n<p>In 2016 she returned to Europe and co-founded Beyond Suncare. Mafalda is a <em>&#8220;United Nations Champion on Albinism&#8220;<\/em> and the model she developed for the protection of People with Albinism was chosen as <strong>Best Practice by the United Nations in 2016<\/strong>.&#8221; image=&#8221;2559&#8243; title_font_options=&#8221;tag:h2&#8243; subtitle_font_options=&#8221;tag:div|font_size:18|color:%23777777|line_height:24|font_style_italic:1&#8243; font_options=&#8221;tag:div&#8221; thumb_radius=&#8221;200&#8243;][dfd_spacer screen_wide_spacer_size=&#8221;40&#8243; screen_normal_resolution=&#8221;1024&#8243; screen_tablet_resolution=&#8221;800&#8243; screen_mobile_resolution=&#8221;480&#8243;][\/vc_column][vc_column width=&#8221;1\/2&#8243; css=&#8221;.vc_custom_1558346458627{padding-right: 40px !important;padding-left: 40px !important;}&#8221; col_shadow=&#8221;box_shadow_enable:disable|shadow_horizontal:0|shadow_vertical:15|shadow_blur:50|shadow_spread:0|box_shadow_color:rgba(0%2C0%2C0%2C0.35)&#8221; col_shadow_hover=&#8221;box_shadow_enable:disable|shadow_horizontal:0|shadow_vertical:15|shadow_blur:50|shadow_spread:0|box_shadow_color:rgba(0%2C0%2C0%2C0.35)&#8221;][dfd_info_banner img_width=&#8221;300&#8243; img_height=&#8221;300&#8243; title=&#8221;LOREA BAGAZGOITIA&#8221; subtitle=&#8221;Medical Director&#8221; banner_content=&#8221;Lorea is a <strong>dermatologist<\/strong>. Since 2008 she has participated in workshops <strong>training African doctors on how to treat skin cancer in people with albinism<\/strong>. With one or two annual surgical-training trips to Tanzania in the last ten years, she lived closely and witnessed the birth of the first sunscreen made specifically for people with albinism produced in Africa.<\/p>\n<p>Since 2017 she has moved from <strong>cancer treatment to its prevention<\/strong>, embarking enthusiastically on the Beyond Suncare project.&#8221; image=&#8221;3265&#8243; title_font_options=&#8221;tag:h2&#8243; subtitle_font_options=&#8221;tag:div|font_size:18|color:%23777777|line_height:24|font_style_italic:1&#8243; font_options=&#8221;tag:div&#8221; thumb_radius=&#8221;200&#8243;][dfd_spacer screen_wide_spacer_size=&#8221;40&#8243; screen_normal_resolution=&#8221;1024&#8243; screen_tablet_resolution=&#8221;800&#8243; screen_mobile_resolution=&#8221;480&#8243;][\/vc_column][\/vc_row][vc_row css=&#8221;.vc_custom_1559237039957{background-color: #ededed !important;}&#8221;][vc_column width=&#8221;1\/3&#8243; css=&#8221;.vc_custom_1558346448029{padding-right: 40px !important;padding-left: 40px !important;}&#8221; col_shadow=&#8221;box_shadow_enable:disable|shadow_horizontal:0|shadow_vertical:15|shadow_blur:50|shadow_spread:0|box_shadow_color:rgba(0%2C0%2C0%2C0.35)&#8221; col_shadow_hover=&#8221;box_shadow_enable:disable|shadow_horizontal:0|shadow_vertical:15|shadow_blur:50|shadow_spread:0|box_shadow_color:rgba(0%2C0%2C0%2C0.35)&#8221;][dfd_info_banner img_width=&#8221;300&#8243; img_height=&#8221;300&#8243; title=&#8221;BLANCA FERN\u00c1NDEZ&#8221; subtitle=&#8221;Institutional relations and fundraising manager&#8221; banner_content=&#8221;Trained as an <strong>architect<\/strong>, from the beginning Blanca has always been interested in promoting projects that improve the living conditions of vulnerable groups. With a multidisciplinary profile specialising in the <strong>management and fundraising of high social impact projects<\/strong>, in 2020 she took a master&#8217;s degree in international cooperation that led her to collaborate with different causes in the fields of <strong>human rights and social transformation<\/strong>.<\/p>\n<p>In 2023 he discovered Beyond Suncare&#8217;s mission and decided to move to <strong>Malawi<\/strong> to supervise the organisation&#8217;s programme on the ground. Back in Spain, committed to the focus, value and necessity of Beyond&#8217;s work in Africa, she currently acts as the organisation&#8217;s <strong>Institutional Partnerships and Fundraising Manager<\/strong>.&#8221; image=&#8221;7396&#8243; title_font_options=&#8221;tag:h2&#8243; subtitle_font_options=&#8221;tag:div|font_size:18|color:%23777777|line_height:24|font_style_italic:1&#8243; font_options=&#8221;tag:div&#8221; thumb_radius=&#8221;200&#8243;][dfd_spacer screen_wide_spacer_size=&#8221;40&#8243; screen_normal_resolution=&#8221;1024&#8243; screen_tablet_resolution=&#8221;800&#8243; screen_mobile_resolution=&#8221;480&#8243;][\/vc_column][vc_column width=&#8221;1\/3&#8243;][dfd_info_banner img_width=&#8221;300&#8243; img_height=&#8221;300&#8243; title=&#8221;ALICE BANDA MBOZI&#8221; subtitle=&#8221;Director of Beyond Suncare Malawi&#8221; banner_content=&#8221;A public health professional with experience in leadership in HIV care, laboratory systems strengthening, and digital health transformation. She began her career as a diagnostic assistant before moving into leadership roles in programme management and operations, coordinating regional and national sample transport systems.<\/p>\n<p>Prior to joining Beyond Suncare at the beginning of 2025, she led key efforts in health logistics and stakeholder engagement to support HIV diagnosis and service delivery across Malawi.<\/p>\n<p>Alice holds a Bachelor\u2019s degree in Social Sciences and continues to advance her public health studies at the Kamuzu University of Health Sciences.&#8221; image=&#8221;8762&#8243; thumb_radius=&#8221;200&#8243; title_font_options=&#8221;tag:h2&#8243; subtitle_font_options=&#8221;tag:div|font_size:18|color:%23777777|line_height:24|font_style_italic:1&#8243; font_options=&#8221;tag:div&#8221; tutorials=&#8221;&#8221;][dfd_spacer screen_wide_spacer_size=&#8221;40&#8243; screen_normal_resolution=&#8221;1024&#8243; screen_tablet_resolution=&#8221;800&#8243; screen_mobile_resolution=&#8221;480&#8243;][\/vc_column][vc_column width=&#8221;1\/3&#8243;][dfd_info_banner img_width=&#8221;300&#8243; img_height=&#8221;300&#8243; title=&#8221;EZELINA QINISA MOJO&#8221; subtitle=&#8221;Project Manager&#8221; banner_content=&#8221;Ezelina is committed to creating meaningful change for marginalised populations. Holding a degree in Humanities and with experience in Education, Health, and Food Programme initiatives, she brings valuable expertise to Beyond Suncare. Her goal is to improve the quality of life of vulnerable communities by promoting equity and access to essential resources.<\/p>\n<p>As an advocate for social justice, Ezelina works to empower communities and foster a supportive environment, aligning with Beyond Suncare\u2019s vision for impact in Malawi. Her passion and ability to build partnerships are key to driving lasting change in the region.&#8221; image=&#8221;8893&#8243; title_font_options=&#8221;tag:h2&#8243; subtitle_font_options=&#8221;tag:div|font_size:18|color:%23777777|line_height:24|font_style_italic:1&#8243; font_options=&#8221;tag:div&#8221; thumb_radius=&#8221;200&#8243; tutorials=&#8221;&#8221;][dfd_spacer screen_wide_spacer_size=&#8221;40&#8243; screen_normal_resolution=&#8221;1024&#8243; screen_tablet_resolution=&#8221;800&#8243; screen_mobile_resolution=&#8221;480&#8243;][\/vc_column][\/vc_row]<\/p>\n","protected":false},"excerpt":{"rendered":"<p>[vc_row][vc_column][dfd_spacer screen_wide_spacer_size=&#8221;40&#8243; screen_normal_resolution=&#8221;1024&#8243; screen_tablet_resolution=&#8221;800&#8243; screen_mobile_resolution=&#8221;480&#8243;][dfd_heading subtitle=&#8221;&#8221; delimiter_settings=&#8221;delimiter_style:solid|delimiter_width:80|delimiter_height:3&#8243; undefined=&#8221;&#8221; title_font_options=&#8221;tag:h2&#8243; subtitle_font_options=&#8221;tag:div&#8221;]OUR ADVISORY BOARD[\/dfd_heading][dfd_spacer screen_wide_spacer_size=&#8221;40&#8243; screen_normal_resolution=&#8221;1024&#8243; screen_tablet_resolution=&#8221;800&#8243; screen_mobile_resolution=&#8221;480&#8243;][\/vc_column][\/vc_row][vc_row][vc_column width=&#8221;1\/4&#8243; css=&#8221;.vc_custom_1558346448029{padding-right: 40px !important;padding-left: 40px !important;}&#8221; col_shadow=&#8221;box_shadow_enable:disable|shadow_horizontal:0|shadow_vertical:15|shadow_blur:50|shadow_spread:0|box_shadow_color:rgba(0%2C0%2C0%2C0.35)&#8221; col_shadow_hover=&#8221;box_shadow_enable:disable|shadow_horizontal:0|shadow_vertical:15|shadow_blur:50|shadow_spread:0|box_shadow_color:rgba(0%2C0%2C0%2C0.35)&#8221;][dfd_info_banner img_width=&#8221;200&#8243; img_height=&#8221;200&#8243; title=&#8221;CLAIRE FULLER (United Kingdom)&#8221;<\/p>\n","protected":false},"author":3,"featured_media":0,"parent":0,"menu_order":0,"comment_status":"closed","ping_status":"closed","template":"tmp-page.php","meta":{"give_campaign_id":0,"footnotes":""},"class_list":["post-3950","page","type-page","status-publish","hentry"],"yoast_head":"<title>The Beyond Suncare team<\/title>\n<meta name=\"description\" content=\"Information about our team and our advisory board\" \/>\n<meta name=\"robots\" content=\"index, follow, max-snippet:-1, max-image-preview:large, max-video-preview:-1\" \/>\n<link rel=\"canonical\" href=\"https:\/\/beyondsuncare.org\/en\/our-team\/\" \/>\n<meta property=\"og:locale\" content=\"en_US\" \/>\n<meta property=\"og:type\" content=\"article\" \/>\n<meta property=\"og:title\" content=\"The Beyond Suncare team\" \/>\n<meta property=\"og:description\" content=\"Information about our team and our advisory board\" \/>\n<meta property=\"og:url\" content=\"https:\/\/beyondsuncare.org\/en\/our-team\/\" \/>\n<meta property=\"og:site_name\" content=\"Beyond suncare\" \/>\n<meta property=\"article:publisher\" content=\"https:\/\/www.facebook.com\/beyondsuncare\" \/>\n<meta property=\"article:modified_time\" content=\"2026-03-11T10:12:37+00:00\" \/>\n<meta name=\"twitter:card\" content=\"summary_large_image\" \/>\n<meta name=\"twitter:site\" content=\"@beyondsuncare\" \/>\n<meta name=\"twitter:label1\" content=\"Est. reading time\" \/>\n\t<meta name=\"twitter:data1\" content=\"7 minutes\" \/>\n<script type=\"application\/ld+json\" class=\"yoast-schema-graph\">{\"@context\":\"https:\/\/schema.org\",\"@graph\":[{\"@type\":\"WebPage\",\"@id\":\"https:\/\/beyondsuncare.org\/en\/our-team\/\",\"url\":\"https:\/\/beyondsuncare.org\/en\/our-team\/\",\"name\":\"The Beyond Suncare team\",\"isPartOf\":{\"@id\":\"https:\/\/beyondsuncare.org\/en\/#website\"},\"datePublished\":\"2019-07-02T09:24:54+00:00\",\"dateModified\":\"2026-03-11T10:12:37+00:00\",\"description\":\"Information about our team and our advisory board\",\"breadcrumb\":{\"@id\":\"https:\/\/beyondsuncare.org\/en\/our-team\/#breadcrumb\"},\"inLanguage\":\"en-US\",\"potentialAction\":[{\"@type\":\"ReadAction\",\"target\":[\"https:\/\/beyondsuncare.org\/en\/our-team\/\"]}]},{\"@type\":\"BreadcrumbList\",\"@id\":\"https:\/\/beyondsuncare.org\/en\/our-team\/#breadcrumb\",\"itemListElement\":[{\"@type\":\"ListItem\",\"position\":1,\"name\":\"Portada\",\"item\":\"https:\/\/beyondsuncare.org\/en\/\"},{\"@type\":\"ListItem\",\"position\":2,\"name\":\"Team\"}]},{\"@type\":\"WebSite\",\"@id\":\"https:\/\/beyondsuncare.org\/en\/#website\",\"url\":\"https:\/\/beyondsuncare.org\/en\/\",\"name\":\"Beyond suncare\",\"description\":\"Desde hace m\u00e1s de 10 a\u00f1os trabajamos cada d\u00eda para asegurar que todas las personas con albinismo vivan protegidas frente al c\u00e1ncer de piel y todo tipo de discriminaci\u00f3n\",\"publisher\":{\"@id\":\"https:\/\/beyondsuncare.org\/en\/#organization\"},\"potentialAction\":[{\"@type\":\"SearchAction\",\"target\":{\"@type\":\"EntryPoint\",\"urlTemplate\":\"https:\/\/beyondsuncare.org\/en\/?s={search_term_string}\"},\"query-input\":{\"@type\":\"PropertyValueSpecification\",\"valueRequired\":true,\"valueName\":\"search_term_string\"}}],\"inLanguage\":\"en-US\"},{\"@type\":\"Organization\",\"@id\":\"https:\/\/beyondsuncare.org\/en\/#organization\",\"name\":\"Beyond Suncare\",\"url\":\"https:\/\/beyondsuncare.org\/en\/\",\"logo\":{\"@type\":\"ImageObject\",\"inLanguage\":\"en-US\",\"@id\":\"https:\/\/beyondsuncare.org\/en\/#\/schema\/logo\/image\/\",\"url\":\"https:\/\/beyondsuncare.org\/wp-content\/uploads\/2019\/04\/beyond-suncare-fondo-transparente.png\",\"contentUrl\":\"https:\/\/beyondsuncare.org\/wp-content\/uploads\/2019\/04\/beyond-suncare-fondo-transparente.png\",\"width\":218,\"height\":80,\"caption\":\"Beyond Suncare\"},\"image\":{\"@id\":\"https:\/\/beyondsuncare.org\/en\/#\/schema\/logo\/image\/\"},\"sameAs\":[\"https:\/\/www.facebook.com\/beyondsuncare\",\"https:\/\/x.com\/beyondsuncare\",\"https:\/\/www.instagram.com\/beyond_suncare\/\",\"https:\/\/www.linkedin.com\/company\/beyond-suncare\/\"]}]}<\/script>","yoast_head_json":{"title":"The Beyond Suncare team","description":"Information about our team and our advisory board","robots":{"index":"index","follow":"follow","max-snippet":"max-snippet:-1","max-image-preview":"max-image-preview:large","max-video-preview":"max-video-preview:-1"},"canonical":"https:\/\/beyondsuncare.org\/en\/our-team\/","og_locale":"en_US","og_type":"article","og_title":"The Beyond Suncare team","og_description":"Information about our team and our advisory board","og_url":"https:\/\/beyondsuncare.org\/en\/our-team\/","og_site_name":"Beyond suncare","article_publisher":"https:\/\/www.facebook.com\/beyondsuncare","article_modified_time":"2026-03-11T10:12:37+00:00","twitter_card":"summary_large_image","twitter_site":"@beyondsuncare","twitter_misc":{"Est. reading time":"7 minutes"},"schema":{"@context":"https:\/\/schema.org","@graph":[{"@type":"WebPage","@id":"https:\/\/beyondsuncare.org\/en\/our-team\/","url":"https:\/\/beyondsuncare.org\/en\/our-team\/","name":"The Beyond Suncare team","isPartOf":{"@id":"https:\/\/beyondsuncare.org\/en\/#website"},"datePublished":"2019-07-02T09:24:54+00:00","dateModified":"2026-03-11T10:12:37+00:00","description":"Information about our team and our advisory board","breadcrumb":{"@id":"https:\/\/beyondsuncare.org\/en\/our-team\/#breadcrumb"},"inLanguage":"en-US","potentialAction":[{"@type":"ReadAction","target":["https:\/\/beyondsuncare.org\/en\/our-team\/"]}]},{"@type":"BreadcrumbList","@id":"https:\/\/beyondsuncare.org\/en\/our-team\/#breadcrumb","itemListElement":[{"@type":"ListItem","position":1,"name":"Portada","item":"https:\/\/beyondsuncare.org\/en\/"},{"@type":"ListItem","position":2,"name":"Team"}]},{"@type":"WebSite","@id":"https:\/\/beyondsuncare.org\/en\/#website","url":"https:\/\/beyondsuncare.org\/en\/","name":"Beyond suncare","description":"Desde hace m\u00e1s de 10 a\u00f1os trabajamos cada d\u00eda para asegurar que todas las personas con albinismo vivan protegidas frente al c\u00e1ncer de piel y todo tipo de discriminaci\u00f3n","publisher":{"@id":"https:\/\/beyondsuncare.org\/en\/#organization"},"potentialAction":[{"@type":"SearchAction","target":{"@type":"EntryPoint","urlTemplate":"https:\/\/beyondsuncare.org\/en\/?s={search_term_string}"},"query-input":{"@type":"PropertyValueSpecification","valueRequired":true,"valueName":"search_term_string"}}],"inLanguage":"en-US"},{"@type":"Organization","@id":"https:\/\/beyondsuncare.org\/en\/#organization","name":"Beyond Suncare","url":"https:\/\/beyondsuncare.org\/en\/","logo":{"@type":"ImageObject","inLanguage":"en-US","@id":"https:\/\/beyondsuncare.org\/en\/#\/schema\/logo\/image\/","url":"https:\/\/beyondsuncare.org\/wp-content\/uploads\/2019\/04\/beyond-suncare-fondo-transparente.png","contentUrl":"https:\/\/beyondsuncare.org\/wp-content\/uploads\/2019\/04\/beyond-suncare-fondo-transparente.png","width":218,"height":80,"caption":"Beyond Suncare"},"image":{"@id":"https:\/\/beyondsuncare.org\/en\/#\/schema\/logo\/image\/"},"sameAs":["https:\/\/www.facebook.com\/beyondsuncare","https:\/\/x.com\/beyondsuncare","https:\/\/www.instagram.com\/beyond_suncare\/","https:\/\/www.linkedin.com\/company\/beyond-suncare\/"]}]}},"campaignId":"","_links":{"self":[{"href":"https:\/\/beyondsuncare.org\/en\/wp-json\/wp\/v2\/pages\/3950","targetHints":{"allow":["GET"]}}],"collection":[{"href":"https:\/\/beyondsuncare.org\/en\/wp-json\/wp\/v2\/pages"}],"about":[{"href":"https:\/\/beyondsuncare.org\/en\/wp-json\/wp\/v2\/types\/page"}],"author":[{"embeddable":true,"href":"https:\/\/beyondsuncare.org\/en\/wp-json\/wp\/v2\/users\/3"}],"replies":[{"embeddable":true,"href":"https:\/\/beyondsuncare.org\/en\/wp-json\/wp\/v2\/comments?post=3950"}],"version-history":[{"count":31,"href":"https:\/\/beyondsuncare.org\/en\/wp-json\/wp\/v2\/pages\/3950\/revisions"}],"predecessor-version":[{"id":8897,"href":"https:\/\/beyondsuncare.org\/en\/wp-json\/wp\/v2\/pages\/3950\/revisions\/8897"}],"wp:attachment":[{"href":"https:\/\/beyondsuncare.org\/en\/wp-json\/wp\/v2\/media?parent=3950"}],"curies":[{"name":"wp","href":"https:\/\/api.w.org\/{rel}","templated":true}]}}